{"id":3829,"date":"2025-01-20T14:13:14","date_gmt":"2025-01-20T13:13:14","guid":{"rendered":"https:\/\/us.edu.pl\/kolegium\/kdo\/?page_id=3829"},"modified":"2025-09-10T11:57:04","modified_gmt":"2025-09-10T09:57:04","slug":"przedsiebiorczosc","status":"publish","type":"page","link":"https:\/\/us.edu.pl\/kolegium\/kdo\/ksztalcenie-obszarowe\/tydzien-projektowy-2024\/przedsiebiorczosc\/","title":{"rendered":"Przedsi\u0119biorczo\u015b\u0107"},"content":{"rendered":"<p>[vc_row el_class=&#8221;container&#8221;][vc_column]\r\n                <div class=\"text-modules \">\r\n                    <div class=\"container\">\r\n                        <h3 class=\"section-title section-title_border-bottom\">Przedsi\u0119biorczo\u015b\u0107<\/h3> \r\n                        <div class=\"row m-0\">\r\n                            <div class=\"text-modules__content\">\r\n                                <strong>Koordynator: mgr Jacek Nowak<\/strong><\/p>\n<p>Celem modu\u0142u jest wykszta\u0142cenie w studentach kreatywnej postawy wobec rzeczywisto\u015bci oraz zaznajomienie ich z organizacyjnymi i prawnymi uwarunkowaniami prowadzenia dzia\u0142alno\u015bci w tych sektorach \u017cycia spo\u0142ecznego, w kt\u00f3rych mog\u0105 samodzielnie funkcjonowa\u0107 po zako\u0144czeniu studi\u00f3w. Student w ramach modu\u0142u poznaje zasady zak\u0142adania, prowadzenia i finansowania dzia\u0142alno\u015bci przedsi\u0119biorczej w tych sektorach, identyfikuje podstawowe mechanizmy rynkowe determinuj\u0105ce charakter prowadzonej dzia\u0142alno\u015bci, w szczeg\u00f3lno\u015bci jej prawne, spo\u0142eczne i etyczne ramy, jak te\u017c zdobywa umiej\u0119tno\u015b\u0107 samodzielnego okre\u015blenia szans i zagro\u017ce\u0144 (ryzyka). Po\u015br\u00f3d zagadnie\u0144, z kt\u00f3rymi studenci zapoznaj\u0105 si\u0119 s\u0105 m.in. budowa indywidualnej \u015bcie\u017cki kariery, psychologiczne aspekty przedsi\u0119biorczo\u015bci, podstawy prawa pracy, tworzenie biznesplanu. \r\n                                <div class=\"mt-3\"><\/div>\r\n                            <\/div>\r\n                            \r\n                            \r\n                        <\/div>\r\n                    <\/div>\r\n                <\/div>[\/vc_column][\/vc_row]<\/p>","protected":false},"excerpt":{"rendered":"<p>[vc_row el_class=&#8221;container&#8221;][vc_column][\/vc_column][\/vc_row] [&#8230;]<\/p>\n<p><a class=\"btn btn-secondary understrap-read-more-link\" href=\"https:\/\/us.edu.pl\/kolegium\/kdo\/ksztalcenie-obszarowe\/tydzien-projektowy-2024\/przedsiebiorczosc\/\">Read More&#8230;<\/a><\/p>\n","protected":false},"author":6720,"featured_media":0,"parent":530,"menu_order":0,"comment_status":"closed","ping_status":"closed","template":"","meta":{"_expiration-date-status":"","_expiration-date":0,"_expiration-date-type":"","_expiration-date-categories":[],"_expiration-date-options":[]},"acf":[],"_links":{"self":[{"href":"https:\/\/us.edu.pl\/kolegium\/kdo\/wp-json\/wp\/v2\/pages\/3829"}],"collection":[{"href":"https:\/\/us.edu.pl\/kolegium\/kdo\/wp-json\/wp\/v2\/pages"}],"about":[{"href":"https:\/\/us.edu.pl\/kolegium\/kdo\/wp-json\/wp\/v2\/types\/page"}],"author":[{"embeddable":true,"href":"https:\/\/us.edu.pl\/kolegium\/kdo\/wp-json\/wp\/v2\/users\/6720"}],"replies":[{"embeddable":true,"href":"https:\/\/us.edu.pl\/kolegium\/kdo\/wp-json\/wp\/v2\/comments?post=3829"}],"version-history":[{"count":4,"href":"https:\/\/us.edu.pl\/kolegium\/kdo\/wp-json\/wp\/v2\/pages\/3829\/revisions"}],"predecessor-version":[{"id":8031,"href":"https:\/\/us.edu.pl\/kolegium\/kdo\/wp-json\/wp\/v2\/pages\/3829\/revisions\/8031"}],"up":[{"embeddable":true,"href":"https:\/\/us.edu.pl\/kolegium\/kdo\/wp-json\/wp\/v2\/pages\/530"}],"wp:attachment":[{"href":"https:\/\/us.edu.pl\/kolegium\/kdo\/wp-json\/wp\/v2\/media?parent=3829"}],"curies":[{"name":"wp","href":"https:\/\/api.w.org\/{rel}","templated":true}]}}