{"id":3845,"date":"2025-01-20T14:48:37","date_gmt":"2025-01-20T13:48:37","guid":{"rendered":"https:\/\/us.edu.pl\/kolegium\/kdo\/?page_id=3845"},"modified":"2025-09-10T12:04:21","modified_gmt":"2025-09-10T10:04:21","slug":"vademecum-prawa","status":"publish","type":"page","link":"https:\/\/us.edu.pl\/kolegium\/kdo\/ksztalcenie-obszarowe\/tydzien-projektowy-2024\/vademecum-prawa\/","title":{"rendered":"Vademecum prawa"},"content":{"rendered":"<p>[vc_row el_class=&#8221;container&#8221;][vc_column]\r\n                <div class=\"text-modules \">\r\n                    <div class=\"container\">\r\n                        <h3 class=\"section-title section-title_border-bottom\">Vademecum prawa<\/h3> \r\n                        <div class=\"row m-0\">\r\n                            <div class=\"text-modules__content\">\r\n                                <strong>Koordynator: dr Mateusz Zeifert, prof. U\u015a<\/strong><\/p>\n<p>Celem modu\u0142u jest dostarczenie podstawowej wiedzy i umiej\u0119tno\u015bci w zakresie prawa. Student dowiaduje si\u0119, na czym polega specyfika j\u0119zyka prawnego, w jaki spos\u00f3b powstaje prawo, jak wygl\u0105da hierarchia \u017ar\u00f3de\u0142 prawa w Polsce, jak przebiega proces stosowania prawa, a tak\u017ce jakie s\u0105 stosowane przez prawnik\u00f3w narz\u0119dzia argumentacyjne. Ponadto, student poznaje podstawy najwa\u017cniejszych ga\u0142\u0119zi prawa, tj. prawa cywilnego, prawa karnego, prawa administracyjnego i prawa w\u0142asno\u015bci intelektualnej. Dowiaduje si\u0119, jakie ma prawa i obowi\u0105zki w tych dziedzinach prawa oraz uczy si\u0119 korzysta\u0107 z nich w praktyce. \r\n                                <div class=\"mt-3\"><\/div>\r\n                            <\/div>\r\n                            \r\n                            \r\n                        <\/div>\r\n                    <\/div>\r\n                <\/div>[\/vc_column][\/vc_row]<\/p>","protected":false},"excerpt":{"rendered":"<p>[vc_row el_class=&#8221;container&#8221;][vc_column][\/vc_column][\/vc_row] [&#8230;]<\/p>\n<p><a class=\"btn btn-secondary understrap-read-more-link\" href=\"https:\/\/us.edu.pl\/kolegium\/kdo\/ksztalcenie-obszarowe\/tydzien-projektowy-2024\/vademecum-prawa\/\">Read More&#8230;<\/a><\/p>\n","protected":false},"author":6720,"featured_media":0,"parent":530,"menu_order":0,"comment_status":"closed","ping_status":"closed","template":"","meta":{"_expiration-date-status":"","_expiration-date":0,"_expiration-date-type":"","_expiration-date-categories":[],"_expiration-date-options":[]},"acf":[],"_links":{"self":[{"href":"https:\/\/us.edu.pl\/kolegium\/kdo\/wp-json\/wp\/v2\/pages\/3845"}],"collection":[{"href":"https:\/\/us.edu.pl\/kolegium\/kdo\/wp-json\/wp\/v2\/pages"}],"about":[{"href":"https:\/\/us.edu.pl\/kolegium\/kdo\/wp-json\/wp\/v2\/types\/page"}],"author":[{"embeddable":true,"href":"https:\/\/us.edu.pl\/kolegium\/kdo\/wp-json\/wp\/v2\/users\/6720"}],"replies":[{"embeddable":true,"href":"https:\/\/us.edu.pl\/kolegium\/kdo\/wp-json\/wp\/v2\/comments?post=3845"}],"version-history":[{"count":4,"href":"https:\/\/us.edu.pl\/kolegium\/kdo\/wp-json\/wp\/v2\/pages\/3845\/revisions"}],"predecessor-version":[{"id":8034,"href":"https:\/\/us.edu.pl\/kolegium\/kdo\/wp-json\/wp\/v2\/pages\/3845\/revisions\/8034"}],"up":[{"embeddable":true,"href":"https:\/\/us.edu.pl\/kolegium\/kdo\/wp-json\/wp\/v2\/pages\/530"}],"wp:attachment":[{"href":"https:\/\/us.edu.pl\/kolegium\/kdo\/wp-json\/wp\/v2\/media?parent=3845"}],"curies":[{"name":"wp","href":"https:\/\/api.w.org\/{rel}","templated":true}]}}