{"id":386,"date":"2024-01-09T11:01:46","date_gmt":"2024-01-09T10:01:46","guid":{"rendered":"https:\/\/us.edu.pl\/kolegium\/kdo\/?page_id=386"},"modified":"2025-09-16T10:18:59","modified_gmt":"2025-09-16T08:18:59","slug":"kontakt","status":"publish","type":"page","link":"https:\/\/us.edu.pl\/kolegium\/kdo\/omu\/ood\/kontakt\/","title":{"rendered":"Kontakt"},"content":{"rendered":"<p>[vc_row][vc_column]\r\n                <div class=\"text-modules\">\r\n                    <div class=\"container\">\r\n                        <h3 class=\"page-title text__title\">Kontakt<\/h3>\r\n                        <div class=\"text-modules__content\"><p><strong>Kwestie merytoryczne zwi\u0105zane z modu\u0142ami koordynowanymi przez Nauczycieli i Nauczycielki:<\/strong><\/p>\n<p>&nbsp;<\/p>\n<ul>\n<li><u>Wydzia\u0142u Nauk Przyrodniczych:<br \/>\n<\/u>&#8211; dr hab. Agnieszka BABCZY\u0143SKA, prof. U\u015a: <a href=\"mailto:agnieszka.babczynska@us.edu.pl\">agnieszka.babczynska@us.edu.pl<\/a><\/li>\n<\/ul>\n<p>&nbsp;<\/p>\n<ul>\n<li><u>Wydzia\u0142u Nauk Spo\u0142ecznych<\/u> oraz <u>Szko\u0142y Filmowej im. Krzysztofa Kie\u015blowskiego<\/u>:<br \/>\n&#8211; dr Bernard GRZONKA, prof. U\u015a: <a href=\"mailto:bernard.grzonka@us.edu.pl\">bernard.grzonka@us.edu.pl<\/a><\/li>\n<\/ul>\n<p>&nbsp;<\/p>\n<ul>\n<li><u>Wydzia\u0142u Prawa i Administracji<\/u>:<br \/>\n&#8211; dr hab. Witold KUROWSKI, prof. U\u015a: <a href=\"mailto:witold.kurowski@us.edu.pl\">witold.kurowski@us.edu.pl<\/a><\/li>\n<\/ul>\n<p>&nbsp;<\/p>\n<ul>\n<li><u>Wydzia\u0142u Humanistycznego<\/u> (Katowice) oraz <span style=\"text-decoration: underline;\">Szko\u0142y J\u0119zyka i Kultury Polskie<\/span>j:<br \/>\n&#8211; dr Julia LEGOMSKA, prof. U\u015a: <a href=\"mailto:julia.legomska@us.edu.pl\">julia.legomska@us.edu.pl<\/a><\/li>\n<\/ul>\n<p>&nbsp;<\/p>\n<ul>\n<li><u>Wydzia\u0142u Sztuki i Nauk o Edukacji<\/u> oraz <u>Wydzia\u0142u Teologicznego<\/u>:<br \/>\n&#8211; dr hab. Jolanta SKUTNIK, prof. U\u015a: <a href=\"mailto:jolanta.skutnik@us.edu.pl\">jolanta.skutnik@us.edu.pl<\/a><\/li>\n<\/ul>\n<p>&nbsp;<\/p>\n<ul>\n<li><u>Wydzia\u0142u Humanistycznego<\/u> (Sosnowiec):<br \/>\n&#8211; dr Katarzyna SUJKOWSKA, prof. U\u015a: <a href=\"mailto:katarzyna.sujkowska-sobisz@us.edu.pl\">katarzyna.sujkowska@us.edu.pl<\/a><\/li>\n<\/ul>\n<p>&nbsp;<\/p>\n<ul>\n<li><u>Wydzia\u0142u Nauk \u015acis\u0142ych i Technicznych<\/u> oraz kolegi\u00f3w i jednostek pozawydzia\u0142owych: <span style=\"text-decoration: underline;\">Centrum Wychowania Fizycznego i Sportu<\/span>, <span style=\"text-decoration: underline;\">Studium Praktycznej Nauki J\u0119zyk\u00f3w Obcych<\/span>, <span style=\"text-decoration: underline;\">Studium Intensywnej Nauki J\u0119zyka Angielskiego<\/span> oraz <span style=\"text-decoration: underline;\">Centrum J\u0119zyka i Kultury Chi\u0144skiej<\/span>:<br \/>\n&#8211; dr Anna SZCZERBA-ZUBEK, prof. U\u015a: <a href=\"mailto:anna.szczerba-zubek@us.edu.pl\">anna.szczerba-zubek@us.edu.pl<\/a><\/li>\n<\/ul>\n<p><strong>\u00a0<\/strong><\/p>\n<p><strong>Kwestie og\u00f3lne i administracyjne:<\/strong><\/p>\n<p><a href=\"mailto:ood@us.edu.pl\">ood@us.edu.pl<\/a><\/p>\n<p>kontakt telefoniczny: 32\u00a0359 16 33 (mgr Karol Sikora, Dzia\u0142 Jako\u015bci i Analiz Strategicznych)<\/p>\n<\/div>\r\n                    <\/div>\r\n                <\/div>[\/vc_column][\/vc_row][vc_row][vc_column][\/vc_column][\/vc_row]<\/p>","protected":false},"excerpt":{"rendered":"<p>[vc_row][vc_column][\/vc_column][\/vc_row][vc_row][vc_column][\/vc_column][\/vc_row] [&#8230;]<\/p>\n<p><a class=\"btn btn-secondary understrap-read-more-link\" href=\"https:\/\/us.edu.pl\/kolegium\/kdo\/omu\/ood\/kontakt\/\">Read More&#8230;<\/a><\/p>\n","protected":false},"author":3047,"featured_media":369,"parent":350,"menu_order":6,"comment_status":"closed","ping_status":"closed","template":"page-templates\/inner-page-with-bookmarks.php","meta":{"_expiration-date-status":"","_expiration-date":0,"_expiration-date-type":"","_expiration-date-categories":[],"_expiration-date-options":[]},"acf":[],"_links":{"self":[{"href":"https:\/\/us.edu.pl\/kolegium\/kdo\/wp-json\/wp\/v2\/pages\/386"}],"collection":[{"href":"https:\/\/us.edu.pl\/kolegium\/kdo\/wp-json\/wp\/v2\/pages"}],"about":[{"href":"https:\/\/us.edu.pl\/kolegium\/kdo\/wp-json\/wp\/v2\/types\/page"}],"author":[{"embeddable":true,"href":"https:\/\/us.edu.pl\/kolegium\/kdo\/wp-json\/wp\/v2\/users\/3047"}],"replies":[{"embeddable":true,"href":"https:\/\/us.edu.pl\/kolegium\/kdo\/wp-json\/wp\/v2\/comments?post=386"}],"version-history":[{"count":5,"href":"https:\/\/us.edu.pl\/kolegium\/kdo\/wp-json\/wp\/v2\/pages\/386\/revisions"}],"predecessor-version":[{"id":8078,"href":"https:\/\/us.edu.pl\/kolegium\/kdo\/wp-json\/wp\/v2\/pages\/386\/revisions\/8078"}],"up":[{"embeddable":true,"href":"https:\/\/us.edu.pl\/kolegium\/kdo\/wp-json\/wp\/v2\/pages\/350"}],"wp:featuredmedia":[{"embeddable":true,"href":"https:\/\/us.edu.pl\/kolegium\/kdo\/wp-json\/wp\/v2\/media\/369"}],"wp:attachment":[{"href":"https:\/\/us.edu.pl\/kolegium\/kdo\/wp-json\/wp\/v2\/media?parent=386"}],"curies":[{"name":"wp","href":"https:\/\/api.w.org\/{rel}","templated":true}]}}