{"id":3865,"date":"2025-01-20T14:59:00","date_gmt":"2025-01-20T13:59:00","guid":{"rendered":"https:\/\/us.edu.pl\/kolegium\/kdo\/?page_id=3865"},"modified":"2025-09-10T11:16:58","modified_gmt":"2025-09-10T09:16:58","slug":"argumentacja-i-perswazja","status":"publish","type":"page","link":"https:\/\/us.edu.pl\/kolegium\/kdo\/ksztalcenie-obszarowe\/tydzien-projektowy-2024\/argumentacja-i-perswazja\/","title":{"rendered":"Argumentacja i perswazja"},"content":{"rendered":"<p>[vc_row el_class=&#8221;container&#8221;][vc_column]\r\n                <div class=\"text-modules \">\r\n                    <div class=\"container\">\r\n                        <h3 class=\"section-title section-title_border-bottom\">Argumentacja i perswazja<\/h3> \r\n                        <div class=\"row m-0\">\r\n                            <div class=\"text-modules__content\">\r\n                                <strong>Koordynatorka: dr Beata Duda<\/strong><\/p>\n<p>Celem modu\u0142u jest zapoznanie studenta z praktycznym zastosowaniem najnowszych bada\u0144 prowadzonych w ramach psychologii perswazji (np. dwutorowy model przetwarzania) i teorii argumentacji (np. teoria schemat\u00f3w argumentacyjnych). Osoby studiuj\u0105ce poznaj\u0105 zar\u00f3wno teori\u0119 stoj\u0105c\u0105 za r\u00f3\u017cnymi technikami wywierania wp\u0142ywu spo\u0142ecznego, jak i metody obrony przed nimi. Dowiedz\u0105 si\u0119 jak rozpoznawa\u0107 i analizowa\u0107 argumenty, jak wykrywa\u0107 s\u0142abo\u015bci w argumentacji, jak krytykowa\u0107, ale te\u017c jak chwali\u0107 argumenty przeciwnika. \r\n                                <div class=\"mt-3\"><\/div>\r\n                            <\/div>\r\n                            \r\n                            \r\n                        <\/div>\r\n                    <\/div>\r\n                <\/div>[\/vc_column][\/vc_row]<\/p>","protected":false},"excerpt":{"rendered":"<p>[vc_row el_class=&#8221;container&#8221;][vc_column][\/vc_column][\/vc_row] [&#8230;]<\/p>\n<p><a class=\"btn btn-secondary understrap-read-more-link\" href=\"https:\/\/us.edu.pl\/kolegium\/kdo\/ksztalcenie-obszarowe\/tydzien-projektowy-2024\/argumentacja-i-perswazja\/\">Read More&#8230;<\/a><\/p>\n","protected":false},"author":6720,"featured_media":0,"parent":530,"menu_order":0,"comment_status":"closed","ping_status":"closed","template":"","meta":{"_expiration-date-status":"","_expiration-date":0,"_expiration-date-type":"","_expiration-date-categories":[],"_expiration-date-options":[]},"acf":[],"_links":{"self":[{"href":"https:\/\/us.edu.pl\/kolegium\/kdo\/wp-json\/wp\/v2\/pages\/3865"}],"collection":[{"href":"https:\/\/us.edu.pl\/kolegium\/kdo\/wp-json\/wp\/v2\/pages"}],"about":[{"href":"https:\/\/us.edu.pl\/kolegium\/kdo\/wp-json\/wp\/v2\/types\/page"}],"author":[{"embeddable":true,"href":"https:\/\/us.edu.pl\/kolegium\/kdo\/wp-json\/wp\/v2\/users\/6720"}],"replies":[{"embeddable":true,"href":"https:\/\/us.edu.pl\/kolegium\/kdo\/wp-json\/wp\/v2\/comments?post=3865"}],"version-history":[{"count":3,"href":"https:\/\/us.edu.pl\/kolegium\/kdo\/wp-json\/wp\/v2\/pages\/3865\/revisions"}],"predecessor-version":[{"id":8027,"href":"https:\/\/us.edu.pl\/kolegium\/kdo\/wp-json\/wp\/v2\/pages\/3865\/revisions\/8027"}],"up":[{"embeddable":true,"href":"https:\/\/us.edu.pl\/kolegium\/kdo\/wp-json\/wp\/v2\/pages\/530"}],"wp:attachment":[{"href":"https:\/\/us.edu.pl\/kolegium\/kdo\/wp-json\/wp\/v2\/media?parent=3865"}],"curies":[{"name":"wp","href":"https:\/\/api.w.org\/{rel}","templated":true}]}}