{"id":3881,"date":"2025-01-20T15:04:30","date_gmt":"2025-01-20T14:04:30","guid":{"rendered":"https:\/\/us.edu.pl\/kolegium\/kdo\/?page_id=3881"},"modified":"2025-09-23T13:41:43","modified_gmt":"2025-09-23T11:41:43","slug":"rozwoj-osobisty","status":"publish","type":"page","link":"https:\/\/us.edu.pl\/kolegium\/kdo\/zapraszamy-do-wspolpracy\/rozwoj-osobisty\/","title":{"rendered":"RO"},"content":{"rendered":"<p>[vc_row el_class=&#8221;container&#8221;][vc_column]\r\n                <div class=\"text-modules \">\r\n                    <div class=\"container\">\r\n                        <h3 class=\"section-title section-title_border-bottom\">Rozw\u00f3j osobisty<\/h3> \r\n                        <div class=\"row m-0\">\r\n                            <div class=\"text-modules__content\">\r\n                                <strong>Koordynatorka: dr Magdalena Sitko-Dominik<\/strong><\/p>\n<p>Celem modu\u0142u jest wprowadzenie student\u00f3w do obszaru komunikacji interpersonalnej i spo\u0142ecznej. Zapoznaje z zagadnieniami wa\u017cnymi dla porozumiewania si\u0119 mi\u0119dzyludzkiego, grupowego, spo\u0142ecznego i organizacyjnego. Porusza kwestie skuteczno\u015bci komunikowania w r\u00f3\u017cnych sytuacjach spo\u0142ecznych, ale r\u00f3wnie\u017c jego etyczno\u015bci i zgodno\u015bci z prawem oraz og\u00f3lnie przyj\u0119tymi normami. Przybli\u017ca sytuacje, kiedy komunikacja staje si\u0119 trudna lub jest \u017ar\u00f3d\u0142em dyskomfortu lub nawet cierpienia cz\u0142owieka. Z jednej strony modu\u0142 odpowiada na pytanie: jak rozmawia\u0107, aby si\u0119 porozumie\u0107 i uszanowa\u0107 odmienno\u015b\u0107 stanowisk? Z drugiej strony: jak rozumie\u0107 i przeciwdzia\u0142a\u0107 przeszkodom, kt\u00f3re sprawiaj\u0105, \u017ce komunikacja staje si\u0119 trudna\/patologiczna (konflikt, przemoc)? \r\n                                <div class=\"mt-3\"><\/div>\r\n                            <\/div>\r\n                            \r\n                            \r\n                        <\/div>\r\n                    <\/div>\r\n                <\/div>[\/vc_column][\/vc_row][vc_row el_class=&#8221;container&#8221;][vc_column][vc_btn title=&#8221;Zg\u0142aszam si\u0119&#8221; color=&#8221;pink&#8221; size=&#8221;lg&#8221; align=&#8221;center&#8221; link=&#8221;url:https%3A%2F%2Fforms.office.com%2Fe%2F3sbftg75Wj&#8221; el_class=&#8221;container&#8221;][\/vc_column][\/vc_row]<\/p>","protected":false},"excerpt":{"rendered":"<p>[vc_row el_class=&#8221;container&#8221;][vc_column][\/vc_column][\/vc_row][vc_row el_class=&#8221;container&#8221;][vc_column][vc_btn title=&#8221;Zg\u0142aszam si\u0119&#8221; color=&#8221;pink&#8221; size=&#8221;lg&#8221; align=&#8221;center&#8221; link=&#8221;url:https%3A%2F%2Fforms.office.com%2Fe%2F3sbftg75Wj&#8221; el_class=&#8221;container&#8221;][\/vc_column][\/vc_row] [&#8230;]<\/p>\n<p><a class=\"btn btn-secondary understrap-read-more-link\" href=\"https:\/\/us.edu.pl\/kolegium\/kdo\/zapraszamy-do-wspolpracy\/rozwoj-osobisty\/\">Read More&#8230;<\/a><\/p>\n","protected":false},"author":6720,"featured_media":0,"parent":5993,"menu_order":0,"comment_status":"closed","ping_status":"closed","template":"","meta":{"_expiration-date-status":"","_expiration-date":0,"_expiration-date-type":"","_expiration-date-categories":[],"_expiration-date-options":[]},"acf":[],"_links":{"self":[{"href":"https:\/\/us.edu.pl\/kolegium\/kdo\/wp-json\/wp\/v2\/pages\/3881"}],"collection":[{"href":"https:\/\/us.edu.pl\/kolegium\/kdo\/wp-json\/wp\/v2\/pages"}],"about":[{"href":"https:\/\/us.edu.pl\/kolegium\/kdo\/wp-json\/wp\/v2\/types\/page"}],"author":[{"embeddable":true,"href":"https:\/\/us.edu.pl\/kolegium\/kdo\/wp-json\/wp\/v2\/users\/6720"}],"replies":[{"embeddable":true,"href":"https:\/\/us.edu.pl\/kolegium\/kdo\/wp-json\/wp\/v2\/comments?post=3881"}],"version-history":[{"count":6,"href":"https:\/\/us.edu.pl\/kolegium\/kdo\/wp-json\/wp\/v2\/pages\/3881\/revisions"}],"predecessor-version":[{"id":8153,"href":"https:\/\/us.edu.pl\/kolegium\/kdo\/wp-json\/wp\/v2\/pages\/3881\/revisions\/8153"}],"up":[{"embeddable":true,"href":"https:\/\/us.edu.pl\/kolegium\/kdo\/wp-json\/wp\/v2\/pages\/5993"}],"wp:attachment":[{"href":"https:\/\/us.edu.pl\/kolegium\/kdo\/wp-json\/wp\/v2\/media?parent=3881"}],"curies":[{"name":"wp","href":"https:\/\/api.w.org\/{rel}","templated":true}]}}