{"id":390,"date":"2024-01-09T11:40:18","date_gmt":"2024-01-09T10:40:18","guid":{"rendered":"https:\/\/us.edu.pl\/kolegium\/kdo\/?page_id=390"},"modified":"2024-01-11T12:28:27","modified_gmt":"2024-01-11T11:28:27","slug":"opisy-modulow","status":"publish","type":"page","link":"https:\/\/us.edu.pl\/kolegium\/kdo\/omu\/ood\/opisy-modulow\/","title":{"rendered":"Opisy modu\u0142\u00f3w"},"content":{"rendered":"<p>[vc_row][vc_column]\r\n                <div class=\"text-modules\">\r\n                    <div class=\"container\">\r\n                        <h3 class=\"page-title text__title\">Opisy modu\u0142\u00f3w - OD roku akademickiego 2024\/2025<\/h3>\r\n                        <div class=\"text-modules__content\"><p>W zwi\u0105zku ze zmian\u0105 sposobu organizacji zaj\u0119\u0107 w ramach OOD (zgodnie z <a href=\"https:\/\/aktyprawne.us.edu.pl\/423-lista\/d\/6763\/5\/\" target=\"_blank\" rel=\"noopener\"><em>Zarz\u0105dzeniem nr 166 Rektora Uniwersytetu \u015al\u0105skiego w Katowicach z dnia 24 pa\u017adziernika 2023 r. w sprawie sposobu organizacji zaj\u0119\u0107 w ramach Otwartych Modu\u0142\u00f3w Uniwersyteckich (OMU) i Og\u00f3lnoakademickiej Oferty Dydaktycznej (OOD)<\/em><\/a>\u00a0dla cykli kszta\u0142cenia rozpoczynaj\u0105cych si\u0119 od roku akademickiego 2024\/2025 realizowane s\u0105 <strong>trzy rodzaje modu\u0142\u00f3w<\/strong>:<\/p>\n<p>&nbsp;<\/p>\n<p><strong><span style=\"font-size: 12pt;\">I. OG\u00d3LNOAKADEMICKIE<\/span> <\/strong><\/p>\n<p><strong>opracowane opisy modu\u0142\u00f3w:<\/strong><\/p>\n<ol>\n<li>modu\u0142 <strong>og\u00f3lnoakademicki o warto\u015bci 3 ECTS w j\u0119zyku polskim <\/strong>dla studi\u00f3w stacjonarnych i dla studi\u00f3w niestacjonarnych<\/li>\n<li>modu\u0142 <strong>og\u00f3lnoakademicki<\/strong> <strong>o warto\u015bci 3 ECTS w j\u0119zyku angielskim<\/strong> dla studi\u00f3w stacjonarnych i dla studi\u00f3w niestacjonarnych<\/li>\n<\/ol>\n<p>Modu\u0142 og\u00f3lnoakademicki realizowany w ramach\u00a0 OOD dla cykli kszta\u0142cenia rozpoczynaj\u0105cych si\u0119 od roku akademickiego 2024\/2025 powinien by\u0107 zgodny z <strong>opisem modu\u0142u<\/strong> i <strong>realizowa\u0107 efekty uczenia si\u0119 okre\u015blone w<\/strong> <strong>za\u0142\u0105czniku nr 2<\/strong> do <em><a href=\"https:\/\/aktyprawne.us.edu.pl\/423-lista\/d\/6763\/5\/\" target=\"_blank\" rel=\"noopener\">Zarz\u0105dzenia nr 166 Rektora Uniwersytetu \u015al\u0105skiego w Katowicach z dnia 24 pa\u017adziernika 2023 r. w sprawie sposobu organizacji zaj\u0119\u0107 w ramach Otwartych Modu\u0142\u00f3w Uniwersyteckich (OMU) i Og\u00f3lnoakademickiej Oferty Dydaktycznej (OOD)<\/a>.<\/em><\/p>\n<p>&nbsp;<\/p>\n<p><span style=\"font-size: 12pt;\"><strong>II. OG\u00d3LNOAKADEMICKIE &#8211; SPO\u0141ECZNE<\/strong><\/span><\/p>\n<p><strong>opracowane opisy modu\u0142\u00f3w:<\/strong><\/p>\n<ol>\n<li>modu\u0142 <strong>og\u00f3lnoakademicki (spo\u0142eczny) o warto\u015bci 3 ECTS w j\u0119zyku polskim <\/strong>dla studi\u00f3w stacjonarnych i dla studi\u00f3w niestacjonarnych<\/li>\n<li>modu\u0142 <strong>og\u00f3lnoakademicki (spo\u0142eczny) o warto\u015bci 3 ECTS w j\u0119zyku angielskim<\/strong> dla studi\u00f3w stacjonarnych i dla studi\u00f3w niestacjonarnych<\/li>\n<\/ol>\n<p>Modu\u0142 og\u00f3lnoakademicki (spo\u0142eczny) realizowany w ramach\u00a0 OOD dla cykli kszta\u0142cenia rozpoczynaj\u0105cych si\u0119 od roku akademickiego 2024\/2025 powinien by\u0107 zgodny z <strong>opisem modu\u0142u<\/strong> i <strong>realizowa\u0107 efekty uczenia si\u0119 okre\u015blone w<\/strong> <strong>za\u0142\u0105czniku nr 3<\/strong> do <em><a href=\"https:\/\/aktyprawne.us.edu.pl\/423-lista\/d\/6763\/5\/\" target=\"_blank\" rel=\"noopener\">Zarz\u0105dzenia nr 166 Rektora Uniwersytetu \u015al\u0105skiego w Katowicach z dnia 24 pa\u017adziernika 2023 r. w sprawie sposobu organizacji zaj\u0119\u0107 w ramach Otwartych Modu\u0142\u00f3w Uniwersyteckich (OMU) i Og\u00f3lnoakademickiej Oferty Dydaktycznej (OOD)<\/a><\/em><em>.<\/em><\/p>\n<p>&nbsp;<\/p>\n<p><span style=\"font-size: 12pt;\"><strong>III. OG\u00d3LNOAKADEMICKIE &#8211; HUMANISTYCZNE<\/strong><\/span><\/p>\n<p><strong>opracowane opisy modu\u0142\u00f3w:<\/strong><\/p>\n<ol>\n<li>modu\u0142 <strong>og\u00f3lnoakademicki (humanistyczny)\u00a0 o warto\u015bci 3 ECTS w j\u0119zyku polskim <\/strong>dla studi\u00f3w stacjonarnych i dla studi\u00f3w niestacjonarnych<\/li>\n<li>modu\u0142 <strong>og\u00f3lnoakademicki (humanistyczny) o warto\u015bci 3 ECTS w j\u0119zyku angielskim<\/strong> dla studi\u00f3w stacjonarnych i dla studi\u00f3w niestacjonarnych<\/li>\n<\/ol>\n<p>Modu\u0142 og\u00f3lnoakademicki (humanistyczny) realizowany w ramach\u00a0 OOD dla cykli kszta\u0142cenia rozpoczynaj\u0105cych si\u0119 od roku akademickiego 2024\/2025 powinien by\u0107 zgodny z <strong>opisem modu\u0142u<\/strong> i <strong>realizowa\u0107 efekty uczenia si\u0119 okre\u015blone w<\/strong> <strong>za\u0142\u0105czniku nr 4<\/strong> do <em><a href=\"https:\/\/aktyprawne.us.edu.pl\/423-lista\/d\/6763\/5\/\" target=\"_blank\" rel=\"noopener\">Zarz\u0105dzenia nr 166 Rektora Uniwersytetu \u015al\u0105skiego w Katowicach z dnia 24 pa\u017adziernika 2023 r. w sprawie sposobu organizacji zaj\u0119\u0107 w ramach Otwartych Modu\u0142\u00f3w Uniwersyteckich (OMU) i Og\u00f3lnoakademickiej Oferty Dydaktycznej (OOD)<\/a><\/em><em>.<\/em><\/p>\n<\/div>\r\n                    <\/div>\r\n                <\/div>\r\n                <div class=\"text-modules\">\r\n                    <div class=\"container\">\r\n                        <h3 class=\"page-title text__title\">Opisy modu\u0142\u00f3w - DO roku akademickiego 2024\/2025<\/h3>\r\n                        <div class=\"text-modules__content\"><p>W Uniwersytecie \u015al\u0105skim, w ramach Og\u00f3lnoakademickiej Oferty Dydaktycznej, realizowane s\u0105 od roku akademickiego 2021\/2022 do roku akademickiego 2024\/2025 w\u0142\u0105cznie (dla cykli kszta\u0142cenia rozpoczynaj\u0105cych si\u0119 od roku akademickiego 2023\/2024), <strong>trzy rodzaje modu\u0142\u00f3w<\/strong>:<\/p>\n<p>&nbsp;<\/p>\n<p><strong><span style=\"font-size: 12pt;\">I. OG\u00d3LNOAKADEMICKIE<\/span> <\/strong><\/p>\n<p><strong>opracowane opisy modu\u0142\u00f3w:<\/strong><\/p>\n<ol>\n<li>modu\u0142 <strong>og\u00f3lnoakademicki\u00a0 o warto\u015bci 2 ECTS w j\u0119zyku polskim <\/strong>dla studi\u00f3w stacjonarnych i dla studi\u00f3w niestacjonarnych<\/li>\n<li>modu\u0142 <strong>og\u00f3lnoakademicki<\/strong> <strong>o warto\u015bci 2 ECTS w j\u0119zyku angielskim<\/strong> dla studi\u00f3w stacjonarnych i dla studi\u00f3w niestacjonarnych<\/li>\n<li>modu\u0142 <strong>og\u00f3lnoakademicki \u00a0o warto\u015bci 3 ECTS w j\u0119zyku polskim <\/strong>dla studi\u00f3w stacjonarnych i dla studi\u00f3w niestacjonarnych<\/li>\n<li>modu\u0142u <strong>og\u00f3lnoakademicki <\/strong><strong>o warto\u015bci 3 ECTS w j\u0119zyku angielskim<\/strong> dla studi\u00f3w stacjonarnych i dla studi\u00f3w niestacjonarnych<\/li>\n<\/ol>\n<p>Modu\u0142 og\u00f3lnoakademicki realizowany w ramach\u00a0 OOD powinien by\u0107 zgodny z <strong>opisem modu\u0142u<\/strong> i <strong>realizowa\u0107 efekty uczenia si\u0119 okre\u015blone w<\/strong> <strong>za\u0142\u0105czniku nr 1<\/strong> do <em><a href=\"https:\/\/aktyprawne.us.edu.pl\/423-lista\/d\/5325\/5\/\" target=\"_blank\" rel=\"noopener\">Zarz\u0105dzenia nr 155 Rektora Uniwersytetu \u015al\u0105skiego w Katowicach z dnia 13 wrze\u015bnia 2021 r. w sprawie sposobu organizacji zaj\u0119\u0107 realizowanych na poziomie og\u00f3lnouczelnianym<\/a>.<\/em><\/p>\n<p>&nbsp;<\/p>\n<p><span style=\"font-size: 12pt;\"><strong>II. <\/strong><strong>OG\u00d3LNOAKADEMICKIE &#8211; SPO\u0141ECZNE<\/strong><\/span><\/p>\n<p><strong>opracowane opisy modu\u0142\u00f3w:<\/strong><\/p>\n<ol>\n<li>modu\u0142 <strong>og\u00f3lnoakademicki \u2013 spo\u0142eczny \u00a0o warto\u015bci 2 ECTS w j\u0119zyku polskim <\/strong>dla studi\u00f3w stacjonarnych i dla studi\u00f3w niestacjonarnych<\/li>\n<li>modu\u0142 <strong>og\u00f3lnoakademicki \u2013 spo\u0142eczny o warto\u015bci 2 ECTS w j\u0119zyku angielskim<\/strong> dla studi\u00f3w stacjonarnych i dla studi\u00f3w niestacjonarnych<\/li>\n<li>modu\u0142 <strong>og\u00f3lnoakademicki \u2013 spo\u0142eczny \u00a0o warto\u015bci 3 ECTS w j\u0119zyku polskim <\/strong>dla studi\u00f3w stacjonarnych i dla studi\u00f3w niestacjonarnych<\/li>\n<li>modu\u0142u <strong>og\u00f3lnoakademicki \u2013 spo\u0142eczny o warto\u015bci 3 ECTS w j\u0119zyku angielskim<\/strong> dla studi\u00f3w stacjonarnych i dla studi\u00f3w niestacjonarnych<\/li>\n<\/ol>\n<p>Modu\u0142 og\u00f3lnoakademicki &#8211; spo\u0142eczny realizowany w ramach\u00a0 OOD powinien by\u0107 zgodny z <strong>opisem modu\u0142u<\/strong> i <strong>realizowa\u0107 efekty uczenia si\u0119 okre\u015blone w<\/strong> <strong>za\u0142\u0105czniku nr 2<\/strong> do <a href=\"https:\/\/aktyprawne.us.edu.pl\/423-lista\/d\/5325\/5\/\" target=\"_blank\" rel=\"noopener\"><em>Zarz\u0105dzenia nr 155 Rektora Uniwersytetu \u015al\u0105skiego w Katowicach z dnia 13 wrze\u015bnia 2021 r. w sprawie sposobu organizacji zaj\u0119\u0107 realizowanych na poziomie og\u00f3lnouczelnianym.<\/em><\/a><\/p>\n<p>&nbsp;<\/p>\n<p><span style=\"font-size: 12pt;\"><strong>III. OG\u00d3LNOAKADEMICKIE &#8211; HUMANISTYCZNE<\/strong><\/span><\/p>\n<p><strong>opracowane opisy modu\u0142\u00f3w:<\/strong><\/p>\n<ol>\n<li>modu\u0142 <strong>og\u00f3lnoakademicki \u2013 spo\u0142eczny\u00a0 o warto\u015bci 2 ECTS w j\u0119zyku polskim <\/strong>dla studi\u00f3w stacjonarnych i dla studi\u00f3w niestacjonarnych<\/li>\n<li>modu\u0142 <strong>og\u00f3lnoakademicki \u2013 spo\u0142eczny o warto\u015bci 2 ECTS w j\u0119zyku angielskim<\/strong> dla studi\u00f3w stacjonarnych i dla studi\u00f3w niestacjonarnych<\/li>\n<li>modu\u0142 <strong>og\u00f3lnoakademicki \u2013 spo\u0142eczny \u00a0o warto\u015bci 3 ECTS w j\u0119zyku polskim <\/strong>dla studi\u00f3w stacjonarnych i dla studi\u00f3w niestacjonarnych<\/li>\n<li>modu\u0142u <strong>og\u00f3lnoakademicki \u2013 spo\u0142eczny o warto\u015bci 3 ECTS w j\u0119zyku angielskim<\/strong> dla studi\u00f3w stacjonarnych i dla studi\u00f3w niestacjonarnych<\/li>\n<\/ol>\n<p>Modu\u0142 og\u00f3lnoakademicki\u00a0 &#8211; humanistyczny realizowany w ramach\u00a0 OOD powinien by\u0107 zgodny z <strong>opisem modu\u0142u<\/strong> i <strong>realizowa\u0107 efekty uczenia si\u0119 okre\u015blone w<\/strong> <strong>za\u0142\u0105czniku nr 3<\/strong> do <em><a href=\"https:\/\/aktyprawne.us.edu.pl\/423-lista\/d\/5325\/5\/\" target=\"_blank\" rel=\"noopener\">Zarz\u0105dzenia nr 155 Rektora Uniwersytetu \u015al\u0105skiego w Katowicach z dnia 13 wrze\u015bnia 2021 r. w sprawie sposobu organizacji zaj\u0119\u0107 realizowanych na poziomie og\u00f3lnouczelnianym<\/a>.<\/em><\/p>\n<\/div>\r\n                    <\/div>\r\n                <\/div>[\/vc_column][\/vc_row][vc_row][vc_column][\/vc_column][\/vc_row]<\/p>","protected":false},"excerpt":{"rendered":"<p>[vc_row][vc_column][\/vc_column][\/vc_row][vc_row][vc_column][\/vc_column][\/vc_row] [&#8230;]<\/p>\n<p><a class=\"btn btn-secondary understrap-read-more-link\" href=\"https:\/\/us.edu.pl\/kolegium\/kdo\/omu\/ood\/opisy-modulow\/\">Read More&#8230;<\/a><\/p>\n","protected":false},"author":3047,"featured_media":369,"parent":350,"menu_order":4,"comment_status":"closed","ping_status":"closed","template":"page-templates\/inner-page-with-bookmarks.php","meta":{"_expiration-date-status":"","_expiration-date":0,"_expiration-date-type":"","_expiration-date-categories":[],"_expiration-date-options":[]},"acf":[],"_links":{"self":[{"href":"https:\/\/us.edu.pl\/kolegium\/kdo\/wp-json\/wp\/v2\/pages\/390"}],"collection":[{"href":"https:\/\/us.edu.pl\/kolegium\/kdo\/wp-json\/wp\/v2\/pages"}],"about":[{"href":"https:\/\/us.edu.pl\/kolegium\/kdo\/wp-json\/wp\/v2\/types\/page"}],"author":[{"embeddable":true,"href":"https:\/\/us.edu.pl\/kolegium\/kdo\/wp-json\/wp\/v2\/users\/3047"}],"replies":[{"embeddable":true,"href":"https:\/\/us.edu.pl\/kolegium\/kdo\/wp-json\/wp\/v2\/comments?post=390"}],"version-history":[{"count":2,"href":"https:\/\/us.edu.pl\/kolegium\/kdo\/wp-json\/wp\/v2\/pages\/390\/revisions"}],"predecessor-version":[{"id":407,"href":"https:\/\/us.edu.pl\/kolegium\/kdo\/wp-json\/wp\/v2\/pages\/390\/revisions\/407"}],"up":[{"embeddable":true,"href":"https:\/\/us.edu.pl\/kolegium\/kdo\/wp-json\/wp\/v2\/pages\/350"}],"wp:featuredmedia":[{"embeddable":true,"href":"https:\/\/us.edu.pl\/kolegium\/kdo\/wp-json\/wp\/v2\/media\/369"}],"wp:attachment":[{"href":"https:\/\/us.edu.pl\/kolegium\/kdo\/wp-json\/wp\/v2\/media?parent=390"}],"curies":[{"name":"wp","href":"https:\/\/api.w.org\/{rel}","templated":true}]}}