{"id":3913,"date":"2025-01-20T15:17:31","date_gmt":"2025-01-20T14:17:31","guid":{"rendered":"https:\/\/us.edu.pl\/kolegium\/kdo\/?page_id=3913"},"modified":"2025-01-22T09:05:56","modified_gmt":"2025-01-22T08:05:56","slug":"katastrofalne-zywioly","status":"publish","type":"page","link":"https:\/\/us.edu.pl\/kolegium\/kdo\/ksztalcenie-obszarowe\/tydzien-projektowy-2024\/katastrofalne-zywioly\/","title":{"rendered":"Katastrofalne \u017cywio\u0142y"},"content":{"rendered":"<p>[vc_row el_class=&#8221;container&#8221;][vc_column]\r\n                <div class=\"text-modules \">\r\n                    <div class=\"container\">\r\n                        <h3 class=\"section-title section-title_border-bottom\">Katastrofalne \u017cywio\u0142y<\/h3> \r\n                        <div class=\"row m-0\">\r\n                            <div class=\"text-modules__content\">\r\n                                <strong>Koordynator: dr hab. S\u0142awomir Pytel prof. U\u015a<\/strong><\/p>\n<p>Bezpiecze\u0144stwo jest postrzegane jako jedna z podstawowych warto\u015bci i potrzeb cz\u0142owieka. Jednak jego zapewnienie przed realnymi lub potencjalnymi zagro\u017ceniami, kt\u00f3re charakteryzuj\u0105 si\u0119 gwa\u0142towno\u015bci\u0105 i wielowymiarowo\u015bci\u0105 jest niezmiernie trudne. Warto pami\u0119ta\u0107, \u017ce \u017cywio\u0142y s\u0105 nieprzewidywalne i niebezpieczne, dlatego wa\u017cne jest, aby zawsze by\u0107 przygotowanym na ich ewentualne wyst\u0105pienie. Dlatego studenci w ramach modu\u0142u \u201eKatastrofalne \u017bywio\u0142y\u201d poznaj\u0105 zagadnienia zwi\u0105zane z zagro\u017ceniami naturalnymi, antropogenicznymi oraz biologicznymi. Om\u00f3wione zostan\u0105 r\u00f3\u017cnorodne formy zagro\u017ce\u0144 z uwzgl\u0119dnieniem przyczyn ich powstawania, skutk\u00f3w jakie powoduj\u0105 oraz mo\u017cliwo\u015bciach ich monitoringu. Zostan\u0105 r\u00f3wnie\u017c przedstawione akty prawne dotycz\u0105ce omawianego zjawiska.<\/p>\n<p>Pierwszy blok tematyczny dotyczy\u0107 b\u0119dzie zagro\u017ce\u0144 naturalnych (trz\u0119sienia ziemi, osuwiska, ekstremalne zjawiska pogodowe, promieniotw\u00f3rczo\u015b\u0107 naturalna) oraz przyczyn ich powstawania, sposob\u00f3w rozpoznania i monitoringu. Kolejne zagadnienia koncentrowa\u0107 si\u0119 b\u0119d\u0105 na zagro\u017ceniach antropogenicznych (zapadliska pog\u00f3rnicze, gospodarka komunalna, transport, przemys\u0142, zanieczyszczenia w\u00f3d, zanieczyszczenia odpadami, zanieczyszczenia gleb, promieniotw\u00f3rczo\u015b\u0107), a tak\u017ce przyczyn ich powstawania i sposob\u00f3w monitorowania. Ostatni blok zwi\u0105zany b\u0119dzie z zagro\u017ceniami biologicznymi. Tematem przewodnim b\u0119d\u0105 inwazje biologiczne, przyczyny, drogi rozprzestrzeniania si\u0119 organizm\u00f3w inwazyjnych, oraz ich wp\u0142yw na bior\u00f3\u017cnorodno\u015b\u0107 \u015bwiata ro\u015blin i zwierz\u0105t. Odr\u0119bne zagadnienie stanowi\u0107 b\u0119dzie bro\u0144 biologiczna. \r\n                                <div class=\"mt-3\"><\/div>\r\n                            <\/div>\r\n                            \r\n                            \r\n                        <\/div>\r\n                    <\/div>\r\n                <\/div>[\/vc_column][\/vc_row]<\/p>","protected":false},"excerpt":{"rendered":"<p>[vc_row el_class=&#8221;container&#8221;][vc_column][\/vc_column][\/vc_row] [&#8230;]<\/p>\n<p><a class=\"btn btn-secondary understrap-read-more-link\" href=\"https:\/\/us.edu.pl\/kolegium\/kdo\/ksztalcenie-obszarowe\/tydzien-projektowy-2024\/katastrofalne-zywioly\/\">Read More&#8230;<\/a><\/p>\n","protected":false},"author":6720,"featured_media":0,"parent":530,"menu_order":0,"comment_status":"closed","ping_status":"closed","template":"","meta":{"_expiration-date-status":"","_expiration-date":0,"_expiration-date-type":"","_expiration-date-categories":[],"_expiration-date-options":[]},"acf":[],"_links":{"self":[{"href":"https:\/\/us.edu.pl\/kolegium\/kdo\/wp-json\/wp\/v2\/pages\/3913"}],"collection":[{"href":"https:\/\/us.edu.pl\/kolegium\/kdo\/wp-json\/wp\/v2\/pages"}],"about":[{"href":"https:\/\/us.edu.pl\/kolegium\/kdo\/wp-json\/wp\/v2\/types\/page"}],"author":[{"embeddable":true,"href":"https:\/\/us.edu.pl\/kolegium\/kdo\/wp-json\/wp\/v2\/users\/6720"}],"replies":[{"embeddable":true,"href":"https:\/\/us.edu.pl\/kolegium\/kdo\/wp-json\/wp\/v2\/comments?post=3913"}],"version-history":[{"count":2,"href":"https:\/\/us.edu.pl\/kolegium\/kdo\/wp-json\/wp\/v2\/pages\/3913\/revisions"}],"predecessor-version":[{"id":4133,"href":"https:\/\/us.edu.pl\/kolegium\/kdo\/wp-json\/wp\/v2\/pages\/3913\/revisions\/4133"}],"up":[{"embeddable":true,"href":"https:\/\/us.edu.pl\/kolegium\/kdo\/wp-json\/wp\/v2\/pages\/530"}],"wp:attachment":[{"href":"https:\/\/us.edu.pl\/kolegium\/kdo\/wp-json\/wp\/v2\/media?parent=3913"}],"curies":[{"name":"wp","href":"https:\/\/api.w.org\/{rel}","templated":true}]}}