{"id":3969,"date":"2025-01-20T16:26:10","date_gmt":"2025-01-20T15:26:10","guid":{"rendered":"https:\/\/us.edu.pl\/kolegium\/kdo\/?page_id=3969"},"modified":"2025-01-21T10:20:37","modified_gmt":"2025-01-21T09:20:37","slug":"zrownowazony-rozwoj","status":"publish","type":"page","link":"https:\/\/us.edu.pl\/kolegium\/kdo\/ksztalcenie-obszarowe\/tydzien-projektowy-2024\/zrownowazony-rozwoj\/","title":{"rendered":"Zr\u00f3wnowa\u017cony rozw\u00f3j"},"content":{"rendered":"<p>[vc_row el_class=&#8221;conteiner&#8221;][vc_column]\r\n                <div class=\"text-modules \">\r\n                    <div class=\"container\">\r\n                        <h3 class=\"section-title section-title_border-bottom\">Zr\u00f3wnowa\u017cony rozw\u00f3j<\/h3> \r\n                        <div class=\"row m-0\">\r\n                            <div class=\"text-modules__content\">\r\n                                <strong>Koordynatorka modu\u0142u: prof. dr hab. Zofia Piotrowska-Seget<\/strong><\/p>\n<p>Przedmiot ma na celu przekazanie studentom wiedzy, umiej\u0119tno\u015bci i kompetencji niezb\u0119dnych do skutecznego dzia\u0142ania na rzecz harmonijnego rozwoju gospodarczego, ochrony \u015brodowiska oraz poprawy jako\u015bci \u017cycia spo\u0142ecze\u0144stw. W ramach kursu osoby studiuj\u0105ce zdob\u0119d\u0105 wiedz\u0119 dotycz\u0105c\u0105 powstania i rozwoju idei zr\u00f3wnowa\u017conego rozwoju oraz kluczowych wyzwa\u0144, przed jakimi stoi wsp\u00f3\u0142czesny \u015bwiat. Om\u00f3wione zostan\u0105 takie problemy jak zmiana klimatu, spadek bior\u00f3\u017cnorodno\u015bci, degradacja i zanieczyszczenie \u015brodowiska, nier\u00f3wno\u015bci spo\u0142eczne czy wyczerpywanie zasob\u00f3w naturalnych. Zaprezentowana zostanie koncepcja Nature-Based Solutions (NBS), jako podej\u015bcie integruj\u0105ce naturalne procesy i elementy przyrody do rozwi\u0105zywania wsp\u00f3\u0142czesnych wyzwa\u0144 \u015brodowiskowych i ekonomicznych. Om\u00f3wiony zostanie potencja\u0142 wdra\u017cania NBS w r\u00f3\u017cnych sektorach gospodarki, mi\u0119dzy innymi,<br \/>\nw urbanistyce, gospodarce wodnej i ochronie \u015brodowiska. Podczas zaj\u0119\u0107 przybli\u017cone zostan\u0105 zagadnienia zwi\u0105zane z innowacyjn\u0105 koncepcj\u0105 urbanistyczn\u0105 miasta-g\u0105bki, kt\u00f3ra stanowi odpowied\u017a na zmiany klimatu poprzez tworzenie zr\u00f3wnowa\u017conych, ekologicznych i przyjaznych dla mieszka\u0144c\u00f3w przestrzeni miejskich. Celem zaj\u0119\u0107 jest r\u00f3wnie\u017c zapoznanie student\u00f3w<br \/>\nz mo\u017cliwo\u015bciami rozwi\u0105za\u0144 wspieraj\u0105cych zr\u00f3wnowa\u017cone gospodarowanie wod\u0105 w miastach poprzez wprowadzanie b\u0142\u0119kitno-zielonej infrastruktury, a tak\u017ce z dzia\u0142aniami podejmowanymi przez w\u0142adze miast i mieszka\u0144c\u00f3w w tym zakresie. Kolejne tematy dotyczy\u0107 b\u0119d\u0105 przyjaznym \u015brodowisku technologiom zwi\u0105zanych z pozyskiwaniem energii i gospodarowaniem niebezpiecznymi odpadami. Studenci poznaj\u0105 sposoby identyfikowania i opisania problem\u00f3w z zakresu zr\u00f3wnowa\u017conego rozwoju oraz narz\u0119dzia analityczne pozwalaj\u0105ce na podejmowanie decyzji sprzyjaj\u0105cych r\u00f3wnowadze ekologicznej, spo\u0142ecznej i ekonomicznej. Przedmiot k\u0142adzie nacisk na interdyscyplinarne podej\u015bcie, uwzgl\u0119dniaj\u0105c powi\u0105zania mi\u0119dzy aspektami ekologicznymi, spo\u0142ecznymi i ekonomicznymi. \r\n                                <div class=\"mt-3\"><\/div>\r\n                            <\/div>\r\n                            \r\n                            \r\n                        <\/div>\r\n                    <\/div>\r\n                <\/div>[\/vc_column][\/vc_row]<\/p>","protected":false},"excerpt":{"rendered":"<p>[vc_row el_class=&#8221;conteiner&#8221;][vc_column][\/vc_column][\/vc_row] [&#8230;]<\/p>\n<p><a class=\"btn btn-secondary understrap-read-more-link\" href=\"https:\/\/us.edu.pl\/kolegium\/kdo\/ksztalcenie-obszarowe\/tydzien-projektowy-2024\/zrownowazony-rozwoj\/\">Read More&#8230;<\/a><\/p>\n","protected":false},"author":6720,"featured_media":0,"parent":530,"menu_order":0,"comment_status":"closed","ping_status":"closed","template":"","meta":{"_expiration-date-status":"","_expiration-date":0,"_expiration-date-type":"","_expiration-date-categories":[],"_expiration-date-options":[]},"acf":[],"_links":{"self":[{"href":"https:\/\/us.edu.pl\/kolegium\/kdo\/wp-json\/wp\/v2\/pages\/3969"}],"collection":[{"href":"https:\/\/us.edu.pl\/kolegium\/kdo\/wp-json\/wp\/v2\/pages"}],"about":[{"href":"https:\/\/us.edu.pl\/kolegium\/kdo\/wp-json\/wp\/v2\/types\/page"}],"author":[{"embeddable":true,"href":"https:\/\/us.edu.pl\/kolegium\/kdo\/wp-json\/wp\/v2\/users\/6720"}],"replies":[{"embeddable":true,"href":"https:\/\/us.edu.pl\/kolegium\/kdo\/wp-json\/wp\/v2\/comments?post=3969"}],"version-history":[{"count":2,"href":"https:\/\/us.edu.pl\/kolegium\/kdo\/wp-json\/wp\/v2\/pages\/3969\/revisions"}],"predecessor-version":[{"id":4021,"href":"https:\/\/us.edu.pl\/kolegium\/kdo\/wp-json\/wp\/v2\/pages\/3969\/revisions\/4021"}],"up":[{"embeddable":true,"href":"https:\/\/us.edu.pl\/kolegium\/kdo\/wp-json\/wp\/v2\/pages\/530"}],"wp:attachment":[{"href":"https:\/\/us.edu.pl\/kolegium\/kdo\/wp-json\/wp\/v2\/media?parent=3969"}],"curies":[{"name":"wp","href":"https:\/\/api.w.org\/{rel}","templated":true}]}}