{"id":530,"date":"2024-04-08T15:50:06","date_gmt":"2024-04-08T13:50:06","guid":{"rendered":"https:\/\/us.edu.pl\/kolegium\/kdo\/?page_id=530"},"modified":"2026-02-19T14:44:37","modified_gmt":"2026-02-19T13:44:37","slug":"tydzien-projektowy-2024","status":"publish","type":"page","link":"https:\/\/us.edu.pl\/kolegium\/kdo\/ksztalcenie-obszarowe\/tydzien-projektowy-2024\/","title":{"rendered":"Tydzie\u0144 projektowy"},"content":{"rendered":"<p>[vc_row el_class=&#8221;container&#8221;][vc_column][vc_raw_html]JTNDaDIlMjBjbGFzcyUzRCUyMnBhZ2UtdGl0bGUlMjIlM0VUWURaSUUlQzUlODMlMjBQUk9KRUtUT1dZJTIwMjAyNiUzQyUyRmgyJTNF[\/vc_raw_html][vc_empty_space height=&#8221;1.4rem&#8221;]\r\n                <div class=\"text-modules\">\r\n                    <div class=\"container\">\r\n                        \r\n                        <div class=\"text-modules__content\"><\/p>\n<h3><span style=\"color: #002e5a;\">Mikro-skr\u00f3t makro-informacji<\/span><\/h3>\n<p>\n<\/div>\r\n                    <\/div>\r\n                <\/div>\r\n                <div class=\"text-modules\">\r\n                    <div class=\"container\">\r\n                        \r\n                        <div class=\"text-modules__content\"><p>W semestrze letnim bie\u017c\u0105cego roku akademickiego TYDZIE\u0143 PROJEKTOWY dla studi\u00f3w stacjonarnych zgodnie z harmonogramem przewidziany jest w terminie od 11 do 15 maja 2026 r.<\/p>\n<\/div>\r\n                    <\/div>\r\n                <\/div>\r\n                <div class=\"text-modules\">\r\n                    <div class=\"container\">\r\n                        \r\n                        <div class=\"text-modules__content\"><p>W Tygodniu projektowym ka\u017cda osoba studiuj\u0105ca realizuj\u0105ca kszta\u0142cenie obszarowe na studiach stacjonarnych, we\u017amie udzia\u0142 w 15 godzinach zaj\u0119\u0107 warsztatowych lub projektowych w ramach wybranego przez siebie wcze\u015bniej modu\u0142u. Natomiast osoby studiuj\u0105ce na studiach niestacjonarnych wezm\u0105 udzia\u0142 w 8 godzinach warsztatowych. Czas ten pozwoli zdoby\u0107 umiej\u0119tno\u015bci i kompetencje oraz uzupe\u0142ni\u0107 wiedz\u0119 w zakresie rozpoznanych ju\u017c w ramach zaj\u0119\u0107 asynchronicznych (czyli wyk\u0142ad\u00f3w online i\/lub pakiet\u00f3w wiedzy) przestrzeni tematycznych.<\/p>\n<p>Zaj\u0119cia asynchroniczne b\u0119d\u0105 odbywa\u0107 si\u0119 w trakcie ca\u0142ego semestru letniego. Stosowne pliki (wyk\u0142ady online, pakiety wiedzy) umieszczane s\u0105 w odpowiednich zespo\u0142ach na MS Teams.<\/p>\n<\/div>\r\n                    <\/div>\r\n                <\/div>[\/vc_column][\/vc_row][vc_row el_class=&#8221;container&#8221;][vc_column][vc_empty_space height=&#8221;1.4rem&#8221;][\/vc_column][\/vc_row][vc_row el_class=&#8221;container&#8221;][vc_column width=&#8221;1\/2&#8243; css=&#8221;.vc_custom_1712672723159{border-left-width: 3px !important;border-left-color: #cdcdcd !important;border-left-style: solid !important;border-radius: 3px !important;}&#8221;]\r\n                <div class=\"text-modules\">\r\n                    <div class=\"container\">\r\n                        \r\n                        <div class=\"text-modules__content\"><\/p>\n<h4>studia stacjonarne<\/h4>\n<p>termin: 11\u201315 maja 2026 roku<\/p>\n<ul>\n<li>blok poranny\n<ul>\n<li>poniedzia\u0142ek-pi\u0105tek: 9.00 &#8211; 11.30 z 15 min. przerw\u0105<\/li>\n<\/ul>\n<\/li>\n<li>blok popo\u0142udniowy\n<ul>\n<li>poniedzia\u0142ek-pi\u0105tek: 12.30 &#8211; 15.00 z 15 min. przerw\u0105<\/li>\n<\/ul>\n<\/li>\n<\/ul>\n<p>\n<\/div>\r\n                    <\/div>\r\n                <\/div>[\/vc_column][vc_column width=&#8221;1\/2&#8243; css=&#8221;.vc_custom_1712672743765{border-left-width: 3px !important;border-left-color: #cdcdcd !important;border-left-style: solid !important;border-radius: 3px !important;}&#8221;]\r\n                <div class=\"text-modules\">\r\n                    <div class=\"container\">\r\n                        \r\n                        <div class=\"text-modules__content\"><\/p>\n<h4>HARMONOGRAM studia niestacjonarne<\/h4>\n<p><a href=\"https:\/\/us.edu.pl\/kolegium\/kdo\/wp-content\/uploads\/sites\/75\/OMU-i-OOD\/TERMINY-ZJAZDOW-MO-OMU-OOD.pdf\" class=\"mtli_attachment mtli_pdf\" class=\"mtli_attachment mtli_pdf\">terminy zjazd\u00f3w kszta\u0142cenia og\u00f3lnouniwersyteckiego<\/a><\/p>\n<p><a href=\"https:\/\/us.edu.pl\/kolegium\/kdo\/wp-content\/uploads\/sites\/75\/harmonogramy\/lato-25-26\/LATO_-25-26_-studia-niestacjonarne-PRAWO.pdf\" class=\"mtli_attachment mtli_pdf\" class=\"mtli_attachment mtli_pdf\" target=\"_blank\" rel=\"noopener\">Harmonogram zaj\u0119\u0107 dla kierunku PRAWO<\/a><\/p>\n<\/div>\r\n                    <\/div>\r\n                <\/div>[\/vc_column][\/vc_row][vc_row disable_element=&#8221;yes&#8221; el_class=&#8221;container&#8221;][vc_column]\r\n                <div class=\"text-modules\">\r\n                    <div class=\"container\">\r\n                        \r\n                        <div class=\"text-modules__content\"><p><span style=\"font-size: 14pt;\">W obr\u0119bie kampusu katowickiego mo\u017cna spodziewa\u0107 si\u0119 r\u00f3\u017cnych atrakcyjnych dzia\u0142a\u0144 :<\/span><\/p>\n<p><span style=\"font-size: 12pt;\"><img class=\"wp-image-7229 alignright\" src=\"https:\/\/us.edu.pl\/kolegium\/kdo\/wp-content\/uploads\/sites\/75\/obrazki-stron\/Tydzien-rownosci-800x481.png\" alt=\"jab\u0142ka rower kwiatek i origami na wsp\u00f3lnym tle\" width=\"561\" height=\"337\" srcset=\"https:\/\/us.edu.pl\/kolegium\/kdo\/wp-content\/uploads\/sites\/75\/obrazki-stron\/Tydzien-rownosci-800x481.png 800w, https:\/\/us.edu.pl\/kolegium\/kdo\/wp-content\/uploads\/sites\/75\/obrazki-stron\/Tydzien-rownosci-768x462.png 768w, https:\/\/us.edu.pl\/kolegium\/kdo\/wp-content\/uploads\/sites\/75\/obrazki-stron\/Tydzien-rownosci-575x346.png 575w, https:\/\/us.edu.pl\/kolegium\/kdo\/wp-content\/uploads\/sites\/75\/obrazki-stron\/Tydzien-rownosci.png 1108w\" sizes=\"(max-width: 561px) 100vw, 561px\" \/><\/span><\/p>\n<ul>\n<li><span style=\"font-size: 12pt;\">Quiz Ko\u0142o R\u00f3wno\u015bci<\/span><\/li>\n<li><span style=\"font-size: 12pt;\">Tablice &#8211; kolorowe karteczki<\/span><\/li>\n<li><span style=\"font-size: 12pt;\">ORIGAMI<\/span><\/li>\n<li><span style=\"font-size: 12pt;\">Kwiatek dla Przyjaciela<\/span><\/li>\n<li><span style=\"font-size: 12pt;\">Rowerowy pi\u0105tek<\/span><\/li>\n<\/ul>\n<p>&nbsp;<\/p>\n<p>&nbsp;<\/p>\n<p><span style=\"font-size: 14pt;\"><strong>A wszystko b\u0119dzie okraszone soczystymi jab\u0142kami i czekoladami\u00a0 !!!!<\/strong><\/span><\/p>\n<p><span style=\"font-size: 12pt;\">\u015aled\u017acie studenckie media spo\u0142eczno\u015bciowe, b\u0119dziemy w nich sukcesywnie zamieszcza\u0107 wszystkie informacje, nowinki, zajawki.<\/span><\/p>\n<\/div>\r\n                    <\/div>\r\n                <\/div>[\/vc_column][\/vc_row][vc_row el_class=&#8221;container&#8221;][vc_column][vc_empty_space height=&#8221;64px&#8221; el_class=&#8221;container&#8221;][\/vc_column][\/vc_row][vc_row el_class=&#8221;container&#8221;][vc_column][vc_empty_space]\r\n                <div class=\"text-modules \">\r\n                    <div class=\"container\">\r\n                        <h3 class=\"section-title section-title_border-bottom\">Opisy modu\u0142\u00f3w obszarowych realizowanych w semestrze letnim - studia stacjonarne<\/h3> \r\n                        <div class=\"row m-0\">\r\n                            <div class=\"text-modules__content\">\r\n                                 \r\n                                <div class=\"mt-3\"><\/div>\r\n                            <\/div>\r\n                            \r\n                            \r\n                        <\/div>\r\n                    <\/div>\r\n                <\/div>[\/vc_column][\/vc_row][vc_row gap=&#8221;10&#8243; equal_height=&#8221;yes&#8221; el_class=&#8221;container&#8221; css=&#8221;.vc_custom_1712671973333{margin-top: 10px !important;margin-right: 10px !important;margin-bottom: 10px !important;margin-left: 10px !important;}&#8221;][vc_column width=&#8221;1\/3&#8243;][vc_column_text el_class=&#8221;fspa text-modules__content bg-gray&#8221; css=&#8221;.vc_custom_1764605157669{padding-top: 20px !important;padding-right: 15px !important;padding-bottom: 20px !important;padding-left: 15px !important;}&#8221;]<span style=\"font-size: 10pt;\">obszar:<\/span><\/p>\n<h4>Cyfrowy \u015bwiat<\/h4>\n<p><span style=\"font-size: 10pt;\">modu\u0142y:<\/span><\/p>\n<ul>\n<li><span style=\"color: #000000;\"><a style=\"color: #000000;\" href=\"https:\/\/us.edu.pl\/kolegium\/kdo\/ksztalcenie-obszarowe\/tydzien-projektowy-2024\/analiza-danych-metody-i-narzedzia\/\" target=\"_blank\" rel=\"noopener\"><strong>Analiza <span style=\"color: #000000;\">danych:<\/span> metody i narz\u0119dzia<\/strong><\/a><\/span><\/li>\n<li><span style=\"color: #000000;\"><a style=\"color: #000000;\" href=\"https:\/\/us.edu.pl\/kolegium\/kdo\/ksztalcenie-obszarowe\/tydzien-projektowy-2024\/sztuczna-inteligencja\/\" target=\"_blank\" rel=\"noopener\"><strong>Sztuczna inteligencja<\/strong><\/a><\/span><\/li>\n<li><span style=\"color: #000000;\"><a style=\"color: #000000;\" href=\"https:\/\/us.edu.pl\/kolegium\/kdo\/ksztalcenie-obszarowe\/tydzien-projektowy-2024\/tworzenie-cyfrowych-swiatow\/\" target=\"_blank\" rel=\"noopener\"><strong>Tworzenie cyfrowych \u015bwiat\u00f3w<\/strong><\/a><\/span><\/li>\n<li><span style=\"color: #000000;\"><a style=\"color: #000000;\" href=\"https:\/\/us.edu.pl\/kolegium\/kdo\/ksztalcenie-obszarowe\/tydzien-projektowy-2024\/wprowadzenie-do-programowania\/\" target=\"_blank\" rel=\"noopener\"><strong>Wprowadzenie do programowania<\/strong><\/a><\/span><\/li>\n<li><span style=\"color: #000000;\"><strong><a style=\"color: #000000;\" href=\"https:\/\/us.edu.pl\/kolegium\/kdo\/ksztalcenie-obszarowe\/tydzien-projektowy-2024\/ngai\/\">Narz\u0119dzia generatywnej AI w praktyce<\/a><\/strong><\/span><\/li>\n<\/ul>\n<ul>\n<li style=\"list-style-type: none;\"><\/li>\n<\/ul>\n<p>[\/vc_column_text][\/vc_column][vc_column width=&#8221;1\/3&#8243;][vc_column_text el_class=&#8221;fspa bg-gray text-modules__content&#8221; css=&#8221;.vc_custom_1765978849588{padding-top: 20px !important;padding-right: 15px !important;padding-bottom: 20px !important;padding-left: 15px !important;}&#8221;]<span style=\"font-size: 10pt;\">obszar:<\/span><\/p>\n<h4>Ekspresja tw\u00f3rcza i krytyczne my\u015blenie<\/h4>\n<p><span style=\"font-size: 10pt;\">modu\u0142y:<\/span><\/p>\n<ul>\n<li><span style=\"color: #000000;\"><a style=\"color: #000000;\" href=\"https:\/\/us.edu.pl\/kolegium\/kdo\/ksztalcenie-obszarowe\/tydzien-projektowy-2024\/sztuka-krytycznego-myslenia\/\" target=\"_blank\" rel=\"noopener\"><strong>Sztuka krytycznego my\u015blenia<\/strong><\/a><\/span><\/li>\n<li><span style=\"color: #000000;\"><a style=\"color: #000000;\" href=\"https:\/\/us.edu.pl\/kolegium\/kdo\/ksztalcenie-obszarowe\/tydzien-projektowy-2024\/wyjscie-z-komfortocenu\/\" target=\"_blank\" rel=\"noopener\"><strong>Wyj\u015bcie z komfortocenu<\/strong><\/a><\/span><\/li>\n<li><span style=\"color: #000000;\"><a style=\"color: #000000;\" href=\"https:\/\/us.edu.pl\/kolegium\/kdo\/ksztalcenie-obszarowe\/tydzien-projektowy-2024\/argumentacja-i-perswazja\/\" target=\"_blank\" rel=\"noopener\"><strong>Argumentacja i perswazja<\/strong><\/a><\/span><\/li>\n<li><span style=\"color: #000000;\"><a style=\"color: #000000;\" href=\"https:\/\/us.edu.pl\/kolegium\/kdo\/ksztalcenie-obszarowe\/tydzien-projektowy-2024\/sc\/\"><strong>Sztuka czytania<\/strong><\/a><\/span><\/li>\n<\/ul>\n<ul>\n<li style=\"list-style-type: none;\"><\/li>\n<\/ul>\n<p>[\/vc_column_text][\/vc_column][vc_column width=&#8221;1\/3&#8243;][vc_column_text el_class=&#8221;fspa bg-gray text-modules__content&#8221; css=&#8221;.vc_custom_1765979514539{padding-top: 20px !important;padding-right: 15px !important;padding-bottom: 20px !important;padding-left: 15px !important;}&#8221;]<span style=\"font-size: 10pt;\">obszar:<\/span><\/p>\n<h4>Granice nauki<\/h4>\n<p>&nbsp;<\/p>\n<p><span style=\"font-size: 10pt;\">modu\u0142y:<\/span><\/p>\n<ul>\n<li><span style=\"color: #000000;\"><a style=\"color: #000000;\" href=\"https:\/\/us.edu.pl\/kolegium\/kdo\/ksztalcenie-obszarowe\/tydzien-projektowy-2024\/nauka-i-pseudonauka\/\" target=\"_blank\" rel=\"noopener\"><strong>Nauka i pseudonauka<\/strong><\/a><\/span><\/li>\n<li><span style=\"color: #000000;\"><a style=\"color: #000000;\" href=\"https:\/\/us.edu.pl\/kolegium\/kdo\/ksztalcenie-obszarowe\/tydzien-projektowy-2024\/zrozumiec-noblistow\/\" target=\"_blank\" rel=\"noopener\"><strong>Zrozumie\u0107 Noblist\u00f3w<\/strong><\/a><\/span><\/li>\n<li><span style=\"color: #000000;\"><a style=\"color: #000000;\" href=\"https:\/\/us.edu.pl\/kolegium\/kdo\/ksztalcenie-obszarowe\/tydzien-projektowy-2024\/nauka-i-sztuka\/\" target=\"_blank\" rel=\"noopener\"><strong>Nauka i sztuka<\/strong><\/a><\/span><\/li>\n<li><a href=\"https:\/\/us.edu.pl\/kolegium\/kdo\/ksztalcenie-obszarowe\/tydzien-projektowy-2024\/zw\/\"><span style=\"color: #000000;\"><strong>Zdiagnozuj i wylecz &#8211; najnowsza technologia w s\u0142u\u017cbie zdrowia<\/strong><\/span><\/a><\/li>\n<\/ul>\n<ul>\n<li style=\"list-style-type: none;\"><\/li>\n<\/ul>\n<p>[\/vc_column_text][\/vc_column][\/vc_row][vc_row gap=&#8221;10&#8243; equal_height=&#8221;yes&#8221; el_class=&#8221;container&#8221; css=&#8221;.vc_custom_1712671982187{margin-top: 10px !important;margin-right: 10px !important;margin-bottom: 10px !important;margin-left: 10px !important;}&#8221;][vc_column width=&#8221;1\/3&#8243;][vc_column_text el_class=&#8221;fspa bg-gray text-modules__content&#8221; css=&#8221;.vc_custom_1765979999978{padding-top: 20px !important;padding-right: 15px !important;padding-bottom: 20px !important;padding-left: 15px !important;}&#8221;]<span style=\"font-size: 10pt;\">obszar:<\/span><\/p>\n<h4>Spo\u0142ecze\u0144stwo obywatelskie i przedsi\u0119biorczo\u015b\u0107<\/h4>\n<p><span style=\"font-size: 10pt;\">modu\u0142y:<\/span><\/p>\n<ul>\n<li><span style=\"color: #000000;\"><a style=\"color: #000000;\" href=\"https:\/\/us.edu.pl\/kolegium\/kdo\/ksztalcenie-obszarowe\/tydzien-projektowy-2024\/przedsiebiorczosc\/\" target=\"_blank\" rel=\"noopener\"><strong>Przedsi\u0119biorczo\u015b\u0107<\/strong><\/a><\/span><\/li>\n<li><a href=\"https:\/\/us.edu.pl\/kolegium\/kdo\/ksztalcenie-obszarowe\/tydzien-projektowy-2024\/vademecum-prawa\/\" target=\"_blank\" rel=\"noopener\"><strong><span style=\"color: #000000;\">Vademecum prawa<\/span><\/strong><\/a><\/li>\n<li><span style=\"color: #000000;\"><a style=\"color: #000000;\" href=\"https:\/\/us.edu.pl\/kolegium\/kdo\/ksztalcenie-obszarowe\/tydzien-projektowy-2024\/partycypacja-spoleczna-w-praktyce\/\" target=\"_blank\" rel=\"noopener\"><strong>Partycypacja spo\u0142eczna w praktyce<\/strong><\/a><\/span><\/li>\n<li><span style=\"color: #000000;\"><a style=\"color: #000000;\" href=\"https:\/\/us.edu.pl\/kolegium\/kdo\/ksztalcenie-obszarowe\/tydzien-projektowy-2024\/pc\/\"><strong>Prawa cz\u0142owieka<\/strong><\/a><\/span><\/li>\n<\/ul>\n<p>[\/vc_column_text][\/vc_column][vc_column width=&#8221;1\/3&#8243;][vc_column_text el_class=&#8221;fspa bg-gray text-modules__content&#8221; css=&#8221;.vc_custom_1765979118923{padding-top: 20px !important;padding-right: 15px !important;padding-bottom: 20px !important;padding-left: 15px !important;}&#8221;]<span style=\"font-size: 10pt;\">obszar:<\/span><\/p>\n<h4>\u015arodowisko naturalne i technologie<\/h4>\n<p><span style=\"font-size: 10pt;\">modu\u0142y:<\/span><\/p>\n<ul>\n<li><span style=\"color: #000000;\"><a style=\"color: #000000;\" href=\"https:\/\/us.edu.pl\/kolegium\/kdo\/ksztalcenie-obszarowe\/tydzien-projektowy-2024\/katastrofalne-zywioly\/\" target=\"_blank\" rel=\"noopener\"><strong>Katastrofalne \u017cywio\u0142y<\/strong><\/a><\/span><\/li>\n<li><span style=\"color: #000000;\"><a style=\"color: #000000;\" href=\"https:\/\/us.edu.pl\/kolegium\/kdo\/ksztalcenie-obszarowe\/tydzien-projektowy-2024\/zielone-technologie\/\" target=\"_blank\" rel=\"noopener\"><strong>Zielone technologie<\/strong><\/a><\/span><\/li>\n<li><span style=\"color: #000000;\"><a style=\"color: #000000;\" href=\"https:\/\/us.edu.pl\/kolegium\/kdo\/ksztalcenie-obszarowe\/tydzien-projektowy-2024\/zrownowazony-rozwoj\/\" target=\"_blank\" rel=\"noopener\"><strong>Zr\u00f3wnowa\u017cony rozw\u00f3j<\/strong><\/a><\/span><\/li>\n<li><span style=\"color: #000000;\"><a style=\"color: #000000;\" href=\"https:\/\/us.edu.pl\/kolegium\/kdo\/ksztalcenie-obszarowe\/tydzien-projektowy-2024\/wkz\/\"><strong>Woda klucz do \u017cycia na planecie<\/strong><\/a><\/span><\/li>\n<\/ul>\n<p>[\/vc_column_text][\/vc_column][vc_column width=&#8221;1\/3&#8243;][vc_column_text el_class=&#8221;fspa bg-gray text-modules__content&#8221; css=&#8221;.vc_custom_1765980437371{padding-top: 20px !important;padding-right: 15px !important;padding-bottom: 20px !important;padding-left: 15px !important;}&#8221;]<span style=\"font-size: 10pt;\">obszar:<\/span><\/p>\n<h4>Zdrowie i rozw\u00f3j osobisty<\/h4>\n<p><span style=\"font-size: 10pt;\">modu\u0142y:<\/span><\/p>\n<ul>\n<li><span style=\"color: #000000;\"><a style=\"color: #000000;\" href=\"https:\/\/us.edu.pl\/kolegium\/kdo\/ksztalcenie-obszarowe\/tydzien-projektowy-2024\/rozwoj-osobisty\/\" target=\"_blank\" rel=\"noopener\"><strong>Rozw\u00f3j osobisty<\/strong><\/a><\/span><\/li>\n<li><span style=\"color: #000000;\"><a style=\"color: #000000;\" href=\"https:\/\/us.edu.pl\/kolegium\/kdo\/ksztalcenie-obszarowe\/tydzien-projektowy-2024\/styl-zycia-a-zdrowie-czlowieka\/\" target=\"_blank\" rel=\"noopener\"><strong>Styl \u017cycia a zdrowie cz\u0142owieka<\/strong><\/a><\/span><\/li>\n<li><span style=\"color: #000000;\"><a style=\"color: #000000;\" href=\"https:\/\/us.edu.pl\/kolegium\/kdo\/ksztalcenie-obszarowe\/tydzien-projektowy-2024\/zarzadzanie-soba\/\" target=\"_blank\" rel=\"noopener\"><strong>Zarz\u0105dzanie sob\u0105<\/strong><\/a><\/span><\/li>\n<li><span style=\"color: #000000;\"><a style=\"color: #000000;\" href=\"https:\/\/us.edu.pl\/kolegium\/kdo\/ksztalcenie-obszarowe\/tydzien-projektowy-2024\/beaz\/\"><strong>Bioetyczne i etyczne aspekty zdrowia i \u017cycia<\/strong><\/a><\/span><\/li>\n<\/ul>\n<p>[\/vc_column_text][\/vc_column][\/vc_row][vc_row gap=&#8221;10&#8243; equal_height=&#8221;yes&#8221; disable_element=&#8221;yes&#8221; el_class=&#8221;container&#8221; css=&#8221;.vc_custom_1727356191153{margin-top: 10px !important;margin-right: 10px !important;margin-bottom: 10px !important;margin-left: 10px !important;}&#8221;][vc_column el_class=&#8221;bg-gray&#8221;][vc_empty_space height=&#8221;1.4rem&#8221;]\r\n                <div class=\"text-modules\">\r\n                    <div class=\"container\">\r\n                        \r\n                        <div class=\"text-modules__content\"><\/p>\n<p style=\"text-align: left;\"><strong>Harmonogramy zaj\u0119\u0107 dla studi\u00f3w stacjonarnych i niestacjonarnych oraz mapa<\/strong><\/p>\n<p>\n<\/div>\r\n                    <\/div>\r\n                <\/div>[vc_btn title=&#8221;Harmonogramy zaj\u0119\u0107&#8221; style=&#8221;outline-custom&#8221; outline_custom_color=&#8221;#002e5e&#8221; outline_custom_hover_background=&#8221;#022e5a&#8221; outline_custom_hover_text=&#8221;#ffffff&#8221; shape=&#8221;square&#8221; size=&#8221;lg&#8221; i_align=&#8221;right&#8221; i_icon_fontawesome=&#8221;fas fa-arrow-right&#8221; add_icon=&#8221;true&#8221; link=&#8221;url:https%3A%2F%2Fus.edu.pl%2Fkolegium%2Fkdo%2Fkomunikaty%2Ftydzien-projektowy-harmonogram%2F|title:Harmonogramy%20zaj%C4%99%C4%87&#8243; css=&#8221;.vc_custom_1715349884710{margin-left: 15px !important;}&#8221;][vc_btn title=&#8221;Mapa&#8221; style=&#8221;outline-custom&#8221; outline_custom_color=&#8221;#002e5e&#8221; outline_custom_hover_background=&#8221;#022e5a&#8221; outline_custom_hover_text=&#8221;#ffffff&#8221; shape=&#8221;square&#8221; size=&#8221;lg&#8221; i_align=&#8221;right&#8221; i_icon_fontawesome=&#8221;fas fa-arrow-right&#8221; add_icon=&#8221;true&#8221; link=&#8221;url:https%3A%2F%2Fus.edu.pl%2Fkolegium%2Fkdo%2Fkomunikaty%2Ftydzien-projektowy-mapa%2F|title:%5B%3Apl%5DTydzie%C5%84%20Projektowy%20%E2%80%93%20mapa%5B%3A%5D&#8221; css=&#8221;.vc_custom_1715349525095{margin-left: 15px !important;}&#8221;][vc_empty_space height=&#8221;20px&#8221;][\/vc_column][\/vc_row]<\/p>","protected":false},"excerpt":{"rendered":"<p>[vc_row el_class=&#8221;container&#8221;][vc_column][vc_raw_html]JTNDaDIlMjBjbGFzcyUzRCUyMnBhZ2UtdGl0bGUlMjIlM0VUWURaSUUlQzUlODMlMjBQUk9KRUtUT1dZJTIwMjAyNiUzQyUyRmgyJTNF[\/vc_raw_html][vc_empty_space height=&#8221;1.4rem&#8221;][\/vc_column][\/vc_row][vc_row el_class=&#8221;container&#8221;][vc_column][vc_empty_space height=&#8221;1.4rem&#8221;][\/vc_column][\/vc_row][vc_row el_class=&#8221;container&#8221;][vc_column width=&#8221;1\/2&#8243; css=&#8221;.vc_custom_1712672723159{border-left-width: 3px !important;border-left-color: #cdcdcd !important;border-left-style: solid !important;border-radius: 3px !important;}&#8221;][\/vc_column][vc_column width=&#8221;1\/2&#8243; css=&#8221;.vc_custom_1712672743765{border-left-width: 3px !important;border-left-color: #cdcdcd !important;border-left-style: solid !important;border-radius: 3px !important;}&#8221;][\/vc_column][\/vc_row][vc_row disable_element=&#8221;yes&#8221; el_class=&#8221;container&#8221;][vc_column][\/vc_column][\/vc_row][vc_row el_class=&#8221;container&#8221;][vc_column][vc_empty_space height=&#8221;64px&#8221; el_class=&#8221;container&#8221;][\/vc_column][\/vc_row][vc_row el_class=&#8221;container&#8221;][vc_column][vc_empty_space][\/vc_column][\/vc_row][vc_row gap=&#8221;10&#8243; equal_height=&#8221;yes&#8221; el_class=&#8221;container&#8221; css=&#8221;.vc_custom_1712671973333{margin-top: 10px !important;margin-right: 10px !important;margin-bottom: 10px !important;margin-left: 10px !important;}&#8221;][vc_column width=&#8221;1\/3&#8243;][vc_column_text el_class=&#8221;fspa text-modules__content bg-gray&#8221; css=&#8221;.vc_custom_1764605157669{padding-top: 20px !important;padding-right: 15px !important;padding-bottom: 20px !important;padding-left: [&#8230;]<\/p>\n<p><a class=\"btn btn-secondary understrap-read-more-link\" href=\"https:\/\/us.edu.pl\/kolegium\/kdo\/ksztalcenie-obszarowe\/tydzien-projektowy-2024\/\">Read More&#8230;<\/a><\/p>\n","protected":false},"author":26,"featured_media":0,"parent":432,"menu_order":0,"comment_status":"closed","ping_status":"closed","template":"","meta":{"_expiration-date-status":"","_expiration-date":0,"_expiration-date-type":"","_expiration-date-categories":[],"_expiration-date-options":[]},"acf":[],"_links":{"self":[{"href":"https:\/\/us.edu.pl\/kolegium\/kdo\/wp-json\/wp\/v2\/pages\/530"}],"collection":[{"href":"https:\/\/us.edu.pl\/kolegium\/kdo\/wp-json\/wp\/v2\/pages"}],"about":[{"href":"https:\/\/us.edu.pl\/kolegium\/kdo\/wp-json\/wp\/v2\/types\/page"}],"author":[{"embeddable":true,"href":"https:\/\/us.edu.pl\/kolegium\/kdo\/wp-json\/wp\/v2\/users\/26"}],"replies":[{"embeddable":true,"href":"https:\/\/us.edu.pl\/kolegium\/kdo\/wp-json\/wp\/v2\/comments?post=530"}],"version-history":[{"count":12,"href":"https:\/\/us.edu.pl\/kolegium\/kdo\/wp-json\/wp\/v2\/pages\/530\/revisions"}],"predecessor-version":[{"id":9400,"href":"https:\/\/us.edu.pl\/kolegium\/kdo\/wp-json\/wp\/v2\/pages\/530\/revisions\/9400"}],"up":[{"embeddable":true,"href":"https:\/\/us.edu.pl\/kolegium\/kdo\/wp-json\/wp\/v2\/pages\/432"}],"wp:attachment":[{"href":"https:\/\/us.edu.pl\/kolegium\/kdo\/wp-json\/wp\/v2\/media?parent=530"}],"curies":[{"name":"wp","href":"https:\/\/api.w.org\/{rel}","templated":true}]}}