{"id":5397,"date":"2025-02-24T15:37:41","date_gmt":"2025-02-24T14:37:41","guid":{"rendered":"https:\/\/us.edu.pl\/kolegium\/kdo\/?page_id=5397"},"modified":"2025-10-06T14:39:34","modified_gmt":"2025-10-06T12:39:34","slug":"pytanie-1","status":"publish","type":"page","link":"https:\/\/us.edu.pl\/kolegium\/kdo\/up\/pytania\/pytanie-1\/","title":{"rendered":"Pytanie 1"},"content":{"rendered":"<p>[vc_row el_class=&#8221;container&#8221;][vc_column]\r\n                <div class=\"text-modules\">\r\n                    <div class=\"container\">\r\n                        \r\n                        <div class=\"text-modules__content\"><p><span style=\"font-size: 12pt;\"><b>1. Jaki jest cel Projektu \u201eUczelnie Przysz\u0142o\u015bci\u201d?<\/b>\u00a0<\/span><\/p>\n<p><span style=\"font-size: 12pt;\">Projekt umo\u017cliwia osobom studiuj\u0105cym na naszej Uczelni realizacj\u0119 autorskiego <b>Indywidualnego Projektu Innowacyjnego (IPI)<\/b> poprzez uczestnictwo w modelu kszta\u0142cenia opartego na indywidulanej \u015bcie\u017cce edukacyjnej. Ten innowacyjny model edukacji okre\u015blany jest w Projekcie jako <b>Model Edukacji Spersonalizowanej (MES).<\/b>\u00a0<\/span><\/p>\n<\/div>\r\n                    <\/div>\r\n                <\/div>[\/vc_column][\/vc_row]<\/p>","protected":false},"excerpt":{"rendered":"<p>[vc_row el_class=&#8221;container&#8221;][vc_column][\/vc_column][\/vc_row] [&#8230;]<\/p>\n<p><a class=\"btn btn-secondary understrap-read-more-link\" href=\"https:\/\/us.edu.pl\/kolegium\/kdo\/up\/pytania\/pytanie-1\/\">Read More&#8230;<\/a><\/p>\n","protected":false},"author":6720,"featured_media":0,"parent":8303,"menu_order":0,"comment_status":"closed","ping_status":"closed","template":"","meta":{"_expiration-date-status":"","_expiration-date":0,"_expiration-date-type":"","_expiration-date-categories":[],"_expiration-date-options":[]},"acf":[],"_links":{"self":[{"href":"https:\/\/us.edu.pl\/kolegium\/kdo\/wp-json\/wp\/v2\/pages\/5397"}],"collection":[{"href":"https:\/\/us.edu.pl\/kolegium\/kdo\/wp-json\/wp\/v2\/pages"}],"about":[{"href":"https:\/\/us.edu.pl\/kolegium\/kdo\/wp-json\/wp\/v2\/types\/page"}],"author":[{"embeddable":true,"href":"https:\/\/us.edu.pl\/kolegium\/kdo\/wp-json\/wp\/v2\/users\/6720"}],"replies":[{"embeddable":true,"href":"https:\/\/us.edu.pl\/kolegium\/kdo\/wp-json\/wp\/v2\/comments?post=5397"}],"version-history":[{"count":2,"href":"https:\/\/us.edu.pl\/kolegium\/kdo\/wp-json\/wp\/v2\/pages\/5397\/revisions"}],"predecessor-version":[{"id":5405,"href":"https:\/\/us.edu.pl\/kolegium\/kdo\/wp-json\/wp\/v2\/pages\/5397\/revisions\/5405"}],"up":[{"embeddable":true,"href":"https:\/\/us.edu.pl\/kolegium\/kdo\/wp-json\/wp\/v2\/pages\/8303"}],"wp:attachment":[{"href":"https:\/\/us.edu.pl\/kolegium\/kdo\/wp-json\/wp\/v2\/media?parent=5397"}],"curies":[{"name":"wp","href":"https:\/\/api.w.org\/{rel}","templated":true}]}}