{"id":5473,"date":"2025-02-24T16:13:49","date_gmt":"2025-02-24T15:13:49","guid":{"rendered":"https:\/\/us.edu.pl\/kolegium\/kdo\/?page_id=5473"},"modified":"2025-10-06T14:55:27","modified_gmt":"2025-10-06T12:55:27","slug":"pytanie-6","status":"publish","type":"page","link":"https:\/\/us.edu.pl\/kolegium\/kdo\/up\/pytania\/pytanie-6\/","title":{"rendered":"Pytanie 6"},"content":{"rendered":"<p>[vc_row el_class=&#8221;container&#8221;][vc_column]\r\n                <div class=\"text-modules\">\r\n                    <div class=\"container\">\r\n                        \r\n                        <div class=\"text-modules__content\"><p><span style=\"font-size: 12pt;\"><b>6. Czy zdobywane podczas udzia\u0142u w Projekcie punkty ECTS b\u0119dzie mo\u017cna wymienia\u0107 na punkty ECTS przypadaj\u0105ce na przedmioty obj\u0119te regularnym tokiem studi\u00f3w?<\/b>\u00a0<\/span><\/p>\n<p><span style=\"font-size: 12pt;\">Tak. Poszczeg\u00f3lne aktywno\u015bci, w ramach Projektu, za kt\u00f3re otrzymuje si\u0119 punkty ECTS mo\u017cna wymieni\u0107 na przedmioty obj\u0119te tokiem studi\u00f3w. Osob\u0105 odpowiedzialn\u0105 za przeprowadzenie tego procesu jest Opiekun z Uczelni.\u00a0\u00a0\u00a0<\/span><\/p>\n<\/div>\r\n                    <\/div>\r\n                <\/div>[\/vc_column][\/vc_row]<\/p>","protected":false},"excerpt":{"rendered":"<p>[vc_row el_class=&#8221;container&#8221;][vc_column][\/vc_column][\/vc_row] [&#8230;]<\/p>\n<p><a class=\"btn btn-secondary understrap-read-more-link\" href=\"https:\/\/us.edu.pl\/kolegium\/kdo\/up\/pytania\/pytanie-6\/\">Read More&#8230;<\/a><\/p>\n","protected":false},"author":6720,"featured_media":0,"parent":8303,"menu_order":0,"comment_status":"closed","ping_status":"closed","template":"","meta":{"_expiration-date-status":"","_expiration-date":0,"_expiration-date-type":"","_expiration-date-categories":[],"_expiration-date-options":[]},"acf":[],"_links":{"self":[{"href":"https:\/\/us.edu.pl\/kolegium\/kdo\/wp-json\/wp\/v2\/pages\/5473"}],"collection":[{"href":"https:\/\/us.edu.pl\/kolegium\/kdo\/wp-json\/wp\/v2\/pages"}],"about":[{"href":"https:\/\/us.edu.pl\/kolegium\/kdo\/wp-json\/wp\/v2\/types\/page"}],"author":[{"embeddable":true,"href":"https:\/\/us.edu.pl\/kolegium\/kdo\/wp-json\/wp\/v2\/users\/6720"}],"replies":[{"embeddable":true,"href":"https:\/\/us.edu.pl\/kolegium\/kdo\/wp-json\/wp\/v2\/comments?post=5473"}],"version-history":[{"count":2,"href":"https:\/\/us.edu.pl\/kolegium\/kdo\/wp-json\/wp\/v2\/pages\/5473\/revisions"}],"predecessor-version":[{"id":5485,"href":"https:\/\/us.edu.pl\/kolegium\/kdo\/wp-json\/wp\/v2\/pages\/5473\/revisions\/5485"}],"up":[{"embeddable":true,"href":"https:\/\/us.edu.pl\/kolegium\/kdo\/wp-json\/wp\/v2\/pages\/8303"}],"wp:attachment":[{"href":"https:\/\/us.edu.pl\/kolegium\/kdo\/wp-json\/wp\/v2\/media?parent=5473"}],"curies":[{"name":"wp","href":"https:\/\/api.w.org\/{rel}","templated":true}]}}