{"id":5489,"date":"2025-02-24T16:18:03","date_gmt":"2025-02-24T15:18:03","guid":{"rendered":"https:\/\/us.edu.pl\/kolegium\/kdo\/?page_id=5489"},"modified":"2025-10-06T15:00:40","modified_gmt":"2025-10-06T13:00:40","slug":"pytanie-7","status":"publish","type":"page","link":"https:\/\/us.edu.pl\/kolegium\/kdo\/up\/pytania\/pytanie-7\/","title":{"rendered":"Pytanie 7"},"content":{"rendered":"<p>[vc_row el_class=&#8221;container&#8221;][vc_column]\r\n                <div class=\"text-modules\">\r\n                    <div class=\"container\">\r\n                        \r\n                        <div class=\"text-modules__content\"><p><span style=\"font-size: 12pt;\"><b>7. Gdzie znajd\u0119 szczeg\u00f3\u0142owe informacje o Projekcie? Kto udzieli mi szczeg\u00f3\u0142owych informacji?<\/b>\u00a0<\/span><\/p>\n<p><span style=\"font-size: 12pt;\">Szczeg\u00f3\u0142owe informacje o projekcie znajduj\u0105 si\u0119 na stronie: <a href=\"https:\/\/us.edu.pl\/kolegium\/kdo\/uczelnie-przyszlosci\/\">https:\/\/us.edu.pl\/kolegium\/kdo\/uczelnie-przyszlosci\/<\/a>\u00a0<\/span><\/p>\n<p><span style=\"font-size: 12pt;\">Zapraszamy przede wszystkim do kontaktu mejlowego: <a href=\"mailto:uczelnieprzyszlosci@us.edu.pl\">uczelnieprzyszlosci@us.edu.pl<\/a><\/span><\/p>\n<p><span style=\"font-size: 12pt;\">Zapraszamy r\u00f3wnie\u017c do kontaktu z koordynatork\u0105 projektu dr Katarzyna Sujkowsk\u0105, prof. U\u015a (<a href=\"mailto:katarzynasujkowska@us.edu.pl\">katarzynasujkowska@us.edu.pl<\/a>) lub asystentk\u0105 administracyjn\u0105 koordynatorki: mgr Ew\u0105 Kalisz (<a href=\"mailto:ewa.kalisz@us.edu.pl\">ewa.kalisz@us.edu.pl<\/a>)\u00a0<\/span><\/p>\n<p><span style=\"font-size: 12pt;\">Podstawowym dokumentem okre\u015blaj\u0105cym warunki rekrutacji i uczestnictwa w Projekcie jest Regulamin rekrutacji i uczestnictwa w Projekcie \u201eUczelnie Przysz\u0142o\u015bci\u201d\u00a0<\/span><\/p>\n<\/div>\r\n                    <\/div>\r\n                <\/div>[\/vc_column][\/vc_row]<\/p>","protected":false},"excerpt":{"rendered":"<p>[vc_row el_class=&#8221;container&#8221;][vc_column][\/vc_column][\/vc_row] [&#8230;]<\/p>\n<p><a class=\"btn btn-secondary understrap-read-more-link\" href=\"https:\/\/us.edu.pl\/kolegium\/kdo\/up\/pytania\/pytanie-7\/\">Read More&#8230;<\/a><\/p>\n","protected":false},"author":6720,"featured_media":0,"parent":8303,"menu_order":0,"comment_status":"closed","ping_status":"closed","template":"","meta":{"_expiration-date-status":"","_expiration-date":0,"_expiration-date-type":"","_expiration-date-categories":[],"_expiration-date-options":[]},"acf":[],"_links":{"self":[{"href":"https:\/\/us.edu.pl\/kolegium\/kdo\/wp-json\/wp\/v2\/pages\/5489"}],"collection":[{"href":"https:\/\/us.edu.pl\/kolegium\/kdo\/wp-json\/wp\/v2\/pages"}],"about":[{"href":"https:\/\/us.edu.pl\/kolegium\/kdo\/wp-json\/wp\/v2\/types\/page"}],"author":[{"embeddable":true,"href":"https:\/\/us.edu.pl\/kolegium\/kdo\/wp-json\/wp\/v2\/users\/6720"}],"replies":[{"embeddable":true,"href":"https:\/\/us.edu.pl\/kolegium\/kdo\/wp-json\/wp\/v2\/comments?post=5489"}],"version-history":[{"count":2,"href":"https:\/\/us.edu.pl\/kolegium\/kdo\/wp-json\/wp\/v2\/pages\/5489\/revisions"}],"predecessor-version":[{"id":6489,"href":"https:\/\/us.edu.pl\/kolegium\/kdo\/wp-json\/wp\/v2\/pages\/5489\/revisions\/6489"}],"up":[{"embeddable":true,"href":"https:\/\/us.edu.pl\/kolegium\/kdo\/wp-json\/wp\/v2\/pages\/8303"}],"wp:attachment":[{"href":"https:\/\/us.edu.pl\/kolegium\/kdo\/wp-json\/wp\/v2\/media?parent=5489"}],"curies":[{"name":"wp","href":"https:\/\/api.w.org\/{rel}","templated":true}]}}