{"id":5501,"date":"2025-02-24T16:23:44","date_gmt":"2025-02-24T15:23:44","guid":{"rendered":"https:\/\/us.edu.pl\/kolegium\/kdo\/?page_id=5501"},"modified":"2025-10-06T15:46:00","modified_gmt":"2025-10-06T13:46:00","slug":"pytanie-8","status":"publish","type":"page","link":"https:\/\/us.edu.pl\/kolegium\/kdo\/up\/pytania\/pytanie-8\/","title":{"rendered":"Pytanie 8"},"content":{"rendered":"<p>[vc_row el_class=&#8221;container&#8221;][vc_column]\r\n                <div class=\"text-modules\">\r\n                    <div class=\"container\">\r\n                        \r\n                        <div class=\"text-modules__content\"><p><span style=\"font-size: 14pt;\"><b>8. Jak odbywa si\u0119 rekrutacja do Projektu i w jakich terminach?<\/b>\u00a0<\/span><\/p>\n<p><span style=\"font-size: 12pt;\">Przyst\u0105pienie do Projektu odbywa si\u0119 poprzez dope\u0142nienie formalno\u015bci rekrutacyjnych. Rekrutacja prowadzona jest dwuetapowo:\u00a0<\/span><\/p>\n<p><span style=\"font-size: 12pt;\">Etap I\u00a0<\/span><\/p>\n<ol>\n<li><span style=\"font-size: 12pt;\">Wype\u0142nienie formularza zg\u0142oszeniowego znajduj\u0105cego si\u0119 w Intranecie w terminie w\u0142a\u015bciwym dla edycji projektu.\u00a0<\/span><\/li>\n<li><span style=\"font-size: 12pt;\">Ocena formalna i merytoryczna zg\u0142oszonych projekt\u00f3w dokonywana przez w\u0142a\u015bciwe\u00a0 podmioty.\u00a0<\/span><\/li>\n<li><span style=\"font-size: 12pt;\">Og\u0142oszenie listy os\u00f3b zakwalifikowanych do II etapu rekrutacji w terminie wskazanym w danej edycji projektu.<\/span><\/li>\n<li><span style=\"font-size: 12pt;\">Spotkanie os\u00f3b zakwalifikowanych do II etapu rekrutacji z koordynatork\u0105 MES dr Katarzyn\u0105 Sujkowsk\u0105, prof. U\u015a, w terminie podanym niezw\u0142ocznie po og\u0142oszeniu wynik\u00f3w I Etapu rekrutacji.\u00a0<\/span><\/li>\n<\/ol>\n<p><span style=\"font-size: 12pt;\" data-ccp-props=\"{&quot;335551550&quot;:6,&quot;335551620&quot;:6}\">\u00a0<\/span><span style=\"font-size: 12pt;\">Etap II\u00a0<\/span><\/p>\n<ol>\n<li><span style=\"font-size: 12pt;\">Udzia\u0142 w Assessment Centre, kt\u00f3rego termin okre\u015bla regulamin danej edycji projektu.<\/span><\/li>\n<li><span style=\"font-size: 12pt;\">Og\u0142oszenie listy 10 os\u00f3b zakwalifikowanych do udzia\u0142u w projekcie oraz lista rezerwowa.\u00a0\u00a0<\/span><\/li>\n<\/ol>\n<p>\n<\/div>\r\n                    <\/div>\r\n                <\/div>[\/vc_column][\/vc_row]<\/p>","protected":false},"excerpt":{"rendered":"<p>[vc_row el_class=&#8221;container&#8221;][vc_column][\/vc_column][\/vc_row] [&#8230;]<\/p>\n<p><a class=\"btn btn-secondary understrap-read-more-link\" href=\"https:\/\/us.edu.pl\/kolegium\/kdo\/up\/pytania\/pytanie-8\/\">Read More&#8230;<\/a><\/p>\n","protected":false},"author":6720,"featured_media":0,"parent":8303,"menu_order":0,"comment_status":"closed","ping_status":"closed","template":"","meta":{"_expiration-date-status":"","_expiration-date":0,"_expiration-date-type":"","_expiration-date-categories":[],"_expiration-date-options":[]},"acf":[],"_links":{"self":[{"href":"https:\/\/us.edu.pl\/kolegium\/kdo\/wp-json\/wp\/v2\/pages\/5501"}],"collection":[{"href":"https:\/\/us.edu.pl\/kolegium\/kdo\/wp-json\/wp\/v2\/pages"}],"about":[{"href":"https:\/\/us.edu.pl\/kolegium\/kdo\/wp-json\/wp\/v2\/types\/page"}],"author":[{"embeddable":true,"href":"https:\/\/us.edu.pl\/kolegium\/kdo\/wp-json\/wp\/v2\/users\/6720"}],"replies":[{"embeddable":true,"href":"https:\/\/us.edu.pl\/kolegium\/kdo\/wp-json\/wp\/v2\/comments?post=5501"}],"version-history":[{"count":4,"href":"https:\/\/us.edu.pl\/kolegium\/kdo\/wp-json\/wp\/v2\/pages\/5501\/revisions"}],"predecessor-version":[{"id":8379,"href":"https:\/\/us.edu.pl\/kolegium\/kdo\/wp-json\/wp\/v2\/pages\/5501\/revisions\/8379"}],"up":[{"embeddable":true,"href":"https:\/\/us.edu.pl\/kolegium\/kdo\/wp-json\/wp\/v2\/pages\/8303"}],"wp:attachment":[{"href":"https:\/\/us.edu.pl\/kolegium\/kdo\/wp-json\/wp\/v2\/media?parent=5501"}],"curies":[{"name":"wp","href":"https:\/\/api.w.org\/{rel}","templated":true}]}}