{"id":5513,"date":"2025-02-24T16:26:02","date_gmt":"2025-02-24T15:26:02","guid":{"rendered":"https:\/\/us.edu.pl\/kolegium\/kdo\/?page_id=5513"},"modified":"2025-10-06T14:55:50","modified_gmt":"2025-10-06T12:55:50","slug":"pytanie-9","status":"publish","type":"page","link":"https:\/\/us.edu.pl\/kolegium\/kdo\/up\/pytania\/pytanie-9\/","title":{"rendered":"Pytanie 9"},"content":{"rendered":"<p>[vc_row el_class=&#8221;container&#8221;][vc_column]\r\n                <div class=\"text-modules\">\r\n                    <div class=\"container\">\r\n                        \r\n                        <div class=\"text-modules__content\"><p><span style=\"font-size: 14pt;\"><b>9. Jestem w\u015br\u00f3d os\u00f3b zakwalifikowanych do Projektu. Co teraz? <\/b>\u00a0<\/span><\/p>\n<p><span style=\"font-size: 12pt;\">Osobom zakwalifikowanym do udzia\u0142u w Projekcie zostanie przydzielony Opiekun z Uczelni. Jego g\u0142\u00f3wne zadanie to wspieranie podopiecznych w opracowaniu i realizacji <b>Indywidualnego Planu Edukacyjnego (IPE).<\/b> Opiekun skontaktuje si\u0119 z Osob\u0105 uczestnicz\u0105c\u0105 w Projekcie po og\u0142oszeniu wynik\u00f3w rekrutacji.\u00a0<\/span><\/p>\n<p><span style=\"font-size: 12pt;\">Po zakwalifikowaniu do Projektu ka\u017cda Osoba uczestnicz\u0105ca w Projekcie zobowi\u0105zana jest do wype\u0142nienia i z\u0142o\u017cenia Formularza Osoby uczestnicz\u0105cej.\u00a0\u00a0<\/span><\/p>\n<\/div>\r\n                    <\/div>\r\n                <\/div>[\/vc_column][\/vc_row]<\/p>","protected":false},"excerpt":{"rendered":"<p>[vc_row el_class=&#8221;container&#8221;][vc_column][\/vc_column][\/vc_row] [&#8230;]<\/p>\n<p><a class=\"btn btn-secondary understrap-read-more-link\" href=\"https:\/\/us.edu.pl\/kolegium\/kdo\/up\/pytania\/pytanie-9\/\">Read More&#8230;<\/a><\/p>\n","protected":false},"author":6720,"featured_media":0,"parent":8303,"menu_order":0,"comment_status":"closed","ping_status":"closed","template":"","meta":{"_expiration-date-status":"","_expiration-date":0,"_expiration-date-type":"","_expiration-date-categories":[],"_expiration-date-options":[]},"acf":[],"_links":{"self":[{"href":"https:\/\/us.edu.pl\/kolegium\/kdo\/wp-json\/wp\/v2\/pages\/5513"}],"collection":[{"href":"https:\/\/us.edu.pl\/kolegium\/kdo\/wp-json\/wp\/v2\/pages"}],"about":[{"href":"https:\/\/us.edu.pl\/kolegium\/kdo\/wp-json\/wp\/v2\/types\/page"}],"author":[{"embeddable":true,"href":"https:\/\/us.edu.pl\/kolegium\/kdo\/wp-json\/wp\/v2\/users\/6720"}],"replies":[{"embeddable":true,"href":"https:\/\/us.edu.pl\/kolegium\/kdo\/wp-json\/wp\/v2\/comments?post=5513"}],"version-history":[{"count":2,"href":"https:\/\/us.edu.pl\/kolegium\/kdo\/wp-json\/wp\/v2\/pages\/5513\/revisions"}],"predecessor-version":[{"id":5549,"href":"https:\/\/us.edu.pl\/kolegium\/kdo\/wp-json\/wp\/v2\/pages\/5513\/revisions\/5549"}],"up":[{"embeddable":true,"href":"https:\/\/us.edu.pl\/kolegium\/kdo\/wp-json\/wp\/v2\/pages\/8303"}],"wp:attachment":[{"href":"https:\/\/us.edu.pl\/kolegium\/kdo\/wp-json\/wp\/v2\/media?parent=5513"}],"curies":[{"name":"wp","href":"https:\/\/api.w.org\/{rel}","templated":true}]}}