{"id":5525,"date":"2025-02-24T16:31:54","date_gmt":"2025-02-24T15:31:54","guid":{"rendered":"https:\/\/us.edu.pl\/kolegium\/kdo\/?page_id=5525"},"modified":"2025-10-06T15:54:30","modified_gmt":"2025-10-06T13:54:30","slug":"pytanie-10","status":"publish","type":"page","link":"https:\/\/us.edu.pl\/kolegium\/kdo\/up\/pytania\/pytanie-10\/","title":{"rendered":"Pytanie 10"},"content":{"rendered":"<p>[vc_row el_class=&#8221;container&#8221;][vc_column]\r\n                <div class=\"text-modules\">\r\n                    <div class=\"container\">\r\n                        \r\n                        <div class=\"text-modules__content\"><p><span style=\"font-size: 14pt;\"><b>10. Jakie etapy obejmuje udzia\u0142 w Projekcie i kiedy b\u0119d\u0105 one realizowane?<\/b>\u00a0<\/span><\/p>\n<p><span style=\"font-size: 12pt;\">Udzia\u0142 w projekcie obejmuje:\u00a0<\/span><\/p>\n<p><span style=\"font-size: 12pt;\"><b>1. Przygotowanie Indywidualnego Projektu Innowacyjnego (IPI)<\/b>\u00a0<\/span><\/p>\n<p><span style=\"font-size: 12pt;\">Celem tego etapu jest opracowanie przez Osoby uczestnicz\u0105ce w Projekcie IPI, a w szczeg\u00f3lno\u015bci harmonogramu dzia\u0142a\u0144 projektowych z kamieniami milowymi, bud\u017cetu Projektu oraz prezentacji, kt\u00f3ra zostanie przedstawiona podczas obrony IPI przed <b>Biznesowym Zespo\u0142em Innowacyjnego Kszta\u0142cenia<\/b> <b>(BZIK).\u00a0<\/b> Zesp\u00f3\u0142 ten po zapoznaniu si\u0119 z IPI podejmie decyzj\u0119 o przyj\u0119ciu go do realizacji lub odrzuceniu.\u00a0<\/span><\/p>\n<p><span style=\"font-size: 12pt;\">W celu odpowiedniego przygotowania IPI uczestnicy w ramach tego etapu realizuj\u0105:\u00a0<\/span><\/p>\n<ul>\n<li><span style=\"font-size: 12pt;\">wyjazdowy tydzie\u0144 warsztatowy, kt\u00f3ry trwa 5 dni. Udzia\u0142 w tygodniu warsztatowym jest obowi\u0105zkowy. Koszty uczestnictwa pozostaj\u0105 po stronie konsorcjum Uczelni Przysz\u0142o\u015bci natomiast koszty dojazdu podlegaj\u0105 zwrotowi osobom uczestnicz\u0105cym w tygodniu warsztatowym.\u00a0<\/span><\/li>\n<li><span style=\"font-size: 12pt;\">konsultacje projektowe \u2013 spotkania z pracownikami Uczelni w wymiarze 15 godzin dydaktycznych obejmuj\u0105cych przygotowanie IPI, w szczeg\u00f3lno\u015bci harmonogramu z kamieniami milowymi, bud\u017cetu oraz prezentacji dla BZIK.\u00a0 Udzia\u0142 w konsultacjach projektowych jest obowi\u0105zkowy.\u00a0<\/span><\/li>\n<li><span style=\"font-size: 12pt;\">przygotowanie IPE wraz z Opiekunem z Uczelni. Opiekun z Uczelni przedstawia IPE do akceptacji Koordynatorce MES.\u00a0\u00a0<\/span><\/li>\n<\/ul>\n<p>&nbsp;<\/p>\n<p>&nbsp;<\/p>\n<p><span style=\"font-size: 12pt;\"><b>2. Obrona projekt\u00f3w przed Biznesowym Zespo\u0142em Innowacyjnego Kszta\u0142cenia<\/b>\u00a0<\/span><\/p>\n<p><span style=\"font-size: 12pt;\">Osoba uczestnicz\u0105ca jest zobowi\u0105zana do obrony IPI przed BZIK. Jest to zesp\u00f3\u0142, w kt\u00f3rego sk\u0142ad wchodz\u0105 przedstawiciele otoczenia spo\u0142eczno-gospodarczego i kt\u00f3ry zatwierdza IPI do realizacji.\u00a0\u00a0<\/span><\/p>\n<p><span style=\"font-size: 12pt;\">Osoba uczestnicz\u0105ca na prawo do trzykrotnej obrony IPI przed BZIK w terminach wskazanych w regulaminie edycji projektu.\u00a0<\/span><\/p>\n<p><span style=\"font-size: 12pt;\" data-ccp-props=\"{&quot;335551550&quot;:6,&quot;335551620&quot;:6,&quot;469777462&quot;:[1080],&quot;469777927&quot;:[0],&quot;469777928&quot;:[1]}\">\u00a0<\/span><\/p>\n<p><span style=\"font-size: 12pt;\"><b>3. Realizacja IPI<\/b>\u00a0<\/span><\/p>\n<p><span style=\"font-size: 12pt;\">\u00a0Realizacja IPI przewidziana jest w terminie 1 wrze\u015bnia danego roku kalendarzowego do 30 wrze\u015bnia kolejnego roku kalendarzowego. W jej ramach maj\u0105 miejsce nast\u0119puj\u0105ce dzia\u0142ania:\u00a0<\/span><\/p>\n<ul>\n<li><span style=\"font-size: 12pt;\">podpisanie umowy stypendialnej (w okresie 1 wrze\u015bnia &#8211; 30 wrze\u015bnia). Po zatwierdzeniu IPI do realizacji przez BZIK, Osoba uczestnicz\u0105ca w Projekcie podpisuje z\u202fUczelni\u0105 umow\u0119 stypendialn\u0105, na podstawie kt\u00f3rej otrzymuje stypendium w wysoko\u015bci maksymalnie 20\u202f000 z\u0142. \u015arodki te s\u0142u\u017c\u0105 pokryciu koszt\u00f3w realizacji IPI, zgodnie z\u202fbud\u017cetem zaakceptowanym przez BZIK. Osoba uczestnicz\u0105ca w Projekcie, kt\u00f3ra zako\u0144czy\u0142a z sukcesem prezentacj\u0119 przed BZIK i realizuje IPI jest okre\u015blana jako Osoba realizuj\u0105ca IPI,\u00a0<\/span><\/li>\n<li><span style=\"font-size: 12pt;\">wsp\u00f3\u0142praca z Opiekunem z Uczelni i Mentorami. Osoba realizuj\u0105ca IPI otrzymuje wsparcie organizacyjne Opiekuna z Uczelni w zakresie realizacji IPE oraz co najmniej dw\u00f3ch Mentor\u00f3w (naukowego i biznesowego) w zale\u017cno\u015bci od przyj\u0119tego IPE, w tym tematyki IPI w \u0142\u0105cznym wymiarze nie wi\u0119cej ni\u017c 150 h dydaktycznych,\u00a0<\/span><\/li>\n<li><span style=\"font-size: 12pt;\">osi\u0105ganie kamieni milowych. Osoba realizuj\u0105ca IPI jest zobowi\u0105zana do osi\u0105gania za\u0142o\u017conych kamieni milowych. Akceptacj\u0119 wykonania kamieni milowych potwierdza Osoba realizuj\u0105ca IPI, Opiekun z\u202fUczelni, Mentor naukowy, Mentor biznesowy oraz Koordynator MES na Uczelni,\u00a0<\/span><\/li>\n<li><span style=\"font-size: 12pt;\">uczestnictwo w Mikrokursach. Osoba realizuj\u0105ca IPI musi uczestniczy\u0107 w co najmniej jednym Mikrokursie, a\u202fmaksymalnie mo\u017ce uczestniczy\u0107 w trzech Mikrokursach. Tematyk\u0119 Mikrokursu proponuje Osoba realizuj\u0105ca IPI wraz z Opiekunem z Uczelni w ramach opracowanego IPE.\u00a0<\/span><\/li>\n<\/ul>\n<p><span data-ccp-props=\"{&quot;335551550&quot;:6,&quot;335551620&quot;:6}\">\u00a0<\/span><\/p>\n<\/div>\r\n                    <\/div>\r\n                <\/div>[\/vc_column][\/vc_row]<\/p>","protected":false},"excerpt":{"rendered":"<p>[vc_row el_class=&#8221;container&#8221;][vc_column][\/vc_column][\/vc_row] [&#8230;]<\/p>\n<p><a class=\"btn btn-secondary understrap-read-more-link\" href=\"https:\/\/us.edu.pl\/kolegium\/kdo\/up\/pytania\/pytanie-10\/\">Read More&#8230;<\/a><\/p>\n","protected":false},"author":6720,"featured_media":0,"parent":8303,"menu_order":0,"comment_status":"closed","ping_status":"closed","template":"","meta":{"_expiration-date-status":"","_expiration-date":0,"_expiration-date-type":"","_expiration-date-categories":[],"_expiration-date-options":[]},"acf":[],"_links":{"self":[{"href":"https:\/\/us.edu.pl\/kolegium\/kdo\/wp-json\/wp\/v2\/pages\/5525"}],"collection":[{"href":"https:\/\/us.edu.pl\/kolegium\/kdo\/wp-json\/wp\/v2\/pages"}],"about":[{"href":"https:\/\/us.edu.pl\/kolegium\/kdo\/wp-json\/wp\/v2\/types\/page"}],"author":[{"embeddable":true,"href":"https:\/\/us.edu.pl\/kolegium\/kdo\/wp-json\/wp\/v2\/users\/6720"}],"replies":[{"embeddable":true,"href":"https:\/\/us.edu.pl\/kolegium\/kdo\/wp-json\/wp\/v2\/comments?post=5525"}],"version-history":[{"count":5,"href":"https:\/\/us.edu.pl\/kolegium\/kdo\/wp-json\/wp\/v2\/pages\/5525\/revisions"}],"predecessor-version":[{"id":8381,"href":"https:\/\/us.edu.pl\/kolegium\/kdo\/wp-json\/wp\/v2\/pages\/5525\/revisions\/8381"}],"up":[{"embeddable":true,"href":"https:\/\/us.edu.pl\/kolegium\/kdo\/wp-json\/wp\/v2\/pages\/8303"}],"wp:attachment":[{"href":"https:\/\/us.edu.pl\/kolegium\/kdo\/wp-json\/wp\/v2\/media?parent=5525"}],"curies":[{"name":"wp","href":"https:\/\/api.w.org\/{rel}","templated":true}]}}