{"id":5577,"date":"2025-02-25T10:55:31","date_gmt":"2025-02-25T09:55:31","guid":{"rendered":"https:\/\/us.edu.pl\/kolegium\/kdo\/?page_id=5577"},"modified":"2025-10-06T15:55:22","modified_gmt":"2025-10-06T13:55:22","slug":"pytanie-11","status":"publish","type":"page","link":"https:\/\/us.edu.pl\/kolegium\/kdo\/up\/pytania\/pytanie-11\/","title":{"rendered":"Pytanie 11"},"content":{"rendered":"<p>[vc_row el_class=&#8221;container&#8221;][vc_column]\r\n                <div class=\"text-modules \">\r\n                    <div class=\"container\">\r\n                         \r\n                        <div class=\"row m-0\">\r\n                            <div class=\"text-modules__content\">\r\n                                <span style=\"font-size: 14pt;\"><strong>11. <\/strong><\/span><span style=\"font-size: 14pt;\"><strong>W jaki spos\u00f3b zostan\u0105 zorganizowane konsultacje projektowe? Czy Osoba uczestnicz\u0105ca w Projekcie powinna si\u0119 z kim\u015b kontaktowa\u0107?<\/strong><\/span><\/p>\n<p><span style=\"font-size: 12pt;\">Osoba uczestnicz\u0105ca w Projekcie powinna ustali\u0107 szczeg\u00f3\u0142y zwi\u0105zane z konsultacjami ze swoim Opiekunem z Uniwersytetu \u015al\u0105skiego<\/span> \r\n                                <div class=\"mt-3\"><\/div>\r\n                            <\/div>\r\n                            \r\n                            \r\n                        <\/div>\r\n                    <\/div>\r\n                <\/div>[\/vc_column][\/vc_row]<\/p>","protected":false},"excerpt":{"rendered":"<p>[vc_row el_class=&#8221;container&#8221;][vc_column][\/vc_column][\/vc_row] [&#8230;]<\/p>\n<p><a class=\"btn btn-secondary understrap-read-more-link\" href=\"https:\/\/us.edu.pl\/kolegium\/kdo\/up\/pytania\/pytanie-11\/\">Read More&#8230;<\/a><\/p>\n","protected":false},"author":6720,"featured_media":0,"parent":8303,"menu_order":0,"comment_status":"closed","ping_status":"closed","template":"","meta":{"_expiration-date-status":"","_expiration-date":0,"_expiration-date-type":"","_expiration-date-categories":[],"_expiration-date-options":[]},"acf":[],"_links":{"self":[{"href":"https:\/\/us.edu.pl\/kolegium\/kdo\/wp-json\/wp\/v2\/pages\/5577"}],"collection":[{"href":"https:\/\/us.edu.pl\/kolegium\/kdo\/wp-json\/wp\/v2\/pages"}],"about":[{"href":"https:\/\/us.edu.pl\/kolegium\/kdo\/wp-json\/wp\/v2\/types\/page"}],"author":[{"embeddable":true,"href":"https:\/\/us.edu.pl\/kolegium\/kdo\/wp-json\/wp\/v2\/users\/6720"}],"replies":[{"embeddable":true,"href":"https:\/\/us.edu.pl\/kolegium\/kdo\/wp-json\/wp\/v2\/comments?post=5577"}],"version-history":[{"count":2,"href":"https:\/\/us.edu.pl\/kolegium\/kdo\/wp-json\/wp\/v2\/pages\/5577\/revisions"}],"predecessor-version":[{"id":8382,"href":"https:\/\/us.edu.pl\/kolegium\/kdo\/wp-json\/wp\/v2\/pages\/5577\/revisions\/8382"}],"up":[{"embeddable":true,"href":"https:\/\/us.edu.pl\/kolegium\/kdo\/wp-json\/wp\/v2\/pages\/8303"}],"wp:attachment":[{"href":"https:\/\/us.edu.pl\/kolegium\/kdo\/wp-json\/wp\/v2\/media?parent=5577"}],"curies":[{"name":"wp","href":"https:\/\/api.w.org\/{rel}","templated":true}]}}