{"id":5597,"date":"2025-02-25T11:38:13","date_gmt":"2025-02-25T10:38:13","guid":{"rendered":"https:\/\/us.edu.pl\/kolegium\/kdo\/?page_id=5597"},"modified":"2025-10-06T15:03:12","modified_gmt":"2025-10-06T13:03:12","slug":"pytanie-13","status":"publish","type":"page","link":"https:\/\/us.edu.pl\/kolegium\/kdo\/up\/pytania\/pytanie-13\/","title":{"rendered":"Pytanie 13"},"content":{"rendered":"<p>[vc_row el_class=&#8221;container&#8221;][vc_column]\r\n                <div class=\"text-modules \">\r\n                    <div class=\"container\">\r\n                         \r\n                        <div class=\"row m-0\">\r\n                            <div class=\"text-modules__content\">\r\n                                <span style=\"font-size: 14pt;\"><b>13. W jakim okresie trwa wsp\u00f3\u0142praca z Opiekunem z Uczelni i jakie s\u0105 jego zadania?<\/b>\u00a0<\/span><\/p>\n<p><span style=\"font-size: 12pt;\">Opiekun z Uczelni wsp\u00f3\u0142pracuje w uczestnikiem Projektu podczas <b>ca\u0142ego okresu uczestnictwa i realizacji projektu. <\/b>W szczeg\u00f3lno\u015bci Opiekun jest odpowiedzialny za:\u00a0<\/span><\/p>\n<ol>\n<li><span style=\"font-size: 12pt;\">opracowanie wraz ze studentami i koordynatorem projektu indywidualnej \u015bcie\u017cki edukacyjnej;\u00a0<\/span><\/li>\n<li><span style=\"font-size: 12pt;\">weryfikacj\u0119 potrzeb osoby uczestnicz\u0105cej w kontek\u015bcie mikrokurs\u00f3w oraz wsparcia mentorskiego;\u00a0<\/span><\/li>\n<li><span style=\"font-size: 12pt;\">wsparcie studenta w praktycznej stronie zorganizowania MES, tj. zwolnie\u0144\/zalicze\u0144 przedmiot\u00f3w i semestr\u00f3w regularnego toku studi\u00f3w;\u00a0<\/span><\/li>\n<li><span style=\"font-size: 12pt;\">monitorowanie motywacji studenta dzi\u0119ki byciu z nim w regularnym kontakcie (rozmowy, spotkania);\u00a0<\/span><\/li>\n<li><span style=\"font-size: 12pt;\">wspieranie studenta we wszelkich kwestiach technicznych i organizacyjnych zwi\u0105zanych z realizacj\u0105 kszta\u0142cenia w modelu MES;\u00a0<\/span><\/li>\n<li><span style=\"font-size: 12pt;\">zaanga\u017cowanie w proces rekrutacji oraz monitorowania efekt\u00f3w kszta\u0142cenia student\u00f3w w systemie.\u00a0<\/span><\/li>\n<\/ol>\n<div class=\"mt-3\"><\/div>\r\n                            <\/div>\r\n                            \r\n                            \r\n                        <\/div>\r\n                    <\/div>\r\n                <\/div>[\/vc_column][\/vc_row]<\/p>","protected":false},"excerpt":{"rendered":"<p>[vc_row el_class=&#8221;container&#8221;][vc_column][\/vc_column][\/vc_row] [&#8230;]<\/p>\n<p><a class=\"btn btn-secondary understrap-read-more-link\" href=\"https:\/\/us.edu.pl\/kolegium\/kdo\/up\/pytania\/pytanie-13\/\">Read More&#8230;<\/a><\/p>\n","protected":false},"author":6720,"featured_media":0,"parent":8303,"menu_order":0,"comment_status":"closed","ping_status":"closed","template":"","meta":{"_expiration-date-status":"","_expiration-date":0,"_expiration-date-type":"","_expiration-date-categories":[],"_expiration-date-options":[]},"acf":[],"_links":{"self":[{"href":"https:\/\/us.edu.pl\/kolegium\/kdo\/wp-json\/wp\/v2\/pages\/5597"}],"collection":[{"href":"https:\/\/us.edu.pl\/kolegium\/kdo\/wp-json\/wp\/v2\/pages"}],"about":[{"href":"https:\/\/us.edu.pl\/kolegium\/kdo\/wp-json\/wp\/v2\/types\/page"}],"author":[{"embeddable":true,"href":"https:\/\/us.edu.pl\/kolegium\/kdo\/wp-json\/wp\/v2\/users\/6720"}],"replies":[{"embeddable":true,"href":"https:\/\/us.edu.pl\/kolegium\/kdo\/wp-json\/wp\/v2\/comments?post=5597"}],"version-history":[{"count":2,"href":"https:\/\/us.edu.pl\/kolegium\/kdo\/wp-json\/wp\/v2\/pages\/5597\/revisions"}],"predecessor-version":[{"id":5613,"href":"https:\/\/us.edu.pl\/kolegium\/kdo\/wp-json\/wp\/v2\/pages\/5597\/revisions\/5613"}],"up":[{"embeddable":true,"href":"https:\/\/us.edu.pl\/kolegium\/kdo\/wp-json\/wp\/v2\/pages\/8303"}],"wp:attachment":[{"href":"https:\/\/us.edu.pl\/kolegium\/kdo\/wp-json\/wp\/v2\/media?parent=5597"}],"curies":[{"name":"wp","href":"https:\/\/api.w.org\/{rel}","templated":true}]}}