{"id":5645,"date":"2025-02-25T12:22:28","date_gmt":"2025-02-25T11:22:28","guid":{"rendered":"https:\/\/us.edu.pl\/kolegium\/kdo\/?page_id=5645"},"modified":"2025-10-06T14:54:28","modified_gmt":"2025-10-06T12:54:28","slug":"pytanie-16","status":"publish","type":"page","link":"https:\/\/us.edu.pl\/kolegium\/kdo\/up\/pytania\/pytanie-16\/","title":{"rendered":"Pytanie 16"},"content":{"rendered":"<p>[vc_row el_class=&#8221;container&#8221;][vc_column]\r\n                <div class=\"text-modules \">\r\n                    <div class=\"container\">\r\n                         \r\n                        <div class=\"row m-0\">\r\n                            <div class=\"text-modules__content\">\r\n                                <span style=\"font-size: 14pt;\"><b>16. Na co mo\u017cna przeznaczy\u0107 przyznane w ramach Projektu \u201eUczelnie Przysz\u0142o\u015bci\u201d stypendium?<\/b>\u00a0\u00a0<\/span><\/p>\n<p><span style=\"font-size: 12pt;\" data-contrast=\"none\">Stypendium mo\u017ce by\u0107 przeznaczone wy\u0142\u0105czenie na porycie koszt\u00f3w realizacji IPI. Do koszt\u00f3w realizacji IPI nale\u017c\u0105 w\u202fszczeg\u00f3lno\u015bci: zakup materia\u0142\u00f3w, odczynnik\u00f3w, sprz\u0119tu (np. komputer) oraz korzystanie ze specjalistycznego sprz\u0119tu niedost\u0119pnego na Uczelni, udzia\u0142 w\u202fkonferencjach, realizacja bada\u0144 terenowych i inne wydatki wspieraj\u0105ce realizacj\u0119 IPI.<\/span> \r\n                                <div class=\"mt-3\"><\/div>\r\n                            <\/div>\r\n                            \r\n                            \r\n                        <\/div>\r\n                    <\/div>\r\n                <\/div>[\/vc_column][\/vc_row]<\/p>","protected":false},"excerpt":{"rendered":"<p>[vc_row el_class=&#8221;container&#8221;][vc_column][\/vc_column][\/vc_row] [&#8230;]<\/p>\n<p><a class=\"btn btn-secondary understrap-read-more-link\" href=\"https:\/\/us.edu.pl\/kolegium\/kdo\/up\/pytania\/pytanie-16\/\">Read More&#8230;<\/a><\/p>\n","protected":false},"author":6720,"featured_media":0,"parent":8303,"menu_order":0,"comment_status":"closed","ping_status":"closed","template":"","meta":{"_expiration-date-status":"","_expiration-date":0,"_expiration-date-type":"","_expiration-date-categories":[],"_expiration-date-options":[]},"acf":[],"_links":{"self":[{"href":"https:\/\/us.edu.pl\/kolegium\/kdo\/wp-json\/wp\/v2\/pages\/5645"}],"collection":[{"href":"https:\/\/us.edu.pl\/kolegium\/kdo\/wp-json\/wp\/v2\/pages"}],"about":[{"href":"https:\/\/us.edu.pl\/kolegium\/kdo\/wp-json\/wp\/v2\/types\/page"}],"author":[{"embeddable":true,"href":"https:\/\/us.edu.pl\/kolegium\/kdo\/wp-json\/wp\/v2\/users\/6720"}],"replies":[{"embeddable":true,"href":"https:\/\/us.edu.pl\/kolegium\/kdo\/wp-json\/wp\/v2\/comments?post=5645"}],"version-history":[{"count":1,"href":"https:\/\/us.edu.pl\/kolegium\/kdo\/wp-json\/wp\/v2\/pages\/5645\/revisions"}],"predecessor-version":[{"id":5649,"href":"https:\/\/us.edu.pl\/kolegium\/kdo\/wp-json\/wp\/v2\/pages\/5645\/revisions\/5649"}],"up":[{"embeddable":true,"href":"https:\/\/us.edu.pl\/kolegium\/kdo\/wp-json\/wp\/v2\/pages\/8303"}],"wp:attachment":[{"href":"https:\/\/us.edu.pl\/kolegium\/kdo\/wp-json\/wp\/v2\/media?parent=5645"}],"curies":[{"name":"wp","href":"https:\/\/api.w.org\/{rel}","templated":true}]}}