{"id":5657,"date":"2025-02-25T12:25:45","date_gmt":"2025-02-25T11:25:45","guid":{"rendered":"https:\/\/us.edu.pl\/kolegium\/kdo\/?page_id=5657"},"modified":"2025-10-06T14:54:40","modified_gmt":"2025-10-06T12:54:40","slug":"pytanie-17","status":"publish","type":"page","link":"https:\/\/us.edu.pl\/kolegium\/kdo\/up\/pytania\/pytanie-17\/","title":{"rendered":"Pytanie 17"},"content":{"rendered":"<p>[vc_row el_class=&#8221;container&#8221;][vc_column]\r\n                <div class=\"text-modules \">\r\n                    <div class=\"container\">\r\n                         \r\n                        <div class=\"row m-0\">\r\n                            <div class=\"text-modules__content\">\r\n                                <strong><span style=\"font-size: 14pt;\">17. Czy realizacja IPI b\u0119dzie w jaki\u015b spos\u00f3b kontrolowana?\u00a0<\/span><\/strong><\/p>\n<p><span style=\"font-size: 12pt;\">Tak. Nale\u017cy osi\u0105ga\u0107 zaplanowane w IPI kamienie milowe. Osi\u0105gni\u0119cie kamieni milowych potwierdza Osoba realizuj\u0105ca IPI, Opiekun z\u202fUczelni, Mentor naukowy, Mentor biznesowy oraz Koordynator MES na Uczelni.<\/span> \r\n                                <div class=\"mt-3\"><\/div>\r\n                            <\/div>\r\n                            \r\n                            \r\n                        <\/div>\r\n                    <\/div>\r\n                <\/div>[\/vc_column][\/vc_row]<\/p>","protected":false},"excerpt":{"rendered":"<p>[vc_row el_class=&#8221;container&#8221;][vc_column][\/vc_column][\/vc_row] [&#8230;]<\/p>\n<p><a class=\"btn btn-secondary understrap-read-more-link\" href=\"https:\/\/us.edu.pl\/kolegium\/kdo\/up\/pytania\/pytanie-17\/\">Read More&#8230;<\/a><\/p>\n","protected":false},"author":6720,"featured_media":0,"parent":8303,"menu_order":0,"comment_status":"closed","ping_status":"closed","template":"","meta":{"_expiration-date-status":"","_expiration-date":0,"_expiration-date-type":"","_expiration-date-categories":[],"_expiration-date-options":[]},"acf":[],"_links":{"self":[{"href":"https:\/\/us.edu.pl\/kolegium\/kdo\/wp-json\/wp\/v2\/pages\/5657"}],"collection":[{"href":"https:\/\/us.edu.pl\/kolegium\/kdo\/wp-json\/wp\/v2\/pages"}],"about":[{"href":"https:\/\/us.edu.pl\/kolegium\/kdo\/wp-json\/wp\/v2\/types\/page"}],"author":[{"embeddable":true,"href":"https:\/\/us.edu.pl\/kolegium\/kdo\/wp-json\/wp\/v2\/users\/6720"}],"replies":[{"embeddable":true,"href":"https:\/\/us.edu.pl\/kolegium\/kdo\/wp-json\/wp\/v2\/comments?post=5657"}],"version-history":[{"count":1,"href":"https:\/\/us.edu.pl\/kolegium\/kdo\/wp-json\/wp\/v2\/pages\/5657\/revisions"}],"predecessor-version":[{"id":5661,"href":"https:\/\/us.edu.pl\/kolegium\/kdo\/wp-json\/wp\/v2\/pages\/5657\/revisions\/5661"}],"up":[{"embeddable":true,"href":"https:\/\/us.edu.pl\/kolegium\/kdo\/wp-json\/wp\/v2\/pages\/8303"}],"wp:attachment":[{"href":"https:\/\/us.edu.pl\/kolegium\/kdo\/wp-json\/wp\/v2\/media?parent=5657"}],"curies":[{"name":"wp","href":"https:\/\/api.w.org\/{rel}","templated":true}]}}