{"id":5741,"date":"2025-03-13T13:27:59","date_gmt":"2025-03-13T12:27:59","guid":{"rendered":"https:\/\/us.edu.pl\/kolegium\/kdo\/?page_id=5741"},"modified":"2025-07-07T16:07:14","modified_gmt":"2025-07-07T14:07:14","slug":"roznice-programowe","status":"publish","type":"page","link":"https:\/\/us.edu.pl\/kolegium\/kdo\/roznice-programowe\/","title":{"rendered":"Kszta\u0142cenie og\u00f3lnouniwersyteckie w pytaniach i odpowiedziach"},"content":{"rendered":"<p>[vc_row][vc_column]\r\n                <div class=\"text-modules \">\r\n                    <div class=\"container\">\r\n                         \r\n                        <div class=\"row m-0\">\r\n                            <div class=\"text-modules__content\">\r\n                                <span style=\"color: #000000; font-size: 12pt;\">1. <a style=\"color: #000000;\" href=\"https:\/\/us.edu.pl\/kolegium\/kdo\/roznice-programowe\/roznice-programowe-pytanie-1\/\" target=\"_blank\" rel=\"noopener\">Jak realizowa\u0107 r\u00f3\u017cnice\u00a0 programowe w ramach kszta\u0142cenia og\u00f3lnouniwersyteckiego wynikaj\u0105ce ze zmiany programu studi\u00f3w \u2013 kszta\u0142cenie obszarowe?<\/a><\/span><\/p>\n<p><span style=\"color: #000000; font-size: 12pt;\">2. <a style=\"color: #000000;\" href=\"https:\/\/us.edu.pl\/kolegium\/kdo\/roznice-programowe\/roznice-programowe-pytanie-2\/\" target=\"_blank\" rel=\"noopener\">Jak realizowa\u0107 r\u00f3\u017cnice\u00a0 programowe w ramach kszta\u0142cenia og\u00f3lnouniwersyteckiego \u2013 kszta\u0142cenie nauczycielskie?<\/a><\/span><\/p>\n<p><span style=\"color: #000000; font-size: 12pt;\">3. <a style=\"color: #000000;\" href=\"https:\/\/us.edu.pl\/kolegium\/kdo\/roznice-programowe\/roznice-programowe-pytanie-3\/\" target=\"_blank\" rel=\"noopener\">Jak realizowa\u0107 r\u00f3\u017cnice\u00a0 programowe w ramach kszta\u0142cenia og\u00f3lnouniwersyteckiego wynikaj\u0105ce ze studiowania dw\u00f3ch kierunk\u00f3w, w kt\u00f3rych wskazano konkretne przedmioty do zaliczenia \u00a0\u2013 kszta\u0142cenie obszarowe?<\/a><\/span><\/p>\n<p><span style=\"color: #000000; font-size: 12pt;\">4. <a style=\"color: #000000;\" href=\"https:\/\/us.edu.pl\/kolegium\/kdo\/roznice-programowe\/roznice-programowe-pytanie-4\/\" target=\"_blank\" rel=\"noopener\">Co zrobi\u0107, gdy wyje\u017cd\u017caj\u0105 Pa\u0144stwo na wymian\u0119 mi\u0119dzyuczelnian\u0105 (w tym Erasmus plus) lub po powrocie z wymiany?<\/a><\/span><\/p>\n<p><span style=\"font-size: 12pt;\">5.<span style=\"color: #000000;\"> <a style=\"color: #000000;\" href=\"https:\/\/us.edu.pl\/kolegium\/kdo\/roznice-programowe\/roznice-programowe-pytanie-5\/\">Co zrobi\u0107, je\u015bli by\u0142em\/by\u0142am nieobecny\/nieobecna na zaj\u0119ciach w ramach kszta\u0142cenia obszarowego?<\/a><\/span><\/span><\/p>\n<p><span style=\"font-size: 12pt;\">6. <span style=\"color: #000000;\"><a style=\"color: #000000;\" href=\"https:\/\/us.edu.pl\/kolegium\/kdo\/roznice-programowe\/roznice-programowe-pytanie-6\/\">Co mam zrobi\u0107, aby uzyska\u0107 zaliczenie z modu\u0142u realizowanego w ramach zaj\u0119\u0107 obszarowych wspieraj\u0105cych kszta\u0142cenie kierunkowe?<\/a><\/span><\/span> \r\n                                <div class=\"mt-3\"><\/div>\r\n                            <\/div>\r\n                            \r\n                            \r\n                        <\/div>\r\n                    <\/div>\r\n                <\/div>[\/vc_column][\/vc_row]<\/p>","protected":false},"excerpt":{"rendered":"<p>[vc_row][vc_column][\/vc_column][\/vc_row] [&#8230;]<\/p>\n<p><a class=\"btn btn-secondary understrap-read-more-link\" href=\"https:\/\/us.edu.pl\/kolegium\/kdo\/roznice-programowe\/\">Read More&#8230;<\/a><\/p>\n","protected":false},"author":6720,"featured_media":0,"parent":0,"menu_order":0,"comment_status":"closed","ping_status":"closed","template":"page-templates\/page-with-bookmarks.php","meta":{"_expiration-date-status":"","_expiration-date":0,"_expiration-date-type":"","_expiration-date-categories":[],"_expiration-date-options":[]},"acf":[],"_links":{"self":[{"href":"https:\/\/us.edu.pl\/kolegium\/kdo\/wp-json\/wp\/v2\/pages\/5741"}],"collection":[{"href":"https:\/\/us.edu.pl\/kolegium\/kdo\/wp-json\/wp\/v2\/pages"}],"about":[{"href":"https:\/\/us.edu.pl\/kolegium\/kdo\/wp-json\/wp\/v2\/types\/page"}],"author":[{"embeddable":true,"href":"https:\/\/us.edu.pl\/kolegium\/kdo\/wp-json\/wp\/v2\/users\/6720"}],"replies":[{"embeddable":true,"href":"https:\/\/us.edu.pl\/kolegium\/kdo\/wp-json\/wp\/v2\/comments?post=5741"}],"version-history":[{"count":10,"href":"https:\/\/us.edu.pl\/kolegium\/kdo\/wp-json\/wp\/v2\/pages\/5741\/revisions"}],"predecessor-version":[{"id":7949,"href":"https:\/\/us.edu.pl\/kolegium\/kdo\/wp-json\/wp\/v2\/pages\/5741\/revisions\/7949"}],"wp:attachment":[{"href":"https:\/\/us.edu.pl\/kolegium\/kdo\/wp-json\/wp\/v2\/media?parent=5741"}],"curies":[{"name":"wp","href":"https:\/\/api.w.org\/{rel}","templated":true}]}}