{"id":5833,"date":"2025-03-17T14:39:28","date_gmt":"2025-03-17T13:39:28","guid":{"rendered":"https:\/\/us.edu.pl\/kolegium\/kdo\/?page_id=5833"},"modified":"2025-03-17T15:30:59","modified_gmt":"2025-03-17T14:30:59","slug":"roznice-programowe-pytanie-1","status":"publish","type":"page","link":"https:\/\/us.edu.pl\/kolegium\/kdo\/roznice-programowe\/roznice-programowe-pytanie-1\/","title":{"rendered":"R\u00f3\u017cnice programowe pytanie 1"},"content":{"rendered":"<p>[vc_row el_class=&#8221;container&#8221;][vc_column]\r\n                <div class=\"text-modules\">\r\n                    <div class=\"container\">\r\n                        \r\n                        <div class=\"text-modules__content\"><\/p>\n<h4><strong><span style=\"font-size: 14pt;\">Jak realizowa\u0107 r\u00f3\u017cnice programowe w ramach kszta\u0142cenia og\u00f3lnouniwersyteckiego wynikaj\u0105ce ze zmiany programu studi\u00f3w \u2013 kszta\u0142cenie obszarowe?<\/span><\/strong><\/h4>\n<p>&nbsp;<\/p>\n<p><span style=\"font-size: 12pt;\">KLUCZOWE KROKI:<\/span><br \/>\n<span style=\"font-size: 12pt;\">1. Prosimy uda\u0107 si\u0119 do dziekanatu w celu ustalenia r\u00f3\u017cnic programowych niezb\u0119dnych do realizacji w konkretnym semestrze. <\/span><br \/>\n<span style=\"font-size: 12pt;\">2. Prosimy pobra\u0107 <strong>w\u0142a\u015bciwy<\/strong> formularz dotycz\u0105cy Indywidulnej Organizacji Studi\u00f3w (IOS) ze strony <a href=\"https:\/\/us.edu.pl\/student\/studia\/tok-studiow-2\/ios-czyli-indywidualna-organizacja-studiow\/.\">https:\/\/us.edu.pl\/student\/studia\/tok-studiow-2\/ios-czyli-indywidualna-organizacja-studiow\/<\/a>.\u00a0<\/span><br \/>\n<span style=\"font-size: 12pt;\">3. Prosimy skontaktowa\u0107 si\u0119 z <a href=\"https:\/\/us.edu.pl\/kolegium\/kdo\/ksztalcenie-obszarowe\/koordynatorzy-modulow\/\" target=\"_blank\" rel=\"noopener\">koordynatorem\/koordynatork\u0105<\/a> modu\u0142u i uzgodni\u0107 spos\u00f3b, warunki oraz termin zaliczenia zaj\u0119\u0107. Je\u015bli mo\u017cesz uczestniczy\u0107 w cz\u0119\u015bci zaj\u0119\u0107, poinformuj o tym koordynatora\/koordynatork\u0119. Ustalenia dotycz\u0105ce IOS mog\u0105 zak\u0142ada\u0107 konieczno\u015b\u0107 uczestniczenia w cz\u0119\u015bci zaj\u0119\u0107 stacjonarnych, zale\u017cy to od specyfiki zaj\u0119\u0107 oraz sposob\u00f3w weryfikowania efekt\u00f3w uczenia si\u0119. <\/span><br \/>\n<span style=\"font-size: 12pt;\">4. Podanie w wersji papierowej, sk\u0142adane jest w dziekanacie macierzystego kierunku. Na drugiej stronie podania znajduje si\u0119 miejsce na kluczowe ustalenia z koordynatorem\/koordynatork\u0105 modu\u0142u oraz miejsce na jego\/jej podpis.<\/span><br \/>\n<span style=\"font-size: 12pt;\">5. Prosimy z\u0142o\u017cy\u0107 pro\u015bb\u0119 o IOS w dziekanacie kierunku oraz poczeka\u0107 na decyzje Dziekana w\u0142a\u015bciwego Wydzia\u0142u.<\/span><br \/>\n<span style=\"font-size: 12pt;\">6. Prosimy realizowa\u0107 modu\u0142 zgodnie z decyzj\u0105 Dziekana Wydzia\u0142u.<\/span><\/p>\n<p><span style=\"font-size: 12pt;\">Podstawa prawna:<\/span><br \/>\n<span style=\"font-size: 12pt;\">Osoby studiuj\u0105ce realizuj\u0105ce modu\u0142y obszarowe w r\u00f3\u017cnicach programowych lub te\u017c w sytuacji, gdy osoba studiuj\u0105ca na dw\u00f3ch kierunkach realizuje 4 modu\u0142y w semestrze, kt\u00f3rych wyb\u00f3r jest zaw\u0119\u017cony i roz\u0142\u0105czny dzia\u0142aj\u0105 zgodnie z \u00a7 15 <a href=\"https:\/\/aktyprawne.us.edu.pl\/d\/5003\/5\/?tc=76\" target=\"_blank\" rel=\"noopener\">Regulaminu studi\u00f3w<\/a> dotycz\u0105cym Indywidualnej Organizacji Studi\u00f3w.\u00a0<\/span><\/p>\n<\/div>\r\n                    <\/div>\r\n                <\/div>[\/vc_column][\/vc_row]<\/p>","protected":false},"excerpt":{"rendered":"<p>[vc_row el_class=&#8221;container&#8221;][vc_column][\/vc_column][\/vc_row] [&#8230;]<\/p>\n<p><a class=\"btn btn-secondary understrap-read-more-link\" href=\"https:\/\/us.edu.pl\/kolegium\/kdo\/roznice-programowe\/roznice-programowe-pytanie-1\/\">Read More&#8230;<\/a><\/p>\n","protected":false},"author":6720,"featured_media":0,"parent":5741,"menu_order":0,"comment_status":"closed","ping_status":"closed","template":"","meta":{"_expiration-date-status":"","_expiration-date":0,"_expiration-date-type":"","_expiration-date-categories":[],"_expiration-date-options":[]},"acf":[],"_links":{"self":[{"href":"https:\/\/us.edu.pl\/kolegium\/kdo\/wp-json\/wp\/v2\/pages\/5833"}],"collection":[{"href":"https:\/\/us.edu.pl\/kolegium\/kdo\/wp-json\/wp\/v2\/pages"}],"about":[{"href":"https:\/\/us.edu.pl\/kolegium\/kdo\/wp-json\/wp\/v2\/types\/page"}],"author":[{"embeddable":true,"href":"https:\/\/us.edu.pl\/kolegium\/kdo\/wp-json\/wp\/v2\/users\/6720"}],"replies":[{"embeddable":true,"href":"https:\/\/us.edu.pl\/kolegium\/kdo\/wp-json\/wp\/v2\/comments?post=5833"}],"version-history":[{"count":6,"href":"https:\/\/us.edu.pl\/kolegium\/kdo\/wp-json\/wp\/v2\/pages\/5833\/revisions"}],"predecessor-version":[{"id":5921,"href":"https:\/\/us.edu.pl\/kolegium\/kdo\/wp-json\/wp\/v2\/pages\/5833\/revisions\/5921"}],"up":[{"embeddable":true,"href":"https:\/\/us.edu.pl\/kolegium\/kdo\/wp-json\/wp\/v2\/pages\/5741"}],"wp:attachment":[{"href":"https:\/\/us.edu.pl\/kolegium\/kdo\/wp-json\/wp\/v2\/media?parent=5833"}],"curies":[{"name":"wp","href":"https:\/\/api.w.org\/{rel}","templated":true}]}}