{"id":5881,"date":"2025-03-17T15:13:22","date_gmt":"2025-03-17T14:13:22","guid":{"rendered":"https:\/\/us.edu.pl\/kolegium\/kdo\/?page_id=5881"},"modified":"2025-06-23T15:36:38","modified_gmt":"2025-06-23T13:36:38","slug":"roznice-programowe-pytanie-4","status":"publish","type":"page","link":"https:\/\/us.edu.pl\/kolegium\/kdo\/roznice-programowe\/roznice-programowe-pytanie-4\/","title":{"rendered":"R\u00f3\u017cnice programowe pytanie 4"},"content":{"rendered":"<p>[vc_row el_class=&#8221;container&#8221;][vc_column]\r\n                <div class=\"text-modules\">\r\n                    <div class=\"container\">\r\n                        \r\n                        <div class=\"text-modules__content\"><p><span style=\"font-size: 12pt;\"><strong>Wymiana mi\u0119dzynarodowa &#8211; Wyjazdy na studia (SMS) w ramach programu ERASMUS+<\/strong><\/span><\/p>\n<p>&nbsp;<\/p>\n<p><span style=\"font-size: 12pt;\">Wytyczne i kroki post\u0119powania:\u00a0<\/span><\/p>\n<p><span style=\"font-size: 12pt;\">Osoby studiuj\u0105ce, wyje\u017cd\u017caj\u0105ce w ramach programu Erasmus+, kt\u00f3re realizuj\u0105 zaj\u0119cia na uczelni zagranicznej <\/span><span style=\"font-size: 12pt;\"><strong>NIE REJESTRUJ\u0104 SI\u0118<\/strong> na modu\u0142y obszarowe w semestrze, w kt\u00f3rym wyje\u017cd\u017caj\u0105. P<\/span><span style=\"font-size: 12pt;\">o powrocie zg\u0142aszaj\u0105 pro\u015bb\u0119 o rejestracj\u0119 na modu\u0142 (mejlowo na adres: kdo@us.edu.pl), ale tylko w przypadku, gdy Dyrektor Kierunku zobowi\u0105zuje studenta, po powrocie z programu ERASMUS+ do realizacji danego modu\u0142u obszarowego<\/span><span style=\"font-size: 12pt;\">\u00a0<\/span><\/p>\n<p><span style=\"font-size: 12pt;\">a) w przypadku modu\u0142u\/\u00f3w: <\/span><span style=\"font-size: 12pt;\"><strong>Przedsi\u0119biorczo\u015b\u0107<\/strong> lub <strong>Vademecum prawa<\/strong>,\u00a0<\/span><span style=\"font-size: 12pt;\">je\u017celi osoba studiuj\u0105ca zosta\u0142a zobligowana do ich realizacji,\u00a0przed wyjazdem lub po wyje\u017adzie:<\/span><\/p>\n<ul>\n<li><span style=\"font-size: 12pt;\">kontaktuje si\u0119 z koordynatorem modu\u0142u: Przedsi\u0119biorczo\u015b\u0107 lub Vademecum prawa<\/span><\/li>\n<li><span style=\"font-size: 12pt;\">ustala indywidualnie z koordynatorem realizacj\u0119 w\u0142a\u015bciwego modu\u0142u na zasadach uprawnie\u0144, jakie wynikaj\u0105 z IOS<\/span><\/li>\n<\/ul>\n<p><span style=\"font-size: 12pt;\">b) w przypadku modu\u0142u\/\u00f3w: humanistycznego lub spo\u0142ecznego &#8211; konieczna jest konsultacja z dyrekcj\u0105 kierunku studi\u00f3w, aby ustali\u0107 konkretne, indywidualne rozwi\u0105zania<\/span><br \/>\n<span style=\"font-size: 12pt;\">\u00a0<\/span><\/p>\n<p><span style=\"font-size: 12pt;\">Je\u017celi osoba studiuj\u0105ca uzyska\u0142a 30 ECTS i nie zosta\u0142a zobligowana do realizacji wy\u017cej wymienionych modu\u0142\u00f3w obszarowych to: \u201e\u2026 Efekty uczenia si\u0119 osi\u0105gni\u0119te przez studenta w uczelni przyjmuj\u0105cej stanowi\u0105 podstaw\u0119 do zaliczenia modu\u0142\u00f3w w Uniwersytecie.\u201d*.<\/span><\/p>\n<p>&nbsp;<\/p>\n<p><span style=\"font-size: 12pt;\">\u00a0*\u00a7 19 \u00a0ust. 5 Regulaminu studi\u00f3w w Uniwersytecie \u015al\u0105skim w Katowicach (Za\u0142\u0105cznik do uchwa\u0142y nr 525 Senatu U\u015a z dnia 23 kwietnia 2024 r.)<\/span><\/p>\n<\/div>\r\n                    <\/div>\r\n                <\/div>[\/vc_column][\/vc_row]<\/p>","protected":false},"excerpt":{"rendered":"<p>[vc_row el_class=&#8221;container&#8221;][vc_column][\/vc_column][\/vc_row] [&#8230;]<\/p>\n<p><a class=\"btn btn-secondary understrap-read-more-link\" href=\"https:\/\/us.edu.pl\/kolegium\/kdo\/roznice-programowe\/roznice-programowe-pytanie-4\/\">Read More&#8230;<\/a><\/p>\n","protected":false},"author":6720,"featured_media":0,"parent":5741,"menu_order":0,"comment_status":"closed","ping_status":"closed","template":"","meta":{"_expiration-date-status":"","_expiration-date":0,"_expiration-date-type":"","_expiration-date-categories":[],"_expiration-date-options":[]},"acf":[],"_links":{"self":[{"href":"https:\/\/us.edu.pl\/kolegium\/kdo\/wp-json\/wp\/v2\/pages\/5881"}],"collection":[{"href":"https:\/\/us.edu.pl\/kolegium\/kdo\/wp-json\/wp\/v2\/pages"}],"about":[{"href":"https:\/\/us.edu.pl\/kolegium\/kdo\/wp-json\/wp\/v2\/types\/page"}],"author":[{"embeddable":true,"href":"https:\/\/us.edu.pl\/kolegium\/kdo\/wp-json\/wp\/v2\/users\/6720"}],"replies":[{"embeddable":true,"href":"https:\/\/us.edu.pl\/kolegium\/kdo\/wp-json\/wp\/v2\/comments?post=5881"}],"version-history":[{"count":7,"href":"https:\/\/us.edu.pl\/kolegium\/kdo\/wp-json\/wp\/v2\/pages\/5881\/revisions"}],"predecessor-version":[{"id":7861,"href":"https:\/\/us.edu.pl\/kolegium\/kdo\/wp-json\/wp\/v2\/pages\/5881\/revisions\/7861"}],"up":[{"embeddable":true,"href":"https:\/\/us.edu.pl\/kolegium\/kdo\/wp-json\/wp\/v2\/pages\/5741"}],"wp:attachment":[{"href":"https:\/\/us.edu.pl\/kolegium\/kdo\/wp-json\/wp\/v2\/media?parent=5881"}],"curies":[{"name":"wp","href":"https:\/\/api.w.org\/{rel}","templated":true}]}}