{"id":5993,"date":"2025-03-27T16:08:47","date_gmt":"2025-03-27T15:08:47","guid":{"rendered":"https:\/\/us.edu.pl\/kolegium\/kdo\/?page_id=5993"},"modified":"2025-05-14T08:25:15","modified_gmt":"2025-05-14T06:25:15","slug":"zapraszamy-do-wspolpracy","status":"publish","type":"page","link":"https:\/\/us.edu.pl\/kolegium\/kdo\/zapraszamy-do-wspolpracy\/","title":{"rendered":"Zapraszamy do wsp\u00f3\u0142pracy"},"content":{"rendered":"<p>[vc_row][vc_column]\r\n                <div class=\"text-modules \">\r\n                    <div class=\"container\">\r\n                         \r\n                        <div class=\"row m-0\">\r\n                            <div class=\"text-modules__content\">\r\n                                <\/p>\n<h2>Opisy modu\u0142\u00f3w obszarowych<\/h2>\n<div class=\"mt-3\"><\/div>\r\n                            <\/div>\r\n                            \r\n                            \r\n                        <\/div>\r\n                    <\/div>\r\n                <\/div>[\/vc_column][\/vc_row][vc_row gap=&#8221;10&#8243; equal_height=&#8221;yes&#8221; el_class=&#8221;container&#8221; css=&#8221;.vc_custom_1712671973333{margin-top: 10px !important;margin-right: 10px !important;margin-bottom: 10px !important;margin-left: 10px !important;}&#8221;][vc_column width=&#8221;1\/3&#8243;][vc_column_text el_class=&#8221;fspa text-modules__content bg-gray&#8221; css=&#8221;.vc_custom_1747143663535{padding-top: 20px !important;padding-right: 15px !important;padding-bottom: 20px !important;padding-left: 15px !important;}&#8221;]<span style=\"font-size: 10pt;\">obszar:<\/span><\/p>\n<h4>Cyfrowy \u015bwiat<\/h4>\n<p><span style=\"font-size: 10pt;\">modu\u0142y:<\/span><\/p>\n<ul>\n<li><span style=\"color: #000000;\"><a style=\"color: #000000;\" href=\"https:\/\/us.edu.pl\/kolegium\/kdo\/zapraszamy-do-wspolpracy\/ad\/\"><strong>Analiza <span style=\"color: #000000;\">danych:<\/span> metody i narz\u0119dzia<\/strong><\/a><\/span><\/li>\n<li><span style=\"color: #000000;\"><a style=\"color: #000000;\" href=\"https:\/\/us.edu.pl\/kolegium\/kdo\/zapraszamy-do-wspolpracy\/ai\/\"><strong>Sztuczna inteligencja<\/strong><\/a><\/span><\/li>\n<li><span style=\"color: #000000;\"><a style=\"color: #000000;\" href=\"https:\/\/us.edu.pl\/kolegium\/kdo\/zapraszamy-do-wspolpracy\/tcs\/\"><strong>Tworzenie cyfrowych \u015bwiat\u00f3w<\/strong><\/a><\/span><\/li>\n<li><span style=\"color: #000000;\"><a style=\"color: #000000;\" href=\"https:\/\/us.edu.pl\/kolegium\/kdo\/zapraszamy-do-wspolpracy\/wp\/\"><strong>Wprowadzenie do programowania<\/strong><\/a><\/span><\/li>\n<\/ul>\n<ul>\n<li style=\"list-style-type: none;\"><\/li>\n<\/ul>\n<p>[\/vc_column_text][\/vc_column][vc_column width=&#8221;1\/3&#8243;][vc_column_text el_class=&#8221;fspa bg-gray text-modules__content&#8221; css=&#8221;.vc_custom_1743166002030{padding-top: 20px !important;padding-right: 15px !important;padding-bottom: 20px !important;padding-left: 15px !important;}&#8221;]<span style=\"font-size: 10pt;\">obszar:<\/span><\/p>\n<h4>Ekspresja tw\u00f3rcza i krytyczne my\u015blenie<\/h4>\n<p><span style=\"font-size: 10pt;\">modu\u0142y:<\/span><\/p>\n<ul>\n<li><span style=\"color: #000000;\"><a style=\"color: #000000;\" href=\"https:\/\/us.edu.pl\/kolegium\/kdo\/zapraszamy-do-wspolpracy\/skm\/\"><strong>Sztuka krytycznego my\u015blenia<\/strong><\/a><\/span><\/li>\n<li><span style=\"color: #000000;\"><a style=\"color: #000000;\" href=\"https:\/\/us.edu.pl\/kolegium\/kdo\/zapraszamy-do-wspolpracy\/wk\/\"><strong>Wyj\u015bcie z komfortocenu<\/strong><\/a><\/span><\/li>\n<li><span style=\"color: #000000;\"><a style=\"color: #000000;\" href=\"https:\/\/us.edu.pl\/kolegium\/kdo\/zapraszamy-do-wspolpracy\/ap\/\"><strong>Argumentacja i perswazja<\/strong><\/a><\/span><\/li>\n<\/ul>\n<ul>\n<li style=\"list-style-type: none;\"><\/li>\n<\/ul>\n<p>[\/vc_column_text][\/vc_column][vc_column width=&#8221;1\/3&#8243;][vc_column_text el_class=&#8221;fspa bg-gray text-modules__content&#8221; css=&#8221;.vc_custom_1743161838392{padding-top: 20px !important;padding-right: 15px !important;padding-bottom: 20px !important;padding-left: 15px !important;}&#8221;]<span style=\"font-size: 10pt;\">obszar:<\/span><\/p>\n<h4>Granice nauki<\/h4>\n<p>&nbsp;<\/p>\n<p><span style=\"font-size: 10pt;\">modu\u0142y:<\/span><\/p>\n<ul>\n<li><span style=\"color: #000000;\"><a style=\"color: #000000;\" href=\"https:\/\/us.edu.pl\/kolegium\/kdo\/zapraszamy-do-wspolpracy\/np\/\"><strong>Nauka i pseudonauka<\/strong><\/a><\/span><\/li>\n<li><span style=\"color: #000000;\"><a style=\"color: #000000;\" href=\"https:\/\/us.edu.pl\/kolegium\/kdo\/zapraszamy-do-wspolpracy\/zn\/\"><strong>Zrozumie\u0107 Noblist\u00f3w<\/strong><\/a><\/span><\/li>\n<li><span style=\"color: #000000;\"><a style=\"color: #000000;\" href=\"https:\/\/us.edu.pl\/kolegium\/kdo\/zapraszamy-do-wspolpracy\/ns\/\"><strong>Nauka i sztuka<\/strong><\/a><\/span><\/li>\n<\/ul>\n<ul>\n<li style=\"list-style-type: none;\"><\/li>\n<\/ul>\n<p>[\/vc_column_text][\/vc_column][\/vc_row][vc_row gap=&#8221;10&#8243; equal_height=&#8221;yes&#8221; el_class=&#8221;container&#8221; css=&#8221;.vc_custom_1712671982187{margin-top: 10px !important;margin-right: 10px !important;margin-bottom: 10px !important;margin-left: 10px !important;}&#8221;][vc_column width=&#8221;1\/3&#8243;][vc_column_text el_class=&#8221;fspa bg-gray text-modules__content&#8221; css=&#8221;.vc_custom_1747203846632{padding-top: 20px !important;padding-right: 15px !important;padding-bottom: 20px !important;padding-left: 15px !important;}&#8221;]<span style=\"font-size: 10pt;\">obszar:<\/span><\/p>\n<h4>Spo\u0142ecze\u0144stwo obywatelskie i przedsi\u0119biorczo\u015b\u0107<\/h4>\n<p><span style=\"font-size: 10pt;\">modu\u0142y:<\/span><\/p>\n<ul>\n<li><span style=\"color: #000000;\"><a style=\"color: #000000;\" href=\"https:\/\/us.edu.pl\/kolegium\/kdo\/zapraszamy-do-wspolpracy\/p\/\"><strong>Przedsi\u0119biorczo\u015b\u0107<\/strong><\/a><\/span><\/li>\n<li><a href=\"https:\/\/us.edu.pl\/kolegium\/kdo\/zapraszamy-do-wspolpracy\/vp\/\"><strong><span style=\"color: #000000;\">Vademecum prawa<\/span><\/strong><\/a><\/li>\n<\/ul>\n<ul>\n<li style=\"list-style-type: none;\"><\/li>\n<\/ul>\n<p>[\/vc_column_text][\/vc_column][vc_column width=&#8221;1\/3&#8243;][vc_column_text el_class=&#8221;fspa bg-gray text-modules__content&#8221; css=&#8221;.vc_custom_1743160921547{padding-top: 20px !important;padding-right: 15px !important;padding-bottom: 20px !important;padding-left: 15px !important;}&#8221;]<span style=\"font-size: 10pt;\">obszar:<\/span><\/p>\n<h4>\u015arodowisko naturalne i technologie<\/h4>\n<p><span style=\"font-size: 10pt;\">modu\u0142y:<\/span><\/p>\n<ul>\n<li><span style=\"color: #000000;\"><a style=\"color: #000000;\" href=\"https:\/\/us.edu.pl\/kolegium\/kdo\/zapraszamy-do-wspolpracy\/kz\/\"><strong>Katastrofalne \u017cywio\u0142y<\/strong><\/a><\/span><\/li>\n<li><span style=\"color: #000000;\"><a style=\"color: #000000;\" href=\"https:\/\/us.edu.pl\/kolegium\/kdo\/zapraszamy-do-wspolpracy\/zt\/\"><strong>Zielone technologie<\/strong><\/a><\/span><\/li>\n<li><span style=\"color: #000000;\"><a style=\"color: #000000;\" href=\"https:\/\/us.edu.pl\/kolegium\/kdo\/zapraszamy-do-wspolpracy\/zr\/\"><strong>Zr\u00f3wnowa\u017cony rozw\u00f3j<\/strong><\/a><\/span><\/li>\n<\/ul>\n<p>[\/vc_column_text][\/vc_column][vc_column width=&#8221;1\/3&#8243;][vc_column_text el_class=&#8221;fspa bg-gray text-modules__content&#8221; css=&#8221;.vc_custom_1743160871443{padding-top: 20px !important;padding-right: 15px !important;padding-bottom: 20px !important;padding-left: 15px !important;}&#8221;]<span style=\"font-size: 10pt;\">obszar:<\/span><\/p>\n<h4>Zdrowie i rozw\u00f3j osobisty<\/h4>\n<p><span style=\"font-size: 10pt;\">modu\u0142y:<\/span><\/p>\n<ul>\n<li><span style=\"color: #000000;\"><a style=\"color: #000000;\" href=\"https:\/\/us.edu.pl\/kolegium\/kdo\/zapraszamy-do-wspolpracy\/rozwoj-osobisty\/\"><strong>Rozw\u00f3j osobisty<\/strong><\/a><\/span><\/li>\n<li><span style=\"color: #000000;\"><a style=\"color: #000000;\" href=\"https:\/\/us.edu.pl\/kolegium\/kdo\/zapraszamy-do-wspolpracy\/styl-zycia-a-zdrowie-czlowieka\/\"><strong>Styl \u017cycia a zdrowie cz\u0142owieka<\/strong><\/a><\/span><\/li>\n<li><span style=\"color: #000000;\"><a style=\"color: #000000;\" href=\"https:\/\/us.edu.pl\/kolegium\/kdo\/zapraszamy-do-wspolpracy\/zs\/\"><strong>Zarz\u0105dzanie sob\u0105<\/strong><\/a><\/span><\/li>\n<\/ul>\n<p>[\/vc_column_text][\/vc_column][\/vc_row][vc_row gap=&#8221;10&#8243; equal_height=&#8221;yes&#8221; el_class=&#8221;container&#8221; css=&#8221;.vc_custom_1712671982187{margin-top: 10px !important;margin-right: 10px !important;margin-bottom: 10px !important;margin-left: 10px !important;}&#8221;][vc_column width=&#8221;1\/3&#8243;][vc_column_text el_class=&#8221;fspa bg-gray text-modules__content&#8221; css=&#8221;.vc_custom_1747143617386{padding-top: 20px !important;padding-right: 15px !important;padding-bottom: 20px !important;padding-left: 15px !important;}&#8221;]<\/p>\n<h4><\/h4>\n<h4><span style=\"color: #000000;\"><a style=\"color: #000000;\" href=\"https:\/\/us.edu.pl\/kolegium\/kdo\/zapraszamy-do-wspolpracy\/moduly-nauczycielskie\/\"><span style=\"font-size: 18pt;\">Modu\u0142y nauczycielskie<\/span><\/a><\/span><\/h4>\n<p><span style=\"font-size: 12pt;\">modu\u0142y:<\/span><\/p>\n<ul>\n<li><span style=\"font-size: 12pt;\"><strong>Pedagogika<\/strong><\/span><\/li>\n<li><span style=\"font-size: 12pt;\"><strong>Psychologia<\/strong><\/span><\/li>\n<li><span style=\"font-size: 12pt;\"><strong>Emisja g\u0142osu<\/strong><\/span><\/li>\n<li><span style=\"font-size: 12pt;\"><strong>Dydaktyka og\u00f3lna<\/strong><\/span><\/li>\n<li><span style=\"font-size: 12pt;\"><strong>Pierwsza pomoc przedmedyczna<\/strong><\/span><\/li>\n<\/ul>\n<p>[\/vc_column_text][\/vc_column][\/vc_row]<\/p>","protected":false},"excerpt":{"rendered":"<p>[vc_row][vc_column][\/vc_column][\/vc_row][vc_row gap=&#8221;10&#8243; equal_height=&#8221;yes&#8221; el_class=&#8221;container&#8221; css=&#8221;.vc_custom_1712671973333{margin-top: 10px !important;margin-right: 10px !important;margin-bottom: 10px !important;margin-left: 10px !important;}&#8221;][vc_column width=&#8221;1\/3&#8243;][vc_column_text el_class=&#8221;fspa text-modules__content bg-gray&#8221; css=&#8221;.vc_custom_1747143663535{padding-top: 20px !important;padding-right: 15px !important;padding-bottom: 20px !important;padding-left: 15px !important;}&#8221;]obszar: Cyfrowy \u015bwiat modu\u0142y: Analiza danych: metody i narz\u0119dzia Sztuczna inteligencja Tworzenie cyfrowych \u015bwiat\u00f3w Wprowadzenie do programowania [\/vc_column_text][\/vc_column][vc_column width=&#8221;1\/3&#8243;][vc_column_text el_class=&#8221;fspa bg-gray text-modules__content&#8221; css=&#8221;.vc_custom_1743166002030{padding-top: 20px !important;padding-right: 15px !important;padding-bottom: 20px !important;padding-left: 15px [&#8230;]<\/p>\n<p><a class=\"btn btn-secondary understrap-read-more-link\" href=\"https:\/\/us.edu.pl\/kolegium\/kdo\/zapraszamy-do-wspolpracy\/\">Read More&#8230;<\/a><\/p>\n","protected":false},"author":6720,"featured_media":0,"parent":0,"menu_order":0,"comment_status":"closed","ping_status":"closed","template":"","meta":{"_expiration-date-status":"","_expiration-date":0,"_expiration-date-type":"","_expiration-date-categories":[],"_expiration-date-options":[]},"acf":[],"_links":{"self":[{"href":"https:\/\/us.edu.pl\/kolegium\/kdo\/wp-json\/wp\/v2\/pages\/5993"}],"collection":[{"href":"https:\/\/us.edu.pl\/kolegium\/kdo\/wp-json\/wp\/v2\/pages"}],"about":[{"href":"https:\/\/us.edu.pl\/kolegium\/kdo\/wp-json\/wp\/v2\/types\/page"}],"author":[{"embeddable":true,"href":"https:\/\/us.edu.pl\/kolegium\/kdo\/wp-json\/wp\/v2\/users\/6720"}],"replies":[{"embeddable":true,"href":"https:\/\/us.edu.pl\/kolegium\/kdo\/wp-json\/wp\/v2\/comments?post=5993"}],"version-history":[{"count":10,"href":"https:\/\/us.edu.pl\/kolegium\/kdo\/wp-json\/wp\/v2\/pages\/5993\/revisions"}],"predecessor-version":[{"id":7709,"href":"https:\/\/us.edu.pl\/kolegium\/kdo\/wp-json\/wp\/v2\/pages\/5993\/revisions\/7709"}],"wp:attachment":[{"href":"https:\/\/us.edu.pl\/kolegium\/kdo\/wp-json\/wp\/v2\/media?parent=5993"}],"curies":[{"name":"wp","href":"https:\/\/api.w.org\/{rel}","templated":true}]}}