{"id":6129,"date":"2025-12-17T14:51:03","date_gmt":"2025-12-17T13:51:03","guid":{"rendered":"https:\/\/us.edu.pl\/kolegium\/kdo\/?page_id=6129"},"modified":"2025-12-17T14:51:03","modified_gmt":"2025-12-17T13:51:03","slug":"zw","status":"publish","type":"page","link":"https:\/\/us.edu.pl\/kolegium\/kdo\/ksztalcenie-obszarowe\/tydzien-projektowy-2024\/zw\/","title":{"rendered":"ZW"},"content":{"rendered":"<p>[vc_row el_class=&#8221;container&#8221;][vc_column]\r\n                <div class=\"text-modules \">\r\n                    <div class=\"container\">\r\n                        <h3 class=\"section-title section-title_border-bottom\">Zdiagnozuj i wylecz - najnowsza technologia w s\u0142u\u017cbie zdrowia<\/h3> \r\n                        <div class=\"row m-0\">\r\n                            <div class=\"text-modules__content\">\r\n                                <span style=\"font-size: 12pt;\"><strong>Koordynator: prof. dr hab. Armand Cholewka<\/strong><\/span><\/p>\n<p><span style=\"font-size: 12pt;\">Modu\u0142 \u201eZdiagnozuj i wylecz &#8211; najnowsza technologia w s\u0142u\u017cbie zdrowia\u201d to b\u0119dzie sp\u00f3jna opowie\u015b\u0107 o naszym organizmie, jego zdrowi i chorobie oraz om\u00f3wieniu w przyst\u0119pny, popularyzatorski spos\u00f3b najnowszych technologii w diagnostyce oraz w walce z chorobami onkologicznymi.<\/span><\/p>\n<p><span style=\"font-size: 12pt;\">Nale\u017cy zda\u0107 sobie spraw\u0119 z tego, \u017ce cz\u0119sto prawid\u0142owe funkcjonowanie jednego narz\u0105du jest uzale\u017cnione od prawid\u0142owego funkcjonowania innego, gdy\u017c ca\u0142y nasz organizm stanowi sp\u00f3jn\u0105 ca\u0142o\u015b\u0107 zarz\u0105dzan\u0105 przez odpowiednie rejony m\u00f3zgu. Zatem podr\u00f3\u017c po \u201eczelu\u015bciach\u201d naszego cia\u0142a mo\u017cemy zacz\u0105\u0107 od om\u00f3wienia i pokazania mo\u017cliwo\u015bci wsp\u00f3\u0142czesnej diagnostyki obrazowej. Zatem om\u00f3wimy i poka\u017cemy podstawy rentgenodiagnostyki, tomografii komputerowej oraz rezonansu magnetycznego poparte przyk\u0142adami z zakresu obraz\u00f3w diagnostycznych wn\u0119trza cia\u0142a widzianego za pomoc\u0105 wymienionych technik. Ponadto w r\u00f3\u017cnych momentach naszych opowie\u015bci b\u0119dziemy nawi\u0105zywa\u0107 do coraz cz\u0119\u015bciej obecnej w medycynie diagnostyki termowizyjnej czyli kamer kt\u00f3re mierz\u0105 i \u201ewidz\u0105 temperatur\u0119\u201d a ta opisuje nam stan zdrowia naszego organizmu i aktywno\u015b\u0107 metaboliczn\u0105 tkanek i r\u00f3\u017cnych partii mi\u0119\u015bniowych co mo\u017cna wykorzysta\u0107 od diagnostyki medycznej po sport i badanie wydolno\u015bci naszego cia\u0142a.<\/span><\/p>\n<p><span style=\"font-size: 12pt;\">Omawiaj\u0105c walk\u0119 z nowotworami skupimy si\u0119 na radioterapii czyli promieniowaniu jonizuj\u0105cym o wysokiej energii, kt\u00f3re fizyk medyczny w porozumieniu z lekarzem ma za zadanie tak wprowadzi\u0107 do cia\u0142a, aby zniszczy\u0107 kom\u00f3rki rakowe. W tej tematyce om\u00f3wimy inne cz\u0119sto a tak\u017ce bardzo rzadko obecnie stosowane metody walki z rakiem \u0142\u0105cznie z tym, \u017ce sam odpowiednio wysoki wzrost temperatury w danym miejscu ju\u017c mo\u017ce pom\u00f3c a nawet czasem wystarczy\u0107 aby wzi\u0105\u0107 udzia\u0142 w tej trudnej walce.<\/span><\/p>\n<p><span style=\"font-size: 12pt;\">Porozmawiamy o cz\u0119\u015bciach zast\u0119pczych do naszego organizmu i postawimy pytanie takie jak: Czy mamy cz\u0119\u015bci zast\u0119pcze do serca? Czy jest szansa na ca\u0142kowicie sztuczne serce? No i czy ze sztucznym sercem mo\u017cemy \u017cy\u0107 tak samo d\u0142ugo i komfortowo jak z naszym w\u0142asnym? Jakie mamy protezy r\u00f3\u017cnych narz\u0105d\u00f3w naszego organizmu? Czy wszystko da si\u0119 zamieni\u0107?<\/span><\/p>\n<p><span style=\"font-size: 12pt;\">Na koniec te\u017c skupimy si\u0119 nad wczesn\u0105 diagnostyk\u0105 = skriningiem np. w tematyce wczesnej diagnostyki raka piersi oraz skrzywie\u0144 bocznych kr\u0119gos\u0142upa u dzieci i m\u0142odzie\u017cy. Zadamy pytanie co najnowsza technologia oferuje w walce z rakiem piersi oraz czy pomiar temperatury powierzchni piersi mo\u017ce nam pom\u00f3c we wczesnej diagnostyce raka?<\/span> \r\n                                <div class=\"mt-3\"><\/div>\r\n                            <\/div>\r\n                            \r\n                            \r\n                        <\/div>\r\n                    <\/div>\r\n                <\/div>[\/vc_column][\/vc_row]<\/p>","protected":false},"excerpt":{"rendered":"<p>[vc_row el_class=&#8221;container&#8221;][vc_column][\/vc_column][\/vc_row] [&#8230;]<\/p>\n<p><a class=\"btn btn-secondary understrap-read-more-link\" href=\"https:\/\/us.edu.pl\/kolegium\/kdo\/ksztalcenie-obszarowe\/tydzien-projektowy-2024\/zw\/\">Read More&#8230;<\/a><\/p>\n","protected":false},"author":6720,"featured_media":0,"parent":530,"menu_order":0,"comment_status":"closed","ping_status":"closed","template":"","meta":{"_expiration-date-status":"","_expiration-date":0,"_expiration-date-type":"","_expiration-date-categories":[],"_expiration-date-options":[]},"acf":[],"_links":{"self":[{"href":"https:\/\/us.edu.pl\/kolegium\/kdo\/wp-json\/wp\/v2\/pages\/6129"}],"collection":[{"href":"https:\/\/us.edu.pl\/kolegium\/kdo\/wp-json\/wp\/v2\/pages"}],"about":[{"href":"https:\/\/us.edu.pl\/kolegium\/kdo\/wp-json\/wp\/v2\/types\/page"}],"author":[{"embeddable":true,"href":"https:\/\/us.edu.pl\/kolegium\/kdo\/wp-json\/wp\/v2\/users\/6720"}],"replies":[{"embeddable":true,"href":"https:\/\/us.edu.pl\/kolegium\/kdo\/wp-json\/wp\/v2\/comments?post=6129"}],"version-history":[{"count":1,"href":"https:\/\/us.edu.pl\/kolegium\/kdo\/wp-json\/wp\/v2\/pages\/6129\/revisions"}],"predecessor-version":[{"id":8802,"href":"https:\/\/us.edu.pl\/kolegium\/kdo\/wp-json\/wp\/v2\/pages\/6129\/revisions\/8802"}],"up":[{"embeddable":true,"href":"https:\/\/us.edu.pl\/kolegium\/kdo\/wp-json\/wp\/v2\/pages\/530"}],"wp:attachment":[{"href":"https:\/\/us.edu.pl\/kolegium\/kdo\/wp-json\/wp\/v2\/media?parent=6129"}],"curies":[{"name":"wp","href":"https:\/\/api.w.org\/{rel}","templated":true}]}}