{"id":6133,"date":"2025-12-17T14:38:58","date_gmt":"2025-12-17T13:38:58","guid":{"rendered":"https:\/\/us.edu.pl\/kolegium\/kdo\/?page_id=6133"},"modified":"2025-12-17T14:38:58","modified_gmt":"2025-12-17T13:38:58","slug":"sc","status":"publish","type":"page","link":"https:\/\/us.edu.pl\/kolegium\/kdo\/ksztalcenie-obszarowe\/tydzien-projektowy-2024\/sc\/","title":{"rendered":"SC"},"content":{"rendered":"<p>[vc_row el_class=&#8221;container&#8221;][vc_column]\r\n                <div class=\"text-modules \">\r\n                    <div class=\"container\">\r\n                        <h3 class=\"section-title section-title_border-bottom\">Sztuka czytania<\/h3> \r\n                        <div class=\"row m-0\">\r\n                            <div class=\"text-modules__content\">\r\n                                <strong>Koordynator: dr Piotr Gorli\u0144ski-Kucik<\/strong><\/p>\n<p><span style=\"font-size: 12pt;\">Modu\u0142 \u201eSztuka czytania\u201d, zaplanowany jako cykl mikrokurs\u00f3w, i adresowany do wszystkich kierunk\u00f3w studi\u00f3w prowadzonych na Uniwersytecie \u015al\u0105skim w Katowicach, podejmuje zagadnienie interpretacji. Osoby studenckie poznaj\u0105 podstawy teorii oraz praktyki interpretacji, dowiedz\u0105 si\u0119, jak zmienia\u0142a si\u0119 sztuka interpretacji, oraz jak przemiany gospodarcze wp\u0142ywa\u0142y na kultur\u0119. Wa\u017cnym elementem kursu jest namys\u0142 nad samym aktem czytania i g\u0142\u0119bok\u0105 uwag\u0105 (a wi\u0119c, dos\u0142ownie, \u201esztuk\u0105 czytania\u201d). Zagadnienie interpretacji zostanie jednak potraktowane bardzo szeroko: jako odnajdywanie b\u0105d\u017a konstruowanie sens\u00f3w nie tylko w literaturze (prozie, poezji, reporta\u017cu), ale tak\u017ce w dyskursach innomedialnych: muzyce, filmie, grach komputerowych. Koncepcja kursu opiera si\u0119 na za\u0142o\u017ceniu, \u017ce umiej\u0119tno\u015b\u0107 interpretowania tekst\u00f3w i pozatekstualnych praktyk kulturowych, a w efekcie \u015bwiata i zachodz\u0105cych w nim proces\u00f3w, jest niezb\u0119dna do \u015bwiadomego zamieszkiwania w nim. Innymi s\u0142owy interpretowanie jest propozycj\u0105 egzystencjaln\u0105, sposobem bycia w nieustannie zmieniaj\u0105cej si\u0119 rzeczywisto\u015bci. Zdalne zaj\u0119cia asynchroniczne maj\u0105 na celu uj\u0119cie historyczne i teoretyczne, niepozbawione jednak element\u00f3w praktycznych; zaj\u0119cia kontaktowe prowadzone w tygodniu projektowym proponuj\u0105 z kolei praktyczne zaj\u0119cia z interpretacji tekst\u00f3w, a tak\u017ce obraz\u00f3w, film\u00f3w, czy komunikat\u00f3w medialnych.<\/span> \r\n                                <div class=\"mt-3\"><\/div>\r\n                            <\/div>\r\n                            \r\n                            \r\n                        <\/div>\r\n                    <\/div>\r\n                <\/div>[\/vc_column][\/vc_row]<\/p>","protected":false},"excerpt":{"rendered":"<p>[vc_row el_class=&#8221;container&#8221;][vc_column][\/vc_column][\/vc_row] [&#8230;]<\/p>\n<p><a class=\"btn btn-secondary understrap-read-more-link\" href=\"https:\/\/us.edu.pl\/kolegium\/kdo\/ksztalcenie-obszarowe\/tydzien-projektowy-2024\/sc\/\">Read More&#8230;<\/a><\/p>\n","protected":false},"author":6720,"featured_media":0,"parent":530,"menu_order":0,"comment_status":"closed","ping_status":"closed","template":"","meta":{"_expiration-date-status":"","_expiration-date":0,"_expiration-date-type":"","_expiration-date-categories":[],"_expiration-date-options":[]},"acf":[],"_links":{"self":[{"href":"https:\/\/us.edu.pl\/kolegium\/kdo\/wp-json\/wp\/v2\/pages\/6133"}],"collection":[{"href":"https:\/\/us.edu.pl\/kolegium\/kdo\/wp-json\/wp\/v2\/pages"}],"about":[{"href":"https:\/\/us.edu.pl\/kolegium\/kdo\/wp-json\/wp\/v2\/types\/page"}],"author":[{"embeddable":true,"href":"https:\/\/us.edu.pl\/kolegium\/kdo\/wp-json\/wp\/v2\/users\/6720"}],"replies":[{"embeddable":true,"href":"https:\/\/us.edu.pl\/kolegium\/kdo\/wp-json\/wp\/v2\/comments?post=6133"}],"version-history":[{"count":2,"href":"https:\/\/us.edu.pl\/kolegium\/kdo\/wp-json\/wp\/v2\/pages\/6133\/revisions"}],"predecessor-version":[{"id":8797,"href":"https:\/\/us.edu.pl\/kolegium\/kdo\/wp-json\/wp\/v2\/pages\/6133\/revisions\/8797"}],"up":[{"embeddable":true,"href":"https:\/\/us.edu.pl\/kolegium\/kdo\/wp-json\/wp\/v2\/pages\/530"}],"wp:attachment":[{"href":"https:\/\/us.edu.pl\/kolegium\/kdo\/wp-json\/wp\/v2\/media?parent=6133"}],"curies":[{"name":"wp","href":"https:\/\/api.w.org\/{rel}","templated":true}]}}