{"id":6137,"date":"2025-03-28T12:06:31","date_gmt":"2025-03-28T11:06:31","guid":{"rendered":"https:\/\/us.edu.pl\/kolegium\/kdo\/?page_id=6137"},"modified":"2025-03-28T12:06:31","modified_gmt":"2025-03-28T11:06:31","slug":"styl-zycia-a-zdrowie-czlowieka","status":"publish","type":"page","link":"https:\/\/us.edu.pl\/kolegium\/kdo\/ksztalcenie-obszarowe\/tydzien-projektowy-2024\/styl-zycia-a-zdrowie-czlowieka\/","title":{"rendered":"Styl \u017cycia a zdrowie cz\u0142owieka"},"content":{"rendered":"<p>[vc_row el_class=&#8221;container&#8221;][vc_column]\r\n                <div class=\"text-modules \">\r\n                    <div class=\"container\">\r\n                        <h3 class=\"section-title section-title_border-bottom\">Styl \u017cycia a zdrowie cz\u0142owieka<\/h3> \r\n                        <div class=\"row m-0\">\r\n                            <div class=\"text-modules__content\">\r\n                                <strong>Koordynatorka: dr Monika Tarnawska<\/strong><\/p>\n<p>Celem modu\u0142u jest zaznajomienie student\u00f3w z podstawow\u0105 wiedz\u0105 na temat funkcjonowania organizmu cz\u0142owieka \u2013 w zdrowiu jak i w chorobie, w dobrostanie fizycznym jak i psychicznym. W jego ramach studenci zostan\u0105 wyposa\u017ceni w wiedz\u0119 pozwalaj\u0105c\u0105 rozpoznawa\u0107 stan kondycji zdrowotnej (w\u0142asnej i os\u00f3b z otoczenia) zgodnie z aktualn\u0105 wiedz\u0105 naukow\u0105.<br \/>\nStudenci w trakcie realizacji zaj\u0119\u0107 z modu\u0142u poznaj\u0105 r\u00f3\u017cne koncepcje dobrostanu psychicznego, definicje zdrowia w uj\u0119ciu biomedycznym i socjologicznym, zasady komponowania zbilansowanej diety, a tak\u017ce u\u015bwiadamiaj\u0105 sobie wp\u0142yw stylu \u017cycia (dieta, aktywno\u015b\u0107 fizyczna, stosowanie u\u017cywek) na funkcjonowanie w stanie zdrowia oraz na dzia\u0142anie stosowanych lek\u00f3w.<br \/>\nModu\u0142 ma r\u00f3wnie\u017c zaznajomi\u0107 student\u00f3w z podstawowymi zagadnieniami dotycz\u0105cymi szans, jak i zagro\u017ce\u0144 wynikaj\u0105cych ze spo\u0142ecznego, kulturowego i \u015brodowiskowego uwarunkowania zdrowia i dobrostanu.<br \/>\n. \r\n                                <div class=\"mt-3\"><\/div>\r\n                            <\/div>\r\n                            \r\n                            \r\n                        <\/div>\r\n                    <\/div>\r\n                <\/div>[\/vc_column][\/vc_row]<\/p>","protected":false},"excerpt":{"rendered":"<p>[vc_row el_class=&#8221;container&#8221;][vc_column][\/vc_column][\/vc_row] [&#8230;]<\/p>\n<p><a class=\"btn btn-secondary understrap-read-more-link\" href=\"https:\/\/us.edu.pl\/kolegium\/kdo\/ksztalcenie-obszarowe\/tydzien-projektowy-2024\/styl-zycia-a-zdrowie-czlowieka\/\">Read More&#8230;<\/a><\/p>\n","protected":false},"author":6720,"featured_media":0,"parent":530,"menu_order":0,"comment_status":"closed","ping_status":"closed","template":"","meta":{"_expiration-date-status":"","_expiration-date":0,"_expiration-date-type":"","_expiration-date-categories":[],"_expiration-date-options":[]},"acf":[],"_links":{"self":[{"href":"https:\/\/us.edu.pl\/kolegium\/kdo\/wp-json\/wp\/v2\/pages\/6137"}],"collection":[{"href":"https:\/\/us.edu.pl\/kolegium\/kdo\/wp-json\/wp\/v2\/pages"}],"about":[{"href":"https:\/\/us.edu.pl\/kolegium\/kdo\/wp-json\/wp\/v2\/types\/page"}],"author":[{"embeddable":true,"href":"https:\/\/us.edu.pl\/kolegium\/kdo\/wp-json\/wp\/v2\/users\/6720"}],"replies":[{"embeddable":true,"href":"https:\/\/us.edu.pl\/kolegium\/kdo\/wp-json\/wp\/v2\/comments?post=6137"}],"version-history":[{"count":1,"href":"https:\/\/us.edu.pl\/kolegium\/kdo\/wp-json\/wp\/v2\/pages\/6137\/revisions"}],"predecessor-version":[{"id":6141,"href":"https:\/\/us.edu.pl\/kolegium\/kdo\/wp-json\/wp\/v2\/pages\/6137\/revisions\/6141"}],"up":[{"embeddable":true,"href":"https:\/\/us.edu.pl\/kolegium\/kdo\/wp-json\/wp\/v2\/pages\/530"}],"wp:attachment":[{"href":"https:\/\/us.edu.pl\/kolegium\/kdo\/wp-json\/wp\/v2\/media?parent=6137"}],"curies":[{"name":"wp","href":"https:\/\/api.w.org\/{rel}","templated":true}]}}