{"id":6197,"date":"2025-12-17T15:06:31","date_gmt":"2025-12-17T14:06:31","guid":{"rendered":"https:\/\/us.edu.pl\/kolegium\/kdo\/?page_id=6197"},"modified":"2025-12-18T09:07:31","modified_gmt":"2025-12-18T08:07:31","slug":"beaz","status":"publish","type":"page","link":"https:\/\/us.edu.pl\/kolegium\/kdo\/ksztalcenie-obszarowe\/tydzien-projektowy-2024\/beaz\/","title":{"rendered":"BEAZ"},"content":{"rendered":"<p>[vc_row el_class=&#8221;container&#8221;][vc_column]\r\n                <div class=\"text-modules \">\r\n                    <div class=\"container\">\r\n                        <h3 class=\"section-title section-title_border-bottom\">Bioetyczne i etyczne aspekty \u017cycia i zdrowia<\/h3> \r\n                        <div class=\"row m-0\">\r\n                            <div class=\"text-modules__content\">\r\n                                <span style=\"font-size: 12pt;\"><strong>Koordynator: dr Pawe\u0142 Kaczmarek<\/strong><\/span><\/p>\n<p><span style=\"font-size: 12pt;\">Modu\u0142 \u201eBioetyczne i etyczne aspekty \u017cycia i zdrowia\u201d b\u0119dzie koncentrowa\u0142 si\u0119 na rozwijaniu wra\u017cliwo\u015bci student\u00f3w na moralne wyzwania zwi\u0105zane z \u017cyciem, zdrowiem i wsp\u00f3\u0142czesnymi technologiami. W ramach zaj\u0119\u0107 om\u00f3wione zostan\u0105 kluczowe problemy bioetyki, ze szczeg\u00f3lnym uwzgl\u0119dnieniem standard\u00f3w etycznych obowi\u0105zuj\u0105cych w eksperymentach medycznych \u2014 od ich historycznych nadu\u017cy\u0107, przez wsp\u00f3\u0142czesne regulacje prawne, po rol\u0119 komisji bioetycznych w nadzorowaniu bada\u0144. Studenci poznaj\u0105 r\u00f3wnie\u017c dylematy zwi\u0105zane z wykorzystaniem zwierz\u0105t w nauce, a tak\u017ce etyczne i biologiczne konsekwencje rozwoju terapii genowych, technik rozrodu wspomaganego, bada\u0144 nad zarodkami, kom\u00f3rkami rozrodczymi czy kom\u00f3rkami macierzystymi oraz zagro\u017cenia wynikaj\u0105ce z manipulacji genetycznych. Modu\u0142 obejmuje tak\u017ce refleksj\u0119 nad ochron\u0105 bior\u00f3\u017cnorodno\u015bci, szczeg\u00f3lnie w kontek\u015bcie gatunk\u00f3w obcych i inwazyjnych oraz wp\u0142ywu cz\u0142owieka na ekosystemy. Wa\u017cnym obszarem b\u0119dzie ponadto relacja cz\u0142owiek\u2013maszyna, ze wskazaniem roli humanistyki w projektowaniu odpowiedzialnego, etycznego i ekologicznego wykorzystania technologii oraz w analizie potencjalnych zagro\u017ce\u0144 dla dobrostanu cz\u0142owieka. Zaj\u0119cia maj\u0105 nie tylko dostarczy\u0107 wiedzy, lecz tak\u017ce wzmacnia\u0107 kompetencje argumentacyjne student\u00f3w i ich zdolno\u015b\u0107 prowadzenia merytorycznych dyskusji o istotnych problemach wsp\u00f3\u0142czesno\u015bci<\/span> \r\n                                <div class=\"mt-3\"><\/div>\r\n                            <\/div>\r\n                            \r\n                            \r\n                        <\/div>\r\n                    <\/div>\r\n                <\/div>[\/vc_column][\/vc_row]<\/p>","protected":false},"excerpt":{"rendered":"<p>[vc_row el_class=&#8221;container&#8221;][vc_column][\/vc_column][\/vc_row] [&#8230;]<\/p>\n<p><a class=\"btn btn-secondary understrap-read-more-link\" href=\"https:\/\/us.edu.pl\/kolegium\/kdo\/ksztalcenie-obszarowe\/tydzien-projektowy-2024\/beaz\/\">Read More&#8230;<\/a><\/p>\n","protected":false},"author":6720,"featured_media":0,"parent":530,"menu_order":0,"comment_status":"closed","ping_status":"closed","template":"","meta":{"_expiration-date-status":"","_expiration-date":0,"_expiration-date-type":"","_expiration-date-categories":[],"_expiration-date-options":[]},"acf":[],"_links":{"self":[{"href":"https:\/\/us.edu.pl\/kolegium\/kdo\/wp-json\/wp\/v2\/pages\/6197"}],"collection":[{"href":"https:\/\/us.edu.pl\/kolegium\/kdo\/wp-json\/wp\/v2\/pages"}],"about":[{"href":"https:\/\/us.edu.pl\/kolegium\/kdo\/wp-json\/wp\/v2\/types\/page"}],"author":[{"embeddable":true,"href":"https:\/\/us.edu.pl\/kolegium\/kdo\/wp-json\/wp\/v2\/users\/6720"}],"replies":[{"embeddable":true,"href":"https:\/\/us.edu.pl\/kolegium\/kdo\/wp-json\/wp\/v2\/comments?post=6197"}],"version-history":[{"count":4,"href":"https:\/\/us.edu.pl\/kolegium\/kdo\/wp-json\/wp\/v2\/pages\/6197\/revisions"}],"predecessor-version":[{"id":8810,"href":"https:\/\/us.edu.pl\/kolegium\/kdo\/wp-json\/wp\/v2\/pages\/6197\/revisions\/8810"}],"up":[{"embeddable":true,"href":"https:\/\/us.edu.pl\/kolegium\/kdo\/wp-json\/wp\/v2\/pages\/530"}],"wp:attachment":[{"href":"https:\/\/us.edu.pl\/kolegium\/kdo\/wp-json\/wp\/v2\/media?parent=6197"}],"curies":[{"name":"wp","href":"https:\/\/api.w.org\/{rel}","templated":true}]}}