{"id":6257,"date":"2025-03-28T13:36:46","date_gmt":"2025-03-28T12:36:46","guid":{"rendered":"https:\/\/us.edu.pl\/kolegium\/kdo\/?page_id=6257"},"modified":"2025-05-13T16:06:58","modified_gmt":"2025-05-13T14:06:58","slug":"wp","status":"publish","type":"page","link":"https:\/\/us.edu.pl\/kolegium\/kdo\/zapraszamy-do-wspolpracy\/wp\/","title":{"rendered":"WP"},"content":{"rendered":"<p>[vc_row el_class=&#8221;container&#8221;][vc_column]\r\n                <div class=\"text-modules \">\r\n                    <div class=\"container\">\r\n                        <h3 class=\"section-title section-title_border-bottom\">Wprowadzenie do programowania<\/h3> \r\n                        <div class=\"row m-0\">\r\n                            <div class=\"text-modules__content\">\r\n                                <strong>Koordynator: dr in\u017c. Roman Simi\u0144ski<\/strong><\/p>\n<p>Celem zaj\u0119\u0107 jest wprowadzenie student\u00f3w w \u015bwiat programowania. Wcze\u015bniejsza umiej\u0119tno\u015b\u0107 programowania nie jest wymagana. Zaj\u0119cia maj\u0105 form\u0119 laboratori\u00f3w, realizowana s\u0105 metod\u0105 problemow\u0105, ukierunkowane s\u0105 na rozwi\u0105zywanie praktycznych problem\u00f3w. W trakcie ich rozwi\u0105zywania omawiane s\u0105 kolejne elementy wprowadzaj\u0105ce student\u00f3w w \u015bwiat algorytmiki i programowania, obejmuj\u0105ce: analiz\u0119 problemu, opracowanie algorytmu, jego zapis w wybranym j\u0119zyku programowania, weryfikacj\u0119 poprawno\u015bci dzia\u0142ania programu. Wykorzystywanym j\u0119zykiem programowania b\u0119dzie j\u0119zyk Python. Osoby posiadaj\u0105ce ju\u017c umiej\u0119tno\u015bci zwi\u0105zane z programowaniem b\u0119d\u0105 mia\u0142y mo\u017cliwo\u015b\u0107 wybrania grupy realizuj\u0105cej zaj\u0119cia tematycznie rozszerzone. \r\n                                <div class=\"mt-3\"><\/div>\r\n                            <\/div>\r\n                            \r\n                            \r\n                        <\/div>\r\n                    <\/div>\r\n                <\/div>[\/vc_column][\/vc_row][vc_row][vc_column][vc_btn title=&#8221;Zg\u0142aszam si\u0119&#8221; color=&#8221;pink&#8221; size=&#8221;lg&#8221; align=&#8221;center&#8221; link=&#8221;url:https%3A%2F%2Fforms.office.com%2Fe%2Fxw56HG59c5&#8243; el_class=&#8221;container&#8221;][\/vc_column][\/vc_row]<\/p>","protected":false},"excerpt":{"rendered":"<p>[vc_row el_class=&#8221;container&#8221;][vc_column][\/vc_column][\/vc_row][vc_row][vc_column][vc_btn title=&#8221;Zg\u0142aszam si\u0119&#8221; color=&#8221;pink&#8221; size=&#8221;lg&#8221; align=&#8221;center&#8221; link=&#8221;url:https%3A%2F%2Fforms.office.com%2Fe%2Fxw56HG59c5&#8243; el_class=&#8221;container&#8221;][\/vc_column][\/vc_row] [&#8230;]<\/p>\n<p><a class=\"btn btn-secondary understrap-read-more-link\" href=\"https:\/\/us.edu.pl\/kolegium\/kdo\/zapraszamy-do-wspolpracy\/wp\/\">Read More&#8230;<\/a><\/p>\n","protected":false},"author":6720,"featured_media":0,"parent":5993,"menu_order":0,"comment_status":"closed","ping_status":"closed","template":"","meta":{"_expiration-date-status":"","_expiration-date":0,"_expiration-date-type":"","_expiration-date-categories":[],"_expiration-date-options":[]},"acf":[],"_links":{"self":[{"href":"https:\/\/us.edu.pl\/kolegium\/kdo\/wp-json\/wp\/v2\/pages\/6257"}],"collection":[{"href":"https:\/\/us.edu.pl\/kolegium\/kdo\/wp-json\/wp\/v2\/pages"}],"about":[{"href":"https:\/\/us.edu.pl\/kolegium\/kdo\/wp-json\/wp\/v2\/types\/page"}],"author":[{"embeddable":true,"href":"https:\/\/us.edu.pl\/kolegium\/kdo\/wp-json\/wp\/v2\/users\/6720"}],"replies":[{"embeddable":true,"href":"https:\/\/us.edu.pl\/kolegium\/kdo\/wp-json\/wp\/v2\/comments?post=6257"}],"version-history":[{"count":2,"href":"https:\/\/us.edu.pl\/kolegium\/kdo\/wp-json\/wp\/v2\/pages\/6257\/revisions"}],"predecessor-version":[{"id":7637,"href":"https:\/\/us.edu.pl\/kolegium\/kdo\/wp-json\/wp\/v2\/pages\/6257\/revisions\/7637"}],"up":[{"embeddable":true,"href":"https:\/\/us.edu.pl\/kolegium\/kdo\/wp-json\/wp\/v2\/pages\/5993"}],"wp:attachment":[{"href":"https:\/\/us.edu.pl\/kolegium\/kdo\/wp-json\/wp\/v2\/media?parent=6257"}],"curies":[{"name":"wp","href":"https:\/\/api.w.org\/{rel}","templated":true}]}}