{"id":6381,"date":"2025-04-04T09:13:09","date_gmt":"2025-04-04T07:13:09","guid":{"rendered":"https:\/\/us.edu.pl\/kolegium\/kdo\/?page_id=6381"},"modified":"2026-05-08T13:54:26","modified_gmt":"2026-05-08T11:54:26","slug":"harmonogramy-tydzien-projektowy","status":"publish","type":"page","link":"https:\/\/us.edu.pl\/kolegium\/kdo\/harmonogramy-tydzien-projektowy\/","title":{"rendered":"Harmonogramy &#8211; tydzie\u0144 projektowy"},"content":{"rendered":"<p>[vc_row el_class=&#8221;container&#8221;][vc_column][vc_raw_html]JTNDaDIlMjBjbGFzcyUzRCUyMnNpbmdsZS10aXRsZSUyMCUyMiUzRUhhcm1vbm9ncmFteSUyMC0lMjBUeWR6aWUlQzUlODQlMjBwcm9qZWt0b3d5JTIwOS0xNiUyMG1haiUyMDIwMjYlMjAlM0MlMkZoMiUzRQ==[\/vc_raw_html]\r\n                <div class=\"text-modules \">\r\n                    <div class=\"container\">\r\n                         <h3 class=\"subtitle text-modules__subtitle\">STUDIA STACJONARNE<\/h3>\r\n                        <div class=\"row m-0\">\r\n                            <div class=\"text-modules__content\">\r\n                                 \r\n                                <div class=\"mt-3\"><\/div>\r\n                            <\/div>\r\n                            \r\n                            \r\n                        <\/div>\r\n                    <\/div>\r\n                <\/div>[\/vc_column][\/vc_row][vc_row el_class=&#8221;container&#8221;][vc_column width=&#8221;1\/2&#8243; el_class=&#8221;container&#8221;]\r\n                <div class=\"text-modules \">\r\n                    <div class=\"container\">\r\n                         \r\n                        <div class=\"row m-0\">\r\n                            <div class=\"text-modules__content\">\r\n                                <strong><span style=\"font-size: 12pt;\">Obszar: Cyfrowy \u015bwiat<\/span><\/strong><\/p>\n<p><a href=\"https:\/\/us.edu.pl\/kolegium\/kdo\/wp-content\/uploads\/sites\/75\/harmonogramy\/lato-25-26\/LATO_26_L__Sztuczna-inteligencja.pdf\" class=\"mtli_attachment mtli_pdf\" target=\"_blank\" rel=\"noopener\">Sztuczna inteligencja<\/a> &#8211; [<span style=\"font-size: 10pt;\">aktualizacja 23.04.2026<\/span>]<\/p>\n<p><a href=\"https:\/\/us.edu.pl\/kolegium\/kdo\/wp-content\/uploads\/sites\/75\/harmonogramy\/lato-25-26\/LATO_26_L__Analiza_danych_metody_i_narzedzia.pdf\" class=\"mtli_attachment mtli_pdf\" target=\"_blank\" rel=\"noopener\">Analiza danych: metody i narz\u0119dzia<\/a> &#8211; [<span style=\"font-size: 10pt;\">aktualizacja 23.04.2026<\/span>]<\/p>\n<p><a href=\"https:\/\/us.edu.pl\/kolegium\/kdo\/wp-content\/uploads\/sites\/75\/harmonogramy\/lato-25-26\/LATO_26_L__Wprowadzenie_do_programowania.pdf\" class=\"mtli_attachment mtli_pdf\" target=\"_blank\" rel=\"noopener\">Wprowadzenie do programowania<\/a> &#8211; [<span style=\"font-size: 10pt;\">aktualizacja 23.04.2026<\/span>]<\/p>\n<p><a href=\"https:\/\/us.edu.pl\/kolegium\/kdo\/wp-content\/uploads\/sites\/75\/harmonogramy\/lato-25-26\/LATO_26L_Tworzenie_cyfrowych_swiatow-1.pdf\" class=\"mtli_attachment mtli_pdf\" target=\"_blank\" rel=\"noopener\">Tworzenie cyfrowych \u015bwiat\u00f3w<\/a> &#8211; [<span style=\"font-size: 10pt;\">aktualizacja\u00a0 23.04.2026<\/span>]<\/p>\n<p><a href=\"https:\/\/us.edu.pl\/kolegium\/kdo\/wp-content\/uploads\/sites\/75\/harmonogramy\/lato-25-26\/LATO_26L_Narzedzia-generatywnej-sztucznej-inteligencji-w-praktyce-2.pdf\" class=\"mtli_attachment mtli_pdf\" target=\"_blank\" rel=\"noopener\">Narz\u0119dzia generatywnej AI<\/a> &#8211; [a<span style=\"font-size: 10pt;\">ktualizacja 08.05.2026<\/span>] \r\n                                <div class=\"mt-3\"><\/div>\r\n                            <\/div>\r\n                            \r\n                            \r\n                        <\/div>\r\n                    <\/div>\r\n                <\/div>\r\n                <div class=\"text-modules \">\r\n                    <div class=\"container\">\r\n                         \r\n                        <div class=\"row m-0\">\r\n                            <div class=\"text-modules__content\">\r\n                                <strong><span style=\"font-size: 12pt;\">Obszar: Ekspresja tw\u00f3rcza i krytyczne my\u015blenie<\/span><\/strong><\/p>\n<p><a href=\"https:\/\/us.edu.pl\/kolegium\/kdo\/wp-content\/uploads\/sites\/75\/harmonogramy\/lato-25-26\/LATO_26L_Wyjscie-z-komfortocenu.pdf\" class=\"mtli_attachment mtli_pdf\" target=\"_blank\" rel=\"noopener\">Wyj\u015bcie z komfortocenu<\/a> &#8211; [<span style=\"font-size: 10pt;\">aktualizacja 23.04.2026<\/span>]<\/p>\n<p><a href=\"https:\/\/us.edu.pl\/kolegium\/kdo\/wp-content\/uploads\/sites\/75\/harmonogramy\/lato-25-26\/LATO_26L_-Sztuka-krytycznego-myslenia.pdf\" class=\"mtli_attachment mtli_pdf\" target=\"_blank\" rel=\"noopener\">Sztuka krytycznego my\u015blenia<\/a> &#8211; [<span style=\"font-size: 10pt;\">aktualizacja 23.04.2026<\/span>]<\/p>\n<p><a href=\"https:\/\/us.edu.pl\/kolegium\/kdo\/wp-content\/uploads\/sites\/75\/harmonogramy\/lato-25-26\/LATO_26L_-Argumentacja-i-perswazja-2.pdf\" class=\"mtli_attachment mtli_pdf\" target=\"_blank\" rel=\"noopener\">Argumentacja i perswazja<\/a> &#8211; [<span style=\"font-size: 10pt;\">aktualizacja 05.05.2026<\/span>]<\/p>\n<p><a href=\"https:\/\/us.edu.pl\/kolegium\/kdo\/wp-content\/uploads\/sites\/75\/harmonogramy\/lato-25-26\/LATO_26L_Sztuka_czytania-1.pdf\" class=\"mtli_attachment mtli_pdf\" target=\"_blank\" rel=\"noopener\">Sztuka czytania<\/a> &#8211; [<span style=\"font-size: 10pt;\">aktualizacja 05.05.2026<\/span>] \r\n                                <div class=\"mt-3\"><\/div>\r\n                            <\/div>\r\n                            \r\n                            \r\n                        <\/div>\r\n                    <\/div>\r\n                <\/div>\r\n                <div class=\"text-modules \">\r\n                    <div class=\"container\">\r\n                         \r\n                        <div class=\"row m-0\">\r\n                            <div class=\"text-modules__content\">\r\n                                <strong><span style=\"font-size: 12pt;\">Obszar: Granice nauki<\/span><\/strong><\/p>\n<p><a href=\"https:\/\/us.edu.pl\/kolegium\/kdo\/wp-content\/uploads\/sites\/75\/harmonogramy\/lato-25-26\/LATO_26L_Nauka_i_pseudonauka.pdf\" class=\"mtli_attachment mtli_pdf\" target=\"_blank\" rel=\"noopener\">Nauka i pseudonauka<\/a> &#8211; [<span style=\"font-size: 10pt;\">aktualizacja 23.04.2026<\/span>]<\/p>\n<p><a href=\"https:\/\/us.edu.pl\/kolegium\/kdo\/wp-content\/uploads\/sites\/75\/harmonogramy\/lato-25-26\/LATO_26L_Zrozumiec_Noblistow-3.pdf\" class=\"mtli_attachment mtli_pdf\" target=\"_blank\" rel=\"noopener\">Zrozumie\u0107 Noblist\u00f3w<\/a> &#8211; [<span style=\"font-size: 10pt;\">aktualizacja 07.05.2026<\/span>]<\/p>\n<p><a href=\"https:\/\/us.edu.pl\/kolegium\/kdo\/wp-content\/uploads\/sites\/75\/harmonogramy\/lato-25-26\/LATO_26L_Nauka-i-sztuka.pdf\" class=\"mtli_attachment mtli_pdf\" target=\"_blank\" rel=\"noopener\">Nauka i sztuka<\/a> &#8211; [<span style=\"font-size: 10pt;\">aktualizacja 23.04.2026<\/span>]<\/p>\n<p><a href=\"https:\/\/us.edu.pl\/kolegium\/kdo\/wp-content\/uploads\/sites\/75\/harmonogramy\/lato-25-26\/LATO_26L_Zdiagnozuj-i-wylecz-najnowsza-technologia-w-sluzbie-zdrowia-2.pdf\" class=\"mtli_attachment mtli_pdf\" target=\"_blank\" rel=\"noopener\">Zdiagnozuj i wylecz &#8211; najnowsze technologie w s\u0142u\u017cbie zdrowia<\/a> &#8211; [<span style=\"font-size: 10pt;\">aktualizacja 07.05.2026<\/span>] \r\n                                <div class=\"mt-3\"><\/div>\r\n                            <\/div>\r\n                            \r\n                            \r\n                        <\/div>\r\n                    <\/div>\r\n                <\/div><div class=\"container\"><div class=\"separator\" style=\"background-color: #EBEBEB\"><\/div><\/div>\r\n                <div class=\"text-modules \">\r\n                    <div class=\"container\">\r\n                         \r\n                        <div class=\"row m-0\">\r\n                            <div class=\"text-modules__content\">\r\n                                <a href=\"https:\/\/us.edu.pl\/kolegium\/kdo\/wp-content\/uploads\/sites\/75\/harmonogramy\/lato-25-26\/Lato-25-26-Eng-1.pdf\" class=\"mtli_attachment mtli_pdf\" target=\"_blank\" rel=\"noopener\"><strong><span style=\"font-size: 12pt;\">Project Week Schedule<\/span><\/strong><\/a> \r\n                                <div class=\"mt-3\"><\/div>\r\n                            <\/div>\r\n                            \r\n                            \r\n                        <\/div>\r\n                    <\/div>\r\n                <\/div>[\/vc_column][vc_column width=&#8221;1\/2&#8243; el_class=&#8221;container&#8221;]\r\n                <div class=\"text-modules \">\r\n                    <div class=\"container\">\r\n                         \r\n                        <div class=\"row m-0\">\r\n                            <div class=\"text-modules__content\">\r\n                                <strong><span style=\"font-size: 12pt;\">Obszar: Zdrowie i rozw\u00f3j osobisty<\/span><\/strong><\/p>\n<p><a href=\"https:\/\/us.edu.pl\/kolegium\/kdo\/wp-content\/uploads\/sites\/75\/harmonogramy\/lato-25-26\/LATO_26L_Rozwoj-osobisty-1.pdf\" class=\"mtli_attachment mtli_pdf\" target=\"_blank\" rel=\"noopener\">Rozw\u00f3j osobisty<\/a> &#8211; [<span style=\"font-size: 10pt;\">aktualizacja 08.05.2026<\/span>]<\/p>\n<p><a href=\"https:\/\/us.edu.pl\/kolegium\/kdo\/wp-content\/uploads\/sites\/75\/harmonogramy\/lato-25-26\/LATO_26L_Styl_zycia_a_zdrowie_czlowieka-1.pdf\" class=\"mtli_attachment mtli_pdf\" target=\"_blank\" rel=\"noopener\">Styl \u017cycia a zdrowie cz\u0142owieka<\/a> &#8211; [<span style=\"font-size: 10pt;\">aktualizacja 23.04.2026<\/span>]<\/p>\n<p><a href=\"https:\/\/us.edu.pl\/kolegium\/kdo\/wp-content\/uploads\/sites\/75\/2026\/04\/LATO_26L_Zarzadzanie-soba.pdf\" class=\"mtli_attachment mtli_pdf\" target=\"_blank\" rel=\"noopener\">Zarz\u0105dzanie sob\u0105<\/a> &#8211; [<span style=\"font-size: 10pt;\">aktualizacja 27.04.2026<\/span>]<\/p>\n<p><a href=\"https:\/\/us.edu.pl\/kolegium\/kdo\/wp-content\/uploads\/sites\/75\/harmonogramy\/lato-25-26\/LATO_26L_Bioetyczne-i-etyczne-1.pdf\" class=\"mtli_attachment mtli_pdf\" target=\"_blank\" rel=\"noopener\">Bioetyczne i etyczne aspekty \u017cycia i zdrowia<\/a> &#8211; [<span style=\"font-size: 10pt;\">aktualizacja 28.04.2026<\/span>] \r\n                                <div class=\"mt-3\"><\/div>\r\n                            <\/div>\r\n                            \r\n                            \r\n                        <\/div>\r\n                    <\/div>\r\n                <\/div>\r\n                <div class=\"text-modules \">\r\n                    <div class=\"container\">\r\n                         \r\n                        <div class=\"row m-0\">\r\n                            <div class=\"text-modules__content\">\r\n                                <span style=\"font-size: 12pt;\"><strong>Obszar: \u015arodowisko naturalne i technologie<\/strong><\/span><\/p>\n<p><a href=\"https:\/\/us.edu.pl\/kolegium\/kdo\/wp-content\/uploads\/sites\/75\/harmonogramy\/lato-25-26\/LATO_26L_Katastrofalne-zywioly.pdf\" class=\"mtli_attachment mtli_pdf\" target=\"_blank\" rel=\"noopener\">Katastrofalne \u017cywio\u0142y<\/a> &#8211; [<span style=\"font-size: 10pt;\">aktualizacja 23.04.2026<\/span>]<\/p>\n<p><a href=\"https:\/\/us.edu.pl\/kolegium\/kdo\/wp-content\/uploads\/sites\/75\/harmonogramy\/lato-25-26\/LATO_26L_Zielone-technologie-1.pdf\" class=\"mtli_attachment mtli_pdf\" target=\"_blank\" rel=\"noopener\">Zielone technologie<\/a> &#8211; [<span style=\"font-size: 10pt;\">aktualizacja 24.04.2026<\/span>]<\/p>\n<p><a href=\"https:\/\/us.edu.pl\/kolegium\/kdo\/wp-content\/uploads\/sites\/75\/harmonogramy\/lato-25-26\/LATO_26L_Zrownowazony-rozwoj.pdf\" class=\"mtli_attachment mtli_pdf\" target=\"_blank\" rel=\"noopener\">Zr\u00f3wnowa\u017cony rozw\u00f3j<\/a> &#8211; [<span style=\"font-size: 10pt;\">aktualizacja 23.04.2026<\/span>]<\/p>\n<p><a href=\"https:\/\/us.edu.pl\/kolegium\/kdo\/wp-content\/uploads\/sites\/75\/harmonogramy\/lato-25-26\/LATO_26L_Woda-klucz-do-zycia-1-1.pdf\" class=\"mtli_attachment mtli_pdf\" target=\"_blank\" rel=\"noopener\">Woda klucz do \u017cycia<\/a> &#8211; [<span style=\"font-size: 10pt;\">aktualizacja 08.05.2026<\/span>] \r\n                                <div class=\"mt-3\"><\/div>\r\n                            <\/div>\r\n                            \r\n                            \r\n                        <\/div>\r\n                    <\/div>\r\n                <\/div>\r\n                <div class=\"text-modules \">\r\n                    <div class=\"container\">\r\n                         \r\n                        <div class=\"row m-0\">\r\n                            <div class=\"text-modules__content\">\r\n                                <span style=\"font-size: 12pt;\"><strong>Obszar: Spo\u0142ecze\u0144stwo obywatelskie i przedsi\u0119biorczo\u015b\u0107<\/strong><\/span><\/p>\n<p><a href=\"https:\/\/us.edu.pl\/kolegium\/kdo\/wp-content\/uploads\/sites\/75\/harmonogramy\/lato-25-26\/LATO_26L_Przedsiebiorczosc-1.pdf\" class=\"mtli_attachment mtli_pdf\" target=\"_blank\" rel=\"noopener\">Przedsi\u0119biorczo\u015b\u0107<\/a> &#8211; [<span style=\"font-size: 10pt;\">aktualizacja 06.05.2026<\/span>]<\/p>\n<p><a href=\"https:\/\/us.edu.pl\/kolegium\/kdo\/wp-content\/uploads\/sites\/75\/harmonogramy\/lato-25-26\/LATO_26L_Vademecum-Prawa-1.pdf\" class=\"mtli_attachment mtli_pdf\" target=\"_blank\" rel=\"noopener\">Vademecum prawa<\/a> &#8211; [<span style=\"font-size: 10pt;\">aktualizacja 07.05.2026<\/span>]<\/p>\n<p><a href=\"https:\/\/us.edu.pl\/kolegium\/kdo\/wp-content\/uploads\/sites\/75\/harmonogramy\/lato-25-26\/LATO_26L_Prawa-czlowieka-1-1.pdf\" class=\"mtli_attachment mtli_pdf\" target=\"_blank\" rel=\"noopener\">Prawa cz\u0142owieka<\/a> &#8211; [<span style=\"font-size: 10pt;\">aktualizacja 06.05.2026<\/span>]<\/p>\n<p>Partycypacja spo\u0142eczna w praktyce &#8211; <a href=\"https:\/\/us.edu.pl\/kolegium\/kdo\/ksztalcenie-obszarowe\/tydzien-projektowy-2024\/partycypacja-spoleczna-w-praktyce\/\">inna forma realizacji modu\u0142u<\/a> \r\n                                <div class=\"mt-3\"><\/div>\r\n                            <\/div>\r\n                            \r\n                            \r\n                        <\/div>\r\n                    <\/div>\r\n                <\/div>[\/vc_column][\/vc_row][vc_row][vc_column]<div class=\"container\"><div class=\"separator\" style=\"background-color: #EBEBEB\"><\/div><\/div>[\/vc_column][\/vc_row][vc_row el_class=&#8221;container&#8221;][vc_column el_class=&#8221;container&#8221;][vc_raw_html css=&#8221;.vc_custom_1726651983981{margin-left: 15px !important;}&#8221;]JTNDaDMlMjBjbGFzcyUzRCUyMnN1YnRpdGxlJTIwdGV4dC1tb2R1bGVzX19zdWJ0aXRsZSUyMiUzRSUyMCUyMFNUVURJQSUyME5JRVNUQUNKT05BUk5FJTIwJTNDJTJGaDMlM0U=[\/vc_raw_html]\r\n                <div class=\"text-modules \">\r\n                    <div class=\"container\">\r\n                         \r\n                        <div class=\"row m-0\">\r\n                            <div class=\"text-modules__content\">\r\n                                <span style=\"font-size: 14pt;\"><strong>Harmonogram dla studi\u00f3w niestacjonarnych<\/strong><\/span><\/p>\n<p><a href=\"https:\/\/us.edu.pl\/kolegium\/kdo\/wp-content\/uploads\/sites\/75\/harmonogramy\/lato-25-26\/LATO_-25-26_-studia-niestacjonarne-PRAWO-1.pdf\" class=\"mtli_attachment mtli_pdf\" target=\"_blank\" rel=\"noopener\"><span style=\"font-size: 12pt;\">Harmonogram dla student\u00f3w PRAWA<\/span><\/a><span style=\"font-size: 12pt;\"> &#8211; <span style=\"font-size: 10pt;\">[aktualizacja 04.03.2026]<\/span><\/span><\/p>\n<p><a href=\"https:\/\/us.edu.pl\/kolegium\/kdo\/wp-content\/uploads\/sites\/75\/harmonogramy\/lato-25-26\/Harmonogram-studiow-niestacjonarnych-POZOSTALE-3.pdf\" class=\"mtli_attachment mtli_pdf\" target=\"_blank\" rel=\"noopener\"><span style=\"font-size: 12pt;\">Harmonogram dla pozosta\u0142ych kierunk\u00f3w<\/span><\/a>\u00a0 &#8211; [<span style=\"font-size: 10pt;\">aktualizacja 04.05.2026<\/span> ] \r\n                                <div class=\"mt-3\"><\/div>\r\n                            <\/div>\r\n                            \r\n                            \r\n                        <\/div>\r\n                    <\/div>\r\n                <\/div>[\/vc_column][\/vc_row]<\/p>","protected":false},"excerpt":{"rendered":"<p>[vc_row el_class=&#8221;container&#8221;][vc_column][vc_raw_html]JTNDaDIlMjBjbGFzcyUzRCUyMnNpbmdsZS10aXRsZSUyMCUyMiUzRUhhcm1vbm9ncmFteSUyMC0lMjBUeWR6aWUlQzUlODQlMjBwcm9qZWt0b3d5JTIwOS0xNiUyMG1haiUyMDIwMjYlMjAlM0MlMkZoMiUzRQ==[\/vc_raw_html][\/vc_column][\/vc_row][vc_row el_class=&#8221;container&#8221;][vc_column width=&#8221;1\/2&#8243; el_class=&#8221;container&#8221;][\/vc_column][vc_column width=&#8221;1\/2&#8243; el_class=&#8221;container&#8221;][\/vc_column][\/vc_row][vc_row][vc_column][\/vc_column][\/vc_row][vc_row el_class=&#8221;container&#8221;][vc_column el_class=&#8221;container&#8221;][vc_raw_html css=&#8221;.vc_custom_1726651983981{margin-left: 15px !important;}&#8221;]JTNDaDMlMjBjbGFzcyUzRCUyMnN1YnRpdGxlJTIwdGV4dC1tb2R1bGVzX19zdWJ0aXRsZSUyMiUzRSUyMCUyMFNUVURJQSUyME5JRVNUQUNKT05BUk5FJTIwJTNDJTJGaDMlM0U=[\/vc_raw_html][\/vc_column][\/vc_row] [&#8230;]<\/p>\n<p><a class=\"btn btn-secondary understrap-read-more-link\" href=\"https:\/\/us.edu.pl\/kolegium\/kdo\/harmonogramy-tydzien-projektowy\/\">Read More&#8230;<\/a><\/p>\n","protected":false},"author":6720,"featured_media":0,"parent":0,"menu_order":0,"comment_status":"closed","ping_status":"closed","template":"","meta":{"_expiration-date-status":"","_expiration-date":0,"_expiration-date-type":"","_expiration-date-categories":[],"_expiration-date-options":[]},"acf":[],"_links":{"self":[{"href":"https:\/\/us.edu.pl\/kolegium\/kdo\/wp-json\/wp\/v2\/pages\/6381"}],"collection":[{"href":"https:\/\/us.edu.pl\/kolegium\/kdo\/wp-json\/wp\/v2\/pages"}],"about":[{"href":"https:\/\/us.edu.pl\/kolegium\/kdo\/wp-json\/wp\/v2\/types\/page"}],"author":[{"embeddable":true,"href":"https:\/\/us.edu.pl\/kolegium\/kdo\/wp-json\/wp\/v2\/users\/6720"}],"replies":[{"embeddable":true,"href":"https:\/\/us.edu.pl\/kolegium\/kdo\/wp-json\/wp\/v2\/comments?post=6381"}],"version-history":[{"count":11,"href":"https:\/\/us.edu.pl\/kolegium\/kdo\/wp-json\/wp\/v2\/pages\/6381\/revisions"}],"predecessor-version":[{"id":9638,"href":"https:\/\/us.edu.pl\/kolegium\/kdo\/wp-json\/wp\/v2\/pages\/6381\/revisions\/9638"}],"wp:attachment":[{"href":"https:\/\/us.edu.pl\/kolegium\/kdo\/wp-json\/wp\/v2\/media?parent=6381"}],"curies":[{"name":"wp","href":"https:\/\/api.w.org\/{rel}","templated":true}]}}