{"id":6545,"date":"2025-04-08T09:38:57","date_gmt":"2025-04-08T07:38:57","guid":{"rendered":"https:\/\/us.edu.pl\/kolegium\/kdo\/?page_id=6545"},"modified":"2025-09-10T12:15:13","modified_gmt":"2025-09-10T10:15:13","slug":"vp-mikroposwiadczenie","status":"publish","type":"page","link":"https:\/\/us.edu.pl\/kolegium\/kdo\/mikroposwiadczenia\/vp-mikroposwiadczenie\/","title":{"rendered":"VP-Mikropo\u015bwiadczenie"},"content":{"rendered":"<p>[vc_row el_class=&#8221;container&#8221;][vc_column]\r\n                <div class=\"text-modules \">\r\n                    <div class=\"container\">\r\n                        <h3 class=\"section-title section-title_border-bottom\">Vademecum prawa<\/h3> \r\n                        <div class=\"row m-0\">\r\n                            <div class=\"text-modules__content\">\r\n                                <span style=\"font-size: 12pt;\">Mikropo\u015bwidaczenie mo\u017cliwe do uzyskania w ramach modu\u0142u Vademecum prawa dotyczy\u0107 b\u0119dzie prawa um\u00f3w.<\/span><\/p>\n<p><span style=\"font-size: 12pt;\">Poni\u017cej szczeg\u00f3\u0142owy opis tre\u015bci mikroprogramu wraz ze wskazaniem efekt\u00f3w uczenia si\u0119 i opisem procesu weryfikacji\u00a0<\/span><\/p>\n<p><span style=\"font-size: 12pt;\"><img class=\"alignnone size-medium wp-image-6513\" src=\"https:\/\/us.edu.pl\/kolegium\/kdo\/wp-content\/uploads\/sites\/75\/2025\/04\/VP-mikro-669x800.png\" alt=\"Prawne aspekty um\u00f3w w obrocie\" width=\"669\" height=\"800\" srcset=\"https:\/\/us.edu.pl\/kolegium\/kdo\/wp-content\/uploads\/sites\/75\/2025\/04\/VP-mikro-669x800.png 669w, https:\/\/us.edu.pl\/kolegium\/kdo\/wp-content\/uploads\/sites\/75\/2025\/04\/VP-mikro-768x918.png 768w, https:\/\/us.edu.pl\/kolegium\/kdo\/wp-content\/uploads\/sites\/75\/2025\/04\/VP-mikro-481x575.png 481w, https:\/\/us.edu.pl\/kolegium\/kdo\/wp-content\/uploads\/sites\/75\/2025\/04\/VP-mikro.png 792w\" sizes=\"(max-width: 669px) 100vw, 669px\" \/><\/span><\/p>\n<p>&nbsp;<\/p>\n<p><span style=\"font-size: 12pt;\">Osoby zainteresowane zapraszamy do zapoznania si\u0119 z nagraniem, w kt\u00f3rym dr hab. Magdalena B\u0105k, prof. U\u015a (pe\u0142nomocniczka Rektora ds. mikropo\u015bwiadcze\u0144),\u00a0 dr hab. Monika Jagielska, prof. U\u015a oraz dr Mateusz Zeifert (koordynator modu\u0142u Vademecum prawa) prezentuj\u0105 mikropo\u015bwiadczenie mo\u017cliwe do zdobycia w ramach modu\u0142u Vademecum prawa.<\/span><\/p>\n<p><a href=\"https:\/\/uniwersytetslaski-my.sharepoint.com\/:v:\/g\/personal\/katarzyna_sujkowska_o365_us_edu_pl\/EbCVrHuDkPVOtywDvhygzzUBjQ675BrR-XbQrRLEk0i5yg?e=jJVngz&amp;nav=eyJyZWZlcnJhbEluZm8iOnsicmVmZXJyYWxBcHAiOiJTdHJlYW1XZWJBcHAiLCJyZWZlcnJhbFZpZXciOiJTaGFyZURpYWxvZy1MaW5rIiwicmVmZXJyYWxBcHBQbGF0Zm9ybSI6IldlYiIsInJlZmVycmFsTW9kZSI6InZpZXcifX0%3D\">Mikropo\u015bwiadczenia &#8211; Vademecum prawa.mp4<\/a> \r\n                                <div class=\"mt-3\"><\/div>\r\n                            <\/div>\r\n                            \r\n                            \r\n                        <\/div>\r\n                    <\/div>\r\n                <\/div>[\/vc_column][\/vc_row][vc_row el_class=&#8221;container&#8221;][vc_column]\r\n                <div class=\"text-modules \">\r\n                    <div class=\"container\">\r\n                         \r\n                        <div class=\"row m-0\">\r\n                            <div class=\"text-modules__content\">\r\n                                <strong><span style=\"font-size: 14pt;\">Osoby zainteresowane uzyskaniem mikropo\u015bwiadczenia prosimy o przes\u0142anie zg\u0142oszenia\u00a0 <a href=\"https:\/\/forms.office.com\/Pages\/ResponsePage.aspx?id=kWLHUIAMRESi-0-KsWjDEY63DhO9Mo9Cig3ZlZ2mV6lUNDg3WkVKQ0lNSTZHWEEySThFU0NHQzBDNi4u\" target=\"_blank\" rel=\"noopener\">formularz zg\u0142oszeniowy<\/a><\/span><\/strong> \r\n                                <div class=\"mt-3\"><\/div>\r\n                            <\/div>\r\n                            \r\n                            \r\n                        <\/div>\r\n                    <\/div>\r\n                <\/div>[\/vc_column][\/vc_row]<\/p>","protected":false},"excerpt":{"rendered":"<p>[vc_row el_class=&#8221;container&#8221;][vc_column][\/vc_column][\/vc_row][vc_row el_class=&#8221;container&#8221;][vc_column][\/vc_column][\/vc_row] [&#8230;]<\/p>\n<p><a class=\"btn btn-secondary understrap-read-more-link\" href=\"https:\/\/us.edu.pl\/kolegium\/kdo\/mikroposwiadczenia\/vp-mikroposwiadczenie\/\">Read More&#8230;<\/a><\/p>\n","protected":false},"author":6720,"featured_media":0,"parent":6509,"menu_order":0,"comment_status":"closed","ping_status":"closed","template":"","meta":{"_expiration-date-status":"","_expiration-date":0,"_expiration-date-type":"","_expiration-date-categories":[],"_expiration-date-options":[]},"acf":[],"_links":{"self":[{"href":"https:\/\/us.edu.pl\/kolegium\/kdo\/wp-json\/wp\/v2\/pages\/6545"}],"collection":[{"href":"https:\/\/us.edu.pl\/kolegium\/kdo\/wp-json\/wp\/v2\/pages"}],"about":[{"href":"https:\/\/us.edu.pl\/kolegium\/kdo\/wp-json\/wp\/v2\/types\/page"}],"author":[{"embeddable":true,"href":"https:\/\/us.edu.pl\/kolegium\/kdo\/wp-json\/wp\/v2\/users\/6720"}],"replies":[{"embeddable":true,"href":"https:\/\/us.edu.pl\/kolegium\/kdo\/wp-json\/wp\/v2\/comments?post=6545"}],"version-history":[{"count":10,"href":"https:\/\/us.edu.pl\/kolegium\/kdo\/wp-json\/wp\/v2\/pages\/6545\/revisions"}],"predecessor-version":[{"id":8035,"href":"https:\/\/us.edu.pl\/kolegium\/kdo\/wp-json\/wp\/v2\/pages\/6545\/revisions\/8035"}],"up":[{"embeddable":true,"href":"https:\/\/us.edu.pl\/kolegium\/kdo\/wp-json\/wp\/v2\/pages\/6509"}],"wp:attachment":[{"href":"https:\/\/us.edu.pl\/kolegium\/kdo\/wp-json\/wp\/v2\/media?parent=6545"}],"curies":[{"name":"wp","href":"https:\/\/api.w.org\/{rel}","templated":true}]}}