{"id":6625,"date":"2025-04-08T10:45:03","date_gmt":"2025-04-08T08:45:03","guid":{"rendered":"https:\/\/us.edu.pl\/kolegium\/kdo\/?page_id=6625"},"modified":"2025-09-10T12:19:15","modified_gmt":"2025-09-10T10:19:15","slug":"skm-mikroposwiadczenie","status":"publish","type":"page","link":"https:\/\/us.edu.pl\/kolegium\/kdo\/mikroposwiadczenia\/skm-mikroposwiadczenie\/","title":{"rendered":"SKM-Mikropo\u015bwiadczenie"},"content":{"rendered":"<p>[vc_row el_class=&#8221;container&#8221;][vc_column]\r\n                <div class=\"text-modules \">\r\n                    <div class=\"container\">\r\n                        <h3 class=\"section-title section-title_border-bottom\">Sztuka krytycznego my\u015blenia<\/h3> \r\n                        <div class=\"row m-0\">\r\n                            <div class=\"text-modules__content\">\r\n                                <span style=\"font-size: 12pt;\">Mikropo\u015bwidaczenie mo\u017cliwe do uzyskania w ramach modu\u0142u Sztuka krytycznego my\u015blenia pozwoli na zdobycie umiej\u0119tno\u015bci wspomagaj\u0105cych krytyczn\u0105 analiz\u0119.\u00a0<\/span><\/p>\n<p><span style=\"font-size: 12pt;\">Poni\u017cej szczeg\u00f3\u0142owy opis tre\u015bci mikroprogramu wraz ze wskazaniem efekt\u00f3w uczenia si\u0119 i opisem procesu weryfikacji:<\/span><\/p>\n<p><span style=\"font-size: 12pt;\"><img class=\"alignnone size-medium wp-image-6621\" src=\"https:\/\/us.edu.pl\/kolegium\/kdo\/wp-content\/uploads\/sites\/75\/2025\/04\/SKM-Mikro-530x800.png\" alt=\"\" width=\"530\" height=\"800\" srcset=\"https:\/\/us.edu.pl\/kolegium\/kdo\/wp-content\/uploads\/sites\/75\/2025\/04\/SKM-Mikro-530x800.png 530w, https:\/\/us.edu.pl\/kolegium\/kdo\/wp-content\/uploads\/sites\/75\/2025\/04\/SKM-Mikro-381x575.png 381w, https:\/\/us.edu.pl\/kolegium\/kdo\/wp-content\/uploads\/sites\/75\/2025\/04\/SKM-Mikro.png 562w\" sizes=\"(max-width: 530px) 100vw, 530px\" \/><\/span><\/p>\n<p><span style=\"font-size: 12pt;\">Osoby zainteresowane zapraszamy do zapoznania si\u0119 z nagraniem, w kt\u00f3rym dr Katarzyna Sujkowska, prof. U\u015a (dyrektorka Kolegium Dydaktyki Og\u00f3lnouniwersyteckiej), dr hab. Magdalena B\u0105k, prof. U\u015a (pe\u0142nomocniczka Rektora ds. mikropo\u015bwiadcze\u0144) oraz dr Szymon Maku\u0142a (koordynator modu\u0142u Sztuka krytycznego my\u015blenia) prezentuj\u0105 mikropo\u015bwiadczenie mo\u017cliwe do zdobycia w ramach modu\u0142u.<\/span><\/p>\n<p><a href=\"https:\/\/uniwersytetslaski-my.sharepoint.com\/:v:\/g\/personal\/katarzyna_sujkowska_o365_us_edu_pl\/EdBQb13YflFLqV_d7hK8uRwBA_yRZm5dVrlWtPoFSrBcMg?e=MmuM6L&amp;nav=eyJyZWZlcnJhbEluZm8iOnsicmVmZXJyYWxBcHAiOiJTdHJlYW1XZWJBcHAiLCJyZWZlcnJhbFZpZXciOiJTaGFyZURpYWxvZy1MaW5rIiwicmVmZXJyYWxBcHBQbGF0Zm9ybSI6IldlYiIsInJlZmVycmFsTW9kZSI6InZpZXcifX0%3D\">Mikropo\u015bwiadczenie-krytyczne my\u015blenie.mp4<\/a> \r\n                                <div class=\"mt-3\"><\/div>\r\n                            <\/div>\r\n                            \r\n                            \r\n                        <\/div>\r\n                    <\/div>\r\n                <\/div>[\/vc_column][\/vc_row][vc_row el_class=&#8221;container&#8221;][vc_column]\r\n                <div class=\"text-modules \">\r\n                    <div class=\"container\">\r\n                         \r\n                        <div class=\"row m-0\">\r\n                            <div class=\"text-modules__content\">\r\n                                <strong><span style=\"font-size: 14pt;\">Osoby zainteresowane uzyskaniem mikropo\u015bwiadczenia prosimy o przes\u0142anie zg\u0142oszenia\u00a0 <a href=\"https:\/\/forms.office.com\/Pages\/ResponsePage.aspx?id=kWLHUIAMRESi-0-KsWjDEY63DhO9Mo9Cig3ZlZ2mV6lUNDg3WkVKQ0lNSTZHWEEySThFU0NHQzBDNi4u\" target=\"_blank\" rel=\"noopener\">formularz zg\u0142oszeniowy<\/a>.<\/span><\/strong> \r\n                                <div class=\"mt-3\"><\/div>\r\n                            <\/div>\r\n                            \r\n                            \r\n                        <\/div>\r\n                    <\/div>\r\n                <\/div>[\/vc_column][\/vc_row]<\/p>","protected":false},"excerpt":{"rendered":"<p>[vc_row el_class=&#8221;container&#8221;][vc_column][\/vc_column][\/vc_row][vc_row el_class=&#8221;container&#8221;][vc_column][\/vc_column][\/vc_row] [&#8230;]<\/p>\n<p><a class=\"btn btn-secondary understrap-read-more-link\" href=\"https:\/\/us.edu.pl\/kolegium\/kdo\/mikroposwiadczenia\/skm-mikroposwiadczenie\/\">Read More&#8230;<\/a><\/p>\n","protected":false},"author":6720,"featured_media":0,"parent":6509,"menu_order":0,"comment_status":"closed","ping_status":"closed","template":"","meta":{"_expiration-date-status":"","_expiration-date":0,"_expiration-date-type":"","_expiration-date-categories":[],"_expiration-date-options":[]},"acf":[],"_links":{"self":[{"href":"https:\/\/us.edu.pl\/kolegium\/kdo\/wp-json\/wp\/v2\/pages\/6625"}],"collection":[{"href":"https:\/\/us.edu.pl\/kolegium\/kdo\/wp-json\/wp\/v2\/pages"}],"about":[{"href":"https:\/\/us.edu.pl\/kolegium\/kdo\/wp-json\/wp\/v2\/types\/page"}],"author":[{"embeddable":true,"href":"https:\/\/us.edu.pl\/kolegium\/kdo\/wp-json\/wp\/v2\/users\/6720"}],"replies":[{"embeddable":true,"href":"https:\/\/us.edu.pl\/kolegium\/kdo\/wp-json\/wp\/v2\/comments?post=6625"}],"version-history":[{"count":5,"href":"https:\/\/us.edu.pl\/kolegium\/kdo\/wp-json\/wp\/v2\/pages\/6625\/revisions"}],"predecessor-version":[{"id":8036,"href":"https:\/\/us.edu.pl\/kolegium\/kdo\/wp-json\/wp\/v2\/pages\/6625\/revisions\/8036"}],"up":[{"embeddable":true,"href":"https:\/\/us.edu.pl\/kolegium\/kdo\/wp-json\/wp\/v2\/pages\/6509"}],"wp:attachment":[{"href":"https:\/\/us.edu.pl\/kolegium\/kdo\/wp-json\/wp\/v2\/media?parent=6625"}],"curies":[{"name":"wp","href":"https:\/\/api.w.org\/{rel}","templated":true}]}}