{"id":7597,"date":"2025-05-13T15:39:14","date_gmt":"2025-05-13T13:39:14","guid":{"rendered":"https:\/\/us.edu.pl\/kolegium\/kdo\/?page_id=7597"},"modified":"2025-05-20T12:29:51","modified_gmt":"2025-05-20T10:29:51","slug":"moduly-nauczycielskie","status":"publish","type":"page","link":"https:\/\/us.edu.pl\/kolegium\/kdo\/zapraszamy-do-wspolpracy\/moduly-nauczycielskie\/","title":{"rendered":"Modu\u0142y nauczycielskie"},"content":{"rendered":"<p>[vc_row el_class=&#8221;container&#8221;][vc_column]\r\n                <div class=\"text-modules \">\r\n                    <div class=\"container\">\r\n                         \r\n                        <div class=\"row m-0\">\r\n                            <div class=\"text-modules__content\">\r\n                                <span style=\"font-size: 14pt;\"><strong>Koordynatorka modu\u0142\u00f3w: dr hab. Jolanta Skutnik, prof. U\u015a\u00a0<\/strong><\/span><\/p>\n<p>&nbsp;<\/p>\n<ol>\n<li><span style=\"font-size: 12pt;\">Pedagogika &#8211; wyk\u0142ad 15h, \u0107wiczenia 30h <\/span><span style=\"font-size: 12pt;\">(semestr letni)\u00a0 \u00a0<a href=\"https:\/\/us.edu.pl\/kolegium\/kdo\/wp-content\/uploads\/sites\/75\/pliki\/Nauczycielskie\/KN-Pedagogika-1.pdf\" class=\"mtli_attachment mtli_pdf\" target=\"_blank\" rel=\"noopener\"><em>OPIS<\/em><\/a><\/span><\/li>\n<li><span style=\"font-size: 12pt;\">Pedagogika &#8211; warsztaty 15h (semestr zimowy) \u00a0\u00a0<a href=\"https:\/\/us.edu.pl\/kolegium\/kdo\/wp-content\/uploads\/sites\/75\/pliki\/Nauczycielskie\/KN-Warsztaty-pedagogiczne-1.pdf\" class=\"mtli_attachment mtli_pdf\" target=\"_blank\" rel=\"noopener\"><em>OPIS<\/em><\/a><\/span><\/li>\n<li><span style=\"font-size: 12pt;\">Psychologia &#8211; wyk\u0142ad 15h, \u0107wiczenia 30h (semestr letni)\u00a0 <a href=\"https:\/\/us.edu.pl\/kolegium\/kdo\/wp-content\/uploads\/sites\/75\/pliki\/Nauczycielskie\/KN-Psychologia-1.pdf\" class=\"mtli_attachment mtli_pdf\" target=\"_blank\" rel=\"noopener\"><em>OPIS<\/em><\/a><\/span><\/li>\n<li><span style=\"font-size: 12pt;\">Psychologia &#8211; warsztaty 15h (semestr zimowy)\u00a0 <a href=\"https:\/\/us.edu.pl\/kolegium\/kdo\/wp-content\/uploads\/sites\/75\/pliki\/Nauczycielskie\/KN-Warsztaty-psychologiczne-1.pdf\" class=\"mtli_attachment mtli_pdf\" target=\"_blank\" rel=\"noopener\"><em>OPIS<\/em><\/a><\/span><\/li>\n<li><span style=\"font-size: 12pt;\">Dydaktyka og\u00f3lna &#8211; wyk\u0142ad 15h, konwersatorium 15h (semestr zimowy) \u00a0<a href=\"https:\/\/us.edu.pl\/kolegium\/kdo\/wp-content\/uploads\/sites\/75\/pliki\/Nauczycielskie\/KN-Podstawy-Dydaktyki.pdf\" class=\"mtli_attachment mtli_pdf\" target=\"_blank\" rel=\"noopener\"><em>OPIS<\/em><\/a><\/span><\/li>\n<li><span style=\"font-size: 12pt;\">Emisja g\u0142osu &#8211; \u0107wiczenia 30h (semestr letni)\u00a0 <a href=\"https:\/\/us.edu.pl\/kolegium\/kdo\/wp-content\/uploads\/sites\/75\/pliki\/Nauczycielskie\/KN-Emisja-glosu.pdf\" class=\"mtli_attachment mtli_pdf\" target=\"_blank\" rel=\"noopener\"><em>OPIS<\/em><\/a><\/span><\/li>\n<li><span style=\"font-size: 12pt;\">Pierwsza pomoc przedmedyczna &#8211; \u0107wiczenia 15h (semestr letni)\u00a0 <a href=\"https:\/\/us.edu.pl\/kolegium\/kdo\/wp-content\/uploads\/sites\/75\/pliki\/Nauczycielskie\/KN-Pierwsza-pomoc-przedmedyczna.pdf\" class=\"mtli_attachment mtli_pdf\" target=\"_blank\" rel=\"noopener\"><em>OPIS<\/em><\/a><\/span><\/li>\n<\/ol>\n<div class=\"mt-3\"><\/div>\r\n                            <\/div>\r\n                            \r\n                            \r\n                        <\/div>\r\n                    <\/div>\r\n                <\/div>[\/vc_column][\/vc_row][vc_row el_class=&#8221;container&#8221;][vc_column][vc_btn title=&#8221;Zg\u0142aszam si\u0119&#8221; color=&#8221;pink&#8221; size=&#8221;lg&#8221; align=&#8221;center&#8221; link=&#8221;url:https%3A%2F%2Fforms.office.com%2Fe%2Fvn1hydAFxH&#8221; el_class=&#8221;container&#8221;][\/vc_column][\/vc_row]<\/p>","protected":false},"excerpt":{"rendered":"<p>[vc_row el_class=&#8221;container&#8221;][vc_column][\/vc_column][\/vc_row][vc_row el_class=&#8221;container&#8221;][vc_column][vc_btn title=&#8221;Zg\u0142aszam si\u0119&#8221; color=&#8221;pink&#8221; size=&#8221;lg&#8221; align=&#8221;center&#8221; link=&#8221;url:https%3A%2F%2Fforms.office.com%2Fe%2Fvn1hydAFxH&#8221; el_class=&#8221;container&#8221;][\/vc_column][\/vc_row] [&#8230;]<\/p>\n<p><a class=\"btn btn-secondary understrap-read-more-link\" href=\"https:\/\/us.edu.pl\/kolegium\/kdo\/zapraszamy-do-wspolpracy\/moduly-nauczycielskie\/\">Read More&#8230;<\/a><\/p>\n","protected":false},"author":6720,"featured_media":0,"parent":5993,"menu_order":0,"comment_status":"closed","ping_status":"closed","template":"","meta":{"_expiration-date-status":"","_expiration-date":0,"_expiration-date-type":"","_expiration-date-categories":[],"_expiration-date-options":[]},"acf":[],"_links":{"self":[{"href":"https:\/\/us.edu.pl\/kolegium\/kdo\/wp-json\/wp\/v2\/pages\/7597"}],"collection":[{"href":"https:\/\/us.edu.pl\/kolegium\/kdo\/wp-json\/wp\/v2\/pages"}],"about":[{"href":"https:\/\/us.edu.pl\/kolegium\/kdo\/wp-json\/wp\/v2\/types\/page"}],"author":[{"embeddable":true,"href":"https:\/\/us.edu.pl\/kolegium\/kdo\/wp-json\/wp\/v2\/users\/6720"}],"replies":[{"embeddable":true,"href":"https:\/\/us.edu.pl\/kolegium\/kdo\/wp-json\/wp\/v2\/comments?post=7597"}],"version-history":[{"count":10,"href":"https:\/\/us.edu.pl\/kolegium\/kdo\/wp-json\/wp\/v2\/pages\/7597\/revisions"}],"predecessor-version":[{"id":7785,"href":"https:\/\/us.edu.pl\/kolegium\/kdo\/wp-json\/wp\/v2\/pages\/7597\/revisions\/7785"}],"up":[{"embeddable":true,"href":"https:\/\/us.edu.pl\/kolegium\/kdo\/wp-json\/wp\/v2\/pages\/5993"}],"wp:attachment":[{"href":"https:\/\/us.edu.pl\/kolegium\/kdo\/wp-json\/wp\/v2\/media?parent=7597"}],"curies":[{"name":"wp","href":"https:\/\/api.w.org\/{rel}","templated":true}]}}