{"id":763,"date":"2024-07-09T12:27:15","date_gmt":"2024-07-09T10:27:15","guid":{"rendered":"https:\/\/us.edu.pl\/kolegium\/kdo\/?page_id=763"},"modified":"2025-02-12T13:48:15","modified_gmt":"2025-02-12T12:48:15","slug":"ksztalcenie-nauczycielskie","status":"publish","type":"page","link":"https:\/\/us.edu.pl\/kolegium\/kdo\/ksztalcenie-nauczycielskie\/","title":{"rendered":"Kszta\u0142cenie nauczycielskie"},"content":{"rendered":"<p>[vc_row el_class=&#8221;container&#8221;][vc_column][vc_column_text]<\/p>\n<div class=\"container\">\n<h1 style=\"text-align: left;\"><strong>Kszta\u0142cenie nauczycielskie<\/strong><\/h1>\n<\/div>\n<p>[\/vc_column_text][\/vc_column][\/vc_row][vc_row css=&#8221;.vc_custom_1727271235538{margin-right: 100px !important;}&#8221; el_class=&#8221;container&#8221;][vc_column width=&#8221;5\/6&#8243;]\r\n                <div class=\"tiles-section\" style=\"background: \">\r\n                    <div class=\"container\">\r\n                        <h3 class=\"page-title\"><\/h3>\r\n                        <div class=\"tiles tiles-2\">\r\n                            <a href=\"https:\/\/us.edu.pl\/kolegium\/kdo\/ksztalcenie-nauczycielskie\/dla-kogo\/\" class=\"tile tile_ justify-content-center\" style=\"background-color: #EBEBEB; font-weight: bold; color: #002E5A;  \">\r\n                                \r\n                                   \r\n                               \r\n                                <div class=\"tile__name\">Opis kszta\u0142cenia nauczycielskiego <\/div>\r\n                            <\/a>\r\n                            <a href=\"https:\/\/us.edu.pl\/kolegium\/kdo\/ksztalcenie-nauczycielskie\/harmonogramy-kn\/\" class=\"tile tile_ justify-content-center\" style=\"background-color: #EBEBEB; font-weight: bold; color: #002E5A;  \">\r\n                                \r\n                                   \r\n                               \r\n                                <div class=\"tile__name\">Harmonogramy zaj\u0119\u0107 w bloku kszta\u0142cenia nauczycielskiego<\/div>\r\n                            <\/a>\r\n                            <a href=\"https:\/\/us.edu.pl\/kolegium\/kdo\/ksztalcenie-nauczycielskie\/pliki-do-pobrania\/\" class=\"tile tile_ justify-content-center\" style=\"background-color: #EBEBEB; font-weight: bold; color: #002E5A;  \">\r\n                                \r\n                                   \r\n                               \r\n                                <div class=\"tile__name\">Dokumenty do pobrania<\/div>\r\n                            <\/a>\r\n                            <a href=\"https:\/\/us.edu.pl\/kolegium\/kdo\/ksztalcenie-nauczycielskie\/kontakt-z-zespolem-ksztalcenia-nauczycielskiego\/\" class=\"tile tile_ justify-content-center\" style=\"background-color: #EBEBEB; font-weight: bold; color: #002E5A;  \">\r\n                                \r\n                                   \r\n                               \r\n                                <div class=\"tile__name\">Kontakt z Zespo\u0142em ds. kszta\u0142cenia nauczycieli<\/div>\r\n                            <\/a><\/div>\r\n                    <\/div>\r\n                <\/div>[\/vc_column][vc_column width=&#8221;1\/6&#8243;][\/vc_column][\/vc_row][vc_row][vc_column]<div class=\"container\"><div class=\"separator\" style=\"background-color: #ebebeb\"><\/div><\/div>[\/vc_column][\/vc_row]<\/p>","protected":false},"excerpt":{"rendered":"<p>[vc_row el_class=&#8221;container&#8221;][vc_column][vc_column_text] Kszta\u0142cenie nauczycielskie [\/vc_column_text][\/vc_column][\/vc_row][vc_row css=&#8221;.vc_custom_1727271235538{margin-right: 100px !important;}&#8221; el_class=&#8221;container&#8221;][vc_column width=&#8221;5\/6&#8243;][\/vc_column][vc_column width=&#8221;1\/6&#8243;][\/vc_column][\/vc_row][vc_row][vc_column][\/vc_column][\/vc_row] [&#8230;]<\/p>\n<p><a class=\"btn btn-secondary understrap-read-more-link\" href=\"https:\/\/us.edu.pl\/kolegium\/kdo\/ksztalcenie-nauczycielskie\/\">Read More&#8230;<\/a><\/p>\n","protected":false},"author":6720,"featured_media":0,"parent":0,"menu_order":0,"comment_status":"closed","ping_status":"closed","template":"","meta":{"_expiration-date-status":"","_expiration-date":0,"_expiration-date-type":"","_expiration-date-categories":[],"_expiration-date-options":[]},"acf":[],"_links":{"self":[{"href":"https:\/\/us.edu.pl\/kolegium\/kdo\/wp-json\/wp\/v2\/pages\/763"}],"collection":[{"href":"https:\/\/us.edu.pl\/kolegium\/kdo\/wp-json\/wp\/v2\/pages"}],"about":[{"href":"https:\/\/us.edu.pl\/kolegium\/kdo\/wp-json\/wp\/v2\/types\/page"}],"author":[{"embeddable":true,"href":"https:\/\/us.edu.pl\/kolegium\/kdo\/wp-json\/wp\/v2\/users\/6720"}],"replies":[{"embeddable":true,"href":"https:\/\/us.edu.pl\/kolegium\/kdo\/wp-json\/wp\/v2\/comments?post=763"}],"version-history":[{"count":11,"href":"https:\/\/us.edu.pl\/kolegium\/kdo\/wp-json\/wp\/v2\/pages\/763\/revisions"}],"predecessor-version":[{"id":5137,"href":"https:\/\/us.edu.pl\/kolegium\/kdo\/wp-json\/wp\/v2\/pages\/763\/revisions\/5137"}],"wp:attachment":[{"href":"https:\/\/us.edu.pl\/kolegium\/kdo\/wp-json\/wp\/v2\/media?parent=763"}],"curies":[{"name":"wp","href":"https:\/\/api.w.org\/{rel}","templated":true}]}}