{"id":7921,"date":"2025-07-07T16:05:43","date_gmt":"2025-07-07T14:05:43","guid":{"rendered":"https:\/\/us.edu.pl\/kolegium\/kdo\/?page_id=7921"},"modified":"2025-07-07T16:09:39","modified_gmt":"2025-07-07T14:09:39","slug":"roznice-programowe-pytanie-6","status":"publish","type":"page","link":"https:\/\/us.edu.pl\/kolegium\/kdo\/roznice-programowe\/roznice-programowe-pytanie-6\/","title":{"rendered":"R\u00f3\u017cnice programowe pytanie 6"},"content":{"rendered":"<p>[vc_row el_class=&#8221;container&#8221;][vc_column]\r\n                <div class=\"text-modules\">\r\n                    <div class=\"container\">\r\n                        \r\n                        <div class=\"text-modules__content\"><p><strong><span style=\"font-size: 14pt;\">Co mam zrobi\u0107, aby uzyska\u0107 zaliczenie z modu\u0142u realizowanego w ramach zaj\u0119\u0107 obszarowych wspieraj\u0105cych kszta\u0142cenie kierunkowe?<\/span><\/strong><\/p>\n<p><span style=\"font-size: 12pt;\">INFORMACJE DOTYCZ\u0104CE ZALICZENIA MODU\u0141U REALIZOWANEGO W RAMACH ZAJ\u0118\u0106 OBSZAROWYCH WSPIERAJ\u0104CYCH KSZTA\u0141CENIE KIERUNKOWE<\/span><\/p>\n<p><span style=\"font-size: 12pt;\">a) Ka\u017cda Osoba studiuj\u0105ca ma obowi\u0105zek zapozna\u0107 si\u0119 z sylabusem, a w szczeg\u00f3lno\u015bci z sposobami weryfikacji efekt\u00f3w uczenia si\u0119. W zale\u017cno\u015bci od wybranego modu\u0142u sposoby zaliczania zaj\u0119\u0107 mog\u0105 by\u0107 r\u00f3\u017cne.<\/span><br \/>\n<span style=\"font-size: 12pt;\">b) W przypadku niezaliczenia testu ko\u0144cowego mo\u017cliwe jest przyst\u0105pienie do 2 terminu zaliczenia realizowanego w sesji poprawkowej<\/span><br \/>\n<span style=\"font-size: 12pt;\">c) Student\/studentka ma prawo zgodnie z Regulaminem studi\u00f3w w uzasadnionych przypadkach zawnioskowa\u0107 do Dziekana swojego wydzia\u0142u o zaliczenie komisyjne<\/span><\/p>\n<\/div>\r\n                    <\/div>\r\n                <\/div>[\/vc_column][\/vc_row]<\/p>","protected":false},"excerpt":{"rendered":"<p>[vc_row el_class=&#8221;container&#8221;][vc_column][\/vc_column][\/vc_row] [&#8230;]<\/p>\n<p><a class=\"btn btn-secondary understrap-read-more-link\" href=\"https:\/\/us.edu.pl\/kolegium\/kdo\/roznice-programowe\/roznice-programowe-pytanie-6\/\">Read More&#8230;<\/a><\/p>\n","protected":false},"author":6720,"featured_media":0,"parent":5741,"menu_order":0,"comment_status":"closed","ping_status":"closed","template":"","meta":{"_expiration-date-status":"","_expiration-date":0,"_expiration-date-type":"","_expiration-date-categories":[],"_expiration-date-options":[]},"acf":[],"_links":{"self":[{"href":"https:\/\/us.edu.pl\/kolegium\/kdo\/wp-json\/wp\/v2\/pages\/7921"}],"collection":[{"href":"https:\/\/us.edu.pl\/kolegium\/kdo\/wp-json\/wp\/v2\/pages"}],"about":[{"href":"https:\/\/us.edu.pl\/kolegium\/kdo\/wp-json\/wp\/v2\/types\/page"}],"author":[{"embeddable":true,"href":"https:\/\/us.edu.pl\/kolegium\/kdo\/wp-json\/wp\/v2\/users\/6720"}],"replies":[{"embeddable":true,"href":"https:\/\/us.edu.pl\/kolegium\/kdo\/wp-json\/wp\/v2\/comments?post=7921"}],"version-history":[{"count":3,"href":"https:\/\/us.edu.pl\/kolegium\/kdo\/wp-json\/wp\/v2\/pages\/7921\/revisions"}],"predecessor-version":[{"id":7957,"href":"https:\/\/us.edu.pl\/kolegium\/kdo\/wp-json\/wp\/v2\/pages\/7921\/revisions\/7957"}],"up":[{"embeddable":true,"href":"https:\/\/us.edu.pl\/kolegium\/kdo\/wp-json\/wp\/v2\/pages\/5741"}],"wp:attachment":[{"href":"https:\/\/us.edu.pl\/kolegium\/kdo\/wp-json\/wp\/v2\/media?parent=7921"}],"curies":[{"name":"wp","href":"https:\/\/api.w.org\/{rel}","templated":true}]}}