{"id":7925,"date":"2025-07-07T15:57:39","date_gmt":"2025-07-07T13:57:39","guid":{"rendered":"https:\/\/us.edu.pl\/kolegium\/kdo\/?page_id=7925"},"modified":"2025-07-07T15:57:39","modified_gmt":"2025-07-07T13:57:39","slug":"roznice-programowe-pytanie-5","status":"publish","type":"page","link":"https:\/\/us.edu.pl\/kolegium\/kdo\/roznice-programowe\/roznice-programowe-pytanie-5\/","title":{"rendered":"R\u00f3\u017cnice programowe pytanie 5"},"content":{"rendered":"<p>[vc_row el_class=&#8221;container&#8221;][vc_column]\r\n                <div class=\"text-modules\">\r\n                    <div class=\"container\">\r\n                        \r\n                        <div class=\"text-modules__content\"><p><span style=\"font-size: 14pt;\"><strong>Co zrobi\u0107, je\u015bli by\u0142em\/by\u0142am nieobecny\/nieobecna na zaj\u0119ciach w ramach kszta\u0142cenia obszarowego?<\/strong><\/span><\/p>\n<p>&nbsp;<\/p>\n<p><span style=\"font-size: 12pt;\">DZIA\u0141ANIA NIEZB\u0118DNE DO PODJ\u0118CIA PRZEZ OSOB\u0118 STUDIUJ\u0104C\u0104, KT\u00d3RA BY\u0141A NIEOBECNA NA ZAJ\u0118CIACH REALIZOWANYCH W RAMACH ZAJ\u0118\u0106 OBSZAROWYCH WSPIERAJ\u0104CYCH KSZTA\u0141CENIE KIERUNKOWE<\/span><\/p>\n<p><span style=\"font-size: 12pt;\">1)\u00a0\u00a0\u00a0\u00a0 Zaj\u0119cia dydaktyczne zgodnie z\u00a0 Regulaminem studi\u00f3w w Uniwersytecie \u015al\u0105skim s\u0105 obowi\u0105zkowe, bowiem zgodnie z \u00a7 10 Regulaminu \u201eStudent jest zobowi\u0105zany do: uczestniczenia w zaj\u0119ciach dydaktycznych i organizacyjnych zgodnie z obowi\u0105zuj\u0105cym programem studi\u00f3w, z zastrze\u017ceniem \u00a7 6 ust. 2 pkt 13, \u00a7 15\u201317, przy czym obecno\u015b\u0107 na wyk\u0142adach jest nieobowi\u0105zkowa\u201d.<\/span><\/p>\n<p><span style=\"font-size: 12pt;\">2)\u00a0\u00a0\u00a0\u00a0 Zgodnie z \u00a7 6 Regulaminu studi\u00f3w \u201eStudent ma prawo do usprawiedliwiania nieobecno\u015bci na zaj\u0119ciach\u201d.<\/span><\/p>\n<p><span style=\"font-size: 12pt;\">3)\u00a0\u00a0\u00a0\u00a0 Student\/ka w przypadku nieobecno\u015bci na zaj\u0119ciach realizowanych stacjonarnie powinien\/powinna bez zb\u0119dnej zw\u0142oki skontaktowa\u0107 si\u0119 wy\u0142\u0105cznie drog\u0105 mejlow\u0105 \u00a0z Osob\u0105 prowadz\u0105c\u0105 zaj\u0119cia dodaj\u0105c do wiadomo\u015bci Koordynatora\/k\u0119 \u00a0modu\u0142u. W tytule wiadomo\u015bci \u00a0powinna znale\u017a\u0107 si\u0119 nazwa modu\u0142u, kt\u00f3rego dotyczy nieobecno\u015b\u0107. W tre\u015bci wiadomo\u015bci \u00a0Student\/Studentka powinien\/powinna wskaza\u0107: kierunek studi\u00f3w oraz numer albumu. W przypadku braku podstawowych informacji wskazanych wy\u017cej pro\u015bby o usprawiedliwienie nieobecno\u015bci nie b\u0119d\u0105 rozpatrywane.<\/span><\/p>\n<\/div>\r\n                    <\/div>\r\n                <\/div>[\/vc_column][\/vc_row]<\/p>","protected":false},"excerpt":{"rendered":"<p>[vc_row el_class=&#8221;container&#8221;][vc_column][\/vc_column][\/vc_row] [&#8230;]<\/p>\n<p><a class=\"btn btn-secondary understrap-read-more-link\" href=\"https:\/\/us.edu.pl\/kolegium\/kdo\/roznice-programowe\/roznice-programowe-pytanie-5\/\">Read More&#8230;<\/a><\/p>\n","protected":false},"author":6720,"featured_media":0,"parent":5741,"menu_order":0,"comment_status":"closed","ping_status":"closed","template":"","meta":{"_expiration-date-status":"","_expiration-date":0,"_expiration-date-type":"","_expiration-date-categories":[],"_expiration-date-options":[]},"acf":[],"_links":{"self":[{"href":"https:\/\/us.edu.pl\/kolegium\/kdo\/wp-json\/wp\/v2\/pages\/7925"}],"collection":[{"href":"https:\/\/us.edu.pl\/kolegium\/kdo\/wp-json\/wp\/v2\/pages"}],"about":[{"href":"https:\/\/us.edu.pl\/kolegium\/kdo\/wp-json\/wp\/v2\/types\/page"}],"author":[{"embeddable":true,"href":"https:\/\/us.edu.pl\/kolegium\/kdo\/wp-json\/wp\/v2\/users\/6720"}],"replies":[{"embeddable":true,"href":"https:\/\/us.edu.pl\/kolegium\/kdo\/wp-json\/wp\/v2\/comments?post=7925"}],"version-history":[{"count":1,"href":"https:\/\/us.edu.pl\/kolegium\/kdo\/wp-json\/wp\/v2\/pages\/7925\/revisions"}],"predecessor-version":[{"id":7929,"href":"https:\/\/us.edu.pl\/kolegium\/kdo\/wp-json\/wp\/v2\/pages\/7925\/revisions\/7929"}],"up":[{"embeddable":true,"href":"https:\/\/us.edu.pl\/kolegium\/kdo\/wp-json\/wp\/v2\/pages\/5741"}],"wp:attachment":[{"href":"https:\/\/us.edu.pl\/kolegium\/kdo\/wp-json\/wp\/v2\/media?parent=7925"}],"curies":[{"name":"wp","href":"https:\/\/api.w.org\/{rel}","templated":true}]}}