{"id":7996,"date":"2025-09-09T15:23:56","date_gmt":"2025-09-09T13:23:56","guid":{"rendered":"https:\/\/us.edu.pl\/kolegium\/kdo\/?page_id=7996"},"modified":"2026-01-26T10:32:06","modified_gmt":"2026-01-26T09:32:06","slug":"harmonogramy-semestr-zimowy-2025-2026","status":"publish","type":"page","link":"https:\/\/us.edu.pl\/kolegium\/kdo\/harmonogramy-semestr-zimowy-2025-2026\/","title":{"rendered":"Harmonogramy &#8211; semestr zimowy 2025\/2026"},"content":{"rendered":"<p>[vc_row el_class=&#8221;container&#8221;][vc_column][vc_raw_html]JTNDaDIlMjBjbGFzcyUzRCUyMnNpbmdsZS10aXRsZSUyMCUyMiUzRUhhcm1vbm9ncmFteSUyMC0lMjBzZW1lc3RyJTIwemltb3d5JTIwMjAyNSUyRjIwMjYlMjAlM0MlMkZoMiUzRQ==[\/vc_raw_html]\r\n                <div class=\"text-modules \">\r\n                    <div class=\"container\">\r\n                         <h3 class=\"subtitle text-modules__subtitle\">STUDIA STACJONARNE<\/h3>\r\n                        <div class=\"row m-0\">\r\n                            <div class=\"text-modules__content\">\r\n                                 \r\n                                <div class=\"mt-3\"><\/div>\r\n                            <\/div>\r\n                            \r\n                            \r\n                        <\/div>\r\n                    <\/div>\r\n                <\/div>[\/vc_column][\/vc_row][vc_row el_class=&#8221;container&#8221;][vc_column width=&#8221;1\/2&#8243; el_class=&#8221;container&#8221;]\r\n                <div class=\"text-modules \">\r\n                    <div class=\"container\">\r\n                         \r\n                        <div class=\"row m-0\">\r\n                            <div class=\"text-modules__content\">\r\n                                <strong><span style=\"font-size: 12pt;\">Obszar: Cyfrowy \u015bwiat<\/span><\/strong><\/p>\n<p><a href=\"https:\/\/us.edu.pl\/kolegium\/kdo\/wp-content\/uploads\/sites\/75\/harmonogramy\/zima-25-26\/ZIMA-25_26_Sztuczna_inteligencja-2.pdf\" class=\"mtli_attachment mtli_pdf\">Sztuczna inteligencja <\/a>&#8211; [aktualizacja 01.10.2025]<\/p>\n<p><a href=\"https:\/\/us.edu.pl\/kolegium\/kdo\/wp-content\/uploads\/sites\/75\/harmonogramy\/zima-25-26\/ZIMA-25_26_Analiza_danych.pdf\" class=\"mtli_attachment mtli_pdf\">Analiza danych: metody i narz\u0119dzia<\/a> &#8211; [aktualizacja 13.11.2025]<\/p>\n<p><a href=\"https:\/\/us.edu.pl\/kolegium\/kdo\/wp-content\/uploads\/sites\/75\/harmonogramy\/zima-25-26\/ZIMA-25_26_Wprowadzenie_do_programowania-2.pdf\" class=\"mtli_attachment mtli_pdf\">Wprowadzenie do programowania<\/a> &#8211; [aktualizacja 17.10.2025]<\/p>\n<p><a href=\"https:\/\/us.edu.pl\/kolegium\/kdo\/wp-content\/uploads\/sites\/75\/harmonogramy\/zima-25-26\/ZIMA-25_26_Tworzenie_cyfrowych_swiatow-2.pdf\" class=\"mtli_attachment mtli_pdf\">Tworzenie cyfrowych \u015bwiat\u00f3w<\/a> &#8211; [aktualizacja 09.10.2025] \r\n                                <div class=\"mt-3\"><\/div>\r\n                            <\/div>\r\n                            \r\n                            \r\n                        <\/div>\r\n                    <\/div>\r\n                <\/div>\r\n                <div class=\"text-modules \">\r\n                    <div class=\"container\">\r\n                         \r\n                        <div class=\"row m-0\">\r\n                            <div class=\"text-modules__content\">\r\n                                <strong><span style=\"font-size: 12pt;\">Obszar: Ekspresja tw\u00f3rcza i krytyczne my\u015blenie<\/span><\/strong><\/p>\n<p><a href=\"https:\/\/us.edu.pl\/kolegium\/kdo\/wp-content\/uploads\/sites\/75\/harmonogramy\/zima-25-26\/ZIMA-25_26-Wyjscie-z-komfortocenu-1.pdf\" class=\"mtli_attachment mtli_pdf\">Wyj\u015bcie z komfortocenu<\/a> &#8211; [aktualizacja 18.09.2025]<\/p>\n<p><a href=\"https:\/\/us.edu.pl\/kolegium\/kdo\/wp-content\/uploads\/sites\/75\/harmonogramy\/zima-25-26\/ZIMA-25_26_Sztuka_krytycznego_myslenia-1-1.pdf\" class=\"mtli_attachment mtli_pdf\">Sztuka krytycznego my\u015blenia<\/a> &#8211; [aktualizacja 19.01.2025]<\/p>\n<p><a href=\"https:\/\/us.edu.pl\/kolegium\/kdo\/wp-content\/uploads\/sites\/75\/2025\/12\/ZIMA-25_26_Argumentacja_i_perswazja.pdf\" class=\"mtli_attachment mtli_pdf\">Argumentacja i perswazja<\/a> &#8211; [aktualizacja 15.12.2025] \r\n                                <div class=\"mt-3\"><\/div>\r\n                            <\/div>\r\n                            \r\n                            \r\n                        <\/div>\r\n                    <\/div>\r\n                <\/div>\r\n                <div class=\"text-modules \">\r\n                    <div class=\"container\">\r\n                         \r\n                        <div class=\"row m-0\">\r\n                            <div class=\"text-modules__content\">\r\n                                <strong><span style=\"font-size: 12pt;\">Obszar: Granice nauki<\/span><\/strong><\/p>\n<p><a href=\"https:\/\/us.edu.pl\/kolegium\/kdo\/wp-content\/uploads\/sites\/75\/harmonogramy\/zima-25-26\/ZIMA-25_26_Nauka_i_pseudonauka.pdf\" class=\"mtli_attachment mtli_pdf\">Nauka i pseudonauka<\/a> &#8211; [aktualizacja 18.09.2025]<\/p>\n<p><a href=\"https:\/\/us.edu.pl\/kolegium\/kdo\/wp-content\/uploads\/sites\/75\/harmonogramy\/zima-25-26\/ZIMA-25_26_Zrozumiec_Noblistow-2.pdf\" class=\"mtli_attachment mtli_pdf\">Zrozumie\u0107 Noblist\u00f3w<\/a> &#8211; [aktualizacja 02.10.2025]<\/p>\n<p><a href=\"https:\/\/us.edu.pl\/kolegium\/kdo\/wp-content\/uploads\/sites\/75\/2025\/10\/ZIMA-25_26_Nauka-i-sztuka.pdf\" class=\"mtli_attachment mtli_pdf\">Nauka i sztuka<\/a> &#8211; [aktualizacja 17.10.2025] \r\n                                <div class=\"mt-3\"><\/div>\r\n                            <\/div>\r\n                            \r\n                            \r\n                        <\/div>\r\n                    <\/div>\r\n                <\/div>\r\n                <div class=\"text-modules \">\r\n                    <div class=\"container\">\r\n                         \r\n                        <div class=\"row m-0\">\r\n                            <div class=\"text-modules__content\">\r\n                                <strong><span style=\"font-size: 12pt;\">Winter Semester Schedule<\/span><\/strong><\/p>\n<p><a href=\"https:\/\/us.edu.pl\/kolegium\/kdo\/wp-content\/uploads\/sites\/75\/harmonogramy\/zima-25-26\/Harmonogramy-ZIMA-25_26.xlsx-ANG-2.pdf\" class=\"mtli_attachment mtli_pdf\">Entrepreneurship and Green Technologies<\/a> \r\n                                <div class=\"mt-3\"><\/div>\r\n                            <\/div>\r\n                            \r\n                            \r\n                        <\/div>\r\n                    <\/div>\r\n                <\/div>[\/vc_column][vc_column width=&#8221;1\/2&#8243; el_class=&#8221;container&#8221;]\r\n                <div class=\"text-modules \">\r\n                    <div class=\"container\">\r\n                         \r\n                        <div class=\"row m-0\">\r\n                            <div class=\"text-modules__content\">\r\n                                <strong><span style=\"font-size: 12pt;\">Obszar: Zdrowie i rozw\u00f3j osobisty<\/span><\/strong><\/p>\n<p><a href=\"https:\/\/us.edu.pl\/kolegium\/kdo\/wp-content\/uploads\/sites\/75\/harmonogramy\/zima-25-26\/ZIMA-25_26_Rozwoj_osobisty-2.pdf\" class=\"mtli_attachment mtli_pdf\">Rozw\u00f3j osobisty<\/a> &#8211; [aktualizacja 22.01.2026]<\/p>\n<p><a href=\"https:\/\/us.edu.pl\/kolegium\/kdo\/wp-content\/uploads\/sites\/75\/harmonogramy\/zima-25-26\/ZIMA-25_26_Styl_zycia_a_zdrowie_czlowieka-6.pdf\" class=\"mtli_attachment mtli_pdf\">Styl \u017cycia a zdrowie cz\u0142owieka<\/a> &#8211; [aktualizacja 22.01.2026]<\/p>\n<p><a href=\"https:\/\/us.edu.pl\/kolegium\/kdo\/wp-content\/uploads\/sites\/75\/2025\/11\/ZIMA-25_26_Zarzadzanie-_soba-1.pdf\" class=\"mtli_attachment mtli_pdf\">Zarz\u0105dzanie sob\u0105<\/a> &#8211; [aktualizacja 25.11.2025] \r\n                                <div class=\"mt-3\"><\/div>\r\n                            <\/div>\r\n                            \r\n                            \r\n                        <\/div>\r\n                    <\/div>\r\n                <\/div>\r\n                <div class=\"text-modules \">\r\n                    <div class=\"container\">\r\n                         \r\n                        <div class=\"row m-0\">\r\n                            <div class=\"text-modules__content\">\r\n                                <span style=\"font-size: 12pt;\"><strong>Obszar: \u015arodowisko naturalne i technologie<\/strong><\/span><\/p>\n<p><a href=\"https:\/\/us.edu.pl\/kolegium\/kdo\/wp-content\/uploads\/sites\/75\/harmonogramy\/zima-25-26\/ZIMA-25_26_Katastrofalne_zywioly-4.pdf\" class=\"mtli_attachment mtli_pdf\">Katastrofalne \u017cywio\u0142y<\/a> &#8211; [aktualizacja 22.10.2025]<\/p>\n<p><a href=\"https:\/\/us.edu.pl\/kolegium\/kdo\/wp-content\/uploads\/sites\/75\/harmonogramy\/zima-25-26\/ZIMA-25_26_Zielone_technologie-2.pdf\" class=\"mtli_attachment mtli_pdf\">Zielone technologie<\/a> &#8211; [aktualizacja 29.09.2025]<\/p>\n<p><a href=\"https:\/\/us.edu.pl\/kolegium\/kdo\/wp-content\/uploads\/sites\/75\/harmonogramy\/zima-25-26\/ZIMA-25_26_Zrownowazony_rozwoj-1-2.pdf\" class=\"mtli_attachment mtli_pdf\">Zr\u00f3wnowa\u017cony rozw\u00f3j<\/a> &#8211; [aktualizacja 09.10.2025] \r\n                                <div class=\"mt-3\"><\/div>\r\n                            <\/div>\r\n                            \r\n                            \r\n                        <\/div>\r\n                    <\/div>\r\n                <\/div>\r\n                <div class=\"text-modules \">\r\n                    <div class=\"container\">\r\n                         \r\n                        <div class=\"row m-0\">\r\n                            <div class=\"text-modules__content\">\r\n                                <span style=\"font-size: 12pt;\"><strong>Obszar: Spo\u0142ecze\u0144stwo obywatelskie i przedsi\u0119biorczo\u015b\u0107<\/strong><\/span><\/p>\n<p><a href=\"https:\/\/us.edu.pl\/kolegium\/kdo\/wp-content\/uploads\/sites\/75\/2025\/11\/ZIMA-25_26_Przedsiebiorczosc-1.pdf\" class=\"mtli_attachment mtli_pdf\">Przedsi\u0119biorczo\u015b\u0107<\/a> &#8211; [aktualizacja 21.11.2025]<\/p>\n<p><a href=\"https:\/\/us.edu.pl\/kolegium\/kdo\/wp-content\/uploads\/sites\/75\/harmonogramy\/zima-25-26\/ZIMA-25_26_Vedemecum_prawa-1-1.pdf\" class=\"mtli_attachment mtli_pdf\">Vademecum prawa <\/a>&#8211; [aktualizacja 21.01.2026]<\/p>\n<p>Partycypacja spo\u0142eczna w praktyce &#8211; <a href=\"https:\/\/us.edu.pl\/kolegium\/kdo\/ksztalcenie-obszarowe\/tydzien-projektowy-2024\/partycypacja-spoleczna-w-praktyce\/\">inna forma realizacji modu\u0142u<\/a> \r\n                                <div class=\"mt-3\"><\/div>\r\n                            <\/div>\r\n                            \r\n                            \r\n                        <\/div>\r\n                    <\/div>\r\n                <\/div>[\/vc_column][\/vc_row][vc_row][vc_column]<div class=\"container\"><div class=\"separator\" style=\"background-color: #EBEBEB\"><\/div><\/div>[\/vc_column][\/vc_row][vc_row disable_element=&#8221;yes&#8221; el_class=&#8221;container&#8221;][vc_column el_class=&#8221;container&#8221;]\r\n                <div class=\"text-modules \">\r\n                    <div class=\"container\">\r\n                         \r\n                        <div class=\"row m-0\">\r\n                            <div class=\"text-modules__content\">\r\n                                <span style=\"font-size: 12pt;\"><strong>Harmonogram modu\u0142\u00f3w obszarowych w kampusie cieszy\u0144skim\u00a0<\/strong><\/span><\/p>\n<p><a href=\"https:\/\/us.edu.pl\/kolegium\/kdo\/wp-content\/uploads\/sites\/75\/harmonogramy\/zima-24-25\/Cieszyn_ZIMA-1.pdf\" class=\"mtli_attachment mtli_pdf\" target=\"_blank\" rel=\"noopener\">pobierz plik<\/a> [aktualizacja 25.09.2024r] \r\n                                <div class=\"mt-3\"><\/div>\r\n                            <\/div>\r\n                            \r\n                            \r\n                        <\/div>\r\n                    <\/div>\r\n                <\/div>[\/vc_column][\/vc_row][vc_row el_class=&#8221;container&#8221;][vc_column el_class=&#8221;container&#8221;][vc_raw_html css=&#8221;.vc_custom_1726651983981{margin-left: 15px !important;}&#8221;]JTNDaDMlMjBjbGFzcyUzRCUyMnN1YnRpdGxlJTIwdGV4dC1tb2R1bGVzX19zdWJ0aXRsZSUyMiUzRSUyMCUyMFNUVURJQSUyME5JRVNUQUNKT05BUk5FJTIwJTNDJTJGaDMlM0U=[\/vc_raw_html][vc_column_text el_class=&#8221;container bg-gray text-modules__content&#8221; css=&#8221;.vc_custom_1757423989756{margin-top: 10px !important;margin-right: 10px !important;margin-bottom: 10px !important;margin-left: 10px !important;padding-top: 10px !important;padding-right: 10px !important;padding-bottom: 10px !important;padding-left: 10px !important;}&#8221;]Modu\u0142y obszarowe b\u0119d\u0105 realizowane 10 stycznia i 24 stycznia 2026 roku.[\/vc_column_text]\r\n                <div class=\"text-modules \">\r\n                    <div class=\"container\">\r\n                         \r\n                        <div class=\"row m-0\">\r\n                            <div class=\"text-modules__content\">\r\n                                <span style=\"font-size: 12pt;\"><strong>Harmonogram dla studi\u00f3w niestacjonarnych<\/strong><\/span><\/p>\n<p><span style=\"font-size: 12pt;\"><a href=\"https:\/\/us.edu.pl\/kolegium\/kdo\/wp-content\/uploads\/sites\/75\/harmonogramy\/zima-25-26\/Zima_25-26_studia_niestacjonarne-3.pdf\" class=\"mtli_attachment mtli_pdf\">otw\u00f3rz plik<\/a> &#8211; [aktualizacja 31.12.2025]<\/span><\/p>\n<p>&nbsp;<\/p>\n<p><span style=\"font-size: 12pt;\">Opisy modu\u0142\u00f3w oferowanych w semestrze zimowym: <\/span><\/p>\n<ul>\n<li><a href=\"https:\/\/us.edu.pl\/kolegium\/kdo\/ksztalcenie-obszarowe\/tydzien-projektowy-2024\/analiza-danych-metody-i-narzedzia\/\"><span style=\"font-size: 12pt;\">Analiza danych: metody i narz\u0119dzia<\/span><\/a><\/li>\n<li><a href=\"https:\/\/us.edu.pl\/kolegium\/kdo\/ksztalcenie-obszarowe\/tydzien-projektowy-2024\/argumentacja-i-perswazja\/\"><span style=\"font-size: 12pt;\">Argumentacja i perswazja<\/span><\/a><\/li>\n<li><a href=\"https:\/\/us.edu.pl\/kolegium\/kdo\/ksztalcenie-obszarowe\/tydzien-projektowy-2024\/narzedzia-generatywnej-sztucznej-inteligencji-w-praktyce\/\"><span style=\"font-size: 12pt;\">Narz\u0119dzia generatywnej AI w praktyce<\/span><\/a><\/li>\n<li><a href=\"https:\/\/us.edu.pl\/kolegium\/kdo\/ksztalcenie-obszarowe\/tydzien-projektowy-2024\/przedsiebiorczosc\/\"><span style=\"font-size: 12pt;\">Przedsi\u0119biorczo\u015b\u0107<\/span><\/a><\/li>\n<li><a href=\"https:\/\/us.edu.pl\/kolegium\/kdo\/ksztalcenie-obszarowe\/tydzien-projektowy-2024\/vademecum-prawa\/\"><span style=\"font-size: 12pt;\">Vademecum prawa<\/span><\/a><\/li>\n<li><a href=\"https:\/\/us.edu.pl\/kolegium\/kdo\/ksztalcenie-obszarowe\/tydzien-projektowy-2024\/zarzadzanie-soba\/\"><span style=\"font-size: 12pt;\">Zarz\u0105dzanie sob\u0105<\/span><\/a><\/li>\n<\/ul>\n<div class=\"mt-3\"><\/div>\r\n                            <\/div>\r\n                            \r\n                            \r\n                        <\/div>\r\n                    <\/div>\r\n                <\/div>[\/vc_column][\/vc_row]<\/p>","protected":false},"excerpt":{"rendered":"<p>[vc_row el_class=&#8221;container&#8221;][vc_column][vc_raw_html]JTNDaDIlMjBjbGFzcyUzRCUyMnNpbmdsZS10aXRsZSUyMCUyMiUzRUhhcm1vbm9ncmFteSUyMC0lMjBzZW1lc3RyJTIwemltb3d5JTIwMjAyNSUyRjIwMjYlMjAlM0MlMkZoMiUzRQ==[\/vc_raw_html][\/vc_column][\/vc_row][vc_row el_class=&#8221;container&#8221;][vc_column width=&#8221;1\/2&#8243; el_class=&#8221;container&#8221;][\/vc_column][vc_column width=&#8221;1\/2&#8243; el_class=&#8221;container&#8221;][\/vc_column][\/vc_row][vc_row][vc_column][\/vc_column][\/vc_row][vc_row disable_element=&#8221;yes&#8221; el_class=&#8221;container&#8221;][vc_column el_class=&#8221;container&#8221;][\/vc_column][\/vc_row][vc_row el_class=&#8221;container&#8221;][vc_column el_class=&#8221;container&#8221;][vc_raw_html css=&#8221;.vc_custom_1726651983981{margin-left: 15px !important;}&#8221;]JTNDaDMlMjBjbGFzcyUzRCUyMnN1YnRpdGxlJTIwdGV4dC1tb2R1bGVzX19zdWJ0aXRsZSUyMiUzRSUyMCUyMFNUVURJQSUyME5JRVNUQUNKT05BUk5FJTIwJTNDJTJGaDMlM0U=[\/vc_raw_html][vc_column_text el_class=&#8221;container bg-gray text-modules__content&#8221; css=&#8221;.vc_custom_1757423989756{margin-top: 10px !important;margin-right: 10px !important;margin-bottom: 10px !important;margin-left: 10px !important;padding-top: 10px !important;padding-right: 10px !important;padding-bottom: 10px !important;padding-left: 10px !important;}&#8221;]Modu\u0142y obszarowe b\u0119d\u0105 realizowane 10 stycznia i 24 stycznia 2026 roku.[\/vc_column_text][\/vc_column][\/vc_row] [&#8230;]<\/p>\n<p><a class=\"btn btn-secondary understrap-read-more-link\" href=\"https:\/\/us.edu.pl\/kolegium\/kdo\/harmonogramy-semestr-zimowy-2025-2026\/\">Read More&#8230;<\/a><\/p>\n","protected":false},"author":6720,"featured_media":0,"parent":0,"menu_order":0,"comment_status":"closed","ping_status":"closed","template":"","meta":{"_expiration-date-status":"","_expiration-date":0,"_expiration-date-type":"","_expiration-date-categories":[],"_expiration-date-options":[]},"acf":[],"_links":{"self":[{"href":"https:\/\/us.edu.pl\/kolegium\/kdo\/wp-json\/wp\/v2\/pages\/7996"}],"collection":[{"href":"https:\/\/us.edu.pl\/kolegium\/kdo\/wp-json\/wp\/v2\/pages"}],"about":[{"href":"https:\/\/us.edu.pl\/kolegium\/kdo\/wp-json\/wp\/v2\/types\/page"}],"author":[{"embeddable":true,"href":"https:\/\/us.edu.pl\/kolegium\/kdo\/wp-json\/wp\/v2\/users\/6720"}],"replies":[{"embeddable":true,"href":"https:\/\/us.edu.pl\/kolegium\/kdo\/wp-json\/wp\/v2\/comments?post=7996"}],"version-history":[{"count":11,"href":"https:\/\/us.edu.pl\/kolegium\/kdo\/wp-json\/wp\/v2\/pages\/7996\/revisions"}],"predecessor-version":[{"id":9326,"href":"https:\/\/us.edu.pl\/kolegium\/kdo\/wp-json\/wp\/v2\/pages\/7996\/revisions\/9326"}],"wp:attachment":[{"href":"https:\/\/us.edu.pl\/kolegium\/kdo\/wp-json\/wp\/v2\/media?parent=7996"}],"curies":[{"name":"wp","href":"https:\/\/api.w.org\/{rel}","templated":true}]}}