{"id":8247,"date":"2025-10-06T10:16:15","date_gmt":"2025-10-06T08:16:15","guid":{"rendered":"https:\/\/us.edu.pl\/kolegium\/kdo\/?page_id=8247"},"modified":"2025-11-13T22:04:27","modified_gmt":"2025-11-13T21:04:27","slug":"up","status":"publish","type":"page","link":"https:\/\/us.edu.pl\/kolegium\/kdo\/up\/","title":{"rendered":"UP"},"content":{"rendered":"<p>[vc_row el_class=&#8221;container&#8221;][vc_column][vc_empty_space height=&#8221;40px&#8221;]\r\n                            \r\n            <div class=\"announcement-loop loop-section color-blue\" style=\"background-color: \">\r\n                <div class=\"container\">\r\n\r\n                    <div class=\"announcement-loop-top loop-section-top\">\r\n                        <h2 class=\"section-title\">Z \u017cycia projektu Uczelnie Przysz\u0142o\u015bci<\/h2>\r\n                        \r\n                        <div class=\"announcement-loop-top_right loop-section-top__right\">\r\n                             <a href = \"https:\/\/us.edu.pl\/kolegium\/kdo\/komunikaty\/\" class=\"link-button \" > Wszystko<\/a>\r\n                        <\/div> \r\n                    <\/div>\r\n\r\n                    <div class=\"announcement-loop-main\">\r\n            \r\n                <article class=\"announcement-loop-post carousel-slide\">\r\n                    \r\n                    <a href=\"https:\/\/us.edu.pl\/kolegium\/kdo\/komunikaty\/9463\/\">    <h3 class=\"article-title announcement-loop-post__title\">Wielki sukces Studentek Uniwersytetu \u015al\u0105skiego na DHUB AWARDS w Salerno!<\/h3> <\/a>\r\n                        \r\n                    <a href=\"https:\/\/us.edu.pl\/kolegium\/kdo\/komunikaty\/9463\/\">     <div class=\"announcement-loop-post__text\">Z ogromn\u0105 rado\u015bci\u0105 informujemy o mi\u0119dzynarodowym sukcesie uczestniczek projektu\u00a0 \u201eUczelnie Przysz\u0142o\u015bci\u201d. Podczas uroczystej ceremonii fina\u0142owej konkursu dHUB AWARDS, kt\u00f3ra odby\u0142a si\u0119 27 marca 2026 roku w Urz\u0119dzie Miasta w Salern...<\/div> <\/a>\r\n                    \r\n                     <a href=\"https:\/\/us.edu.pl\/kolegium\/kdo\/komunikaty\/9463\/\">   <div class=\"announcement-loop-post__more\">wi\u0119cej...<\/div> <\/a>\r\n                    \r\n                <\/article>\r\n            \r\n                <article class=\"announcement-loop-post carousel-slide\">\r\n                    \r\n                    <a href=\"https:\/\/us.edu.pl\/kolegium\/kdo\/komunikaty\/znamy-uczestnikow-ii-naboru-uczelni-przyszlosci\/\">    <h3 class=\"article-title announcement-loop-post__title\">Znamy uczestnik\u00f3w II naboru Uczelni Przysz\u0142o\u015bci<\/h3> <\/a>\r\n                        \r\n                    <a href=\"https:\/\/us.edu.pl\/kolegium\/kdo\/komunikaty\/znamy-uczestnikow-ii-naboru-uczelni-przyszlosci\/\">     <div class=\"announcement-loop-post__text\">Zako\u0144czy\u0142 si\u0119 II etap naboru uczestnik\u00f3w projektu Uczelnie Przysz\u0142o\u015bci. W tym etapie na ka\u017cdej z Uczelni Partnerskich odby\u0142y si\u0119 sesje Assesment Center, kt\u00f3re pozwoli\u0142y wy\u0142oni\u0107 uczestnik\u00f3w, kt\u00f3rych kompetencje najlepiej wpisuj\u0105 ...<\/div> <\/a>\r\n                    \r\n                     <a href=\"https:\/\/us.edu.pl\/kolegium\/kdo\/komunikaty\/znamy-uczestnikow-ii-naboru-uczelni-przyszlosci\/\">   <div class=\"announcement-loop-post__more\">wi\u0119cej...<\/div> <\/a>\r\n                    \r\n                <\/article>\r\n            \r\n                <article class=\"announcement-loop-post carousel-slide\">\r\n                    \r\n                    <a href=\"https:\/\/us.edu.pl\/kolegium\/kdo\/komunikaty\/drugi-nabor-do-projektu\/\">    <h3 class=\"article-title announcement-loop-post__title\">Rusza nab\u00f3r uzupe\u0142niaj\u0105cy os\u00f3b studiuj\u0105cych do Projektu Uczelnie Przysz\u0142o\u015bci<\/h3> <\/a>\r\n                        \r\n                    <a href=\"https:\/\/us.edu.pl\/kolegium\/kdo\/komunikaty\/drugi-nabor-do-projektu\/\">     <div class=\"announcement-loop-post__text\">Serdecznie zapraszamy osoby studiuj\u0105ce do projektu \u201eUczelnie Przysz\u0142o\u015bci\u201d.\u00a0 Rozpoczynamy\u00a0 kolejn\u0105 rekrutacj\u0119 w ramach projektu. Czekamy na Studentki i Student\u00f3w z pomys\u0142ami na ciekawe, wa\u017cne spo\u0142ecznie lub technologicznie, innowa...<\/div> <\/a>\r\n                    \r\n                     <a href=\"https:\/\/us.edu.pl\/kolegium\/kdo\/komunikaty\/drugi-nabor-do-projektu\/\">   <div class=\"announcement-loop-post__more\">wi\u0119cej...<\/div> <\/a>\r\n                    \r\n                <\/article>\r\n            \r\n                <article class=\"announcement-loop-post carousel-slide\">\r\n                    \r\n                    <a href=\"https:\/\/us.edu.pl\/kolegium\/kdo\/komunikaty\/uczelnie-przyszlosci-na-miedzynarodowym-kongresie-jakosci-ksztalcenia-w-katowicach\/\">    <h3 class=\"article-title announcement-loop-post__title\">Uczelnie Przysz\u0142o\u015bci na Mi\u0119dzynarodowym Kongresie Jako\u015bci Kszta\u0142cenia w Katowicach<\/h3> <\/a>\r\n                        \r\n                    <a href=\"https:\/\/us.edu.pl\/kolegium\/kdo\/komunikaty\/uczelnie-przyszlosci-na-miedzynarodowym-kongresie-jakosci-ksztalcenia-w-katowicach\/\">     <div class=\"announcement-loop-post__text\">Na Mi\u0119dzynarodowym Kongresie Jako\u015bci Kszta\u0142cenia w Katowicach, 24 pa\u017adziernika 2025 r., odby\u0142a si\u0119 konferencja upowszechniaj\u0105ca projekt Uczelnie Przysz\u0142o\u015bci. Wzi\u0119\u0142o w niej udzia\u0142 kilkaset os\u00f3b reprezentuj\u0105cych Partner\u00f3w projektu ...<\/div> <\/a>\r\n                    \r\n                     <a href=\"https:\/\/us.edu.pl\/kolegium\/kdo\/komunikaty\/uczelnie-przyszlosci-na-miedzynarodowym-kongresie-jakosci-ksztalcenia-w-katowicach\/\">   <div class=\"announcement-loop-post__more\">wi\u0119cej...<\/div> <\/a>\r\n                    \r\n                <\/article>\r\n            \r\n                <article class=\"announcement-loop-post carousel-slide\">\r\n                    \r\n                    <a href=\"https:\/\/us.edu.pl\/kolegium\/kdo\/komunikaty\/chwalimy-sie\/\">    <h3 class=\"article-title announcement-loop-post__title\">Chwalimy si\u0119<\/h3> <\/a>\r\n                        \r\n                    <a href=\"https:\/\/us.edu.pl\/kolegium\/kdo\/komunikaty\/chwalimy-sie\/\">     <div class=\"announcement-loop-post__text\">Rozpoczyna si\u0119 w\u0142a\u015bnie kolejny etap realizacji projektu Uczelnie Przysz\u0142o\u015bci. Przez najbli\u017cszy rok akademicki w naszym uniwersytecie wdra\u017ca\u0107 b\u0119dziemy 9 projekt\u00f3w studenckich pozytywnie zaopiniowane przez Biznesowy Zesp\u00f3\u0142 Innowacyjne...<\/div> <\/a>\r\n                    \r\n                     <a href=\"https:\/\/us.edu.pl\/kolegium\/kdo\/komunikaty\/chwalimy-sie\/\">   <div class=\"announcement-loop-post__more\">wi\u0119cej...<\/div> <\/a>\r\n                    \r\n                <\/article>\r\n            \r\n                <article class=\"announcement-loop-post carousel-slide\">\r\n                    \r\n                    <a href=\"https:\/\/us.edu.pl\/kolegium\/kdo\/komunikaty\/wazny-moment\/\">    <h3 class=\"article-title announcement-loop-post__title\">Wa\u017cny moment<\/h3> <\/a>\r\n                        \r\n                    <a href=\"https:\/\/us.edu.pl\/kolegium\/kdo\/komunikaty\/wazny-moment\/\">     <div class=\"announcement-loop-post__text\">&nbsp; 6 pa\u017adziernika odby\u0142o si\u0119 uroczyste wr\u0119czenie um\u00f3w stypendialnych uczestnikom i uczestniczkom I edycji projektu Uczelnie Przysz\u0142o\u015bci z udzia\u0142em Pani Prorektor ds. studenckich i kszta\u0142cenia Katarzyny Tryndy, Pana Prorektora ds. f...<\/div> <\/a>\r\n                    \r\n                     <a href=\"https:\/\/us.edu.pl\/kolegium\/kdo\/komunikaty\/wazny-moment\/\">   <div class=\"announcement-loop-post__more\">wi\u0119cej...<\/div> <\/a>\r\n                    \r\n                <\/article><\/div>\r\n                    \r\n                    <div class=\"announcement-loop-main announcement-loop-main_responsive carousel\">\r\n                    \r\n                        <a href = \"#\" data-slide = \"prev\" class=\"arrow\" >\r\n                            <em class=\"ci ci-angle-left\" ><\/em >\r\n                            <span class=\"d-none\" > arrow<\/span >\r\n                        <\/a>\r\n    \r\n                        <a href = \"#\" data-slide = \"next\" class=\"arrow\" >\r\n                            <em class=\"ci ci-angle-right\" ><\/em >\r\n                            <span class=\"d-none\" > arrow<\/span >\r\n                        <\/a>\r\n                    \r\n                        <div class=\"row items\">\r\n            \r\n                <article class=\"announcement-loop-post carousel-slide\">\r\n                    \r\n                    <a href=\"https:\/\/us.edu.pl\/kolegium\/kdo\/komunikaty\/9463\/\">    <h3 class=\"article-title announcement-loop-post__title\">Wielki sukces Studentek Uniwersytetu \u015al\u0105skiego na DHUB AWARDS w Salerno!<\/h3> <\/a>\r\n                        \r\n                    <a href=\"https:\/\/us.edu.pl\/kolegium\/kdo\/komunikaty\/9463\/\">     <div class=\"announcement-loop-post__text\">Z ogromn\u0105 rado\u015bci\u0105 informujemy o mi\u0119dzynarodowym sukcesie uczestniczek projektu\u00a0 \u201eUczelnie Przysz\u0142o\u015bci\u201d. Podczas uroczystej ceremonii fina\u0142owej konkursu dHUB AWARDS, kt\u00f3ra odby\u0142a si\u0119 27 marca 2026 roku w Urz\u0119dzie Miasta w Salern...<\/div> <\/a>\r\n                    \r\n                     <a href=\"https:\/\/us.edu.pl\/kolegium\/kdo\/komunikaty\/9463\/\">   <div class=\"announcement-loop-post__more\">wi\u0119cej...<\/div> <\/a>\r\n                    \r\n                <\/article>\r\n            \r\n                <article class=\"announcement-loop-post carousel-slide\">\r\n                    \r\n                    <a href=\"https:\/\/us.edu.pl\/kolegium\/kdo\/komunikaty\/znamy-uczestnikow-ii-naboru-uczelni-przyszlosci\/\">    <h3 class=\"article-title announcement-loop-post__title\">Znamy uczestnik\u00f3w II naboru Uczelni Przysz\u0142o\u015bci<\/h3> <\/a>\r\n                        \r\n                    <a href=\"https:\/\/us.edu.pl\/kolegium\/kdo\/komunikaty\/znamy-uczestnikow-ii-naboru-uczelni-przyszlosci\/\">     <div class=\"announcement-loop-post__text\">Zako\u0144czy\u0142 si\u0119 II etap naboru uczestnik\u00f3w projektu Uczelnie Przysz\u0142o\u015bci. W tym etapie na ka\u017cdej z Uczelni Partnerskich odby\u0142y si\u0119 sesje Assesment Center, kt\u00f3re pozwoli\u0142y wy\u0142oni\u0107 uczestnik\u00f3w, kt\u00f3rych kompetencje najlepiej wpisuj\u0105 ...<\/div> <\/a>\r\n                    \r\n                     <a href=\"https:\/\/us.edu.pl\/kolegium\/kdo\/komunikaty\/znamy-uczestnikow-ii-naboru-uczelni-przyszlosci\/\">   <div class=\"announcement-loop-post__more\">wi\u0119cej...<\/div> <\/a>\r\n                    \r\n                <\/article>\r\n            \r\n                <article class=\"announcement-loop-post carousel-slide\">\r\n                    \r\n                    <a href=\"https:\/\/us.edu.pl\/kolegium\/kdo\/komunikaty\/drugi-nabor-do-projektu\/\">    <h3 class=\"article-title announcement-loop-post__title\">Rusza nab\u00f3r uzupe\u0142niaj\u0105cy os\u00f3b studiuj\u0105cych do Projektu Uczelnie Przysz\u0142o\u015bci<\/h3> <\/a>\r\n                        \r\n                    <a href=\"https:\/\/us.edu.pl\/kolegium\/kdo\/komunikaty\/drugi-nabor-do-projektu\/\">     <div class=\"announcement-loop-post__text\">Serdecznie zapraszamy osoby studiuj\u0105ce do projektu \u201eUczelnie Przysz\u0142o\u015bci\u201d.\u00a0 Rozpoczynamy\u00a0 kolejn\u0105 rekrutacj\u0119 w ramach projektu. Czekamy na Studentki i Student\u00f3w z pomys\u0142ami na ciekawe, wa\u017cne spo\u0142ecznie lub technologicznie, innowa...<\/div> <\/a>\r\n                    \r\n                     <a href=\"https:\/\/us.edu.pl\/kolegium\/kdo\/komunikaty\/drugi-nabor-do-projektu\/\">   <div class=\"announcement-loop-post__more\">wi\u0119cej...<\/div> <\/a>\r\n                    \r\n                <\/article>\r\n            \r\n                <article class=\"announcement-loop-post carousel-slide\">\r\n                    \r\n                    <a href=\"https:\/\/us.edu.pl\/kolegium\/kdo\/komunikaty\/uczelnie-przyszlosci-na-miedzynarodowym-kongresie-jakosci-ksztalcenia-w-katowicach\/\">    <h3 class=\"article-title announcement-loop-post__title\">Uczelnie Przysz\u0142o\u015bci na Mi\u0119dzynarodowym Kongresie Jako\u015bci Kszta\u0142cenia w Katowicach<\/h3> <\/a>\r\n                        \r\n                    <a href=\"https:\/\/us.edu.pl\/kolegium\/kdo\/komunikaty\/uczelnie-przyszlosci-na-miedzynarodowym-kongresie-jakosci-ksztalcenia-w-katowicach\/\">     <div class=\"announcement-loop-post__text\">Na Mi\u0119dzynarodowym Kongresie Jako\u015bci Kszta\u0142cenia w Katowicach, 24 pa\u017adziernika 2025 r., odby\u0142a si\u0119 konferencja upowszechniaj\u0105ca projekt Uczelnie Przysz\u0142o\u015bci. Wzi\u0119\u0142o w niej udzia\u0142 kilkaset os\u00f3b reprezentuj\u0105cych Partner\u00f3w projektu ...<\/div> <\/a>\r\n                    \r\n                     <a href=\"https:\/\/us.edu.pl\/kolegium\/kdo\/komunikaty\/uczelnie-przyszlosci-na-miedzynarodowym-kongresie-jakosci-ksztalcenia-w-katowicach\/\">   <div class=\"announcement-loop-post__more\">wi\u0119cej...<\/div> <\/a>\r\n                    \r\n                <\/article>\r\n            \r\n                <article class=\"announcement-loop-post carousel-slide\">\r\n                    \r\n                    <a href=\"https:\/\/us.edu.pl\/kolegium\/kdo\/komunikaty\/chwalimy-sie\/\">    <h3 class=\"article-title announcement-loop-post__title\">Chwalimy si\u0119<\/h3> <\/a>\r\n                        \r\n                    <a href=\"https:\/\/us.edu.pl\/kolegium\/kdo\/komunikaty\/chwalimy-sie\/\">     <div class=\"announcement-loop-post__text\">Rozpoczyna si\u0119 w\u0142a\u015bnie kolejny etap realizacji projektu Uczelnie Przysz\u0142o\u015bci. Przez najbli\u017cszy rok akademicki w naszym uniwersytecie wdra\u017ca\u0107 b\u0119dziemy 9 projekt\u00f3w studenckich pozytywnie zaopiniowane przez Biznesowy Zesp\u00f3\u0142 Innowacyjne...<\/div> <\/a>\r\n                    \r\n                     <a href=\"https:\/\/us.edu.pl\/kolegium\/kdo\/komunikaty\/chwalimy-sie\/\">   <div class=\"announcement-loop-post__more\">wi\u0119cej...<\/div> <\/a>\r\n                    \r\n                <\/article>\r\n            \r\n                <article class=\"announcement-loop-post carousel-slide\">\r\n                    \r\n                    <a href=\"https:\/\/us.edu.pl\/kolegium\/kdo\/komunikaty\/wazny-moment\/\">    <h3 class=\"article-title announcement-loop-post__title\">Wa\u017cny moment<\/h3> <\/a>\r\n                        \r\n                    <a href=\"https:\/\/us.edu.pl\/kolegium\/kdo\/komunikaty\/wazny-moment\/\">     <div class=\"announcement-loop-post__text\">&nbsp; 6 pa\u017adziernika odby\u0142o si\u0119 uroczyste wr\u0119czenie um\u00f3w stypendialnych uczestnikom i uczestniczkom I edycji projektu Uczelnie Przysz\u0142o\u015bci z udzia\u0142em Pani Prorektor ds. studenckich i kszta\u0142cenia Katarzyny Tryndy, Pana Prorektora ds. f...<\/div> <\/a>\r\n                    \r\n                     <a href=\"https:\/\/us.edu.pl\/kolegium\/kdo\/komunikaty\/wazny-moment\/\">   <div class=\"announcement-loop-post__more\">wi\u0119cej...<\/div> <\/a>\r\n                    \r\n                <\/article><\/div>\r\n                    <\/div>\r\n                <\/div>\r\n            <\/div>\r\n            [vc_empty_space height=&#8221;40px&#8221;][\/vc_column][\/vc_row][vc_row][vc_column]\r\n                <div class=\"text-modules \">\r\n                    <div class=\"container\">\r\n                         \r\n                        <div class=\"row m-0\">\r\n                            <div class=\"text-modules__content\">\r\n                                <img class=\"wp-image-4253 aligncenter\" src=\"https:\/\/us.edu.pl\/kolegium\/kdo\/wp-content\/uploads\/sites\/75\/Uczelnie-przyszlosci\/LOGA.png\" alt=\"\" width=\"1201\" height=\"96\" srcset=\"https:\/\/us.edu.pl\/kolegium\/kdo\/wp-content\/uploads\/sites\/75\/Uczelnie-przyszlosci\/LOGA.png 750w, https:\/\/us.edu.pl\/kolegium\/kdo\/wp-content\/uploads\/sites\/75\/Uczelnie-przyszlosci\/LOGA-575x46.png 575w\" sizes=\"(max-width: 1201px) 100vw, 1201px\" \/> \r\n                                <div class=\"mt-3\"><\/div>\r\n                            <\/div>\r\n                            \r\n                            \r\n                        <\/div>\r\n                    <\/div>\r\n                <\/div>[\/vc_column][\/vc_row]<\/p>","protected":false},"excerpt":{"rendered":"<p>[vc_row el_class=&#8221;container&#8221;][vc_column][vc_empty_space height=&#8221;40px&#8221;][vc_empty_space height=&#8221;40px&#8221;][\/vc_column][\/vc_row][vc_row][vc_column][\/vc_column][\/vc_row] [&#8230;]<\/p>\n<p><a class=\"btn btn-secondary understrap-read-more-link\" href=\"https:\/\/us.edu.pl\/kolegium\/kdo\/up\/\">Read More&#8230;<\/a><\/p>\n","protected":false},"author":6720,"featured_media":0,"parent":0,"menu_order":0,"comment_status":"closed","ping_status":"closed","template":"page-templates\/page-with-sidebar.php","meta":{"_expiration-date-status":"","_expiration-date":0,"_expiration-date-type":"","_expiration-date-categories":[],"_expiration-date-options":[]},"acf":[],"_links":{"self":[{"href":"https:\/\/us.edu.pl\/kolegium\/kdo\/wp-json\/wp\/v2\/pages\/8247"}],"collection":[{"href":"https:\/\/us.edu.pl\/kolegium\/kdo\/wp-json\/wp\/v2\/pages"}],"about":[{"href":"https:\/\/us.edu.pl\/kolegium\/kdo\/wp-json\/wp\/v2\/types\/page"}],"author":[{"embeddable":true,"href":"https:\/\/us.edu.pl\/kolegium\/kdo\/wp-json\/wp\/v2\/users\/6720"}],"replies":[{"embeddable":true,"href":"https:\/\/us.edu.pl\/kolegium\/kdo\/wp-json\/wp\/v2\/comments?post=8247"}],"version-history":[{"count":7,"href":"https:\/\/us.edu.pl\/kolegium\/kdo\/wp-json\/wp\/v2\/pages\/8247\/revisions"}],"predecessor-version":[{"id":8527,"href":"https:\/\/us.edu.pl\/kolegium\/kdo\/wp-json\/wp\/v2\/pages\/8247\/revisions\/8527"}],"wp:attachment":[{"href":"https:\/\/us.edu.pl\/kolegium\/kdo\/wp-json\/wp\/v2\/media?parent=8247"}],"curies":[{"name":"wp","href":"https:\/\/api.w.org\/{rel}","templated":true}]}}