{"id":8303,"date":"2025-10-06T13:26:52","date_gmt":"2025-10-06T11:26:52","guid":{"rendered":"https:\/\/us.edu.pl\/kolegium\/kdo\/?page_id=8303"},"modified":"2025-10-06T15:11:20","modified_gmt":"2025-10-06T13:11:20","slug":"pytania","status":"publish","type":"page","link":"https:\/\/us.edu.pl\/kolegium\/kdo\/up\/pytania\/","title":{"rendered":"Pytania"},"content":{"rendered":"<p>[vc_row el_class=&#8221;container&#8221;][vc_column]\r\n                <div class=\"text-modules \">\r\n                    <div class=\"container\">\r\n                        <h3 class=\"section-title section-title_border-bottom\">Najcz\u0119\u015bciej zadawane pytania (FAQ)<\/h3> \r\n                        <div class=\"row m-0\">\r\n                            <div class=\"text-modules__content\">\r\n                                <span style=\"font-size: 12pt;\">1. <a href=\"https:\/\/us.edu.pl\/kolegium\/kdo\/up\/pytania\/pytanie-1\/\" target=\"_blank\" rel=\"noopener\">Jaki jest cel Projektu \u201eUczelnie Przysz\u0142o\u015bci\u201d?<\/a>\u00a0<\/span><\/p>\n<p><span style=\"font-size: 12pt;\">2. <a href=\"https:\/\/us.edu.pl\/kolegium\/kdo\/up\/pytania\/pytanie-2\/\" target=\"_blank\" rel=\"noopener\">Co to jest Indywidualny Projekt Innowacyjny?\u00a0<\/a><\/span><\/p>\n<p><span style=\"font-size: 12pt;\">3. <a href=\"https:\/\/us.edu.pl\/kolegium\/kdo\/up\/pytania\/pytanie-3\/\" target=\"_blank\" rel=\"noopener\">Kto mo\u017ce uczestniczy\u0107 w Projekcie?<\/a>\u00a0<\/span><\/p>\n<p><span style=\"font-size: 12pt;\">4. <a href=\"https:\/\/us.edu.pl\/kolegium\/kdo\/up\/pytania\/pytanie-4\/\" target=\"_blank\" rel=\"noopener\">Jakie korzy\u015bci osi\u0105ga osoba bior\u0105ca udzia\u0142 w Projekcie?<\/a>\u00a0<\/span><\/p>\n<p><span style=\"font-size: 12pt;\">5. <a href=\"https:\/\/us.edu.pl\/kolegium\/kdo\/up\/pytania\/pytanie-5\/\" target=\"_blank\" rel=\"noopener\">Czy przyst\u0119puj\u0105c do Projektu powinno si\u0119 mie\u0107 jaki\u015b pomys\u0142 na innowacyjne przedsi\u0119wzi\u0119cie?\u00a0<\/a><\/span><\/p>\n<p><span style=\"font-size: 12pt;\">6. <a href=\"https:\/\/us.edu.pl\/kolegium\/kdo\/up\/pytania\/pytanie-6\/\" target=\"_blank\" rel=\"noopener\">Czy zdobywane podczas udzia\u0142u w Projekcie punkty ECTS b\u0119dzie mo\u017cna wymienia\u0107 na punkty ECTS przypadaj\u0105ce na przedmioty obj\u0119te regularnym tokiem studi\u00f3w?<\/a>\u00a0<\/span><\/p>\n<p><span style=\"font-size: 12pt;\">7. <a href=\"https:\/\/us.edu.pl\/kolegium\/kdo\/up\/pytania\/pytanie-7\/\" target=\"_blank\" rel=\"noopener\">Gdzie znajd\u0119 szczeg\u00f3\u0142owe informacje o Projekcie? Kto udzieli mi szczeg\u00f3\u0142owych informacji?<\/a>\u00a0<\/span><\/p>\n<p><span style=\"font-size: 12pt;\">8. <a href=\"https:\/\/us.edu.pl\/kolegium\/kdo\/up\/pytania\/pytanie-8\/\" target=\"_blank\" rel=\"noopener\">Jak odbywa si\u0119 rekrutacja do Projektu i w jakich terminach?<\/a>\u00a0<\/span><\/p>\n<p><span style=\"font-size: 12pt;\">9. <a href=\"https:\/\/us.edu.pl\/kolegium\/kdo\/up\/pytania\/pytanie-9\/\" target=\"_blank\" rel=\"noopener\">Jestem w\u015br\u00f3d os\u00f3b zakwalifikowanych do Projektu. Co teraz?<\/a> \u00a0<\/span><\/p>\n<p><span style=\"font-size: 12pt;\">10. <a href=\"https:\/\/us.edu.pl\/kolegium\/kdo\/up\/pytania\/pytanie-10\/\" target=\"_blank\" rel=\"noopener\">Jakie etapy obejmuje udzia\u0142 w Projekcie i kiedy b\u0119d\u0105 one realizowane?<\/a>\u00a0<\/span><\/p>\n<p><span style=\"font-size: 12pt;\">11. <a href=\"https:\/\/us.edu.pl\/kolegium\/kdo\/up\/pytania\/pytanie-11\/\" target=\"_blank\" rel=\"noopener\">W jaki spos\u00f3b zostan\u0105 zorganizowane konsultacje projektowe? Czy Osoba uczestnicz\u0105ca w Projekcie powinna si\u0119 z kim\u015b kontaktowa\u0107?<\/a>\u00a0<\/span><\/p>\n<p><span style=\"font-size: 12pt;\">12. <a href=\"https:\/\/us.edu.pl\/kolegium\/kdo\/up\/pytania\/pytanie-12\/\" target=\"_blank\" rel=\"noopener\">Co je\u017celi nie uda mi si\u0119 uzyska\u0107 pozytywnej oceny mojego projektu podczas obrony przed BZIK?\u00a0<\/a><\/span><\/p>\n<p><span style=\"font-size: 12pt;\">13. <a href=\"https:\/\/us.edu.pl\/kolegium\/kdo\/up\/pytania\/pytanie-13\/\" target=\"_blank\" rel=\"noopener\">W jakim okresie trwa wsp\u00f3\u0142praca z Opiekunem z Uczelni i jakie s\u0105 jego zadania?<\/a>\u00a0<\/span><\/p>\n<p><span style=\"font-size: 12pt;\">14. <a href=\"https:\/\/us.edu.pl\/kolegium\/kdo\/up\/pytania\/pytanie-14\/\" target=\"_blank\" rel=\"noopener\">W jakim okresie trwa wsp\u00f3\u0142praca z Mentorami i jakie s\u0105 ich zadania?<\/a>\u00a0<\/span><\/p>\n<p><span style=\"font-size: 12pt;\">15. <a href=\"https:\/\/us.edu.pl\/kolegium\/kdo\/up\/pytania\/pytanie-15\/\" target=\"_blank\" rel=\"noopener\">W jaki spos\u00f3b Mentorzy b\u0119d\u0105 si\u0119 kontaktowa\u0107 z osobami realizuj\u0105cymi IPI? Czy to Osoba realizuj\u0105ca IPI powinna si\u0119 z nimi kontaktowa\u0107?<\/a>\u00a0<\/span><\/p>\n<p><span style=\"font-size: 12pt;\">16. <a href=\"https:\/\/us.edu.pl\/kolegium\/kdo\/up\/pytania\/pytanie-16\/\" target=\"_blank\" rel=\"noopener\">Na co mo\u017cna przeznaczy\u0107 przyznane w ramach Projektu \u201eUczelnie Przysz\u0142o\u015bci\u201d stypendium?<\/a>\u00a0\u00a0<\/span><\/p>\n<p><span style=\"font-size: 12pt;\">17. <a href=\"https:\/\/us.edu.pl\/kolegium\/kdo\/up\/pytania\/pytanie-17\/\" target=\"_blank\" rel=\"noopener\">Czy realizacja IPI b\u0119dzie w jaki\u015b spos\u00f3b kontrolowana?<\/a>\u00a0<\/span> \r\n                                <div class=\"mt-3\"><\/div>\r\n                            <\/div>\r\n                            \r\n                            \r\n                        <\/div>\r\n                    <\/div>\r\n                <\/div>[\/vc_column][\/vc_row]<\/p>","protected":false},"excerpt":{"rendered":"<p>[vc_row el_class=&#8221;container&#8221;][vc_column][\/vc_column][\/vc_row] [&#8230;]<\/p>\n<p><a class=\"btn btn-secondary understrap-read-more-link\" href=\"https:\/\/us.edu.pl\/kolegium\/kdo\/up\/pytania\/\">Read More&#8230;<\/a><\/p>\n","protected":false},"author":6720,"featured_media":0,"parent":8247,"menu_order":0,"comment_status":"closed","ping_status":"closed","template":"","meta":{"_expiration-date-status":"","_expiration-date":0,"_expiration-date-type":"","_expiration-date-categories":[],"_expiration-date-options":[]},"acf":[],"_links":{"self":[{"href":"https:\/\/us.edu.pl\/kolegium\/kdo\/wp-json\/wp\/v2\/pages\/8303"}],"collection":[{"href":"https:\/\/us.edu.pl\/kolegium\/kdo\/wp-json\/wp\/v2\/pages"}],"about":[{"href":"https:\/\/us.edu.pl\/kolegium\/kdo\/wp-json\/wp\/v2\/types\/page"}],"author":[{"embeddable":true,"href":"https:\/\/us.edu.pl\/kolegium\/kdo\/wp-json\/wp\/v2\/users\/6720"}],"replies":[{"embeddable":true,"href":"https:\/\/us.edu.pl\/kolegium\/kdo\/wp-json\/wp\/v2\/comments?post=8303"}],"version-history":[{"count":8,"href":"https:\/\/us.edu.pl\/kolegium\/kdo\/wp-json\/wp\/v2\/pages\/8303\/revisions"}],"predecessor-version":[{"id":8355,"href":"https:\/\/us.edu.pl\/kolegium\/kdo\/wp-json\/wp\/v2\/pages\/8303\/revisions\/8355"}],"up":[{"embeddable":true,"href":"https:\/\/us.edu.pl\/kolegium\/kdo\/wp-json\/wp\/v2\/pages\/8247"}],"wp:attachment":[{"href":"https:\/\/us.edu.pl\/kolegium\/kdo\/wp-json\/wp\/v2\/media?parent=8303"}],"curies":[{"name":"wp","href":"https:\/\/api.w.org\/{rel}","templated":true}]}}