{"id":8367,"date":"2025-10-06T15:32:52","date_gmt":"2025-10-06T13:32:52","guid":{"rendered":"https:\/\/us.edu.pl\/kolegium\/kdo\/?page_id=8367"},"modified":"2025-11-13T13:11:29","modified_gmt":"2025-11-13T12:11:29","slug":"informacje","status":"publish","type":"page","link":"https:\/\/us.edu.pl\/kolegium\/kdo\/up\/1-edycja-up\/informacje\/","title":{"rendered":"Informacje"},"content":{"rendered":"<p>[vc_row el_class=&#8221;container&#8221;][vc_column]\r\n                <div class=\"text-modules \">\r\n                    <div class=\"container\">\r\n                         <h3 class=\"subtitle text-modules__subtitle\">Rok akademicki 2025\/2026:<\/h3>\r\n                        <div class=\"row m-0\">\r\n                            <div class=\"text-modules__content\">\r\n                                <\/p>\n<h4><span style=\"font-size: 12pt;\">Harmonogram semestru zimowego:<\/span><br \/>\n<span style=\"font-size: 12pt;\">a) Zaj\u0119cia kierunkowe zgodnie z IPE2<\/span><br \/>\n<span style=\"font-size: 12pt;\">b) Coaching: 25 godzin<\/span><br \/>\n<span style=\"font-size: 12pt;\">c) Mentoring naukowy I biznesowy: mi\u0119dzy 40 a 75 godzin<\/span><br \/>\n<span style=\"font-size: 12pt;\">d) Mikrokursy: w zale\u017cno\u015bci od potrzeb 1, 2 lub 3 mikrokursy (nie wi\u0119cj ni\u017c 3 w trakcie trwania projektu)<\/span><\/h4>\n<h4><span style=\"font-size: 12pt;\">Harmonogram semestru letniego :<\/span><br \/>\n<span style=\"font-size: 12pt;\">a) Zaj\u0119cia kierunkowe zgodnie z IPE3<\/span><br \/>\n<span style=\"font-size: 12pt;\">b) Mentoring naukowy I biznesowy: mi\u0119dzy 40 a 75 godzin<\/span><br \/>\n<span style=\"font-size: 12pt;\">c) Mikrokursy: w zale\u017cno\u015bci od potrzeb 1 lub 2 mikrokursy (nie wi\u0119cj ni\u017c 3 w trakcie trwania projektu)<\/span><\/h4>\n<div class=\"mt-3\"><\/div>\r\n                            <\/div>\r\n                            \r\n                            \r\n                        <\/div>\r\n                    <\/div>\r\n                <\/div>[\/vc_column][\/vc_row]<\/p>","protected":false},"excerpt":{"rendered":"<p>[vc_row el_class=&#8221;container&#8221;][vc_column][\/vc_column][\/vc_row] [&#8230;]<\/p>\n<p><a class=\"btn btn-secondary understrap-read-more-link\" href=\"https:\/\/us.edu.pl\/kolegium\/kdo\/up\/1-edycja-up\/informacje\/\">Read More&#8230;<\/a><\/p>\n","protected":false},"author":6720,"featured_media":0,"parent":8545,"menu_order":0,"comment_status":"closed","ping_status":"closed","template":"","meta":{"_expiration-date-status":"","_expiration-date":0,"_expiration-date-type":"","_expiration-date-categories":[],"_expiration-date-options":[]},"acf":[],"_links":{"self":[{"href":"https:\/\/us.edu.pl\/kolegium\/kdo\/wp-json\/wp\/v2\/pages\/8367"}],"collection":[{"href":"https:\/\/us.edu.pl\/kolegium\/kdo\/wp-json\/wp\/v2\/pages"}],"about":[{"href":"https:\/\/us.edu.pl\/kolegium\/kdo\/wp-json\/wp\/v2\/types\/page"}],"author":[{"embeddable":true,"href":"https:\/\/us.edu.pl\/kolegium\/kdo\/wp-json\/wp\/v2\/users\/6720"}],"replies":[{"embeddable":true,"href":"https:\/\/us.edu.pl\/kolegium\/kdo\/wp-json\/wp\/v2\/comments?post=8367"}],"version-history":[{"count":2,"href":"https:\/\/us.edu.pl\/kolegium\/kdo\/wp-json\/wp\/v2\/pages\/8367\/revisions"}],"predecessor-version":[{"id":8369,"href":"https:\/\/us.edu.pl\/kolegium\/kdo\/wp-json\/wp\/v2\/pages\/8367\/revisions\/8369"}],"up":[{"embeddable":true,"href":"https:\/\/us.edu.pl\/kolegium\/kdo\/wp-json\/wp\/v2\/pages\/8545"}],"wp:attachment":[{"href":"https:\/\/us.edu.pl\/kolegium\/kdo\/wp-json\/wp\/v2\/media?parent=8367"}],"curies":[{"name":"wp","href":"https:\/\/api.w.org\/{rel}","templated":true}]}}