{"id":8488,"date":"2025-11-03T11:41:00","date_gmt":"2025-11-03T10:41:00","guid":{"rendered":"https:\/\/us.edu.pl\/kolegium\/kdo\/?page_id=8488"},"modified":"2025-11-03T11:41:25","modified_gmt":"2025-11-03T10:41:25","slug":"inspiracje-pilotaz","status":"publish","type":"page","link":"https:\/\/us.edu.pl\/kolegium\/kdo\/up\/inspiracje\/inspiracje-pilotaz\/","title":{"rendered":"Inspiracje pilota\u017c"},"content":{"rendered":"<p>[vc_row][vc_column]\r\n                <div class=\"text-modules \">\r\n                    <div class=\"container\">\r\n                         <h3 class=\"subtitle text-modules__subtitle\">Tytu\u0142y projekt\u00f3w z edycji pilota\u017cowej 2023<\/h3>\r\n                        <div class=\"row m-0\">\r\n                            <div class=\"text-modules__content\">\r\n                                <\/p>\n<h4><\/h4>\n<ol>\n<li>FRIENDLY SOLAR, czyli system wykorzystuj\u0105cy sztuczn\u0105 inteligencj\u0119 do predykcji nas\u0142onecznienia w danej lokalizacji geograficznej z dok\u0142adno\u015bci\u0105 do godziny, a tak\u017ce do optymalizacji zarz\u0105dzania domow\u0105 energi\u0105 celem minimalizowania koszt\u00f3w energii oraz zu\u017cycia paliw kopalnianych.<\/li>\n<li>System kasowo-magazynowy z funkcj\u0105 kontroli jako\u015bci produkt\u00f3w dla ma\u0142ych sklep\u00f3w spo\u017cywczych.<\/li>\n<li>Funkcjonalne materia\u0142y stosowane w zielonych technologiach \u2013 uk\u0142ady donor-akceptor (D-A) oparte na motywie fenotiazyny.<\/li>\n<li>W\u0142a\u015bciwo\u015bci absorpcyjno-emisyjne pochodnej fenotiazyny o potencjalnym zastosowaniu w produkcji ogniw s\u0142onecznych.<\/li>\n<li>Zdiagnozowanie skali problemu obecno\u015bci obcych i inwazyjnych gatunk\u00f3w mszyc w Miejskim Ogrodzie Botanicznym w Zabrzu oraz wdro\u017cenie dzia\u0142a\u0144 zaradczych.<\/li>\n<li>Lepsze AI dla gry r\u00f3j.<\/li>\n<li>Kropla \u017cycia w morzu potrzeb.<\/li>\n<li>Realizacja filmu popularnonaukowego o problemie zanikaj\u0105cych zasob\u00f3w wody na \u015bwiecie.<\/li>\n<li>FindMeAJob &#8211; platforma do odwrotnej rekrutacji dla os\u00f3b poszukuj\u0105cych prac\u0119 oraz dla przedsi\u0119biorc\u00f3w.<\/li>\n<li>Tomografia komputerowa i modelowanie tr\u00f3jwymiarowe skamienia\u0142o\u015bci ma\u0142ych kr\u0119gowc\u00f3w, w odniesieniu do litologii ze \u015brodkowotriasowych stanowisk paleontologicznych na G\u00f3rnym \u015al\u0105sku, ze szczeg\u00f3lnym uwzgl\u0119dnieniem stanowiska w Miedarach.<\/li>\n<li>,,Nie podstawiaj mi nogi &#8211; o wyr\u00f3wnywaniu szans&#8221;.<\/li>\n<li>Badania i obserwacje obiekt\u00f3w o znaczeniu militarnym na linii Krak\u00f3w-Cz\u0119stochowa, powsta\u0142ych przed ko\u0144cem XVII wieku, a tak\u017ce jaski\u0144.<\/li>\n<li>Opracowanie ksi\u0105\u017cki edukacyjnej dla dzieci w wieku 10-12 lat dotycz\u0105cej funkcjonowanie uk\u0142adu nerwowego.<\/li>\n<li>Poszukiwanie technologii umo\u017cliwiaj\u0105cej zoptymalizowan\u0105 ekstrakcj\u0119 helu-3 z regolitu ksi\u0119\u017cycowego w celu pozyskiwania czystego \u017ar\u00f3d\u0142a energii.<\/li>\n<li>(NIE!)pok\u00f3j \u2013 wystawa narracyjna jako artystyczna podr\u00f3\u017c po zak\u0105tkach umys\u0142u osoby doros\u0142ej z ADHD. Finisa\u017cowe warsztaty arteterapeutyczne w temacie wystawy.<\/li>\n<li>Partycypacja w procesie decyzyjnym w miastach G\u00f3rno\u015bl\u0105sko-Zag\u0142\u0119biowskiej Metropolii.<\/li>\n<li>Spektrofotometr oparty na technologii Arduino &#8211; spektrofotometr poni\u017cej 300 z\u0142otych dla os\u00f3b prywatnych i szk\u00f3\u0142.<\/li>\n<li>Projekt i wykonanie prostego mikroskopu skaningowego tunelowego.<\/li>\n<li>Zielone \u015bwiat\u0142o dla rozmowy o planecie \u2013 edukacja ekologiczna jako integralny element glottodydaktyki polonistycznej.<\/li>\n<li>Dysleksja a j\u0119zyk chi\u0144ski.<\/li>\n<li>CodeSquadron, Code Squadron, Code with Team, CollabSquad, CollabSquads.<\/li>\n<\/ol>\n<div class=\"mt-3\"><\/div>\r\n                            <\/div>\r\n                            \r\n                            \r\n                        <\/div>\r\n                    <\/div>\r\n                <\/div>[\/vc_column][\/vc_row]<\/p>","protected":false},"excerpt":{"rendered":"<p>[vc_row][vc_column][\/vc_column][\/vc_row] [&#8230;]<\/p>\n<p><a class=\"btn btn-secondary understrap-read-more-link\" href=\"https:\/\/us.edu.pl\/kolegium\/kdo\/up\/inspiracje\/inspiracje-pilotaz\/\">Read More&#8230;<\/a><\/p>\n","protected":false},"author":6720,"featured_media":0,"parent":4853,"menu_order":0,"comment_status":"closed","ping_status":"closed","template":"","meta":{"_expiration-date-status":"","_expiration-date":0,"_expiration-date-type":"","_expiration-date-categories":[],"_expiration-date-options":[]},"acf":[],"_links":{"self":[{"href":"https:\/\/us.edu.pl\/kolegium\/kdo\/wp-json\/wp\/v2\/pages\/8488"}],"collection":[{"href":"https:\/\/us.edu.pl\/kolegium\/kdo\/wp-json\/wp\/v2\/pages"}],"about":[{"href":"https:\/\/us.edu.pl\/kolegium\/kdo\/wp-json\/wp\/v2\/types\/page"}],"author":[{"embeddable":true,"href":"https:\/\/us.edu.pl\/kolegium\/kdo\/wp-json\/wp\/v2\/users\/6720"}],"replies":[{"embeddable":true,"href":"https:\/\/us.edu.pl\/kolegium\/kdo\/wp-json\/wp\/v2\/comments?post=8488"}],"version-history":[{"count":2,"href":"https:\/\/us.edu.pl\/kolegium\/kdo\/wp-json\/wp\/v2\/pages\/8488\/revisions"}],"predecessor-version":[{"id":8490,"href":"https:\/\/us.edu.pl\/kolegium\/kdo\/wp-json\/wp\/v2\/pages\/8488\/revisions\/8490"}],"up":[{"embeddable":true,"href":"https:\/\/us.edu.pl\/kolegium\/kdo\/wp-json\/wp\/v2\/pages\/4853"}],"wp:attachment":[{"href":"https:\/\/us.edu.pl\/kolegium\/kdo\/wp-json\/wp\/v2\/media?parent=8488"}],"curies":[{"name":"wp","href":"https:\/\/api.w.org\/{rel}","templated":true}]}}