{"id":8491,"date":"2025-11-03T11:51:57","date_gmt":"2025-11-03T10:51:57","guid":{"rendered":"https:\/\/us.edu.pl\/kolegium\/kdo\/?page_id=8491"},"modified":"2025-11-03T14:29:28","modified_gmt":"2025-11-03T13:29:28","slug":"inspiracje-edycja-1","status":"publish","type":"page","link":"https:\/\/us.edu.pl\/kolegium\/kdo\/up\/inspiracje\/inspiracje-edycja-1\/","title":{"rendered":"Inspiracje I edycja"},"content":{"rendered":"<p>[vc_row el_class=&#8221;container&#8221;][vc_column]\r\n                <div class=\"text-modules \">\r\n                    <div class=\"container\">\r\n                         <h3 class=\"subtitle text-modules__subtitle\">Tytu\u0142y projekt\u00f3w studenckich z I EDYCJI Uczelni Przysz\u0142o\u015bci (2024\/2025)<\/h3>\r\n                        <div class=\"row m-0\">\r\n                            <div class=\"text-modules__content\">\r\n                                <\/p>\n<ol>\n<li><span style=\"font-size: 12pt;\">&#8222;FindODS, czyli praktyczny przewodnik pozas\u0105dowego rozstrzygania spor\u00f3w&#8221;.<\/span><\/li>\n<li><span style=\"font-size: 12pt;\">\u201eCapsylis\u201d &#8211; kapsu\u0142ki aktywuj\u0105ce biodegradacj\u0119 LDPE w \u015brodowisku odpadowym.<\/span><\/li>\n<li><span style=\"font-size: 12pt;\">AcademiX.<\/span><\/li>\n<li><span style=\"font-size: 12pt;\">AIR-SENSE: biosensor do wykrywania gen\u00f3w oporno\u015bci na antybiotyki w aerozolach atmosferycznych.<\/span><\/li>\n<li><span style=\"font-size: 12pt;\">Aplikacja Companion dla Politechniki Warszawskiej \u2013 Przewodnik po \u017cyciu studenckim.<\/span><\/li>\n<li><span style=\"font-size: 12pt;\">Arteo &#8211; \u201eMoriartea\u201d &#8211; aplikacja webowa wspieraj\u0105ca rozw\u00f3j kreatywno\u015bci i my\u015blenia abstrakcyjnego.<\/span><\/li>\n<li><span style=\"font-size: 12pt;\">ARTEsens &#8211; Sztuka Do\u015bwiadczania Inaczej.<\/span><\/li>\n<li><span style=\"font-size: 12pt;\">Biodegradowalne kompozycje PHA z granulatem korkowym do termoizolacyjnych wyrob\u00f3w jednorazowego u\u017cytku.<\/span><\/li>\n<li><span style=\"font-size: 12pt;\">Biodegradowalny modu\u0142owy system do dystrybucji nawozu dla ro\u015blin doniczkowych.<\/span><\/li>\n<li><span style=\"font-size: 12pt;\">Biodegradowalne opakowania z grzybni.<\/span><\/li>\n<li><span style=\"font-size: 12pt;\">BioPrint.<\/span><\/li>\n<li><span style=\"font-size: 12pt;\">BlueSpark.<\/span><\/li>\n<li><span style=\"font-size: 12pt;\">BRICK &#8211; Basick Robotics Instructional Construction Kit.<\/span><\/li>\n<li><span style=\"font-size: 12pt;\">BSMA &#8211; Bezza\u0142ogowy System Monitoringu Atmosferycznego.<\/span><\/li>\n<li><span style=\"font-size: 12pt;\">Cammino &#8211; internetowy planer pielgrzymek.<\/span><\/li>\n<li><span style=\"font-size: 12pt;\">Chwyty wspinaczkowe na bazie naturalnych formacji skalnych.<\/span><\/li>\n<li><span style=\"font-size: 12pt;\">COCOBIOCAT \u2013 zr\u00f3wnowa\u017cony katalizator dla syntezy estr\u00f3w.<\/span><\/li>\n<li><span style=\"font-size: 12pt;\">CometWeb Analyzer.<\/span><\/li>\n<li><span style=\"font-size: 12pt;\">Cykl na \u017cywo.<\/span><\/li>\n<li><span style=\"font-size: 12pt;\">DANCEconomy \u2013 interaktywny spektakl taneczny jako narz\u0119dzie edukacji ekonomicznej.<\/span><\/li>\n<li><span style=\"font-size: 12pt;\">Dron dla ratownictwa g\u00f3rskiego.<\/span><\/li>\n<li><span style=\"font-size: 12pt;\">EKO WYNOS (system wielorazowych pojemnik\u00f3w na wynos).<\/span><\/li>\n<li><span style=\"font-size: 12pt;\">Fit misja\/Nutri quest.<\/span><\/li>\n<li><span style=\"font-size: 12pt;\">Gie\u0142da wiedzy.<\/span><\/li>\n<li><span style=\"font-size: 12pt;\">Godne wsparcie dla dojrza\u0142ych umys\u0142\u00f3w.<\/span><\/li>\n<li><span style=\"font-size: 12pt;\">HealthMaster.<\/span><\/li>\n<li><span style=\"font-size: 12pt;\">Hybrydowy silnik odrzutowy.<\/span><\/li>\n<li><span style=\"font-size: 12pt;\">Innowacyjne humektanty z odpadowego poli(chlorku winylu).<\/span><\/li>\n<li><span style=\"font-size: 12pt;\">Inteligentne Okulary AR dla Pi\u0142karzy: Nowa Era Treningu i Analizy Wydajno\u015bci.<\/span><\/li>\n<li><span style=\"font-size: 12pt;\">Jak odkry\u0107 sw\u00f3j potencja\u0142 i wykorzysta\u0107 go na codzie\u0144?<\/span><\/li>\n<li><span style=\"font-size: 12pt;\">Koncepcja budowy szybkiego tramwaju w Lublinie jako elementu zintegrowanego transportu publicznego w Lubelskim Obszarze Funkcjonalnym.<\/span><\/li>\n<li><span style=\"font-size: 12pt;\">Kontekstowa wyszukiwarka orzecze\u0144 prawniczych oparta na AI.<\/span><\/li>\n<li><span style=\"font-size: 12pt;\">Magnetoforeza REE \u2013 oczyszczanie metali ziem rzadkich z wykorzystaniem pola magnetycznego.<\/span><\/li>\n<li><span style=\"font-size: 12pt;\">Mapa zanieczyszcze\u0144 w\u00f3d wojew\u00f3dztwa \u015bl\u0105skiego kompleksowa ocena jako\u015bci w\u00f3d w regionie.<\/span><\/li>\n<li><span style=\"font-size: 12pt;\">Materia\u0142y nanostrukturalne w katalitycznej konwersji bioetanolu.<\/span><\/li>\n<li><span style=\"font-size: 12pt;\">Metamorphic.<\/span><\/li>\n<li><span style=\"font-size: 12pt;\">Metody diagnostyki i redukcji stresu poprzez pomiar aktywno\u015bci funkcjonalnej m\u00f3zgu (fNIRS) i oscylacji fal m\u00f3zgowych gamma (EEG).<\/span><\/li>\n<li><span style=\"font-size: 12pt;\">Miniserial popularno-naukowy- \u201eXXII Wiek- rewolucja, kt\u00f3ra ju\u017c si\u0119 zacz\u0119\u0142a\u201d.<\/span><\/li>\n<li><span style=\"font-size: 12pt;\">Modu\u0142 wspomagaj\u0105cy transport pacjent\u00f3w.<\/span><\/li>\n<li><span style=\"font-size: 12pt;\">Modu\u0142owa platforma rozwojowa dla sterownik\u00f3w silnik\u00f3w PMSM.<\/span><\/li>\n<li><span style=\"font-size: 12pt;\">Modyfikowany materia\u0142 przeznaczony do implant\u00f3w stomatologicznych dla ma\u0142ych zwierz\u0105t domowych.<\/span><\/li>\n<li><span style=\"font-size: 12pt;\">My teacher &#8211; platforma do e-learningu.<\/span><\/li>\n<li><span style=\"font-size: 12pt;\">Nale\u015bniki w ruchu.<\/span><\/li>\n<li><span style=\"font-size: 12pt;\">Narz\u0119dzie do digitalizacji, transferu i archiwizacji dedykowane dla system\u00f3w bazodanowych w sektorze medycznym.<\/span><\/li>\n<li><span style=\"font-size: 12pt;\">Nawigacja GPS Dla Os\u00f3b Niewidomych.<\/span><\/li>\n<li><span style=\"font-size: 12pt;\">Nie zosta\u0144 z tym sam.<\/span><\/li>\n<li><span style=\"font-size: 12pt;\">Nosz\u0119 to w sobie &#8211; ekspresja psychiki.<\/span><\/li>\n<li><span style=\"font-size: 12pt;\">Odzysk litu z u\u017cyciem tlenk\u00f3w manganu.<\/span><\/li>\n<li><span style=\"font-size: 12pt;\">Online gra towarzyska &#8221; Internal Threat&#8221; (Zagro\u017cenie wewn\u0119trzne).<\/span><\/li>\n<li><span style=\"font-size: 12pt;\">Optymalizacja procesu tworzenia receptur kosmetyk\u00f3w.<\/span><\/li>\n<li><span style=\"font-size: 12pt;\">PACKGUARD \u2013 Inteligentna skrytka na paczki.<\/span><\/li>\n<li><span style=\"font-size: 12pt;\">Pawilon energetyczny.<\/span><\/li>\n<li><span style=\"font-size: 12pt;\">Persate.<\/span><\/li>\n<li><span style=\"font-size: 12pt;\">Plan odbudowy organizmu osoby uzale\u017cnionej od narkotyk\u00f3w poprzez diet\u0119.<\/span><\/li>\n<li><span style=\"font-size: 12pt;\">Platforma do\u015bwiadcze\u0144 w bran\u017cy turystyki dla os\u00f3b neuroatypowych &#8211; Proof of Concept.<\/span><\/li>\n<li><span style=\"font-size: 12pt;\">Pozna\u0144 Campus Race \u2013 miejska gra terenowa.<\/span><\/li>\n<li><span style=\"font-size: 12pt;\">Pozyskiwanie jon\u00f3w litu z roztwor\u00f3w zawieraj\u0105cych sole magnezu lub sole innych metali niejednowarto\u015bciowych w procesie niskoci\u015bnieniowej nanofiltracji.<\/span><\/li>\n<li><span style=\"font-size: 12pt;\">Program do transkrypcji polskiej mowy \u2013 Protokolant.<\/span><\/li>\n<li><span style=\"font-size: 12pt;\">Protok\u00f3\u0142 selekcji plemnik\u00f3w buhaja z u\u017cyciem osocza krowy \u2013 poprawa efektywno\u015bci reprodukcyjnej.<\/span><\/li>\n<li><span style=\"font-size: 12pt;\">Przestrze\u0144 przyjazna osobom z ADHD &#8211; poradnik projektowy.<\/span><\/li>\n<li><span style=\"font-size: 12pt;\">Przyspieszmy to, czyli kataliza na weso\u0142o.<\/span><\/li>\n<li><span style=\"font-size: 12pt;\">Rewitalizacja zi\u00f3\u0142 o dowiedzionych w\u0142a\u015bciwo\u015bciach prozdrowotnych w produkcji innowacyjnych piw.<\/span><\/li>\n<li><span style=\"font-size: 12pt;\">Rozszerzenie analizy profilowania taksonomicznego zbiorowiska mikrobiologicznego na potrzeby identyfikacji kryminalistycznej.<\/span><\/li>\n<li><span style=\"font-size: 12pt;\">Rozw\u00f3j potencja\u0142u geoturystycznego w oparciu o map\u0119 atrakcji.<\/span><\/li>\n<li><span style=\"font-size: 12pt;\">SkyHover \u2013 d\u0142u\u017cej w powietrzu.<\/span><\/li>\n<li><span style=\"font-size: 12pt;\">Sonarek \/ Rescue Jet 01.<\/span><\/li>\n<li><span style=\"font-size: 12pt;\">Spersonalizowana aplikacja agreguj\u0105ca i streszczaj\u0105ca informacje medialne \u201eSedno\u201d.<\/span><\/li>\n<li><span style=\"font-size: 12pt;\">SpinGenix.<\/span><\/li>\n<li><span style=\"font-size: 12pt;\">System Monitorowania i Wizualizacji Zat\u0142oczenia Parkingu Politechniki Pozna\u0144skiej.<\/span><\/li>\n<li><span style=\"font-size: 12pt;\">System ostrzegaj\u0105cy przed przeci\u0105gni\u0119ciem dynamicznym.<\/span><\/li>\n<li><span style=\"font-size: 12pt;\">\u015al\u0105sk w ruchu &#8211; promocja regionu.<\/span><\/li>\n<li><span style=\"font-size: 12pt;\">Terapia uszkodze\u0144 sk\u00f3ry peptydami regeneracyjnymi.<\/span><\/li>\n<li><span style=\"font-size: 12pt;\">Vistula Chronicles (Kroniki znad Wis\u0142y).<\/span><\/li>\n<li><span style=\"font-size: 12pt;\">WealthWise.<\/span><\/li>\n<li><span style=\"font-size: 12pt;\">Well-Being App.<\/span><\/li>\n<li><span style=\"font-size: 12pt;\">Wielofunkcyjne nanocz\u0105stki PDA-TPP do precyzyjnego niszczenia TNBC przez termiczne i redoksowe uderzenie.<\/span><\/li>\n<li><span style=\"font-size: 12pt;\">Zdalnie sterowana poprzeczka mikrofonowa.<\/span><\/li>\n<li><span style=\"font-size: 12pt;\">Zrozumienie zoonoz i analiza rynkowa.<\/span><\/li>\n<li><span style=\"font-size: 12pt;\">Zwyk\u0142e miasto \u2013 niezwyk\u0142a przyroda. Polowanie na bior\u00f3\u017cnorodno\u015b\u0107.<\/span><\/li>\n<\/ol>\n<div class=\"mt-3\"><\/div>\r\n                            <\/div>\r\n                            \r\n                            \r\n                        <\/div>\r\n                    <\/div>\r\n                <\/div>[\/vc_column][\/vc_row]<\/p>","protected":false},"excerpt":{"rendered":"<p>[vc_row el_class=&#8221;container&#8221;][vc_column][\/vc_column][\/vc_row] [&#8230;]<\/p>\n<p><a class=\"btn btn-secondary understrap-read-more-link\" href=\"https:\/\/us.edu.pl\/kolegium\/kdo\/up\/inspiracje\/inspiracje-edycja-1\/\">Read More&#8230;<\/a><\/p>\n","protected":false},"author":6720,"featured_media":0,"parent":4853,"menu_order":0,"comment_status":"closed","ping_status":"closed","template":"","meta":{"_expiration-date-status":"","_expiration-date":0,"_expiration-date-type":"","_expiration-date-categories":[],"_expiration-date-options":[]},"acf":[],"_links":{"self":[{"href":"https:\/\/us.edu.pl\/kolegium\/kdo\/wp-json\/wp\/v2\/pages\/8491"}],"collection":[{"href":"https:\/\/us.edu.pl\/kolegium\/kdo\/wp-json\/wp\/v2\/pages"}],"about":[{"href":"https:\/\/us.edu.pl\/kolegium\/kdo\/wp-json\/wp\/v2\/types\/page"}],"author":[{"embeddable":true,"href":"https:\/\/us.edu.pl\/kolegium\/kdo\/wp-json\/wp\/v2\/users\/6720"}],"replies":[{"embeddable":true,"href":"https:\/\/us.edu.pl\/kolegium\/kdo\/wp-json\/wp\/v2\/comments?post=8491"}],"version-history":[{"count":4,"href":"https:\/\/us.edu.pl\/kolegium\/kdo\/wp-json\/wp\/v2\/pages\/8491\/revisions"}],"predecessor-version":[{"id":8500,"href":"https:\/\/us.edu.pl\/kolegium\/kdo\/wp-json\/wp\/v2\/pages\/8491\/revisions\/8500"}],"up":[{"embeddable":true,"href":"https:\/\/us.edu.pl\/kolegium\/kdo\/wp-json\/wp\/v2\/pages\/4853"}],"wp:attachment":[{"href":"https:\/\/us.edu.pl\/kolegium\/kdo\/wp-json\/wp\/v2\/media?parent=8491"}],"curies":[{"name":"wp","href":"https:\/\/api.w.org\/{rel}","templated":true}]}}