{"id":8573,"date":"2025-11-13T14:06:12","date_gmt":"2025-11-13T13:06:12","guid":{"rendered":"https:\/\/us.edu.pl\/kolegium\/kdo\/?page_id=8573"},"modified":"2026-02-25T14:59:58","modified_gmt":"2026-02-25T13:59:58","slug":"informacje-2","status":"publish","type":"page","link":"https:\/\/us.edu.pl\/kolegium\/kdo\/up\/2-edycja-up\/informacje-2\/","title":{"rendered":"Informacje 2"},"content":{"rendered":"<p>[vc_row el_class=&#8221;container&#8221;][vc_column]\r\n                <div class=\"text-modules \">\r\n                    <div class=\"container\">\r\n                         \r\n                        <div class=\"row m-0\">\r\n                            <div class=\"text-modules__content\">\r\n                                <strong><span style=\"font-size: 12pt;\">ETAP WSPARCIA\u00a0<\/span><\/strong><\/p>\n<p><span style=\"font-size: 12pt;\">Wsparcie dla uczestnik\u00f3w projektu b\u0119dzie realizowane w nast\u0119puj\u0105cych terminach:<\/span><\/p>\n<p><span style=\"font-size: 12pt;\">9 &#8211; 13 marca\u00a0 &#8211; tydzie\u0144 warsztatowy &#8211; wsparcie \u015bwiadczone stacjonarnie<\/span><\/p>\n<p><span style=\"font-size: 12pt;\">13 marca\u00a0 &#8211; 3 kwietnia \u00a0praca nad projektem, przygotowanie do prezentacji dla BZIK \u00a0\u2013 konsultacje projektowe w ramach uczelni &#8211; terminy umawiane indywidualnie, wsparcie \u015bwiadczone w spos\u00f3b ci\u0105g\u0142y na uczelni<\/span><\/p>\n<p><span style=\"font-size: 12pt;\">7 &#8211; 30 kwietnia &#8211; I PREZENTACJA PRZED BZIK &#8211; termin obowi\u0105zkowy dla wszystkich<\/span><\/p>\n<p><span style=\"font-size: 12pt;\">11- 29 maja II PREZNETACJA PRZED BZIK &#8211; przyst\u0119puj\u0105 osoby, kt\u00f3rych projekty zosta\u0142y skierowane do poprawy w trakcie I rozmowy z BZIK<\/span><\/p>\n<p><span style=\"font-size: 12pt;\">8-19 czerwca III PREZENTACJA PRZED BZIK &#8211; przyst\u0119puj\u0105 osoby, kt\u00f3rych projekty zosta\u0142y skierowane do poprawy w trakcie II rozmowy z BZIK<\/span><\/p>\n<p><span style=\"font-size: 12pt;\">1 wrze\u015bnia 2026\u00a0 &#8211; 30 wrze\u015bnia 2027 wsparcie realizacji IPI poprzez stypendium, mikrokursy i mentoring realizowane adekwatnie do potrzeb studenta oraz wypracowanego Indywidualnego Planu Edukacyjnego &#8211; wsparcie \u015bwiadczone w spos\u00f3b ci\u0105g\u0142y, terminy umawiane indywidualnie.<\/span> \r\n                                <div class=\"mt-3\"><\/div>\r\n                            <\/div>\r\n                            \r\n                            \r\n                        <\/div>\r\n                    <\/div>\r\n                <\/div>[\/vc_column][\/vc_row]<\/p>","protected":false},"excerpt":{"rendered":"<p>[vc_row el_class=&#8221;container&#8221;][vc_column][\/vc_column][\/vc_row] [&#8230;]<\/p>\n<p><a class=\"btn btn-secondary understrap-read-more-link\" href=\"https:\/\/us.edu.pl\/kolegium\/kdo\/up\/2-edycja-up\/informacje-2\/\">Read More&#8230;<\/a><\/p>\n","protected":false},"author":6720,"featured_media":0,"parent":8528,"menu_order":0,"comment_status":"closed","ping_status":"closed","template":"","meta":{"_expiration-date-status":"","_expiration-date":0,"_expiration-date-type":"","_expiration-date-categories":[],"_expiration-date-options":[]},"acf":[],"_links":{"self":[{"href":"https:\/\/us.edu.pl\/kolegium\/kdo\/wp-json\/wp\/v2\/pages\/8573"}],"collection":[{"href":"https:\/\/us.edu.pl\/kolegium\/kdo\/wp-json\/wp\/v2\/pages"}],"about":[{"href":"https:\/\/us.edu.pl\/kolegium\/kdo\/wp-json\/wp\/v2\/types\/page"}],"author":[{"embeddable":true,"href":"https:\/\/us.edu.pl\/kolegium\/kdo\/wp-json\/wp\/v2\/users\/6720"}],"replies":[{"embeddable":true,"href":"https:\/\/us.edu.pl\/kolegium\/kdo\/wp-json\/wp\/v2\/comments?post=8573"}],"version-history":[{"count":6,"href":"https:\/\/us.edu.pl\/kolegium\/kdo\/wp-json\/wp\/v2\/pages\/8573\/revisions"}],"predecessor-version":[{"id":9416,"href":"https:\/\/us.edu.pl\/kolegium\/kdo\/wp-json\/wp\/v2\/pages\/8573\/revisions\/9416"}],"up":[{"embeddable":true,"href":"https:\/\/us.edu.pl\/kolegium\/kdo\/wp-json\/wp\/v2\/pages\/8528"}],"wp:attachment":[{"href":"https:\/\/us.edu.pl\/kolegium\/kdo\/wp-json\/wp\/v2\/media?parent=8573"}],"curies":[{"name":"wp","href":"https:\/\/api.w.org\/{rel}","templated":true}]}}