{"id":8590,"date":"2025-11-13T21:01:01","date_gmt":"2025-11-13T20:01:01","guid":{"rendered":"https:\/\/us.edu.pl\/kolegium\/kdo\/?page_id=8590"},"modified":"2025-11-13T21:34:47","modified_gmt":"2025-11-13T20:34:47","slug":"uczestnicy-1","status":"publish","type":"page","link":"https:\/\/us.edu.pl\/kolegium\/kdo\/up\/1-edycja-up\/uczestnicy-1\/","title":{"rendered":"Uczestnicy 1"},"content":{"rendered":"<p>[vc_row el_class=&#8221;container&#8221;][vc_column]\r\n                <div class=\"text-modules \">\r\n                    <div class=\"container\">\r\n                         <h3 class=\"subtitle text-modules__subtitle\">Poznajcie uczestnik\u00f3w i tytu\u0142y realizowanych projekt\u00f3w I edycji<\/h3>\r\n                        <div class=\"row m-0\">\r\n                            <div class=\"text-modules__content\">\r\n                                <img class=\"alignnone wp-image-8594\" src=\"https:\/\/us.edu.pl\/kolegium\/kdo\/wp-content\/uploads\/sites\/75\/Uczelnie-przyszlosci\/I-edycja-finalisci-800x297.png\" alt=\"\" width=\"929\" height=\"345\" srcset=\"https:\/\/us.edu.pl\/kolegium\/kdo\/wp-content\/uploads\/sites\/75\/Uczelnie-przyszlosci\/I-edycja-finalisci-800x297.png 800w, https:\/\/us.edu.pl\/kolegium\/kdo\/wp-content\/uploads\/sites\/75\/Uczelnie-przyszlosci\/I-edycja-finalisci-768x285.png 768w, https:\/\/us.edu.pl\/kolegium\/kdo\/wp-content\/uploads\/sites\/75\/Uczelnie-przyszlosci\/I-edycja-finalisci-575x213.png 575w, https:\/\/us.edu.pl\/kolegium\/kdo\/wp-content\/uploads\/sites\/75\/Uczelnie-przyszlosci\/I-edycja-finalisci.png 1313w\" sizes=\"(max-width: 929px) 100vw, 929px\" \/> \r\n                                <div class=\"mt-3\"><\/div>\r\n                            <\/div>\r\n                            \r\n                            \r\n                        <\/div>\r\n                    <\/div>\r\n                <\/div>[\/vc_column][\/vc_row][vc_row el_class=&#8221;container&#8221;][vc_column]\r\n                <div class=\"text-modules \">\r\n                    <div class=\"container\">\r\n                         \r\n                        <div class=\"row m-0\">\r\n                            <div class=\"text-modules__content\">\r\n                                <img class=\"alignnone wp-image-8300\" src=\"https:\/\/us.edu.pl\/kolegium\/kdo\/wp-content\/uploads\/sites\/75\/Uczelnie-przyszlosci\/11-finalistow-800x388.png\" alt=\"Finali\u015bci UP\" width=\"918\" height=\"445\" srcset=\"https:\/\/us.edu.pl\/kolegium\/kdo\/wp-content\/uploads\/sites\/75\/Uczelnie-przyszlosci\/11-finalistow-800x388.png 800w, https:\/\/us.edu.pl\/kolegium\/kdo\/wp-content\/uploads\/sites\/75\/Uczelnie-przyszlosci\/11-finalistow-768x373.png 768w, https:\/\/us.edu.pl\/kolegium\/kdo\/wp-content\/uploads\/sites\/75\/Uczelnie-przyszlosci\/11-finalistow-575x279.png 575w, https:\/\/us.edu.pl\/kolegium\/kdo\/wp-content\/uploads\/sites\/75\/Uczelnie-przyszlosci\/11-finalistow.png 911w\" sizes=\"(max-width: 918px) 100vw, 918px\" \/> \r\n                                <div class=\"mt-3\"><\/div>\r\n                            <\/div>\r\n                            \r\n                            \r\n                        <\/div>\r\n                    <\/div>\r\n                <\/div>[\/vc_column][\/vc_row]<\/p>","protected":false},"excerpt":{"rendered":"<p>[vc_row el_class=&#8221;container&#8221;][vc_column][\/vc_column][\/vc_row][vc_row el_class=&#8221;container&#8221;][vc_column][\/vc_column][\/vc_row] [&#8230;]<\/p>\n<p><a class=\"btn btn-secondary understrap-read-more-link\" href=\"https:\/\/us.edu.pl\/kolegium\/kdo\/up\/1-edycja-up\/uczestnicy-1\/\">Read More&#8230;<\/a><\/p>\n","protected":false},"author":6720,"featured_media":0,"parent":8545,"menu_order":0,"comment_status":"closed","ping_status":"closed","template":"","meta":{"_expiration-date-status":"","_expiration-date":0,"_expiration-date-type":"","_expiration-date-categories":[],"_expiration-date-options":[]},"acf":[],"_links":{"self":[{"href":"https:\/\/us.edu.pl\/kolegium\/kdo\/wp-json\/wp\/v2\/pages\/8590"}],"collection":[{"href":"https:\/\/us.edu.pl\/kolegium\/kdo\/wp-json\/wp\/v2\/pages"}],"about":[{"href":"https:\/\/us.edu.pl\/kolegium\/kdo\/wp-json\/wp\/v2\/types\/page"}],"author":[{"embeddable":true,"href":"https:\/\/us.edu.pl\/kolegium\/kdo\/wp-json\/wp\/v2\/users\/6720"}],"replies":[{"embeddable":true,"href":"https:\/\/us.edu.pl\/kolegium\/kdo\/wp-json\/wp\/v2\/comments?post=8590"}],"version-history":[{"count":6,"href":"https:\/\/us.edu.pl\/kolegium\/kdo\/wp-json\/wp\/v2\/pages\/8590\/revisions"}],"predecessor-version":[{"id":8598,"href":"https:\/\/us.edu.pl\/kolegium\/kdo\/wp-json\/wp\/v2\/pages\/8590\/revisions\/8598"}],"up":[{"embeddable":true,"href":"https:\/\/us.edu.pl\/kolegium\/kdo\/wp-json\/wp\/v2\/pages\/8545"}],"wp:attachment":[{"href":"https:\/\/us.edu.pl\/kolegium\/kdo\/wp-json\/wp\/v2\/media?parent=8590"}],"curies":[{"name":"wp","href":"https:\/\/api.w.org\/{rel}","templated":true}]}}