{"id":8609,"date":"2025-11-13T22:19:47","date_gmt":"2025-11-13T21:19:47","guid":{"rendered":"https:\/\/us.edu.pl\/kolegium\/kdo\/?page_id=8609"},"modified":"2025-11-13T22:25:50","modified_gmt":"2025-11-13T21:25:50","slug":"kontakt","status":"publish","type":"page","link":"https:\/\/us.edu.pl\/kolegium\/kdo\/up\/kontakt\/","title":{"rendered":""},"content":{"rendered":"<p>[vc_row el_class=&#8221;container&#8221;][vc_column]\r\n                <div class=\"text-modules \">\r\n                    <div class=\"container\">\r\n                         \r\n                        <div class=\"row m-0\">\r\n                            <div class=\"text-modules__content\">\r\n                                <span style=\"font-size: 14pt;\">Prosimy o kontakt :<\/span><\/p>\n<p><span style=\"font-size: 12pt;\">W sprawach merytorycznych z Koordynatork\u0105 projektu pani\u0105 dr Katarzyn\u0105 Sujkowsk\u0105, prof. U\u015a, e-mail: <a href=\"mailto:katarzyna.sujkowska@us.edu.pl\">katarzyna.sujkowska@us.edu.pl<\/a><\/span><\/p>\n<p><span style=\"font-size: 12pt;\">W sprawach administracyjnych z pani\u0105 Ew\u0105 Kalisz, e-mail: <a href=\"mailto:ewa.kalisz@us.edu.pl\">ewa.kalisz@us.edu.pl<\/a><\/span><\/p>\n<p>&nbsp;<\/p>\n<p><span style=\"font-size: 12pt;\">Lokalizacja:<\/span><\/p>\n<p><span style=\"font-size: 12pt;\">Katowice, ul. Bankowa 12, pok. 0.35<\/span><\/p>\n<p><span style=\"font-size: 12pt;\">telefon: 32 359 15 96<\/span><\/p>\n<p><span style=\"font-size: 12pt;\">e-mail: <a href=\"mailto:uczelnieprzyszlosci@us.edu.pl\">uczelnieprzyszlosci@us.edu.pl<\/a><\/span><\/p>\n<div class=\"mt-3\"><\/div>\r\n                            <\/div>\r\n                            \r\n                            \r\n                        <\/div>\r\n                    <\/div>\r\n                <\/div>[\/vc_column][\/vc_row][vc_row el_class=&#8221;container&#8221;][vc_column]\r\n                <div class=\"text-modules \">\r\n                    <div class=\"container\">\r\n                         \r\n                        <div class=\"row m-0\">\r\n                            <div class=\"text-modules__content\">\r\n                                <img class=\"alignnone size-full wp-image-4233\" src=\"https:\/\/us.edu.pl\/kolegium\/kdo\/wp-content\/uploads\/sites\/75\/Uczelnie-przyszlosci\/LOGO-UP.png\" alt=\"Uczelnie Przysz\u0142o\u015bci\" width=\"239\" height=\"166\" \/> \r\n                                <div class=\"mt-3\"><\/div>\r\n                            <\/div>\r\n                            \r\n                            \r\n                        <\/div>\r\n                    <\/div>\r\n                <\/div>\r\n                <div class=\"text-modules \">\r\n                    <div class=\"container\">\r\n                         \r\n                        <div class=\"row m-0\">\r\n                            <div class=\"text-modules__content\">\r\n                                <img class=\"alignnone wp-image-4253\" src=\"https:\/\/us.edu.pl\/kolegium\/kdo\/wp-content\/uploads\/sites\/75\/Uczelnie-przyszlosci\/LOGA.png\" alt=\"\" width=\"1001\" height=\"80\" srcset=\"https:\/\/us.edu.pl\/kolegium\/kdo\/wp-content\/uploads\/sites\/75\/Uczelnie-przyszlosci\/LOGA.png 750w, https:\/\/us.edu.pl\/kolegium\/kdo\/wp-content\/uploads\/sites\/75\/Uczelnie-przyszlosci\/LOGA-575x46.png 575w\" sizes=\"(max-width: 1001px) 100vw, 1001px\" \/> \r\n                                <div class=\"mt-3\"><\/div>\r\n                            <\/div>\r\n                            \r\n                            \r\n                        <\/div>\r\n                    <\/div>\r\n                <\/div>[\/vc_column][\/vc_row]<\/p>","protected":false},"excerpt":{"rendered":"<p>[vc_row el_class=&#8221;container&#8221;][vc_column][\/vc_column][\/vc_row][vc_row el_class=&#8221;container&#8221;][vc_column][\/vc_column][\/vc_row] [&#8230;]<\/p>\n<p><a class=\"btn btn-secondary understrap-read-more-link\" href=\"https:\/\/us.edu.pl\/kolegium\/kdo\/up\/kontakt\/\">Read More&#8230;<\/a><\/p>\n","protected":false},"author":6720,"featured_media":0,"parent":8247,"menu_order":0,"comment_status":"closed","ping_status":"closed","template":"page-templates\/page-with-bookmarks.php","meta":{"_expiration-date-status":"","_expiration-date":0,"_expiration-date-type":"","_expiration-date-categories":[],"_expiration-date-options":[]},"acf":[],"_links":{"self":[{"href":"https:\/\/us.edu.pl\/kolegium\/kdo\/wp-json\/wp\/v2\/pages\/8609"}],"collection":[{"href":"https:\/\/us.edu.pl\/kolegium\/kdo\/wp-json\/wp\/v2\/pages"}],"about":[{"href":"https:\/\/us.edu.pl\/kolegium\/kdo\/wp-json\/wp\/v2\/types\/page"}],"author":[{"embeddable":true,"href":"https:\/\/us.edu.pl\/kolegium\/kdo\/wp-json\/wp\/v2\/users\/6720"}],"replies":[{"embeddable":true,"href":"https:\/\/us.edu.pl\/kolegium\/kdo\/wp-json\/wp\/v2\/comments?post=8609"}],"version-history":[{"count":5,"href":"https:\/\/us.edu.pl\/kolegium\/kdo\/wp-json\/wp\/v2\/pages\/8609\/revisions"}],"predecessor-version":[{"id":8614,"href":"https:\/\/us.edu.pl\/kolegium\/kdo\/wp-json\/wp\/v2\/pages\/8609\/revisions\/8614"}],"up":[{"embeddable":true,"href":"https:\/\/us.edu.pl\/kolegium\/kdo\/wp-json\/wp\/v2\/pages\/8247"}],"wp:attachment":[{"href":"https:\/\/us.edu.pl\/kolegium\/kdo\/wp-json\/wp\/v2\/media?parent=8609"}],"curies":[{"name":"wp","href":"https:\/\/api.w.org\/{rel}","templated":true}]}}