{"id":8619,"date":"2025-11-18T15:22:26","date_gmt":"2025-11-18T14:22:26","guid":{"rendered":"https:\/\/us.edu.pl\/kolegium\/kdo\/?page_id=8619"},"modified":"2025-11-18T15:23:23","modified_gmt":"2025-11-18T14:23:23","slug":"ngai","status":"publish","type":"page","link":"https:\/\/us.edu.pl\/kolegium\/kdo\/ksztalcenie-obszarowe\/tydzien-projektowy-2024\/ngai\/","title":{"rendered":"NGAI"},"content":{"rendered":"<p>[vc_row el_class=&#8221;container&#8221;][vc_column]\r\n                <div class=\"text-modules \">\r\n                    <div class=\"container\">\r\n                        <h3 class=\"section-title section-title_border-bottom\">Narz\u0119dzia generatywnej AI w praktyce<\/h3> \r\n                        <div class=\"row m-0\">\r\n                            <div class=\"text-modules__content\">\r\n                                <strong>Koordynatorka: dr Joanna Mercik<\/strong><\/p>\n<p>Zaj\u0119cia maj\u0105 na celu zapoznanie os\u00f3b studiuj\u0105cych z narz\u0119dziami generatywnej sztucznej inteligencji i ich praktycznym wykorzystaniem. Przyjmuj\u0105 form\u0119 konwersatori\u00f3w po\u0142\u0105czonych z \u0107wiczeniami, do kt\u00f3rych wystarczy w\u0142asny sprz\u0119t \u2013 telefon, tablet lub laptop. Pracuj\u0105c metod\u0105 projektow\u0105, osoby studiuj\u0105ce naucz\u0105 si\u0119 prowadzi\u0107 skuteczn\u0105 komunikacj\u0119 z chatbotami poprzez tworzenie wysokiej jako\u015bci prompt\u00f3w. Poznaj\u0105 tak\u017ce polskie modele j\u0119zykowe oraz mo\u017cliwo\u015bci generowania prezentacji, grafik i materia\u0142\u00f3w edukacyjnych. Dodatkowo poruszone zostan\u0105 zagadnienia etyki i bezpiecznego korzystania z AI, a osoby studiuj\u0105ce dowiedz\u0105 si\u0119, jak automatyzowa\u0107 codzienne zadania, wspieraj\u0105c swoj\u0105 nauk\u0119 i przysz\u0142\u0105 prac\u0119 zawodow\u0105. \r\n                                <div class=\"mt-3\"><\/div>\r\n                            <\/div>\r\n                            \r\n                            \r\n                        <\/div>\r\n                    <\/div>\r\n                <\/div>[\/vc_column][\/vc_row][vc_row disable_element=&#8221;yes&#8221; el_class=&#8221;container&#8221;][vc_column][vc_btn title=&#8221;Zg\u0142aszam si\u0119&#8221; color=&#8221;pink&#8221; size=&#8221;lg&#8221; align=&#8221;center&#8221; link=&#8221;url:https%3A%2F%2Fforms.office.com%2Fe%2Fs4xdCBBCu6&#8243; el_class=&#8221;container&#8221;][\/vc_column][\/vc_row]<\/p>","protected":false},"excerpt":{"rendered":"<p>[vc_row el_class=&#8221;container&#8221;][vc_column][\/vc_column][\/vc_row][vc_row disable_element=&#8221;yes&#8221; el_class=&#8221;container&#8221;][vc_column][vc_btn title=&#8221;Zg\u0142aszam si\u0119&#8221; color=&#8221;pink&#8221; size=&#8221;lg&#8221; align=&#8221;center&#8221; link=&#8221;url:https%3A%2F%2Fforms.office.com%2Fe%2Fs4xdCBBCu6&#8243; el_class=&#8221;container&#8221;][\/vc_column][\/vc_row] [&#8230;]<\/p>\n<p><a class=\"btn btn-secondary understrap-read-more-link\" href=\"https:\/\/us.edu.pl\/kolegium\/kdo\/ksztalcenie-obszarowe\/tydzien-projektowy-2024\/ngai\/\">Read More&#8230;<\/a><\/p>\n","protected":false},"author":6720,"featured_media":0,"parent":530,"menu_order":0,"comment_status":"closed","ping_status":"closed","template":"","meta":{"_expiration-date-status":"","_expiration-date":0,"_expiration-date-type":"","_expiration-date-categories":[],"_expiration-date-options":[]},"acf":[],"_links":{"self":[{"href":"https:\/\/us.edu.pl\/kolegium\/kdo\/wp-json\/wp\/v2\/pages\/8619"}],"collection":[{"href":"https:\/\/us.edu.pl\/kolegium\/kdo\/wp-json\/wp\/v2\/pages"}],"about":[{"href":"https:\/\/us.edu.pl\/kolegium\/kdo\/wp-json\/wp\/v2\/types\/page"}],"author":[{"embeddable":true,"href":"https:\/\/us.edu.pl\/kolegium\/kdo\/wp-json\/wp\/v2\/users\/6720"}],"replies":[{"embeddable":true,"href":"https:\/\/us.edu.pl\/kolegium\/kdo\/wp-json\/wp\/v2\/comments?post=8619"}],"version-history":[{"count":2,"href":"https:\/\/us.edu.pl\/kolegium\/kdo\/wp-json\/wp\/v2\/pages\/8619\/revisions"}],"predecessor-version":[{"id":8621,"href":"https:\/\/us.edu.pl\/kolegium\/kdo\/wp-json\/wp\/v2\/pages\/8619\/revisions\/8621"}],"up":[{"embeddable":true,"href":"https:\/\/us.edu.pl\/kolegium\/kdo\/wp-json\/wp\/v2\/pages\/530"}],"wp:attachment":[{"href":"https:\/\/us.edu.pl\/kolegium\/kdo\/wp-json\/wp\/v2\/media?parent=8619"}],"curies":[{"name":"wp","href":"https:\/\/api.w.org\/{rel}","templated":true}]}}