{"id":862,"date":"2024-08-26T11:53:53","date_gmt":"2024-08-26T09:53:53","guid":{"rendered":"https:\/\/us.edu.pl\/kolegium\/kdo\/?page_id=862"},"modified":"2025-02-12T13:40:52","modified_gmt":"2025-02-12T12:40:52","slug":"dla-studentow","status":"publish","type":"page","link":"https:\/\/us.edu.pl\/kolegium\/kdo\/ksztalcenie-nauczycielskie\/dla-kogo\/dla-studentow\/","title":{"rendered":"Dla os\u00f3b studiuj\u0105cych"},"content":{"rendered":"<p>[vc_row el_class=&#8221;container&#8221;][vc_column width=&#8221;2\/3&#8243;]\r\n                <div class=\"text-modules\">\r\n                    <div class=\"container\">\r\n                        \r\n                        <div class=\"text-modules__content\"><p><span style=\"font-size: 14pt; color: #333399;\"><strong>OPIS KSZTA\u0141CENIA NAUCZYCIELSKIEGO NA KIERUNKACH STUDI\u00d3W PRZYGOTOWUJ\u0104CYCH DO WYKONYWANIA ZAWODU NAUCZYCIELA PRZEDMIOTU\/PRZEDMIOT\u00d3W\/ZAJ\u0118\u0106 W UNIWERSYTECIE \u015aL\u0104SKIM UWZGL\u0118DNIAJ\u0104CY PRZYGOTOWANIE PSYCHOLOGICZNO-PEDAGOGICZNE W RAMACH KOLEGIUM DYDAKTYKI OG\u00d3LNOUNIWERSYTECKIEJ <\/strong><\/span><br \/>\n<span style=\"font-size: 14pt; color: #333399;\"><strong><em>(od cyklu 2023\/2024)<\/em><\/strong><\/span><\/p>\n<p>\n<\/div>\r\n                    <\/div>\r\n                <\/div>[\/vc_column][vc_column width=&#8221;1\/3&#8243;]\r\n                <div class=\"text-modules\">\r\n                    <div class=\"container\">\r\n                        \r\n                        <div class=\"text-modules__content\"><p><img class=\" wp-image-2155\" src=\"https:\/\/us.edu.pl\/kolegium\/kdo\/wp-content\/uploads\/sites\/75\/obrazki-stron\/laptop-3087585_1280-800x533.jpg\" alt=\"M\u0142oda kobieta w okularach zagryzaj\u0105ca w z\u0119bach o\u0142\u00f3wek patrzy na monitor laptopa, obok stoi kubek z o\u0142\u00f3wkami\" width=\"386\" height=\"257\" srcset=\"https:\/\/us.edu.pl\/kolegium\/kdo\/wp-content\/uploads\/sites\/75\/obrazki-stron\/laptop-3087585_1280-800x533.jpg 800w, https:\/\/us.edu.pl\/kolegium\/kdo\/wp-content\/uploads\/sites\/75\/obrazki-stron\/laptop-3087585_1280-768x512.jpg 768w, https:\/\/us.edu.pl\/kolegium\/kdo\/wp-content\/uploads\/sites\/75\/obrazki-stron\/laptop-3087585_1280-575x383.jpg 575w, https:\/\/us.edu.pl\/kolegium\/kdo\/wp-content\/uploads\/sites\/75\/obrazki-stron\/laptop-3087585_1280.jpg 1280w\" sizes=\"(max-width: 386px) 100vw, 386px\" \/><br \/>\n<span style=\"font-size: 10pt;\"> Obraz autorstwa Jeshoots, mat. pobrany z pixabay<\/span><\/p>\n<\/div>\r\n                    <\/div>\r\n                <\/div>[\/vc_column][\/vc_row][vc_row el_class=&#8221;container&#8221;][vc_column]\r\n                <div class=\"text-modules\">\r\n                    <div class=\"container\">\r\n                        \r\n                        <div class=\"text-modules__content\"><p><span style=\"color: #333399;\"><strong>PRZYGOTOWANIE DO WYKONYWANIA ZAWODU NAUCZYCIELA \u2013 zasady og\u00f3lne<\/strong><\/span><\/p>\n<p>Przygotowanie do wykonywania zawodu nauczyciela w Uniwersytecie \u015al\u0105skim realizowane jest w ramach:<\/p>\n<ol>\n<li>jednolitych studi\u00f3w magisterskich,<\/li>\n<li>studi\u00f3w I i II stopnia, w ramach specjalno\u015bci nauczycielskich,<\/li>\n<li>indywidualnej \u015bcie\u017cki przygotowania do wykonywania zawodu nauczyciela\/ki,<\/li>\n<li>studi\u00f3w podyplomowych kierowanych do pracownik\u00f3w sektora edukacji i os\u00f3b uzupe\u0142niaj\u0105cych przygotowanie pedagogiczne niezb\u0119dne do wykonywania zawodu nauczyciela.<\/li>\n<\/ol>\n<p>Forma i program kszta\u0142cenia pozostaj\u0105 w zgodzie z zapisami <em>Rozporz\u0105dzenia Ministra nauki i Szkolnictwa Wy\u017cszego z 25.07.2019 r. w sprawie standardu kszta\u0142cenia przygotowuj\u0105cego do wykonywania zawodu nauczyciela <\/em>[z p\u00f3\u017a. zm.].<\/p>\n<p>W \u015bwietle zapis\u00f3w <em>Rozporz\u0105dzenia<\/em>, po uko\u0144czeniu studi\u00f3w, w szko\u0142ach i innych plac\u00f3wkach o\u015bwiatowych prowadzi\u0107 zaj\u0119cia mog\u0105 osoby, kt\u00f3re:<\/p>\n<ul>\n<li>uzyska\u0142y wykszta\u0142cenie wy\u017csze magisterskie zgodne z nauczanym przedmiotem\u00a0(w obszarze wskazanym w podstawie programowej dla nauczanego przedmiotu); oznacza to, \u017ce uko\u0144czy\u0142y studia kierunkowe w cyklu obejmuj\u0105cym studia pierwszego i drugiego stopnia (na tym samym kierunku) lub pi\u0119cioletnie &#8211; jednolite studia magisterskie w wymaganym zakresie,<\/li>\n<li>posiadaj\u0105 pe\u0142ne przygotowanie pedagogiczne, kt\u00f3re obejmuje <em>przygotowanie merytoryczne i przygotowanie pedagogiczne. Przygotowanie pedagogiczne obejmuje przygotowanie psychologiczno-pedagogiczne i przygotowanie dydaktyczne. Przygotowanie dydaktyczne obejmuje podstawy dydaktyki i emisj\u0119 g\u0142osu oraz przygotowanie dydaktyczne do nauczania przedmiotu lub prowadzenia zaj\u0119\u0107, <\/em>za: Rozporz\u0105dzeniem MNiSW z dnia 25 lipca 2019 r., za\u0142.1., pkt.2.3.; oraz: [..] <em>przez przygotowanie pedagogiczne nale\u017cy rozumie\u0107 nabycie wiedzy i umiej\u0119tno\u015bci z zakresu psychologii, pedagogiki i dydaktyki szczeg\u00f3\u0142owej, nauczanych w wymiarze nie mniejszym ni\u017c 270 godzin w powi\u0105zaniu z kierunkiem (specjalno\u015bci\u0105) kszta\u0142cenia oraz pozytywnie ocenion\u0105 praktyk\u0105 pedagogiczn\u0105 \u2013 w wymiarze nie mniejszym ni\u017c 150 godzin. <\/em>Za: Rozporz\u0105dzeniem MEN z dnia 1 sierpnia 2017 r. w sprawie szczeg\u00f3\u0142owych <em>kwalifikacji<\/em> wymaganych od nauczycieli; \u00a7 2 pkt 2.<\/li>\n<\/ul>\n<p>Ka\u017cda osoba studiuj\u0105ca w Uniwersytecie \u015al\u0105skim, chc\u0105ca zosta\u0107 w przysz\u0142o\u015bci nauczycielk\u0105 lub nauczycielem przedmiotu\/zaj\u0119\u0107, zobowi\u0105zana jest do uko\u0144czenia studi\u00f3w, specjalno\u015bci lub indywidualnej \u015bcie\u017cki przygotowuj\u0105cej do wykonywania zawodu nauczyciela [wg ustalonych zasad, patrz: <em>Indywidualna \u015bcie\u017cka przygotowania do wykonywania zawodu nauczyciela przedmiotu\/zaj\u0119\u0107<\/em>].<\/p>\n<p><span style=\"color: #333399;\"><strong>WA\u017bNE:<\/strong><\/span><\/p>\n<p>Program kszta\u0142cenia nauczycieli w Uniwersytecie \u015al\u0105skim, od roku akademickiego 2023\/2024, na kierunkach zorganizowanych w ramach Nowej Koncepcji Studi\u00f3w (NKS), okre\u015blony zosta\u0142 jako zintegrowana \u015bcie\u017cka kszta\u0142cenia (Zo\u015aKa) i realizowany jest na I i II stopniu studi\u00f3w. W ramach zintegrowanej \u015bcie\u017cki kszta\u0142cenia nauczycielskiego osoby studiuj\u0105ce uzyskuj\u0105 mo\u017cliwo\u015b\u0107 przygotowania si\u0119 do wykonywania zawodu nauczyciela\/ki na kierunkach ze specjalno\u015bciami nauczycielskimi lub obieraj\u0105c indywidualn\u0105 \u015bcie\u017ck\u0119 kszta\u0142cenia nauczycielskiego.<\/p>\n<p>&nbsp;<\/p>\n<p style=\"text-align: left;\"><span style=\"color: #333399;\"><strong>OPIS PRZYGOTOWANIA DO WYKONYWANIA ZWODU NAUCZYCIELA JEDNEGO PRZEDMIOTU LUB ZAJ\u0118\u0106 W RAMACH SPECJALNO\u015aCI NAUCZYCIELSKIEJ<\/strong><\/span><\/p>\n<p>Osoby studiuj\u0105ce przygotowuj\u0105ce si\u0119 do wykonywania zwodu nauczyciela jednego przedmiotu (lub zaj\u0119\u0107) na studiach opracowanych zgodnie z Now\u0105 Koncepcj\u0105 Studi\u00f3w, w ramach specjalno\u015bci nauczycielskich, realizuj\u0105:<\/p>\n<ol>\n<li>zaj\u0119cia kierunkowe, obowi\u0105zuj\u0105ce wszystkie osoby studiuj\u0105ce bez wzgl\u0119du na wyb\u00f3r specjalno\u015bci. S\u0105 to jednocze\u015bnie zaj\u0119cia: modu\u0142y i grupy modu\u0142\u00f3w, merytorycznie powi\u0105zane z celami i tre\u015bciami podstawy programowej (na odpowiednim etapie edukacyjnym) przedmiotu, do nauczania kt\u00f3rego studentki i studenci si\u0119 przygotowuj\u0105. W <em>Rozporz\u0105dzeniu<\/em> ten blok zaj\u0119\u0107 okre\u015bla si\u0119 jako: <strong>GRUPA ZAJ\u0118\u0106 A<\/strong>, a jej zakres i tre\u015b\u0107 okre\u015blone s\u0105 na kierunku studi\u00f3w. Blok zaj\u0119\u0107 kierunkowych osoby studiuj\u0105ce realizuj\u0105 i zaliczaj\u0105 z innymi studentami i studentkami na macierzystym kierunku.<\/li>\n<li>zaj\u0119cia z zakresu przygotowania pedagogicznego (opisane jako <strong>GRUPA ZAJ\u0118\u0106 B i C<\/strong>) obejmuj\u0105ce \u015bci\u015ble okre\u015blone w <em>Rozporz\u0105dzeniu<\/em> tre\u015bci i zakresy, w tym:<\/li>\n<\/ol>\n<ul>\n<li>w zakresie przygotowania psychologiczno-pedagogicznego &#8211; GRUPA ZAJ\u0118\u0106 B:\n<ul>\n<li>psychologi\u0119 \u2013 90h<\/li>\n<li>pedagogik\u0119\u2013 90h<\/li>\n<li>warsztaty psychologiczne \u2013 15h<\/li>\n<li>warsztaty pedagogiczne \u2013 15h<\/li>\n<li>praktyk\u0119 psychologiczno-pedagogiczn\u0105 \u2013 30h<\/li>\n<\/ul>\n<\/li>\n<li>w zakresie przygotowania dydaktycznego &#8211; GRUPA ZAJ\u0118\u0106 C:\n<ul>\n<li>dydaktyk\u0119 og\u00f3ln\u0105 \u2013 30h<\/li>\n<li>emisj\u0119 g\u0142osu \u2013 30h<\/li>\n<li>pierwsz\u0105 pomoc przedmedyczn\u0105 \u2013 15h<\/li>\n<\/ul>\n<\/li>\n<\/ul>\n<p>Pe\u0142ny zakres tre\u015bciowy i godzinowy zaj\u0119\u0107 przygotowania pedagogicznego realizowany jest na studiach I i II stopnia. Za opracowanie i organizacj\u0119 tej grupy zaj\u0119\u0107 odpowiedzialny jest Zesp\u00f3\u0142 ds. kszta\u0142cenia nauczycieli w Kolegium Dydaktyki Og\u00f3lnouniwersyteckiej (KDO). Oznacza to, \u017ce osoby studiuj\u0105ce w ramach specjalno\u015bci lub \u015bcie\u017cki indywidualnej, blok zaj\u0119\u0107: B i C realizuj\u0105 ze studentkami i studentami innych specjalno\u015bci nauczycielskich, w grupach mieszanych, w ramach pi\u0105tkowego bloku zaj\u0119\u0107 nauczycielskich.<\/p>\n<ol start=\"3\">\n<li>ostatni blok zaj\u0119\u0107 (GRUPA ZAJ\u0118\u0106 D), wymaganych do uzyskania pe\u0142nego przygotowania do wykonywania zawodu nauczyciela obejmuj\u0105cy przygotowanie w zakresie dydaktyki szczeg\u00f3\u0142owej danego przedmiotu\/zaj\u0119\u0107, na danym etapie edukacji, w tym:<\/li>\n<\/ol>\n<ul>\n<li>150 godzin dydaktyki szczeg\u00f3\u0142owej oraz 120 godzin praktyki pedagogicznej dla przedmiotu nauczanego na II i III etapie edukacyjnym, czyli w szkole podstawowej i ponadpodstawowej,<\/li>\n<li>lub 90 godzin dydaktyki szczeg\u00f3\u0142owej oraz 60 godzin praktyki pedagogicznej dla przedmiotu nauczanego na II lub III etapie edukacyjnym, czyli w szkole podstawowej lub ponadpodstawowej.<\/li>\n<\/ul>\n<p>Zaj\u0119cia z grupy D organizowane i zaliczane s\u0105 na macierzystym kierunku studi\u00f3w, w grupie os\u00f3b studiuj\u0105cych na specjalno\u015bci nauczycielskiej.<\/p>\n<p><span style=\"color: #333399;\"><strong>WA\u017bNE:<\/strong><\/span><\/p>\n<ol>\n<li>Przygotowanie pedagogiczne (grupa zaj\u0119\u0107 B i C), realizowane jest przez osob\u0119 studiuj\u0105ca tylko raz, bez wzgl\u0119du na ilo\u015b\u0107 podj\u0119tych specjalno\u015bci nauczycielskich.<\/li>\n<li>Studia przygotowuj\u0105ce do wykonywania zawodu nauczyciela trwaj\u0105 co najmniej 10 semestr\u00f3w, co oznacza, \u017ce realizowane s\u0105 jako studia pierwszego i drugiego stopnia, na kierunku, kt\u00f3rego efekty uczenia si\u0119 i tre\u015bci zaj\u0119\u0107 zgodne s\u0105 z celami i tre\u015bciami opisanymi w podstawie programowej przedmiotu\/zaj\u0119\u0107, do nauczania kt\u00f3rego osoby studiuj\u0105ce si\u0119 przygotowuj\u0105.<\/li>\n<li>W\u0142a\u015bciwy dla kierunku i specjalno\u015bci dyplom z suplementem potwierdzaj\u0105cym przygotowanie pedagogiczne wystawiany jest na g\u0142\u00f3wnym kierunku studi\u00f3w, po uko\u0144czeniu pe\u0142nego cyklu kszta\u0142cenia.<\/li>\n<\/ol>\n<p>&nbsp;<\/p>\n<p style=\"text-align: left;\"><span style=\"color: #333399;\"><strong>OPIS PRZYGOTOWANIA DO WYKONYWANIA ZWODU NAUCZYCIELA JEDNEGO I KOLEJNYCH PRZEDMIOT\u00d3W LUB ZAJ\u0118\u0106 W RAMACH SPECJALNO\u015aCI NAUCZYCIELSKIEJ<\/strong><\/span><\/p>\n<p><strong>\u00a0<\/strong>W ramach zintegrowanej \u015bcie\u017cki kszta\u0142cenia nauczycielskiego (Zo\u015aKa), na kierunkach, na kt\u00f3rych pozytywnie zweryfikowano zakres tre\u015bci szczeg\u00f3\u0142owych i efekt\u00f3w uczenia si\u0119 w odniesieniu do podstaw programowych nauczanych przedmiot\u00f3w \/zaj\u0119\u0107, osoby studiuj\u0105ce mog\u0105 podj\u0105\u0107 studia przygotowuj\u0105ce do nauczania pierwszego i kolejnych przedmiot\u00f3w\/zaj\u0119\u0107. Program studi\u00f3w realizowany jest na I i II stopniu studi\u00f3w, w ramach specjalno\u015bci nauczycielskich. Osoby studiuj\u0105ce przygotowuj\u0105ce si\u0119 do wykonywania zwodu nauczyciela pierwszego i kolejnych przedmiot\u00f3w\/zaj\u0119\u0107, na studiach opracowanych zgodnie z NKS, w ramach specjalno\u015bci nauczycielskich, realizuj\u0105:<\/p>\n<ol>\n<li>zaj\u0119cia kierunkowe opracowane przez jednostki prowadz\u0105ce odpowiednie studia kierunkowe, w tym specjalno\u015bci nauczycielskie dwuprzedmiotowe.<\/li>\n<\/ol>\n<ul>\n<li>w przypadku przygotowania do nauczania pierwszego przedmiotu\/zaj\u0119\u0107 zakres opisany jako GRUPA ZAJ\u0118\u0106 A1 obejmuje tre\u015bci i efekty ustalone na wiod\u0105cym dla kszta\u0142cenia dwuprzedmiotowego kierunku i specjalno\u015bci studi\u00f3w,<\/li>\n<li>w przypadku przygotowania do nauczania drugiego\/kolejnego przedmiotu\/zaj\u0119\u0107, zakres zaj\u0119\u0107 okre\u015blony jako GRUPA ZAJ\u0118\u0106 A2 obejmuje tre\u015bci i efekty ustalone przez jednostki prowadz\u0105ce studia kierunkowe uwzgl\u0119dniaj\u0105ce w warstwie merytorycznej kszta\u0142cenia tre\u015bci podstawy programowej drugiego\/kolejnego przedmiotu\/zaj\u0119\u0107.<\/li>\n<\/ul>\n<p>Zaj\u0119cia grupy A1 i A2 realizowane s\u0105 na w\u0142a\u015bciwych kierunkach; harmonogramy tych zaj\u0119\u0107 ustalane s\u0105 w porozumieniu z jednostk\u0105 prowadz\u0105c\u0105 kierunek wiod\u0105cy dla specjalno\u015bci dwuprzedmiotowej\/wieloprzedmiotowej.<\/p>\n<ol start=\"2\">\n<li>zaj\u0119cia z zakresu przygotowania pedagogicznego (opisane jako GRUPA ZAJ\u0118\u0106 B i C) obejmuj\u0105ce \u015bci\u015ble okre\u015blone w <em>Rozporz\u0105dzeniu<\/em> tre\u015bci i zakresy, w tym:<\/li>\n<\/ol>\n<ul>\n<li>w zakresie przygotowania psychologiczno-pedagogicznego &#8211; GRUPA ZAJ\u0118\u0106 B:\n<ul>\n<li>psychologi\u0119 \u2013 90h<\/li>\n<li>pedagogik\u0119 \u2013 90h<\/li>\n<li>praktyk\u0119 psychologiczno-pedagogiczn\u0105 \u2013 30h<\/li>\n<\/ul>\n<\/li>\n<li>w zakresie przygotowania dydaktycznego &#8211; GRUPA ZAJ\u0118\u0106 C:\n<ul>\n<li>dydaktyk\u0119 og\u00f3ln\u0105 \u2013 30h<\/li>\n<li>emisj\u0119 g\u0142osu \u2013 30h<\/li>\n<li>pierwsz\u0105 pomoc przedmedyczn\u0105 \u2013 15h<\/li>\n<\/ul>\n<\/li>\n<\/ul>\n<p>Zaj\u0119cia z bloku B i C mieszcz\u0105 si\u0119 w ofercie modu\u0142\u00f3w obszarowych realizowanych w ramach KDO i stanowi\u0105 element wsp\u00f3lnego dla wszystkich specjalno\u015bci nauczycielskich kszta\u0142cenia w zakresie przygotowania pedagogicznego; za opracowanie i organizacj\u0119 grupy zaj\u0119\u0107 w ramach przygotowania pedagogicznego odpowiedzialny jest Zesp\u00f3\u0142 ds. kszta\u0142cenia nauczycieli w KDO \u2013 analogicznie jak w przypadku przygotowania do wykonywania zawodu nauczyciela jednego przedmiotu. Oznacza to, \u017ce osoby studiuj\u0105ce w ramach specjalno\u015bci dwuprzedmiotowej bloki zaj\u0119\u0107: B i C realizuj\u0105 ze studentkami i studentami innych specjalno\u015bci nauczycielskich, w grupach mieszanych, w ramach pi\u0105tkowego bloku zaj\u0119\u0107 nauczycielskich.<\/p>\n<ol start=\"3\">\n<li>zaj\u0119cia przygotowania dydaktycznego, w tym:<\/li>\n<\/ol>\n<ul>\n<li>przygotowanie dydaktyczne (GRUPA ZAJ\u0118\u0106 D) obejmuj\u0105ce dydaktyk\u0119 pierwszego przedmiotu nauczania lub rodzaju zaj\u0119\u0107 i praktyk\u0119 zawodow\u0105: (w ilo\u015bci: 90 godzin dydaktyki przedmiotowej i 60 godzin praktyki zawodowej w przypadku uzyskiwania uprawnie\u0144 do nauczania jednego przedmiotu w szkole <u>podstawowej lub ponadpodstawowej<\/u>; do uzyskania uprawnie\u0144 do nauczania w szkole <u>podstawowej i ponadpodstawowej<\/u> osoby studiuj\u0105ce realizuj\u0105 150 godzin dydaktyki przedmiotowej i 120 godzin praktyki zawodowej);<\/li>\n<li>przygotowanie dydaktyczne (GRUPA ZAJ\u0118\u0106 E) obejmuj\u0105ce dydaktyk\u0119 drugiego\/kolejnego przedmiotu nauczania lub rodzaju zaj\u0119\u0107 i praktyk\u0119 zawodow\u0105: (w ilo\u015bci: 90 godzin dydaktyki przedmiotowej i 60 godzin praktyki zawodowej w przypadku uzyskiwania uprawnie\u0144 do nauczania drugiego przedmiotu w szkole <u>podstawowej lub ponadpodstawowej<\/u>; do uzyskania uprawnie\u0144 do nauczania drugiego przedmiotu w szkole <u>podstawowej i ponadpodstawowej<\/u> osoby studiuj\u0105ce realizuj\u0105 150 godzin dydaktyki przedmiotowej i 120 godzin praktyki zawodowej).<\/li>\n<\/ul>\n<p>Zaj\u0119cia z grupy D i E organizowane i zaliczane s\u0105 na kierunkach prowadz\u0105cych kszta\u0142cenie merytoryczne (analogicznie do GRUPY ZAJ\u0118\u0106 A1 i A2), w grupie os\u00f3b studiuj\u0105cych na specjalno\u015bci nauczycielskiej. Harmonogram i zakres zaj\u0119\u0107 ustalane s\u0105 w porozumieniu z dyrekcj\u0105 kierunku wiod\u0105cego dla kszta\u0142cenia dwuprzedmiotowego\/wieloprzedmiotowego.<\/p>\n<p><strong>\u00a0<\/strong><span style=\"color: #333399;\"><strong>WA\u017bNE:<\/strong><\/span><\/p>\n<ol>\n<li>Przygotowanie pedagogiczne (grupa zaj\u0119\u0107 B i C), realizowane jest przez osob\u0119 studiuj\u0105ca tylko raz, bez wzgl\u0119du na to, do prowadzenia ilu przedmiot\u00f3w\/zaj\u0119\u0107 w ramach specjalno\u015bci nauczycielskich osoba studiuj\u0105ca si\u0119 przygotowuje.<\/li>\n<li>Studia przygotowuj\u0105ce do wykonywania zawodu nauczyciela trwaj\u0105 co najmniej 10 semestr\u00f3w, co oznacza, \u017ce realizowane s\u0105 jako studia pierwszego i drugiego stopnia, na kierunkach, kt\u00f3rych efekty uczenia si\u0119 i tre\u015bci zaj\u0119\u0107 zgodne s\u0105 z celami i tre\u015bciami opisanymi w podstawie programowej przedmiot\u00f3w\/zaj\u0119\u0107, do nauczania kt\u00f3rych osoby studiuj\u0105ce si\u0119 przygotowuj\u0105.<\/li>\n<li>W\u0142a\u015bciwy dla kierunku i specjalno\u015bci dyplom z suplementem potwierdzaj\u0105cym przygotowanie pedagogiczne wystawiany jest na g\u0142\u00f3wnym kierunku studi\u00f3w, po uzyskaniu wymaganych zalicze\u0144 i zrealizowaniu wymaganych w programie efekt\u00f3w kierunkowych uczenia si\u0119 na obu kierunkach, w ramach kt\u00f3rych osoba studiuj\u0105ca podj\u0119\u0142a studia przygotowuj\u0105ce do wykonywania zawodu nauczyciela dw\u00f3ch przedmiot\u00f3w\/zaj\u0119\u0107 oraz po uko\u0144czeniu pe\u0142nego cyklu kszta\u0142cenia.<\/li>\n<\/ol>\n<p>\n<\/div>\r\n                    <\/div>\r\n                <\/div>[\/vc_column][\/vc_row][vc_row][vc_column][vc_column_text el_class=&#8221;container bg-gray text-modules__content&#8221;]<strong><span style=\"color: #000000;\">UWAGA: <\/span><\/strong><br \/>\n<strong><span style=\"color: #000000;\">Szczeg\u00f3\u0142owe informacje dotycz\u0105ce realizacji specjalno\u015bciowej \u015bcie\u017cki kszta\u0142cenia nauczycielskiego oraz indywidualnej \u015bcie\u017cki przygotowania do wykonywania zwodu nauczyciela\/ki przedmiotu\/zaj\u0119\u0107 mo\u017cna uzyska\u0107, kontaktuj\u0105c si\u0119 z <a href=\"https:\/\/us.edu.pl\/kolegium\/kdo\/ksztalcenie-nauczycielskie\/kontakt-z-zespolem-ksztalcenia-nauczycielskiego\/\" target=\"_blank\" rel=\"noopener\">Zespo\u0142em ds. kszta\u0142cenia nauczycieli<\/a> w KDO lub pod tel: 32 359 15 96<\/span><\/strong>[\/vc_column_text][\/vc_column][\/vc_row]<\/p>","protected":false},"excerpt":{"rendered":"<p>[vc_row el_class=&#8221;container&#8221;][vc_column width=&#8221;2\/3&#8243;][\/vc_column][vc_column width=&#8221;1\/3&#8243;][\/vc_column][\/vc_row][vc_row el_class=&#8221;container&#8221;][vc_column][\/vc_column][\/vc_row][vc_row][vc_column][vc_column_text el_class=&#8221;container bg-gray text-modules__content&#8221;]UWAGA: Szczeg\u00f3\u0142owe informacje dotycz\u0105ce realizacji specjalno\u015bciowej \u015bcie\u017cki kszta\u0142cenia nauczycielskiego oraz indywidualnej \u015bcie\u017cki przygotowania do wykonywania zwodu nauczyciela\/ki przedmiotu\/zaj\u0119\u0107 mo\u017cna uzyska\u0107, kontaktuj\u0105c si\u0119 z Zespo\u0142em ds. kszta\u0142cenia nauczycieli w KDO lub pod tel: 32 359 15 96[\/vc_column_text][\/vc_column][\/vc_row] [&#8230;]<\/p>\n<p><a class=\"btn btn-secondary understrap-read-more-link\" href=\"https:\/\/us.edu.pl\/kolegium\/kdo\/ksztalcenie-nauczycielskie\/dla-kogo\/dla-studentow\/\">Read More&#8230;<\/a><\/p>\n","protected":false},"author":6720,"featured_media":0,"parent":2815,"menu_order":0,"comment_status":"closed","ping_status":"closed","template":"page-templates\/page-with-bookmarks.php","meta":{"_expiration-date-status":"","_expiration-date":0,"_expiration-date-type":"","_expiration-date-categories":[],"_expiration-date-options":[]},"acf":[],"_links":{"self":[{"href":"https:\/\/us.edu.pl\/kolegium\/kdo\/wp-json\/wp\/v2\/pages\/862"}],"collection":[{"href":"https:\/\/us.edu.pl\/kolegium\/kdo\/wp-json\/wp\/v2\/pages"}],"about":[{"href":"https:\/\/us.edu.pl\/kolegium\/kdo\/wp-json\/wp\/v2\/types\/page"}],"author":[{"embeddable":true,"href":"https:\/\/us.edu.pl\/kolegium\/kdo\/wp-json\/wp\/v2\/users\/6720"}],"replies":[{"embeddable":true,"href":"https:\/\/us.edu.pl\/kolegium\/kdo\/wp-json\/wp\/v2\/comments?post=862"}],"version-history":[{"count":10,"href":"https:\/\/us.edu.pl\/kolegium\/kdo\/wp-json\/wp\/v2\/pages\/862\/revisions"}],"predecessor-version":[{"id":2715,"href":"https:\/\/us.edu.pl\/kolegium\/kdo\/wp-json\/wp\/v2\/pages\/862\/revisions\/2715"}],"up":[{"embeddable":true,"href":"https:\/\/us.edu.pl\/kolegium\/kdo\/wp-json\/wp\/v2\/pages\/2815"}],"wp:attachment":[{"href":"https:\/\/us.edu.pl\/kolegium\/kdo\/wp-json\/wp\/v2\/media?parent=862"}],"curies":[{"name":"wp","href":"https:\/\/api.w.org\/{rel}","templated":true}]}}