{"id":8732,"date":"2025-12-02T12:04:09","date_gmt":"2025-12-02T11:04:09","guid":{"rendered":"https:\/\/us.edu.pl\/kolegium\/kdo\/?page_id=8732"},"modified":"2025-12-15T09:01:47","modified_gmt":"2025-12-15T08:01:47","slug":"hum-i-spol","status":"publish","type":"page","link":"https:\/\/us.edu.pl\/kolegium\/kdo\/step-by-step-ss\/hum-i-spol\/","title":{"rendered":"hum i spo\u0142"},"content":{"rendered":"<p>[vc_row el_class=&#8221;container&#8221;][vc_column width=&#8221;1\/2&#8243;]\r\n                <div class=\"text-modules \">\r\n                    <div class=\"container\">\r\n                         \r\n                        <div class=\"row m-0\">\r\n                            <div class=\"text-modules__content\">\r\n                                <\/p>\n<h4><strong>Modu\u0142y Humanistyczne<\/strong><\/h4>\n<p>Obszar: Ekspresja tw\u00f3rcza i krytyczne my\u015blenie \u2013 Sztuka krytycznego my\u015blenia<\/p>\n<p>Obszar: Ekspresja tw\u00f3rcza i krytyczne my\u015blenie \u2013 Argumentacja i perswazja<\/p>\n<p>Obszar: Ekspresja tw\u00f3rcza i krytyczne my\u015blenie \u2013 Sztuka czytania<\/p>\n<p>Obszar: Granice nauki \u2013 Nauka i pseudonauka<\/p>\n<p>Obszar: Granice nauki \u2013 Zrozumie\u0107 Noblist\u00f3w<\/p>\n<p>Obszar: Granice nauki \u2013 Nauka i sztuka \r\n                                <div class=\"mt-3\"><\/div>\r\n                            <\/div>\r\n                            \r\n                            \r\n                        <\/div>\r\n                    <\/div>\r\n                <\/div>[\/vc_column][vc_column width=&#8221;1\/2&#8243;]\r\n                <div class=\"text-modules \">\r\n                    <div class=\"container\">\r\n                         \r\n                        <div class=\"row m-0\">\r\n                            <div class=\"text-modules__content\">\r\n                                <\/p>\n<h4><strong>Modu\u0142y Spo\u0142eczne<\/strong><\/h4>\n<p>Obszar: Spo\u0142ecze\u0144stwo obywatelskie i przedsi\u0119biorczo\u015b\u0107 \u2013 Prawa cz\u0142owieka<\/p>\n<p>Obszar: Zdrowie i rozw\u00f3j osobisty \u2013 Rozw\u00f3j osobisty<\/p>\n<p>Obszar: Zdrowie i rozw\u00f3j osobisty \u2013 Styl \u017cycia a zdrowie cz\u0142owieka<\/p>\n<p>Obszar: Zdrowie i rozw\u00f3j osobisty \u2013 Bioetyczne i etyczne aspekty zdrowia i \u017cycia<\/p>\n<p>Obszar: Zdrowie i rozw\u00f3j osobisty \u2013 Zarz\u0105dzanie sob\u0105 \r\n                                <div class=\"mt-3\"><\/div>\r\n                            <\/div>\r\n                            \r\n                            \r\n                        <\/div>\r\n                    <\/div>\r\n                <\/div>[\/vc_column][\/vc_row][vc_row el_class=&#8221;container&#8221;][vc_column]\r\n                <div class=\"text-modules \">\r\n                    <div class=\"container\">\r\n                        <h3 class=\"section-title section-title_border-bottom\">Kierunki, kt\u00f3re zgodnie z programem studi\u00f3w w drugim semestrze (letnim) 2025\/2026 s\u0105 zobowi\u0105zane do realizacji modu\u0142u humanistycznego lub spo\u0142ecznego<\/h3> <h3 class=\"subtitle text-modules__subtitle\">W nawiasach podano rejestracje, w kt\u00f3rych nale\u017cy wzi\u0105\u0107 udzia\u0142.<\/h3>\r\n                        <div class=\"row m-0\">\r\n                            <div class=\"text-modules__content\">\r\n                                <\/p>\n<h4><strong>Wydzia\u0142 Humanistyczny<\/strong><\/h4>\n<ul>\n<li><strong>Filologia francuska<\/strong><strong>:<\/strong>\n<ul>\n<li>jeden modu\u0142 spo\u0142eczny (rejestracja na modu\u0142 humanistyczny\/spo\u0142eczny)<\/li>\n<li>jeden modu\u0142 z obszaru Cyfrowy \u015awiat (rejestracja og\u00f3lna)<\/li>\n<\/ul>\n<\/li>\n<li><strong>Filologia hiszpa\u0144ska<\/strong><strong>:<\/strong>\n<ul>\n<li>jeden modu\u0142 spo\u0142eczny (rejestracja na modu\u0142 humanistyczny\/spo\u0142eczny)<\/li>\n<li>jeden modu\u0142 z obszaru Cyfrowy \u015awiat (rejestracja og\u00f3lna)<\/li>\n<\/ul>\n<\/li>\n<li><strong>Filologia w\u0142oska:<\/strong>\n<ul>\n<li>jeden modu\u0142 spo\u0142eczny (rejestracja na modu\u0142 humanistyczny\/spo\u0142eczny)<\/li>\n<li>jeden modu\u0142 z obszaru Cyfrowy \u015awiat (rejestracja og\u00f3lna)<\/li>\n<\/ul>\n<\/li>\n<li><strong>Filozofia:<\/strong>\n<ul>\n<li>dwa modu\u0142y spo\u0142eczne (rejestracja na modu\u0142 humanistyczny\/spo\u0142eczny)<\/li>\n<\/ul>\n<\/li>\n<li><strong>Sztuka pisania:<\/strong>\n<ul>\n<li>jeden modu\u0142 spo\u0142eczny (rejestracja na modu\u0142 humanistyczny\/spo\u0142eczny)<\/li>\n<li>jeden dowolny modu\u0142 (rejestracja og\u00f3lna)<\/li>\n<\/ul>\n<\/li>\n<li><strong>Filologia polska:<\/strong>\n<ul>\n<li>dwa modu\u0142y spo\u0142eczne (rejestracja na modu\u0142 humanistyczny\/spo\u0142eczny)<\/li>\n<\/ul>\n<\/li>\n<\/ul>\n<h4><strong>Wydzia\u0142 Nauk Przyrodniczych<\/strong><\/h4>\n<ul>\n<li><strong>Geologia:<\/strong>\n<ul>\n<li>jeden modu\u0142 spo\u0142eczny (rejestracja na modu\u0142 humanistyczny\/spo\u0142eczny)<\/li>\n<li>jeden modu\u0142 humanistyczny (rejestracja na modu\u0142 humanistyczny\/spo\u0142eczny)<\/li>\n<\/ul>\n<\/li>\n<li><strong>Geologia stosowana:<\/strong>\n<ul>\n<li>jeden modu\u0142 spo\u0142eczny (rejestracja na modu\u0142 humanistyczny\/spo\u0142eczny)<\/li>\n<li>jeden modu\u0142 humanistyczny (rejestracja na modu\u0142 humanistyczny\/spo\u0142eczny)<\/li>\n<\/ul>\n<\/li>\n<li><strong>Turystyka zr\u00f3wnowa\u017cona:<\/strong>\n<ul>\n<li>dwa modu\u0142y humanistyczne (rejestracja na modu\u0142 humanistyczny\/spo\u0142eczny)<\/li>\n<\/ul>\n<\/li>\n<\/ul>\n<h4><strong>Wydzia\u0142 Nauk Spo\u0142ecznych<\/strong><\/h4>\n<ul>\n<li><strong>Praca socjalna:<\/strong>\n<ul>\n<li>jeden modu\u0142 humanistyczny (rejestracja na modu\u0142 humanistyczny\/spo\u0142eczny)<\/li>\n<li>modu\u0142 Przedsi\u0119biorczo\u015b\u0107 (rejestracja na modu\u0142 Przedsi\u0119biorczo\u015b\u0107)<\/li>\n<\/ul>\n<\/li>\n<li><strong>Zarz\u0105dzanie zasobami ludzkimi w organizacji:<\/strong>\n<ul>\n<li>jeden modu\u0142 humanistyczny (rejestracja na modu\u0142 humanistyczny\/spo\u0142eczny)<\/li>\n<li>jeden dowolny modu\u0142 (rejestracja og\u00f3lna)<\/li>\n<\/ul>\n<\/li>\n<\/ul>\n<h4><strong>Wydzia\u0142 Nauk \u015acis\u0142ych i Technicznych<\/strong><\/h4>\n<ul>\n<li><strong>Informatyka:<\/strong>\n<ul>\n<li>jeden modu\u0142 humanistyczny (rejestracja na modu\u0142 humanistyczny\/spo\u0142eczny)<\/li>\n<li>modu\u0142 Przedsi\u0119biorczo\u015b\u0107 (rejestracja na modu\u0142 Przedsi\u0119biorczo\u015b\u0107)<\/li>\n<\/ul>\n<\/li>\n<li><strong>Matematyka:<\/strong>\n<ul>\n<li>jeden modu\u0142 humanistyczny z obszaru Ekspresja tw\u00f3rcza i krytyczne my\u015blenie (rejestracja na modu\u0142 humanistyczny\/spo\u0142eczny)<\/li>\n<li>modu\u0142 Przedsi\u0119biorczo\u015b\u0107 (rejestracja na modu\u0142 Przedsi\u0119biorczo\u015b\u0107)<\/li>\n<\/ul>\n<\/li>\n<\/ul>\n<h4><strong>Wydzia\u0142 Sztuki i Nauk o Edukacji<\/strong><\/h4>\n<ul>\n<li><strong>Muzyka w multimediach:<\/strong>\n<ul>\n<li>jeden modu\u0142 humanistyczny (rejestracja na modu\u0142 humanistyczny\/spo\u0142eczny)<\/li>\n<li>modu\u0142 Przedsi\u0119biorczo\u015b\u0107 (rejestracja na modu\u0142 Przedsi\u0119biorczo\u015b\u0107)<\/li>\n<\/ul>\n<\/li>\n<li><strong>Projektowanie gier i przestrzeni wirtualnej:<\/strong>\n<ul>\n<li>jeden modu\u0142 spo\u0142eczny (rejestracja na modu\u0142 humanistyczny\/spo\u0142eczny)<\/li>\n<\/ul>\n<\/li>\n<\/ul>\n<h4><strong>Wydzia\u0142 Prawa i Administracji<\/strong><\/h4>\n<ul>\n<li><strong>Przedsi\u0119biorczo\u015b\u0107:<\/strong>\n<ul>\n<li>dwa modu\u0142y humanistyczne (rejestracja na modu\u0142 humanistyczny\/spo\u0142eczny)<\/li>\n<\/ul>\n<\/li>\n<\/ul>\n<div class=\"mt-3\"><\/div>\r\n                            <\/div>\r\n                            \r\n                            \r\n                        <\/div>\r\n                    <\/div>\r\n                <\/div>[\/vc_column][\/vc_row]<\/p>","protected":false},"excerpt":{"rendered":"<p>[vc_row el_class=&#8221;container&#8221;][vc_column width=&#8221;1\/2&#8243;][\/vc_column][vc_column width=&#8221;1\/2&#8243;][\/vc_column][\/vc_row][vc_row el_class=&#8221;container&#8221;][vc_column][\/vc_column][\/vc_row] [&#8230;]<\/p>\n<p><a class=\"btn btn-secondary understrap-read-more-link\" href=\"https:\/\/us.edu.pl\/kolegium\/kdo\/step-by-step-ss\/hum-i-spol\/\">Read More&#8230;<\/a><\/p>\n","protected":false},"author":6720,"featured_media":0,"parent":8695,"menu_order":0,"comment_status":"closed","ping_status":"closed","template":"","meta":{"_expiration-date-status":"","_expiration-date":0,"_expiration-date-type":"","_expiration-date-categories":[],"_expiration-date-options":[]},"acf":[],"_links":{"self":[{"href":"https:\/\/us.edu.pl\/kolegium\/kdo\/wp-json\/wp\/v2\/pages\/8732"}],"collection":[{"href":"https:\/\/us.edu.pl\/kolegium\/kdo\/wp-json\/wp\/v2\/pages"}],"about":[{"href":"https:\/\/us.edu.pl\/kolegium\/kdo\/wp-json\/wp\/v2\/types\/page"}],"author":[{"embeddable":true,"href":"https:\/\/us.edu.pl\/kolegium\/kdo\/wp-json\/wp\/v2\/users\/6720"}],"replies":[{"embeddable":true,"href":"https:\/\/us.edu.pl\/kolegium\/kdo\/wp-json\/wp\/v2\/comments?post=8732"}],"version-history":[{"count":9,"href":"https:\/\/us.edu.pl\/kolegium\/kdo\/wp-json\/wp\/v2\/pages\/8732\/revisions"}],"predecessor-version":[{"id":8740,"href":"https:\/\/us.edu.pl\/kolegium\/kdo\/wp-json\/wp\/v2\/pages\/8732\/revisions\/8740"}],"up":[{"embeddable":true,"href":"https:\/\/us.edu.pl\/kolegium\/kdo\/wp-json\/wp\/v2\/pages\/8695"}],"wp:attachment":[{"href":"https:\/\/us.edu.pl\/kolegium\/kdo\/wp-json\/wp\/v2\/media?parent=8732"}],"curies":[{"name":"wp","href":"https:\/\/api.w.org\/{rel}","templated":true}]}}