{"id":8799,"date":"2025-12-17T14:44:29","date_gmt":"2025-12-17T13:44:29","guid":{"rendered":"https:\/\/us.edu.pl\/kolegium\/kdo\/?page_id=8799"},"modified":"2025-12-18T14:49:10","modified_gmt":"2025-12-18T13:49:10","slug":"wkz","status":"publish","type":"page","link":"https:\/\/us.edu.pl\/kolegium\/kdo\/ksztalcenie-obszarowe\/tydzien-projektowy-2024\/wkz\/","title":{"rendered":"WKZ"},"content":{"rendered":"<p>[vc_row el_class=&#8221;container&#8221;][vc_column]\r\n                <div class=\"text-modules \">\r\n                    <div class=\"container\">\r\n                        <h3 class=\"section-title section-title_border-bottom\">Woda klucz do \u017cycia<\/h3> \r\n                        <div class=\"row m-0\">\r\n                            <div class=\"text-modules__content\">\r\n                                <strong>Koordynatorka: dr hab. Mariola Krodkiewska, prof. U\u015a<\/strong><\/p>\n<p><span style=\"font-size: 12pt;\">Modu\u0142 po\u015bwi\u0119cony jest funkcjonowaniu ekosystem\u00f3w wodnych pod siln\u0105 presj\u0105 antropogeniczn\u0105, ze szczeg\u00f3lnym uwzgl\u0119dnieniem rzek. Zaj\u0119cia omawiaj\u0105 wp\u0142yw urbanizacji, rozwoju przemys\u0142u oraz zmian klimatycznych na sie\u0107 rzeczn\u0105, dynamik\u0119 odp\u0142ywu oraz jako\u015b\u0107 w\u00f3d. Poruszany jest tak\u017ce problem renaturyzacji rzek oraz ich ponownej integracji z przestrzeni\u0105 miejsk\u0105 i \u015brodowiskiem przyrodniczym.<\/span><\/p>\n<p><span style=\"font-size: 12pt;\">Modu\u0142 analizuje r\u00f3wnie\u017c znaczenie wody w procesach spo\u0142ecznych i historycznych. Omawia rol\u0119 wody w rozwoju osadnictwa i przemys\u0142u, a tak\u017ce konsekwencje jej degradacji, wp\u0142ywaj\u0105cej na zdrowie ludno\u015bci oraz warunki \u017cycia. Wsp\u00f3\u0142czesne kryzysy wodne sprzyjaj\u0105 migracjom i nasilaj\u0105 konflikty o zasoby wodne. Dost\u0119p do czystej wody przedstawiany jest jako kluczowy czynnik komfortu \u017cycia oraz odporno\u015bci spo\u0142ecze\u0144stw na zmiany klimatu.<\/span><\/p>\n<p><span style=\"font-size: 12pt;\">Istotnym elementem modu\u0142u jest analiza katastrof ekologicznych w ekosystemach wodnych. Omawiane s\u0105 ich przyczyny, przebieg i skutki. Przyk\u0142ady obejmuj\u0105 zanieczyszczenia chemiczne, awarie przemys\u0142owe oraz ekstremalne zjawiska klimatyczne. Zaj\u0119cia pozwalaj\u0105 oceni\u0107 konsekwencje tych zdarze\u0144 dla \u015brodowiska i bezpiecze\u0144stwa spo\u0142ecznego.<\/span><\/p>\n<p><span style=\"font-size: 12pt;\">Zaj\u0119cia maj\u0105 charakter interdyscyplinarny. Obejmuj\u0105 wyk\u0142ady oraz \u0107wiczenia terenowe i laboratoryjne. W cz\u0119\u015bci praktycznej studenci poznaj\u0105 podstawowe metody bada\u0144 limnologicznych. Wykonuj\u0105 pomiary fizykochemiczne w\u00f3d przy u\u017cyciu specjalistycznego sprz\u0119tu. Badania terenowe prowadzone b\u0119d\u0105 w Dolinie Trzech Staw\u00f3w i rzece Rawie w Katowicach.<\/span><\/p>\n<p><span style=\"font-size: 12pt;\">Studenci zapoznaj\u0105 si\u0119 tak\u017ce z biologi\u0105 wody w tym organizmami zasiedlaj\u0105cymi dno i to\u0144 rzeki. Omawiane b\u0119d\u0105 przystosowania zwierz\u0105t do \u017cycia w wodzie i ich rola w funkcjonowaniu ekosystem\u00f3w. Modu\u0142 uzupe\u0142niaj\u0105 zagadnienia dotycz\u0105ce antropogenicznych zbiornik\u00f3w wodnych, w\u0142a\u015bciwo\u015bci wody oraz proces\u00f3w jej uzdatniania.<\/span> \r\n                                <div class=\"mt-3\"><\/div>\r\n                            <\/div>\r\n                            \r\n                            \r\n                        <\/div>\r\n                    <\/div>\r\n                <\/div>[\/vc_column][\/vc_row]<\/p>","protected":false},"excerpt":{"rendered":"<p>[vc_row el_class=&#8221;container&#8221;][vc_column][\/vc_column][\/vc_row] [&#8230;]<\/p>\n<p><a class=\"btn btn-secondary understrap-read-more-link\" href=\"https:\/\/us.edu.pl\/kolegium\/kdo\/ksztalcenie-obszarowe\/tydzien-projektowy-2024\/wkz\/\">Read More&#8230;<\/a><\/p>\n","protected":false},"author":6720,"featured_media":0,"parent":530,"menu_order":0,"comment_status":"closed","ping_status":"closed","template":"","meta":{"_expiration-date-status":"","_expiration-date":0,"_expiration-date-type":"","_expiration-date-categories":[],"_expiration-date-options":[]},"acf":[],"_links":{"self":[{"href":"https:\/\/us.edu.pl\/kolegium\/kdo\/wp-json\/wp\/v2\/pages\/8799"}],"collection":[{"href":"https:\/\/us.edu.pl\/kolegium\/kdo\/wp-json\/wp\/v2\/pages"}],"about":[{"href":"https:\/\/us.edu.pl\/kolegium\/kdo\/wp-json\/wp\/v2\/types\/page"}],"author":[{"embeddable":true,"href":"https:\/\/us.edu.pl\/kolegium\/kdo\/wp-json\/wp\/v2\/users\/6720"}],"replies":[{"embeddable":true,"href":"https:\/\/us.edu.pl\/kolegium\/kdo\/wp-json\/wp\/v2\/comments?post=8799"}],"version-history":[{"count":3,"href":"https:\/\/us.edu.pl\/kolegium\/kdo\/wp-json\/wp\/v2\/pages\/8799\/revisions"}],"predecessor-version":[{"id":8814,"href":"https:\/\/us.edu.pl\/kolegium\/kdo\/wp-json\/wp\/v2\/pages\/8799\/revisions\/8814"}],"up":[{"embeddable":true,"href":"https:\/\/us.edu.pl\/kolegium\/kdo\/wp-json\/wp\/v2\/pages\/530"}],"wp:attachment":[{"href":"https:\/\/us.edu.pl\/kolegium\/kdo\/wp-json\/wp\/v2\/media?parent=8799"}],"curies":[{"name":"wp","href":"https:\/\/api.w.org\/{rel}","templated":true}]}}