{"id":389,"date":"2021-08-13T14:32:07","date_gmt":"2021-08-13T12:32:07","guid":{"rendered":"https:\/\/us.edu.pl\/kolegium\/spnjo\/?page_id=389"},"modified":"2022-05-23T13:00:43","modified_gmt":"2022-05-23T11:00:43","slug":"zasady-uczestnictwa-w-lektoracie-jezyka-specjalistycznego","status":"publish","type":"page","link":"https:\/\/us.edu.pl\/kolegium\/spnjo\/en\/lektorat\/moj-lektorat\/regulaminy\/zasady-uczestnictwa-w-lektoracie-jezyka-specjalistycznego\/","title":{"rendered":"(Polish) Zasady uczestnictwa w lektoracie j\u0119zyka specjalistycznego"},"content":{"rendered":"<p>&#8221; href=&#8221;https:\/\/us.edu.pl\/kolegium\/spnjo\/lektorzy\/&#8221;>informacje o konsultacjach<\/a>).<\/p>\n<p style=\"padding-left: 280px;\">Spos\u00f3b ustalania oceny ko\u0144cowej modu\u0142u w semestrze zaliczeniowym i\u00a0 egzaminacyjnym okre\u015bla sylabus.<\/p>\n<p style=\"padding-left: 280px;\"><span style=\"font-family: arial, helvetica, sans-serif; font-size: 12pt;\"><strong>4.5. <\/strong>Egzamin ko\u0144cowy:<\/span><\/p>\n<p style=\"padding-left: 280px;\"><span style=\"font-family: arial, helvetica, sans-serif; font-size: 12pt;\">1) w przypadku studenta, kt\u00f3ry zrealizowa\u0142 4 modu\u0142y j\u0119zyka specjalistycznego, egzamin po 4 semestrze obejmuje efekty uczenia si\u0119\u00a0 wszystkich 4 modu\u0142\u00f3w j\u0119zyka specjalistycznego\u00a0 i\u00a0 sk\u0142ada si\u0119 z cz\u0119\u015bci pisemnej i cz\u0119\u015bci ustnej (ocena ko\u0144cowa to \u015brednia arytmetyczna obu wymienionych cz\u0119\u015bci)<\/span><\/p>\n<p style=\"padding-left: 280px;\"><span style=\"font-family: arial, helvetica, sans-serif; font-size: 12pt;\">2) w przypadku studenta, kt\u00f3ry po dw\u00f3ch semestrach dokona\u0142 <u>zmiany grupy z j\u0119zyka <\/u><u>specjalistycznego na grup\u0119 j\u0119zyka og\u00f3lnego<\/u>, egzamin po 4 semestrze obejmuje efekty uczenia si\u0119\u00a0 wszystkich 4 modu\u0142\u00f3w na poziomie docelowym j\u0119zyka og\u00f3lnego (B2 lub C1). Student zobowi\u0105zany jest\u00a0 do uzyskania efekt\u00f3w uczenia si\u0119 modu\u0142\u00f3w 1 i 2 we w\u0142asnym zakresie.<\/span><\/p>\n<ol>\n<li style=\"list-style-type: none;\">\n<ol>\n<li style=\"list-style-type: none;\">\n<ol>\n<li style=\"list-style-type: none;\">\n<ol>\n<li style=\"list-style-type: none;\">\n<ol>\n<li style=\"list-style-type: none;\">\n<ol>\n<li style=\"list-style-type: none;\">\n<ol>\n<li style=\"list-style-type: none;\">\n<ol start=\"5\">\n<li><span style=\"font-family: arial, helvetica, sans-serif; font-size: 12pt;\"><strong> Zmiana grupy j\u0119zykowej<\/strong><\/span><\/li>\n<\/ol>\n<\/li>\n<\/ol>\n<\/li>\n<\/ol>\n<\/li>\n<\/ol>\n<\/li>\n<\/ol>\n<\/li>\n<\/ol>\n<\/li>\n<\/ol>\n<\/li>\n<\/ol>\n<p style=\"padding-left: 280px;\"><span style=\"font-family: arial, helvetica, sans-serif; font-size: 12pt;\"><u>Zmiana grupy j\u0119zyka specjalistycznego<\/u> na <u>grup\u0119 j\u0119zyka og\u00f3lnego<\/u> mo\u017cliwa jest wy\u0142\u0105cznie do 3 tygodni od rozpocz\u0119cia cyklu kszta\u0142cenia j\u0119zykowego przez studenta w ramach Modu\u0142u 1 (semestr 1) oraz w ramach rejestracji na Modu\u0142 3 (semestr 3).<\/span><\/p>\n<p style=\"padding-left: 280px;\"><span style=\"font-family: arial, helvetica, sans-serif; font-size: 12pt;\">Zmiana grupy j\u0119zyka specjalistycznego na grup\u0119 j\u0119zyka og\u00f3lnego w ramach rejestracji na Modu\u0142 2 i\u00a0 4 nie jest mo\u017cliwa.<\/span><\/p>\n<p style=\"padding-left: 280px;\"><span style=\"font-family: arial, helvetica, sans-serif; font-size: 12pt;\">Zmiana <u>grupy j\u0119zyka og\u00f3lnego<\/u> na <u>grup\u0119 j\u0119zyka specjalistycznego<\/u>\u00a0 mo\u017cliwa jest wy\u0142\u0105cznie do 3 tygodni od rozpocz\u0119cia cyklu kszta\u0142cenia j\u0119zykowego przez studenta w ramach Modu\u0142u 1 (semestr 1).<\/span><\/p>\n<p style=\"padding-left: 280px;\"><span style=\"font-family: arial, helvetica, sans-serif; font-size: 12pt;\">Zmiana poziomu w ramach modu\u0142u j\u0119zyka specjalistycznego mo\u017cliwa jest po uzyskaniu opinii prowadz\u0105cego. Zmiana poziomu dokonywana jest na pisemny wniosek.<\/span><\/p>\n<p style=\"padding-left: 280px;\"><span style=\"font-family: arial, helvetica, sans-serif; font-size: 12pt;\">Po up\u0142ywie terminu samodzielnej rejestracji\u00a0 przej\u015bcie do innej grupy lektoratowej nast\u0119puje po uzyskaniu pisemnej zgody obydwu lektor\u00f3w na pisemny wniosek.<\/span><\/p>\n<p style=\"padding-left: 280px;\"><span style=\"font-family: arial, helvetica, sans-serif; font-size: 12pt;\"><strong>* W PRZYPADKU REALIZACJI MODU\u0141U J\u0118ZYK SPECJALISTYCZNY W TRYBIE ON-LINE, ZASADY UCZESTNICTWA W LEKTORACIE OKRE\u015aLAJ\u0104 OBOWI\u0104ZUJ\u0104CE PRZEPISY (ZARZ\u0104DZENIA REKTORA). SZCZEG\u00d3\u0141OWE WARUNKI UCZESTNICTWA W LEKTORACIE J\u0118ZYKA SPECJALISTYCZNEGO, OSI\u0104GANIA I WERYFIKACJI EFEKT\u00d3W UCZENIA SI\u0118 ORAZ UZYSKIWANIA ZALICZENIA W TRYBIE ZDALNYM OKRE\u015aLA SYLABUS.<\/strong><\/span><\/p>\n<p style=\"padding-left: 280px;\"><span style=\"font-family: arial, helvetica, sans-serif; font-size: 12pt;\"><strong><em>We wszelkich kwestiach nieuregulowanych niniejszymi zasadami decyzj\u0119 podejmuje Dyrektor \u00a0SPNJO U\u015a.<\/em><\/strong><\/span><\/p>\n<p><\/p>","protected":false},"excerpt":{"rendered":"<p>&#8221; href=&#8221;https:\/\/us.edu.pl\/kolegium\/spnjo\/lektorzy\/&#8221;>informacje o konsultacjach). Spos\u00f3b ustalania oceny ko\u0144cowej modu\u0142u w semestrze zaliczeniowym i\u00a0 egzaminacyjnym okre\u015bla sylabus. 4.5. Egzamin ko\u0144cowy: 1) w przypadku studenta, kt\u00f3ry zrealizowa\u0142 4 modu\u0142y j\u0119zyka specjalistycznego, egzamin po 4 semestrze obejmuje efekty uczenia si\u0119\u00a0 wszystkich 4 modu\u0142\u00f3w j\u0119zyka specjalistycznego\u00a0 i\u00a0 sk\u0142ada si\u0119 z cz\u0119\u015bci pisemnej i cz\u0119\u015bci ustnej (ocena ko\u0144cowa to \u015brednia [&#8230;]<\/p>\n<p><a class=\"btn btn-secondary understrap-read-more-link\" href=\"https:\/\/us.edu.pl\/kolegium\/spnjo\/en\/lektorat\/moj-lektorat\/regulaminy\/zasady-uczestnictwa-w-lektoracie-jezyka-specjalistycznego\/\">Read More&#8230;<\/a><\/p>\n","protected":false},"author":3369,"featured_media":0,"parent":122,"menu_order":2,"comment_status":"closed","ping_status":"closed","template":"","meta":{"_expiration-date-status":"saved","_expiration-date":0,"_expiration-date-type":"","_expiration-date-categories":[],"_expiration-date-options":[]},"acf":[],"_links":{"self":[{"href":"https:\/\/us.edu.pl\/kolegium\/spnjo\/en\/wp-json\/wp\/v2\/pages\/389"}],"collection":[{"href":"https:\/\/us.edu.pl\/kolegium\/spnjo\/en\/wp-json\/wp\/v2\/pages"}],"about":[{"href":"https:\/\/us.edu.pl\/kolegium\/spnjo\/en\/wp-json\/wp\/v2\/types\/page"}],"author":[{"embeddable":true,"href":"https:\/\/us.edu.pl\/kolegium\/spnjo\/en\/wp-json\/wp\/v2\/users\/3369"}],"replies":[{"embeddable":true,"href":"https:\/\/us.edu.pl\/kolegium\/spnjo\/en\/wp-json\/wp\/v2\/comments?post=389"}],"version-history":[{"count":6,"href":"https:\/\/us.edu.pl\/kolegium\/spnjo\/en\/wp-json\/wp\/v2\/pages\/389\/revisions"}],"predecessor-version":[{"id":430,"href":"https:\/\/us.edu.pl\/kolegium\/spnjo\/en\/wp-json\/wp\/v2\/pages\/389\/revisions\/430"}],"up":[{"embeddable":true,"href":"https:\/\/us.edu.pl\/kolegium\/spnjo\/en\/wp-json\/wp\/v2\/pages\/122"}],"wp:attachment":[{"href":"https:\/\/us.edu.pl\/kolegium\/spnjo\/en\/wp-json\/wp\/v2\/media?parent=389"}],"curies":[{"name":"wp","href":"https:\/\/api.w.org\/{rel}","templated":true}]}}