{"id":1039,"date":"2023-07-18T14:49:44","date_gmt":"2023-07-18T12:49:44","guid":{"rendered":"https:\/\/us.edu.pl\/kolegium\/spnjo\/?page_id=1039"},"modified":"2026-04-10T12:28:09","modified_gmt":"2026-04-10T10:28:09","slug":"o-egzaminie-ec","status":"publish","type":"page","link":"https:\/\/us.edu.pl\/kolegium\/spnjo\/poza-lektoratem\/certyfikaty\/o-egzaminie-ec\/","title":{"rendered":"o egzaminie EC"},"content":{"rendered":"<p>[vc_row el_class=&#8221;container&#8221;][vc_column][vc_column_text]<\/p>\n<p>Egzamin certyfikuj\u0105cy bieg\u0142o\u015b\u0107 j\u0119zykow\u0105 organizowany przez SPNJO jest egzaminem og\u00f3lnodost\u0119pny przeznaczonym dla student\u00f3w, doktorant\u00f3w, pracownik\u00f3w U\u015a oraz os\u00f3b spoza uczelni.<\/p>\n<hr \/>\n<p>Akademicki certyfikat bieg\u0142o\u015bci j\u0119zykowej na poziomie B2 jest dokumentem po\u015bwiadczaj\u0105cym osi\u0105gni\u0119cie bieg\u0142o\u015bci j\u0119zykowej na poziomie wymaganym dla uko\u0144czenia studi\u00f3w I stopnia.<\/p>\n<p>Akademicki certyfikat bieg\u0142o\u015bci j\u0119zykowej na poziomie C1 jest dokumentem po\u015bwiadczaj\u0105cym osi\u0105gni\u0119cie bieg\u0142o\u015bci j\u0119zykowej na poziomie wymaganym dla uko\u0144czenia studi\u00f3w jednolitych magisterskich\/studi\u00f3w II stopnia, dla kt\u00f3rych wymagany\u00a0 poziom to B2+.<\/p>\n<hr \/>\n<p><span style=\"text-decoration: underline;\"><strong><span style=\"font-size: 14pt;\">WA\u017bNE DATY I INFORMACJE<\/span><\/strong><\/span><\/p>\n<p><strong><u>WA\u017bNE DATY I INFORMACJE<\/u><\/strong><\/p>\n<p>Termin rejestracji:<br \/>\n10.04.2026 godz. 13.00 \u2013 30.04.2026 godz. 23.59<\/p>\n<p>Termin, wysoko\u015b\u0107 oraz dane do wniesienia op\u0142aty:<br \/>\ndo tygodnia od dokonania rejestracji (szczeg\u00f3\u0142y:\u00a0<a href=\"https:\/\/us.edu.pl\/kolegium\/spnjo\/poza-lektoratem\/certyfikaty\/cennik-ec\/\">https:\/\/us.edu.pl\/kolegium\/spnjo\/poza-lektoratem\/certyfikaty\/cennik-ec\/<\/a>)<\/p>\n<p>Termin egzaminu:<br \/>\n\u2013 cz\u0119\u015b\u0107 pisemna: 11.05.2026 r. (szczeg\u00f3\u0142y:\u00a0<a href=\"https:\/\/us.edu.pl\/kolegium\/spnjo\/poza-lektoratem\/certyfikaty\/pisemny-ec\/\">https:\/\/us.edu.pl\/kolegium\/spnjo\/poza-lektoratem\/certyfikaty\/pisemny-ec\/<\/a>)<br \/>\n\u2013 cz\u0119\u015b\u0107 ustna: 14.05.2026 r. (szczeg\u00f3\u0142y:\u00a0<a href=\"https:\/\/us.edu.pl\/kolegium\/spnjo\/poza-lektoratem\/certyfikaty\/ustny-ec\/\">https:\/\/us.edu.pl\/kolegium\/spnjo\/poza-lektoratem\/certyfikaty\/ustny-ec\/<\/a>)<\/p>\n<p>&nbsp;<\/p>\n<hr \/>\n<p><span style=\"font-size: 12pt;\">Podstawa prawna:<\/span><\/p>\n<ol>\n<li><span style=\"font-size: 12pt;\">Zarz\u0105dzenie nr 145\/2015 z dnia 19 pa\u017adziernika 2015 r.\u00a0 Rektora U\u015a zmieniaj\u0105ce zarz\u0105dzenie w sprawie ustalenia Regulaminu odp\u0142atnych egzamin\u00f3w certyfikuj\u0105cych organizowanych w Studium Praktycznej Nauki J\u0119zyk\u00f3w Obcych oraz wydawania Akademickich certyfikat\u00f3w znajomo\u015bci j\u0119zyk\u00f3w obcych Uniwersytetu \u015al\u0105skiego w Katowicach; <em>aktualizacja wkr\u00f3tce.<\/em><\/span><\/li>\n<li><span style=\"font-size: 12pt;\">Za\u0142\u0105cznik nr 3 do zarz\u0105dzenia nr 145 Rektora Uniwersytetu \u015al\u0105skiego z dnia 19 pa\u017adziernika 2015 r. Regulamin egzamin\u00f3w certyfikuj\u0105cych organizowanych w Studium Praktycznej Nauki J\u0119zyk\u00f3w Obcych oraz wydawania Akademickich certyfikat\u00f3w znajomo\u015bci j\u0119zyk\u00f3w obcych Uniwersytetu \u015al\u0105skiego w Katowicach; <em>aktualizacja wkr\u00f3tce.<\/em><\/span><\/li>\n<li><span style=\"font-size: 12pt;\">Wariant nieodp\u0142atny (Regulamin egzamin\u00f3w certyfikuj\u0105cych \u00a7 5 pkt. 10); <em>aktualizacja wkr\u00f3tce.<\/em><\/span><\/li>\n<li><a href=\"https:\/\/aktyprawne.us.edu.pl\/d\/7213\/5\/\">Zarz\u0105dzenie nr 33 Rektora Uniwersytetu \u015al\u0105skiego w Katowicach z dnia 7 marca 2024 r. w sprawie certyfikacji i po\u015bwiadczania kompetencji j\u0119zykowych w Uniwersytecie \u015al\u0105skim w Katowicach<\/a> (o<span class=\"breadcrumbs__current\">d roku akademickiego 2023\/24)<\/span><\/li>\n<\/ol>\n<p>[\/vc_column_text][\/vc_column][\/vc_row][vc_column][\/vc_column]<\/p>","protected":false},"excerpt":{"rendered":"<p>[vc_row el_class=&#8221;container&#8221;][vc_column][vc_column_text] Egzamin certyfikuj\u0105cy bieg\u0142o\u015b\u0107 j\u0119zykow\u0105 organizowany przez SPNJO jest egzaminem og\u00f3lnodost\u0119pny przeznaczonym dla student\u00f3w, doktorant\u00f3w, pracownik\u00f3w U\u015a oraz os\u00f3b spoza uczelni. Akademicki certyfikat bieg\u0142o\u015bci j\u0119zykowej na poziomie B2 jest dokumentem po\u015bwiadczaj\u0105cym osi\u0105gni\u0119cie bieg\u0142o\u015bci j\u0119zykowej na poziomie wymaganym dla uko\u0144czenia studi\u00f3w I stopnia. Akademicki certyfikat bieg\u0142o\u015bci j\u0119zykowej na poziomie C1 jest dokumentem po\u015bwiadczaj\u0105cym osi\u0105gni\u0119cie bieg\u0142o\u015bci [&#8230;]<\/p>\n<p><a class=\"btn btn-secondary understrap-read-more-link\" href=\"https:\/\/us.edu.pl\/kolegium\/spnjo\/poza-lektoratem\/certyfikaty\/o-egzaminie-ec\/\">Read More&#8230;<\/a><\/p>\n","protected":false},"author":3369,"featured_media":0,"parent":147,"menu_order":0,"comment_status":"closed","ping_status":"closed","template":"","meta":{"_expiration-date-status":"","_expiration-date":0,"_expiration-date-type":"","_expiration-date-categories":[],"_expiration-date-options":[]},"acf":[],"_links":{"self":[{"href":"https:\/\/us.edu.pl\/kolegium\/spnjo\/wp-json\/wp\/v2\/pages\/1039"}],"collection":[{"href":"https:\/\/us.edu.pl\/kolegium\/spnjo\/wp-json\/wp\/v2\/pages"}],"about":[{"href":"https:\/\/us.edu.pl\/kolegium\/spnjo\/wp-json\/wp\/v2\/types\/page"}],"author":[{"embeddable":true,"href":"https:\/\/us.edu.pl\/kolegium\/spnjo\/wp-json\/wp\/v2\/users\/3369"}],"replies":[{"embeddable":true,"href":"https:\/\/us.edu.pl\/kolegium\/spnjo\/wp-json\/wp\/v2\/comments?post=1039"}],"version-history":[{"count":11,"href":"https:\/\/us.edu.pl\/kolegium\/spnjo\/wp-json\/wp\/v2\/pages\/1039\/revisions"}],"predecessor-version":[{"id":4583,"href":"https:\/\/us.edu.pl\/kolegium\/spnjo\/wp-json\/wp\/v2\/pages\/1039\/revisions\/4583"}],"up":[{"embeddable":true,"href":"https:\/\/us.edu.pl\/kolegium\/spnjo\/wp-json\/wp\/v2\/pages\/147"}],"wp:attachment":[{"href":"https:\/\/us.edu.pl\/kolegium\/spnjo\/wp-json\/wp\/v2\/media?parent=1039"}],"curies":[{"name":"wp","href":"https:\/\/api.w.org\/{rel}","templated":true}]}}